{"id":35226,"date":"2019-04-08T17:15:55","date_gmt":"2019-04-08T16:15:55","guid":{"rendered":"https:\/\/www.madriu-perafita-claror.ad\/acces-i-aparcaments"},"modified":"2023-05-16T09:10:47","modified_gmt":"2023-05-16T08:10:47","slug":"acces-parking","status":"publish","type":"page","link":"https:\/\/www.madriu-perafita-claror.ad\/en\/acces-parking\/","title":{"rendered":"Acces and parking"},"content":{"rendered":"<div class=\"wpb-content-wrapper\"><p>[vc_row][vc_column][vc_separator][vc_single_image image=&#8221;34823&#8243; img_size=&#8221;full&#8221;][\/vc_column][\/vc_row][vc_row][vc_column][vc_column_text]<\/p>\n<h2>ACCES AND PARKING<\/h2>\n<p>[\/vc_column_text][vc_column_text]<!--:ca--><\/p>\n<p>The main entrances to the valley are described below. It should be taken into account that there are many more, and that each of these paths may have forks or alternatives. However, these are the most significant ones and the ones that are signposted.<\/p>\n<p><strong>Remember that\u00a0the\u00a0Madriu-Perafita-Claror\u00a0Valley\u00a0is a\u00a0pedestrian environment, motorized vehicles\u00a0are prohibited.<span lang=\"en\">\u00a0\u00a0<\/span><\/strong>[\/vc_column_text][\/vc_column][\/vc_row][vc_row][vc_column width=&#8221;1\/2&#8243;][vc_single_image image=&#8221;34433&#8243; img_size=&#8221;full&#8221; onclick=&#8221;custom_link&#8221; img_link_target=&#8221;_blank&#8221; link=&#8221;https:\/\/www.madriu-perafita-claror.ad\/wp-content\/uploads\/2019\/06\/accesos.pdf&#8221;][\/vc_column][vc_column width=&#8221;1\/2&#8243;][vc_single_image image=&#8221;34430&#8243; img_size=&#8221;full&#8221; onclick=&#8221;custom_link&#8221; img_link_target=&#8221;_blank&#8221; link=&#8221;https:\/\/www.madriu-perafita-claror.ad\/wp-content\/uploads\/2019\/06\/accesos.pdf&#8221;][\/vc_column][\/vc_row][vc_row][vc_column][vc_tta_tabs][vc_tta_section title=&#8221;From Encamp&#8221; tab_id=&#8221;1559742248338-f26e82c1-bda0&#8243;][vc_column_text]<!--:ca--><\/p>\n<h5>FROM Pleta dels Orris<a href=\"https:\/\/www.google.ad\/maps\/@42.5376039,1.6324148,803m\/data=!3m1!1e3\"> <img class=\"alignnone size-full wp-image-36210\" src=\"https:\/\/www.madriu-perafita-claror.ad\/wp-content\/uploads\/2019\/08\/unnamed.png\" alt=\"\" width=\"25\" height=\"25\" \/><\/a><\/h5>\n<p>To get to La Pleta dels Orris, you need to get to the end of the Cortals Road (CS-220). There, you can leave your car and go back on foot, along the road, to the climbing wall. After this, you must cross the hanging bridge and go to La Pleta dels Orris, where you have two options:<\/p>\n<p>1.- carry along the same path that goes along the crest line to the peak of the Griu and then along the Collada d\u2019Emportona, where you should take the GR7 to the Refugi de l\u2019Illa (this path goes along the Collada de Pessons).<\/p>\n<p>2.- follow the path from Campe\u00e0 which crosses the Obac dels Cortals, goes to Lake Ensagents and continues to the Collada de Pessons.<\/p>\n<h5>FROM Ensagents<a href=\"https:\/\/www.google.ad\/maps\/@42.5338531,1.6056669,352m\/data=!3m1!1e3\"><img class=\"alignnone size-full wp-image-36210\" src=\"https:\/\/www.madriu-perafita-claror.ad\/wp-content\/uploads\/2019\/08\/unnamed.png\" alt=\"\" width=\"25\" height=\"25\" \/><\/a><\/h5>\n<p align=\"JUSTIFY\">Take the Cortals road (CS-220), and approximately 1 km after Sant Jaume dels Cortals Church, there are the panels indicating the path to enter the valley. Follow the GRP as far as Collada de Pessons (going past the Refugi d\u2019Ensagents) and from there, take the GR7 to the Refugi de l\u2019Illa..<\/p>\n<h5>FROM cam\u00ed de les \u00c0gols <a href=\"https:\/\/www.google.ad\/maps\/@42.5297662,1.5996931,803m\/data=!3m1!1e3\"><img class=\"alignnone size-full wp-image-36210\" src=\"https:\/\/www.madriu-perafita-claror.ad\/wp-content\/uploads\/2019\/08\/unnamed.png\" alt=\"\" width=\"25\" height=\"25\" \/><\/a><\/h5>\n<p>The path begins at the junction of\u00a0the Cortals road (CS-220) with the\u00a0Borda de les Pardines, just before the kilometer point PK3 of the CS 220, on the right side of a water tank. There we find a parking area. An aluminum panel indicates the beginning of the Agols path. Take this path, which follows a route that passes near the Gargantillar lakes and near the Rod\u00f3 lake and which finally arrives at the refuge of the Illa.<\/p>\n<h5>FROM Pessons <a href=\"https:\/\/www.google.ad\/maps\/@42.5298764,1.6954591,1605m\/data=!3m1!1e3\"><img class=\"alignnone size-full wp-image-36210\" src=\"https:\/\/www.madriu-perafita-claror.ad\/wp-content\/uploads\/2019\/08\/unnamed.png\" alt=\"\" width=\"25\" height=\"25\" \/><\/a><\/h5>\n<p>We will go up the road CG-2 to Grau Roig, where we will leave the car to continue on foot to the first of the Pessons lakes (l&#8217;estany Primer), from here we have two ways to get to the Illa refuge:<\/p>\n<p>1.- through the Pessons pass: we follow the GR7\/GRP that passes by the lakes: Primer, Forcat, round, Meligar, and Pessons, until we reach the pass of the same name and from here to the Illa refuge.<\/p>\n<p>2.- by the Montmal\u00fas pass: take the path that goes up the Montmal\u00fas pass and the Coma Estremera lake, a few meters after the pass, fork to the right in the direction of Illa refuge (yellow markings).[\/vc_column_text][\/vc_tta_section][vc_tta_section title=&#8221;From Andorra la Vella&#8221; tab_id=&#8221;1559742248431-365d20fc-9f22&#8243;][vc_column_text]<!--:ca--><\/p>\n<h5>ALONG THE Comella ROAD (CS 101) <a href=\"https:\/\/www.google.ad\/maps\/@42.4985681,1.530439,3a,60y,186.56h,80.96t\/data=!3m6!1e1!3m4!1s6jS6uZnX9IuuSitoxZLJPQ!2e0!7i13312!8i6656\"><img class=\"alignnone size-full wp-image-36210\" src=\"https:\/\/www.madriu-perafita-claror.ad\/wp-content\/uploads\/2019\/08\/unnamed.png\" alt=\"\" width=\"25\" height=\"25\" \/><\/a><\/h5>\n<p>This is the main entrance from Andorra la Vella.\u00a0 Some 4 km along the Comella road, you will get to the \u201cpicnic point\u201d (punt de berenar) next to the Alberg La Comella; there is a parking area where you can leave your vehicle. There is a path here that goes up to Prat Primer through Riguer, going past El Cortal de la Plana. When you get to Prat Primer, carry along the steep path that takes you to the Refugi de Prat Primer, from where you enter the valley, either along the left-hand path (along El Coll Pa) or by going straight ahead (along the Collada de Prat Primer). Both paths take you to Claror, the entrance to the Madriu-Perafita-Claror Valley.<\/p>\n<p>A less direct option than the Prat Primer path is the forest path: from the same departure point as before, take the forest track, carry along the Palomera path and then go along El Planell del Ras path. Carry on towards La Collada de la Ca\u00fclla along the Maians path, and finally take the Certeressos path until you come to the Refugi de Prat Primer.<\/p>\n<h5>From El Pont de la Margineda (in Santa Coloma)<a href=\"https:\/\/www.google.ad\/maps\/@42.4836567,1.4923587,288m\/data=!3m1!1e3\"><img class=\"alignnone size-full wp-image-36210\" src=\"https:\/\/www.madriu-perafita-claror.ad\/wp-content\/uploads\/2019\/08\/unnamed.png\" alt=\"\" width=\"25\" height=\"25\" \/><\/a><\/h5>\n<p>Cross the bridge and carry on towards the old highway. Carry along Costa Seda, then along Pica Romana, towards the Collada de la Ca\u00fclla, the Certeressos path and you will come to the Refugi de Prat Primer.<\/p>\n<h5>From El Rec de l\u2019Obac in Andorra la Vella<a href=\"https:\/\/www.google.ad\/maps\/@42.5047172,1.5326275,625m\/data=!3m1!1e3\"><img class=\"alignnone size-full wp-image-36210\" src=\"https:\/\/www.madriu-perafita-claror.ad\/wp-content\/uploads\/2019\/08\/unnamed.png\" alt=\"\" width=\"25\" height=\"25\" \/><\/a><\/h5>\n<p align=\"JUSTIFY\">Another option is to take the GR7 at the Rec de l\u2019Obac in Andorra la Vella, carry along the Solobre path and head towards the Collada de la Ca\u00fclla, the Certeressos path and you will come to the Refugi de Prat Primer.<\/p>\n<p>[\/vc_column_text][\/vc_tta_section][vc_tta_section title=&#8221;From Sant Juli\u00e0 de L\u00f2ria&#8221; tab_id=&#8221;1559742248523-81e72a83-a11d&#8221;][vc_column_text]<!--:ca--><\/p>\n<h5>From the Font des Traginers<a href=\"https:\/\/www.google.es\/maps\/@42.4370704,1.5317329,2976m\/data=!3m1!1e3\"><img class=\"alignnone size-full wp-image-36210\" src=\"https:\/\/www.madriu-perafita-claror.ad\/wp-content\/uploads\/2019\/08\/unnamed.png\" alt=\"\" width=\"25\" height=\"25\" \/><\/a><\/h5>\n<p align=\"JUSTIFY\">On the border with Spain, hedged towards the Refugi de la Rabassa until you get there, then carry on to Roca de Pimes, Solana del Caborreu, Coll de Finestres, Camp Ramonet as far as the Pic Negre where you enter into protected territory.<\/p>\n<h5>From the centre of Sant Juli\u00e0 de L\u00f2ria<a href=\"https:\/\/www.google.es\/maps\/@42.4676885,1.4927944,259m\/data=!3m1!1e3\"><img class=\"alignnone size-full wp-image-36210\" src=\"https:\/\/www.madriu-perafita-claror.ad\/wp-content\/uploads\/2019\/08\/unnamed.png\" alt=\"\" width=\"25\" height=\"25\" \/><\/a><\/h5>\n<p align=\"JUSTIFY\">In Avinguda de Can\u00f2lich, take the footpath towards Nagol. Carry on to Cert\u00e9s, as far as Bordes del Manyat following the GR7, continue along the Collada de la Ca\u00fclla, Prat Primer and towards the Collada de Prat Primer where you go into the valley.<br \/>\nBear in mind that once you get to Coll de Costa Seda, there is the alternative option of taking the path that leaves from the Pont de la Margineda in Andorra la Vella (the two paths cross each other here and again at the Collada de la Ca\u00fclla, the end of the route is the same).<\/p>\n<h5>FROM Perafita <a href=\"https:\/\/www.google.es\/maps\/@42.4708382,1.5759713,3214m\/data=!3m1!1e3\"><img class=\"alignnone size-full wp-image-36210\" src=\"https:\/\/www.madriu-perafita-claror.ad\/wp-content\/uploads\/2019\/08\/unnamed.png\" alt=\"\" width=\"25\" height=\"25\" \/><\/a><\/h5>\n<p align=\"JUSTIFY\">From the peak of Perafita, carry on towards La Torre dels Soldats as far as Port Negre. There, you cross the path that comes out of the Font de Traginers and take the same route.<\/p>\n<h5>ALONG THE FORESTAL TRACK <a href=\"https:\/\/www.google.es\/maps\/@42.4333318,1.5342477,3216m\/data=!3m1!1e3\"><img class=\"alignnone size-full wp-image-36210\" src=\"https:\/\/www.madriu-perafita-claror.ad\/wp-content\/uploads\/2019\/08\/unnamed.png\" alt=\"\" width=\"25\" height=\"25\" \/><\/a><\/h5>\n<p>The forest track enters from Spain (Fonts dels Traginers) and goes to La Rabassa where it meets the secondary road, where there is also the GRP path that goes from El Cortal del Folch (and that can also be reached from Arcavell). The track ends up in Camp de Claror and from there on you should take the same path as described from the Font de Traginers.[\/vc_column_text][\/vc_tta_section][vc_tta_section title=&#8221;From Escaldes Engordany&#8221; tab_id=&#8221;1559742248627-c209b3e1-f92a&#8221;][vc_column_text]<!--:ca--><\/p>\n<h5>FROM la Plana ROAD <a href=\"https:\/\/www.google.ad\/maps\/@42.5043163,1.5523284,401m\/data=!3m1!1e3\"><img class=\"alignnone size-full wp-image-36210\" src=\"https:\/\/www.madriu-perafita-claror.ad\/wp-content\/uploads\/2019\/08\/unnamed.png\" alt=\"\" width=\"25\" height=\"25\" \/><\/a><\/h5>\n<p align=\"JUSTIFY\">Some 50 metres from the crossroads between the Engolasters road (CS-200) and the Plana road (CS-101), following the Plana road, you reach the foot of the Cam\u00ed de Muntanya, which is the most direct entry into the Madriu-Perafita-Claror Valley from Escaldes-Engordany.<\/p>\n<ul>\n<li>Some 2 km from this entrance, following the Plana road and just before reaching La Plana residential estate, you will come to another entrance, the Rec de l\u2019Obac.<\/li>\n<li>The Font de Ferro path which comes out of the Passeig del Rec de l\u2019Obac in Andorra also goes to La Plana.<\/li>\n<\/ul>\n<p align=\"JUSTIFY\">There is another secondary entrance some 50 metres further up from the crossroads of La Plana and Engolasters roads, heading towards Engolasters, which is Les Molleres path.<\/p>\n<h5>From the Circuit de les Fonts<a href=\"https:\/\/www.google.ad\/maps\/@42.5171924,1.5708467,238a,59.8y,6.02t\/data=!3m1!1e3\"><img class=\"alignnone size-full wp-image-36210\" src=\"https:\/\/www.madriu-perafita-claror.ad\/wp-content\/uploads\/2019\/08\/unnamed.png\" alt=\"\" width=\"25\" height=\"25\" \/><\/a><\/h5>\n<p>On the last bend of the Engolasters road (CS-200), you get to the Circuit de les Fonts car park. Thanks to this car park, this entrance is one of the main gateways to the valley from Escaldes-Engordany. From here, you should take Els Matxos path to Coll Jovell, and here, you go into the protected area along the same path that goes down to R\u00e0mio, along the Sol\u00e0 de R\u00e0mio path or along the Tosa de Braibal path.<\/p>\n<h5>From the Engolasters esplanade <a href=\"https:\/\/www.google.ad\/maps\/@42.5101249,1.5639705,401m\/data=!3m1!1e3\"><img class=\"alignnone size-full wp-image-36210\" src=\"https:\/\/www.madriu-perafita-claror.ad\/wp-content\/uploads\/2019\/08\/unnamed.png\" alt=\"\" width=\"25\" height=\"25\" \/><\/a><\/h5>\n<p>Take the Engolasters road (CS-200) until you come to the Pla d\u2019Engolasters. In the picnic area at the Font de la Closa, there are two paths: the Coll Jovell path (which is the most direct one) and the Canal de la Tosa path, which links up with Els Matxos path.<\/p>\n<h5>From the centre of Escaldes-Engordany <a href=\"https:\/\/www.google.ad\/maps\/@42.5091314,1.5454415,401m\/data=!3m1!1e3\"><img class=\"alignnone size-full wp-image-36210\" src=\"https:\/\/www.madriu-perafita-claror.ad\/wp-content\/uploads\/2019\/08\/unnamed.png\" alt=\"\" width=\"25\" height=\"25\" \/><\/a><\/h5>\n<p>Several paths entering the Madriu-Perafita-Claror Valley are signposted from Escaldes-Engordany town centre. However, all these paths are, at some point or another, interrupted by the Obac road (CS-100).<\/p>\n<ul>\n<li>Along the Avinguda del Pont de la Tosca and from the bridge of the same name, take the Molleres and Engolasters path which will take you to the Obac road.\u00a0 There are three alternatives here: either Les Molleres path, or do part of the road and, going upwards, go towards the Engolasters path which leads towards the Engolasters plane and pond, or going downhill, take La Muntanya path.<\/li>\n<li>Other secondary entrances from the same avenue are La Canaleta path (which, after crossing the Obac road, joins up with La Muntanya path) and Coll de Caldes path which comes out into the Engolasters road.<\/li>\n<li>Along the Obac path you will come to the Plana path that leads to La Plana residential estate.\u00a0 From there, take the Rec de l\u2019Obac path.<\/li>\n<\/ul>\n<p>[\/vc_column_text][\/vc_tta_section][vc_tta_section title=&#8221;Parkings&#8221; tab_id=&#8221;1559742248729-07d2480f-4eec&#8221;][vc_column_text]<!--:ca--><\/p>\n<h5 align=\"JUSTIFY\">from Encamp <a href=\"https:\/\/www.google.es\/maps\/@42.5302908,1.6007527,803m\/data=!3m1!1e3\"><img class=\"alignnone size-full wp-image-36210\" src=\"https:\/\/www.madriu-perafita-claror.ad\/wp-content\/uploads\/2019\/08\/unnamed.png\" alt=\"\" width=\"25\" height=\"25\" \/><\/a><\/h5>\n<p align=\"JUSTIFY\">To visit the Valley from Encamp, you can leave your car in the Grau Roig car park (entrance from Els Pessons), in the car park on the Ctra. de les Pardines (entrance from Les Agols), or you can leave your car in the Funicamp intermediate ski resort area in Els Cortals d\u2019Encamp (entrance from Ensagents).<\/p>\n<h5 align=\"JUSTIFY\">from Andorra la Vella <a href=\"https:\/\/www.google.es\/maps\/@42.4991149,1.5306452,3a,75y,205.68h,91.49t\/data=!3m6!1e1!3m4!1sy9layNskXKO4SHAqicCpFA!2e0!7i13312!8i6656\"><img class=\"alignnone size-full wp-image-36210\" src=\"https:\/\/www.madriu-perafita-claror.ad\/wp-content\/uploads\/2019\/08\/unnamed.png\" alt=\"\" width=\"25\" height=\"25\" \/><\/a><\/h5>\n<p align=\"JUSTIFY\">There is a free parking at the main entrance to the Valley from Andorra la Vella, just at the beginning of the Prat Primer path, in front of La Comella picnic area.<\/p>\n<p align=\"JUSTIFY\">If you take the entrance from Pont de la Margineda, you can also leave your car in a small asphalted car park just next to the bridge.<\/p>\n<h5 align=\"JUSTIFY\">FROM Sant Juli\u00e0 de L\u00f2ria <a href=\"https:\/\/www.google.es\/maps\/@42.4415807,1.5013253,402m\/data=!3m1!1e3\"><img class=\"alignnone size-full wp-image-36210\" src=\"https:\/\/www.madriu-perafita-claror.ad\/wp-content\/uploads\/2019\/08\/unnamed.png\" alt=\"\" width=\"25\" height=\"25\" \/><\/a><\/h5>\n<p align=\"JUSTIFY\">The entrance from Sant Juli\u00e0 de L\u00f2ria has the Naturland parking area, height 2.000 meters.<\/p>\n<h5 align=\"JUSTIFY\">FROM Escaldes-Engordany <a href=\"https:\/\/www.google.es\/maps\/@42.5174823,1.5705026,3a,75y,88.62h,100.36t\/data=!3m6!1e1!3m4!1sRu0BHH5mQr4okMnKIFsucQ!2e0!7i13312!8i6656\"><img class=\"alignnone size-full wp-image-36210\" src=\"https:\/\/www.madriu-perafita-claror.ad\/wp-content\/uploads\/2019\/08\/unnamed.png\" alt=\"\" width=\"25\" height=\"25\" \/><\/a><\/h5>\n<p><span class=\"\">There is a blue zone parking at the entrance of the circuit of Les Fonts.<\/span><\/p>\n<p>The main entrance to the valley through Escaldes-Engordany has a barrier parking. It is located just before turning right, on the Plana road, where the entrance is on the Mountain road.<\/p>\n<p><span class=\"\">At the Circuit de les Fonts entrance, at the Pla d\u2019Engolasters, there is a rough area of land where you can leave your car. <\/span><\/p>\n<p>Finally, you can leave the car in the Camp del Serrat car park, next to the Engolasters lake.[\/vc_column_text][\/vc_tta_section][\/vc_tta_tabs][\/vc_column][\/vc_row]<\/p>\n<\/div>","protected":false},"excerpt":{"rendered":"<p>[vc_row][vc_column][vc_separator][vc_single_image image=&#8221;34823&#8243; img_size=&#8221;full&#8221;][\/vc_column][\/vc_row][vc_row][vc_column][vc_column_text] ACCES AND PARKING [\/vc_column_text][vc_column_text] The main entrances to the valley are described below. It should be taken&#8230;<\/p>\n","protected":false},"author":1,"featured_media":0,"parent":0,"menu_order":0,"comment_status":"closed","ping_status":"closed","template":"","meta":{"_acf_changed":false,"footnotes":""},"class_list":["post-35226","page","type-page","status-publish"],"acf":[],"_links":{"self":[{"href":"https:\/\/www.madriu-perafita-claror.ad\/en\/wp-json\/wp\/v2\/pages\/35226","targetHints":{"allow":["GET"]}}],"collection":[{"href":"https:\/\/www.madriu-perafita-claror.ad\/en\/wp-json\/wp\/v2\/pages"}],"about":[{"href":"https:\/\/www.madriu-perafita-claror.ad\/en\/wp-json\/wp\/v2\/types\/page"}],"author":[{"embeddable":true,"href":"https:\/\/www.madriu-perafita-claror.ad\/en\/wp-json\/wp\/v2\/users\/1"}],"replies":[{"embeddable":true,"href":"https:\/\/www.madriu-perafita-claror.ad\/en\/wp-json\/wp\/v2\/comments?post=35226"}],"version-history":[{"count":0,"href":"https:\/\/www.madriu-perafita-claror.ad\/en\/wp-json\/wp\/v2\/pages\/35226\/revisions"}],"wp:attachment":[{"href":"https:\/\/www.madriu-perafita-claror.ad\/en\/wp-json\/wp\/v2\/media?parent=35226"}],"curies":[{"name":"wp","href":"https:\/\/api.w.org\/{rel}","templated":true}]}}