{"id":41767,"date":"2023-10-25T17:41:10","date_gmt":"2023-10-25T16:41:10","guid":{"rendered":"https:\/\/www.madriu-perafita-claror.ad\/politica-de-privacitat\/"},"modified":"2023-10-25T17:41:10","modified_gmt":"2023-10-25T16:41:10","slug":"politica-de-privacitat","status":"publish","type":"page","link":"https:\/\/www.madriu-perafita-claror.ad\/en\/politica-de-privacitat\/","title":{"rendered":"Pol\u00edtica de Privacitat"},"content":{"rendered":"<table style=\"width: 100%; height: 2455px;\" width=\"566\">\n<tbody>\n<tr>\n<td style=\"width: 1484px;\" colspan=\"2\">\n<h3>Informaci\u00f3 sobre protecci\u00f3 de dades<\/h3>\n<\/td>\n<\/tr>\n<tr>\n<td style=\"width: 479.047px;\">\n<h4 style=\"text-align: left;\">Denominaci\u00f3 social<\/h4>\n<\/td>\n<td style=\"width: 998.953px;\">\n<p style=\"text-align: left;\">Identitat: <strong>COMISSI\u00d3 GESTORA DE LA VALL DEL MADRIU-PERAFITA-CLAROR<\/strong> (d&#8217;ara endavant, &#8220;VALL DEL MADRIU&#8221;).<\/p>\n<p style=\"text-align: left;\">Adre\u00e7a: Prat de la Creu 74-76, AD500, Andorra La Vella.<\/p>\n<p style=\"text-align: left;\">Tfn: (+376) 823000<\/p>\n<p style=\"text-align: left;\">Email: info@madriu-perafita-claror.ad<\/p>\n<\/td>\n<\/tr>\n<tr>\n<td style=\"width: 479.047px;\">\n<h4 style=\"text-align: left;\">Finalitat<\/h4>\n<\/td>\n<td style=\"width: 998.953px;\">\n<p style=\"text-align: left;\"><strong>Per qu\u00e8 fem servir les dades?<\/strong><\/p>\n<p style=\"text-align: left;\">La seg\u00fcent Pol\u00edtica de privadesa estableix els termes en qu\u00e8 tractarem les dades personals a VALL DEL MADRIU; aix\u00f2 inclou qualsevol dada personal recollida a trav\u00e9s de la nostra p\u00e0gina web \u00a0VALL DEL MADRIU, aix\u00ed com qualsevol altra dada que tractem en exercici de les nostres activitats empresarials.<\/p>\n<p style=\"text-align: left;\">VALL DEL MADRIU recull les dades personals seg\u00fcents amb les finalitats a continuaci\u00f3 indicades:<\/p>\n<p style=\"text-align: left;\">a)\u00a0\u00a0\u00a0\u00a0 <u>Formulari contacte<\/u>: les dades personals recollides a trav\u00e9s d&#8217;aquest formulari seran exclusivament utilitzades per gestionar la vostra petici\u00f3.<\/p>\n<p style=\"text-align: left;\">b)\u00a0\u00a0\u00a0\u00a0 <u>Formulari deixa un comentari en el blog<\/u>: les personals recollides a trav\u00e9s d\u2019aquest formulari seran exclusivament utilitzades per gestionar la vostra participaci\u00f3 en el blog.<\/p>\n<p style=\"text-align: left;\">c)\u00a0\u00a0\u00a0\u00a0 <u>Xarxes socials<\/u>: qualsevol dada que ens faciliti o que pugui compartir a trav\u00e9s de les xarxes socials en qu\u00e8 VALL DEL MADRIU t\u00e9 compte actiu, seran tractades d\u2019acord amb les pol\u00edtiques de privadesa de cada xarxa social. Us recomanem que les llegiu i que les reviseu peri\u00f2dicament abans d\u2019interaccionar amb VALL DEL MADRIU a trav\u00e9s de les xarxes socials.<\/p>\n<p style=\"text-align: left;\"><strong>Quant de temps custodiem les vostres dades?<\/strong><\/p>\n<p style=\"text-align: left;\">A continuaci\u00f3 i d&#8217;acord amb la normativa vigent, us informem del temps que mantindrem les vostres dades, que dep\u00e8n del tipus d&#8217;\u00fas al qual siguin destinades:<\/p>\n<p style=\"text-align: left;\">Les dades recollides al formulari de contacte seran autom\u00e0ticament eliminades passat un any des del darrer contacte.<\/p>\n<p style=\"text-align: left;\">En relaci\u00f3 amb les dades dels usuaris que han participat en els nostres blogs les dades es conservaran de manera permanent fins que exerciti els seus drets de supressi\u00f3.<\/p>\n<\/td>\n<\/tr>\n<tr>\n<td style=\"width: 479.047px;\">\n<h4 style=\"text-align: left;\">Legitimitzaci\u00f3<\/h4>\n<\/td>\n<td style=\"width: 998.953px;\">\n<p style=\"text-align: left;\">A continuaci\u00f3, us informem qu\u00e8 ens permet tractar les vostres dades, en funci\u00f3 de l&#8217;\u00fas per al qual siguin destinades.<\/p>\n<p style=\"text-align: left;\">La base legal per tractar les dades recollides al formulari de contacte i les recollides en el formulari deixa un comentari en el blog, \u00e9s el consentiment de l&#8217;interessat.<\/p>\n<\/td>\n<\/tr>\n<tr>\n<td style=\"width: 479.047px;\">\n<h4 style=\"text-align: left;\">Destinataris<\/h4>\n<\/td>\n<td style=\"width: 998.953px;\">\n<p style=\"text-align: left;\"><strong>Cessions de dades a tercers<\/strong><\/p>\n<p style=\"text-align: left;\">Les vostres dades personals no seran cedides a tercers sense el vostre consentiment, excepte aquells prove\u00efdors de serveis amb qu\u00e8 disposem d&#8217;un contracte de servei vigent o que intervingui una llei que obligues a VALL EL MADRIU a tal cessi\u00f3 de dades.<\/p>\n<\/td>\n<\/tr>\n<tr>\n<td style=\"width: 479.047px;\">\n<h4 style=\"text-align: left;\">Categoria de dades<\/h4>\n<\/td>\n<td style=\"width: 998.953px;\">\n<p style=\"text-align: left;\"><strong>Tipologia de dades tractades:<\/strong><\/p>\n<p style=\"text-align: left;\">Formulari contacte:<\/p>\n<ul style=\"text-align: left;\">\n<li>Nom.<\/li>\n<li>Correu electr\u00f2nic.<\/li>\n<\/ul>\n<p style=\"text-align: left;\">Formulari deixa un comentari en el blog:<\/p>\n<ul>\n<li style=\"text-align: left;\">Nom.<\/li>\n<li style=\"text-align: left;\">Correu electr\u00f2nic.<\/li>\n<\/ul>\n<\/td>\n<\/tr>\n<tr>\n<td style=\"text-align: left; width: 479.047px;\">\n<h4>Drets<\/h4>\n<\/td>\n<td style=\"width: 998.953px;\">\n<p style=\"text-align: left;\"><strong>T\u00e9 dret a:<\/strong><\/p>\n<ul>\n<li style=\"text-align: left;\">Revocar el consentiment atorgat.<\/li>\n<li style=\"text-align: left;\">Accedir a les dades personals.<\/li>\n<li style=\"text-align: left;\">Rectificar les dades personals.<\/li>\n<li style=\"text-align: left;\">Suprimir les dades personals.<\/li>\n<li style=\"text-align: left;\">Presentar una den\u00fancia o escrit per a la tutela dels seus drets davant de l&#8217;Ag\u00e8ncia Andorrana de Protecci\u00f3 de Dades.<\/li>\n<li style=\"text-align: left;\">Ser informat de qualsevol incid\u00e8ncia de seguretat que pugui afectar els seus drets.<\/li>\n<li style=\"text-align: left;\">Limitaci\u00f3 del tractament.<\/li>\n<li style=\"text-align: left;\">Portabilitat.<\/li>\n<\/ul>\n<\/td>\n<\/tr>\n<\/tbody>\n<\/table>\n<p><\/p>\n","protected":false},"excerpt":{"rendered":"<p>Informaci\u00f3 sobre protecci\u00f3 de dades Denominaci\u00f3 social Identitat: COMISSI\u00d3 GESTORA DE LA VALL DEL MADRIU-PERAFITA-CLAROR (d&#8217;ara endavant, &#8220;VALL DEL MADRIU&#8221;)&#8230;.<\/p>\n","protected":false},"author":1,"featured_media":0,"parent":0,"menu_order":0,"comment_status":"closed","ping_status":"closed","template":"","meta":{"_acf_changed":false,"footnotes":""},"class_list":["post-41767","page","type-page","status-publish"],"acf":[],"_links":{"self":[{"href":"https:\/\/www.madriu-perafita-claror.ad\/en\/wp-json\/wp\/v2\/pages\/41767","targetHints":{"allow":["GET"]}}],"collection":[{"href":"https:\/\/www.madriu-perafita-claror.ad\/en\/wp-json\/wp\/v2\/pages"}],"about":[{"href":"https:\/\/www.madriu-perafita-claror.ad\/en\/wp-json\/wp\/v2\/types\/page"}],"author":[{"embeddable":true,"href":"https:\/\/www.madriu-perafita-claror.ad\/en\/wp-json\/wp\/v2\/users\/1"}],"replies":[{"embeddable":true,"href":"https:\/\/www.madriu-perafita-claror.ad\/en\/wp-json\/wp\/v2\/comments?post=41767"}],"version-history":[{"count":0,"href":"https:\/\/www.madriu-perafita-claror.ad\/en\/wp-json\/wp\/v2\/pages\/41767\/revisions"}],"wp:attachment":[{"href":"https:\/\/www.madriu-perafita-claror.ad\/en\/wp-json\/wp\/v2\/media?parent=41767"}],"curies":[{"name":"wp","href":"https:\/\/api.w.org\/{rel}","templated":true}]}}