{"id":34918,"date":"2019-07-03T12:54:50","date_gmt":"2019-07-03T11:54:50","guid":{"rendered":"https:\/\/www.madriu-perafita-claror.ad\/itinerari-biodiversitat"},"modified":"2024-07-18T15:46:28","modified_gmt":"2024-07-18T14:46:28","slug":"itinerario-biodiversidad","status":"publish","type":"page","link":"https:\/\/www.madriu-perafita-claror.ad\/es\/itinerario-biodiversidad\/","title":{"rendered":"Itinerario de la biodiversidad"},"content":{"rendered":"<div class=\"wpb-content-wrapper\"><p>[vc_row][vc_column][vc_separator][vc_single_image image=\u00bb34441&#8243; img_size=\u00bbfull\u00bb][\/vc_column][\/vc_row][vc_row][vc_column][vc_column_text css=\u00bb\u00bb]<\/p>\n<h2>ITINERARIO DE LA BIODIVERSIDAD<\/h2>\n<p>[\/vc_column_text][vc_column_text]Con motivo de la celebraci\u00f3n del D\u00eda mundial de la diversidad biol\u00f3gica y el 25 aniversario de la entrada en vigor del Convenio de la Diversidad Biol\u00f3gica (CBD), el 22 de mayo presentamos conjuntamente tres itinerarios de los espacios protegidos del Principado, enmarcados dentro de las actividades propuestas por el Ministerio de Medio Ambiente y Sostenibilidad para garantizar su conservaci\u00f3n y un uso sostenible de la biodiversidad en el Principado.<\/p>\n<p>El valle del Madriu-Perafita-Claror propone un itinerario corto y sencillo que une la caba\u00f1a dels Estanys con el refugio guardado de la Illa siguiendo el trazado del GRP-GR11 y que transcurre por humedales, prados y comunidades arbustivas que son refugio de una gran variedad de especias de flora y fauna bien adaptados a las exigentes condiciones de la alta monta\u00f1a.<\/p>\n<p><a href=\"https:\/\/es.wikiloc.com\/rutas-senderismo\/itinerari-de-la-biodiversitat-23941972\"><img class=\"alignnone wp-image-31768 size-full\" src=\"https:\/\/www.madriu-perafita-claror.ad\/wp-content\/uploads\/2019\/07\/Itinerari-de-la-Biodiversitat.jpg\" alt=\"\" width=\"1400\" height=\"747\" srcset=\"https:\/\/www.madriu-perafita-claror.ad\/wp-content\/uploads\/2019\/07\/Itinerari-de-la-Biodiversitat.jpg 1400w, https:\/\/www.madriu-perafita-claror.ad\/wp-content\/uploads\/2019\/07\/Itinerari-de-la-Biodiversitat-600x320.jpg 600w\" sizes=\"(max-width: 1400px) 100vw, 1400px\" \/><\/a>[\/vc_column_text][vc_message]Pueden encontrar la informaci\u00f3n <a href=\"https:\/\/www.madriu-perafita-claror.ad\/wp-content\/uploads\/2020\/05\/Itinerari_Biodiversitat_VMPC.pdf\">aqu\u00ed<\/a>.[\/vc_message][\/vc_column][\/vc_row]<\/p>\n<\/div>","protected":false},"excerpt":{"rendered":"<p>[vc_row][vc_column][vc_separator][vc_single_image image=\u00bb34441&#8243; img_size=\u00bbfull\u00bb][\/vc_column][\/vc_row][vc_row][vc_column][vc_column_text css=\u00bb\u00bb] ITINERARIO DE LA BIODIVERSIDAD [\/vc_column_text][vc_column_text]Con motivo de la celebraci\u00f3n del D\u00eda mundial de la diversidad biol\u00f3gica&#8230;<\/p>\n","protected":false},"author":1,"featured_media":0,"parent":0,"menu_order":0,"comment_status":"closed","ping_status":"closed","template":"","meta":{"_acf_changed":false,"footnotes":""},"class_list":["post-34918","page","type-page","status-publish"],"acf":[],"_links":{"self":[{"href":"https:\/\/www.madriu-perafita-claror.ad\/es\/wp-json\/wp\/v2\/pages\/34918","targetHints":{"allow":["GET"]}}],"collection":[{"href":"https:\/\/www.madriu-perafita-claror.ad\/es\/wp-json\/wp\/v2\/pages"}],"about":[{"href":"https:\/\/www.madriu-perafita-claror.ad\/es\/wp-json\/wp\/v2\/types\/page"}],"author":[{"embeddable":true,"href":"https:\/\/www.madriu-perafita-claror.ad\/es\/wp-json\/wp\/v2\/users\/1"}],"replies":[{"embeddable":true,"href":"https:\/\/www.madriu-perafita-claror.ad\/es\/wp-json\/wp\/v2\/comments?post=34918"}],"version-history":[{"count":1,"href":"https:\/\/www.madriu-perafita-claror.ad\/es\/wp-json\/wp\/v2\/pages\/34918\/revisions"}],"predecessor-version":[{"id":43254,"href":"https:\/\/www.madriu-perafita-claror.ad\/es\/wp-json\/wp\/v2\/pages\/34918\/revisions\/43254"}],"wp:attachment":[{"href":"https:\/\/www.madriu-perafita-claror.ad\/es\/wp-json\/wp\/v2\/media?parent=34918"}],"curies":[{"name":"wp","href":"https:\/\/api.w.org\/{rel}","templated":true}]}}