{"id":34921,"date":"2019-07-03T12:45:34","date_gmt":"2019-07-03T11:45:34","guid":{"rendered":"https:\/\/www.madriu-perafita-claror.ad\/coronallacs"},"modified":"2024-07-18T15:42:47","modified_gmt":"2024-07-18T14:42:47","slug":"coronallacs","status":"publish","type":"page","link":"https:\/\/www.madriu-perafita-claror.ad\/es\/coronallacs\/","title":{"rendered":"Ruta Coronallacs"},"content":{"rendered":"<div class=\"wpb-content-wrapper\"><p>[vc_row][vc_column][vc_separator][vc_single_image image=\u00bb34441&#8243; img_size=\u00bbfull\u00bb][\/vc_column][\/vc_row][vc_row][vc_column][vc_column_text css=\u00bb\u00bb]<\/p>\n<h2>RUTA CORONALLACS<\/h2>\n<p>[\/vc_column_text][vc_column_text]<strong>La Coronallacs \u00e9s una ruta de senderismo circular<\/strong> que conecta los cuatro refugios guardados que existen actualmente en Andorra: el refugio de l\u2019Illa, el de Sorteny, el del Comapedrosa y el del Jucla. En total 90 km de paisajes de monta\u00f1a y vistas espectaculares, divididos en 5 etapas largas. Cada una cubre una distancia de entre 13 y 22 km, una media de 18.4km al d\u00eda.<\/p>\n<p>El itinerario\u00a0est\u00e1 dise\u00f1ado\u00a0para hacer noche en cada uno de los refugios, por lo que no requiere llevar demasiado peso. <strong>El nivel de dificultad del recorrido var\u00eda entre medio y medio-alto, dependiendo de los tramos.<\/strong><\/p>\n<p>La Coronallacs est\u00e1 compuesta, por lo tanto, por\u00a0etapas de diversa dificultad y duraci\u00f3n\u00a0y permite pernoctar en los 4 refugios guardados de alta monta\u00f1a de Andorra.<\/p>\n<p><img class=\"alignnone size-full wp-image-31763\" src=\"https:\/\/www.madriu-perafita-claror.ad\/wp-content\/uploads\/2019\/07\/Mapa-coronallacs.png\" alt=\"\" width=\"1400\" height=\"979\" \/><\/p>\n<p>El punto de partida es Escaldes-Engordany, en el centro del Principado, pero recuerda que antes de comenzar la ruta debes coger tu pasaporte\u00a0en la\u00a0<strong><a href=\"http:\/\/visitandorra.com\/es\/oficinas-de-turismo-de-andorra\/oficina-de-turismo-de-escaldes-engordany\/\" target=\"_blank\" rel=\"noopener noreferrer\">oficina de turismo<\/a><\/strong>\u00a0de esta poblaci\u00f3n, donde te dar\u00e1n un mapa. Adem\u00e1s, <strong>no olvides hacer la reserva en cada alojamiento del recorrido<\/strong>.[\/vc_column_text][vc_message]Pueden encontrar toda la informaci\u00f3n<a href=\"https:\/\/www.coronallacs.com\/ca\" target=\"_blank\" rel=\"noopener noreferrer\"> aqu\u00ed<\/a>.[\/vc_message][\/vc_column][\/vc_row]<\/p>\n<\/div>","protected":false},"excerpt":{"rendered":"<p>[vc_row][vc_column][vc_separator][vc_single_image image=\u00bb34441&#8243; img_size=\u00bbfull\u00bb][\/vc_column][\/vc_row][vc_row][vc_column][vc_column_text css=\u00bb\u00bb] RUTA CORONALLACS [\/vc_column_text][vc_column_text]La Coronallacs \u00e9s una ruta de senderismo circular que conecta los cuatro refugios guardados&#8230;<\/p>\n","protected":false},"author":1,"featured_media":0,"parent":0,"menu_order":0,"comment_status":"closed","ping_status":"closed","template":"","meta":{"_acf_changed":false,"footnotes":""},"class_list":["post-34921","page","type-page","status-publish"],"acf":[],"_links":{"self":[{"href":"https:\/\/www.madriu-perafita-claror.ad\/es\/wp-json\/wp\/v2\/pages\/34921","targetHints":{"allow":["GET"]}}],"collection":[{"href":"https:\/\/www.madriu-perafita-claror.ad\/es\/wp-json\/wp\/v2\/pages"}],"about":[{"href":"https:\/\/www.madriu-perafita-claror.ad\/es\/wp-json\/wp\/v2\/types\/page"}],"author":[{"embeddable":true,"href":"https:\/\/www.madriu-perafita-claror.ad\/es\/wp-json\/wp\/v2\/users\/1"}],"replies":[{"embeddable":true,"href":"https:\/\/www.madriu-perafita-claror.ad\/es\/wp-json\/wp\/v2\/comments?post=34921"}],"version-history":[{"count":0,"href":"https:\/\/www.madriu-perafita-claror.ad\/es\/wp-json\/wp\/v2\/pages\/34921\/revisions"}],"wp:attachment":[{"href":"https:\/\/www.madriu-perafita-claror.ad\/es\/wp-json\/wp\/v2\/media?parent=34921"}],"curies":[{"name":"wp","href":"https:\/\/api.w.org\/{rel}","templated":true}]}}