{"id":34931,"date":"2019-06-24T10:31:28","date_gmt":"2019-06-24T09:31:28","guid":{"rendered":"https:\/\/www.madriu-perafita-claror.ad\/materials-pels-nens"},"modified":"2024-07-18T16:00:31","modified_gmt":"2024-07-18T15:00:31","slug":"material-didactico","status":"publish","type":"page","link":"https:\/\/www.madriu-perafita-claror.ad\/es\/material-didactico\/","title":{"rendered":"Material did\u00e1ctico"},"content":{"rendered":"<div class=\"wpb-content-wrapper\"><p>[vc_row][vc_column][vc_separator][vc_single_image image=\u00bb42901&#8243; img_size=\u00bbfull\u00bb css=\u00bb\u00bb][\/vc_column][\/vc_row][vc_row][vc_column][vc_column_text css=\u00bb\u00bb]<\/p>\n<h2>Material DID\u00c1CTICO<\/h2>\n<p>[\/vc_column_text][vc_column_text]\u00a1Desc\u00e1rgate aqui el material pensado especialmente por los m\u00e1s peque\u00f1os de la casa y el pasaporte con el que podr\u00e9is ganar premios del Valle del Madriu-Perafita-Claror![\/vc_column_text][\/vc_column][\/vc_row][vc_row][vc_column width=\u00bb1\/3&#8243;][vc_column_text css=\u00bb\u00bb]<\/p>\n<h4 style=\"text-align: center;\">PASAPORTE<br \/>\nDEL VISITANTE<\/h4>\n<p style=\"text-align: center;\"><a href=\"https:\/\/www.madriu-perafita-claror.ad\/wp-content\/uploads\/2020\/02\/ES-passaport_vallmadriu.pdf\" target=\"_blank\" rel=\"noopener\"><img class=\"aligncenter wp-image-34651 size-medium\" src=\"https:\/\/www.madriu-perafita-claror.ad\/wp-content\/uploads\/2019\/06\/passaport_VM-pdf-1-300x213.jpg\" alt=\"\" width=\"300\" height=\"213\" srcset=\"https:\/\/www.madriu-perafita-claror.ad\/wp-content\/uploads\/2019\/06\/passaport_VM-pdf-1-300x213.jpg 300w, https:\/\/www.madriu-perafita-claror.ad\/wp-content\/uploads\/2019\/06\/passaport_VM-pdf-1-600x425.jpg 600w, https:\/\/www.madriu-perafita-claror.ad\/wp-content\/uploads\/2019\/06\/passaport_VM-pdf-1.jpg 746w\" sizes=\"(max-width: 300px) 100vw, 300px\" \/><\/a><\/p>\n<p>[\/vc_column_text][\/vc_column][vc_column width=\u00bb1\/3&#8243;][\/vc_column][vc_column width=\u00bb1\/3&#8243;][\/vc_column][\/vc_row][vc_row][vc_column width=\u00bb1\/3&#8243;][vc_column_text css=\u00bb\u00bb]<\/p>\n<h4 style=\"text-align: center;\">CUADERNO ITINERARIO eNTREMESAG\u00dcES<\/h4>\n<p style=\"text-align: center;\"><strong><br \/>\n<\/strong><a href=\"https:\/\/www.madriu-perafita-claror.ad\/wp-content\/uploads\/2020\/02\/ES-quadern_vall_madriu_1_OK.pdf\" target=\"_blank\" rel=\"noopener\"><img class=\"aligncenter wp-image-34654 size-medium\" src=\"https:\/\/www.madriu-perafita-claror.ad\/wp-content\/uploads\/2019\/06\/quaderm_VM_RUTA_1-pdf-1024x724-1-300x212.jpg\" alt=\"\" width=\"300\" height=\"212\" srcset=\"https:\/\/www.madriu-perafita-claror.ad\/wp-content\/uploads\/2019\/06\/quaderm_VM_RUTA_1-pdf-1024x724-1-300x212.jpg 300w, https:\/\/www.madriu-perafita-claror.ad\/wp-content\/uploads\/2019\/06\/quaderm_VM_RUTA_1-pdf-1024x724-1-600x424.jpg 600w, https:\/\/www.madriu-perafita-claror.ad\/wp-content\/uploads\/2019\/06\/quaderm_VM_RUTA_1-pdf-1024x724-1-768x543.jpg 768w, https:\/\/www.madriu-perafita-claror.ad\/wp-content\/uploads\/2019\/06\/quaderm_VM_RUTA_1-pdf-1024x724-1.jpg 1024w\" sizes=\"(max-width: 300px) 100vw, 300px\" \/><\/a><\/p>\n<p>Cuaderno de campo para el ni\u00f1@ (recomendado 5-8 a\u00f1os)[\/vc_column_text][\/vc_column][vc_column width=\u00bb1\/3&#8243;][vc_column_text css=\u00bb\u00bb]<\/p>\n<h4 style=\"text-align: center;\">CUADERNO ITINERARIO<br \/>\nENTREMESAIG\u00dcES-R\u00c0MIO<\/h4>\n<p style=\"text-align: center;\"><a href=\"https:\/\/www.madriu-perafita-claror.ad\/wp-content\/uploads\/2020\/02\/ES-quadern_vall_madriu_2_OK.pdf\" target=\"_blank\" rel=\"noopener\"><img class=\"aligncenter wp-image-34639 size-medium\" src=\"https:\/\/www.madriu-perafita-claror.ad\/wp-content\/uploads\/2019\/06\/quadern_VM_RUTA_2-pdf-1024x724-1-300x212.jpg\" alt=\"\" width=\"300\" height=\"212\" srcset=\"https:\/\/www.madriu-perafita-claror.ad\/wp-content\/uploads\/2019\/06\/quadern_VM_RUTA_2-pdf-1024x724-1-300x212.jpg 300w, https:\/\/www.madriu-perafita-claror.ad\/wp-content\/uploads\/2019\/06\/quadern_VM_RUTA_2-pdf-1024x724-1-600x424.jpg 600w, https:\/\/www.madriu-perafita-claror.ad\/wp-content\/uploads\/2019\/06\/quadern_VM_RUTA_2-pdf-1024x724-1-768x543.jpg 768w, https:\/\/www.madriu-perafita-claror.ad\/wp-content\/uploads\/2019\/06\/quadern_VM_RUTA_2-pdf-1024x724-1.jpg 1024w\" sizes=\"(max-width: 300px) 100vw, 300px\" \/><\/a><\/p>\n<p>Cuaderno de campo para el ni\u00f1@ (recomendado: 5-12 a\u00f1os)[\/vc_column_text][\/vc_column][vc_column width=\u00bb1\/3&#8243;][vc_column_text css=\u00bb\u00bb]<\/p>\n<h4 style=\"text-align: center;\">CUADERNO VALLE DEL MADRIU<br \/>\nPERAFITA-CLAROR<\/h4>\n<p style=\"text-align: center;\"><a href=\"https:\/\/www.madriu-perafita-claror.ad\/wp-content\/uploads\/2020\/02\/ES-quadern_vall_madriu_3_OK.pdf\" target=\"_blank\" rel=\"noopener\"><img class=\"aligncenter wp-image-34657 size-medium\" src=\"https:\/\/www.madriu-perafita-claror.ad\/wp-content\/uploads\/2019\/06\/quaderm_VM_RUTA_3-pdf-1024x724-1-300x212.jpg\" alt=\"\" width=\"300\" height=\"212\" srcset=\"https:\/\/www.madriu-perafita-claror.ad\/wp-content\/uploads\/2019\/06\/quaderm_VM_RUTA_3-pdf-1024x724-1-300x212.jpg 300w, https:\/\/www.madriu-perafita-claror.ad\/wp-content\/uploads\/2019\/06\/quaderm_VM_RUTA_3-pdf-1024x724-1-600x424.jpg 600w, https:\/\/www.madriu-perafita-claror.ad\/wp-content\/uploads\/2019\/06\/quaderm_VM_RUTA_3-pdf-1024x724-1-768x543.jpg 768w, https:\/\/www.madriu-perafita-claror.ad\/wp-content\/uploads\/2019\/06\/quaderm_VM_RUTA_3-pdf-1024x724-1.jpg 1024w\" sizes=\"(max-width: 300px) 100vw, 300px\" \/><\/a><\/p>\n<p>Cuaderno de campo para el ni\u00f1@ (recomendado: 8-12 a\u00f1os)[\/vc_column_text][\/vc_column][\/vc_row][vc_row][vc_column width=\u00bb1\/3&#8243;][vc_column_text css=\u00bb\u00bb]<\/p>\n<h4 style=\"text-align: center;\">DOSSIER ITINERARIO<br \/>\nENTREMESAIG\u00dcES<\/h4>\n<p style=\"text-align: center;\"><a href=\"https:\/\/www.madriu-perafita-claror.ad\/wp-content\/uploads\/2020\/02\/ES-Dossiers_didactics_descarregables_Vall_madriu_Marta.pdf\" target=\"_blank\" rel=\"noopener\"><img class=\"aligncenter wp-image-37345 size-medium\" src=\"https:\/\/www.madriu-perafita-claror.ad\/wp-content\/uploads\/2020\/01\/dossiers_VM_RUTA_1-imatge-300x212.jpg\" alt=\"\" width=\"300\" height=\"212\" srcset=\"https:\/\/www.madriu-perafita-claror.ad\/wp-content\/uploads\/2020\/01\/dossiers_VM_RUTA_1-imatge-300x212.jpg 300w, https:\/\/www.madriu-perafita-claror.ad\/wp-content\/uploads\/2020\/01\/dossiers_VM_RUTA_1-imatge-scaled-600x424.jpg 600w, https:\/\/www.madriu-perafita-claror.ad\/wp-content\/uploads\/2020\/01\/dossiers_VM_RUTA_1-imatge-1024x724.jpg 1024w, https:\/\/www.madriu-perafita-claror.ad\/wp-content\/uploads\/2020\/01\/dossiers_VM_RUTA_1-imatge-768x543.jpg 768w, https:\/\/www.madriu-perafita-claror.ad\/wp-content\/uploads\/2020\/01\/dossiers_VM_RUTA_1-imatge-1536x1086.jpg 1536w, https:\/\/www.madriu-perafita-claror.ad\/wp-content\/uploads\/2020\/01\/dossiers_VM_RUTA_1-imatge-2048x1448.jpg 2048w\" sizes=\"(max-width: 300px) 100vw, 300px\" \/><\/a><\/p>\n<p>Dossier para acompa\u00f1ar al ni\u00f1@[\/vc_column_text][\/vc_column][vc_column width=\u00bb1\/3&#8243;][vc_column_text css=\u00bb\u00bb]<\/p>\n<h4 style=\"text-align: center;\">DOSSIER ITINERARIO<br \/>\nENTREMESAIG\u00dcES-R\u00c0MIO<\/h4>\n<p style=\"text-align: center;\"><a href=\"https:\/\/www.madriu-perafita-claror.ad\/wp-content\/uploads\/2020\/02\/ES-Dossiers_descarregables_Vall_madriu_2_OK-1.pdf\" target=\"_blank\" rel=\"noopener\"><img class=\"aligncenter wp-image-37376 size-medium\" src=\"https:\/\/www.madriu-perafita-claror.ad\/wp-content\/uploads\/2020\/01\/dossiers_VM_RUTA_2-imatge-300x212.jpg\" alt=\"\" width=\"300\" height=\"212\" srcset=\"https:\/\/www.madriu-perafita-claror.ad\/wp-content\/uploads\/2020\/01\/dossiers_VM_RUTA_2-imatge-300x212.jpg 300w, https:\/\/www.madriu-perafita-claror.ad\/wp-content\/uploads\/2020\/01\/dossiers_VM_RUTA_2-imatge-scaled-600x424.jpg 600w, https:\/\/www.madriu-perafita-claror.ad\/wp-content\/uploads\/2020\/01\/dossiers_VM_RUTA_2-imatge-1024x724.jpg 1024w, https:\/\/www.madriu-perafita-claror.ad\/wp-content\/uploads\/2020\/01\/dossiers_VM_RUTA_2-imatge-768x543.jpg 768w, https:\/\/www.madriu-perafita-claror.ad\/wp-content\/uploads\/2020\/01\/dossiers_VM_RUTA_2-imatge-1536x1086.jpg 1536w, https:\/\/www.madriu-perafita-claror.ad\/wp-content\/uploads\/2020\/01\/dossiers_VM_RUTA_2-imatge-2048x1448.jpg 2048w\" sizes=\"(max-width: 300px) 100vw, 300px\" \/><\/a><\/p>\n<p>Dossier para acompa\u00f1ar al ni\u00f1@[\/vc_column_text][\/vc_column][vc_column width=\u00bb1\/3&#8243;][vc_column_text css=\u00bb\u00bb]<\/p>\n<h4 style=\"text-align: center;\">DOSSIER VALLE DEL MADRIU<br \/>\nPERAFITA-CLAROR<\/h4>\n<p style=\"text-align: center;\"><a href=\"https:\/\/www.madriu-perafita-claror.ad\/wp-content\/uploads\/2019\/06\/dossiers_VM_RUTA_3.pdf\" target=\"_blank\" rel=\"noopener\"><img class=\"aligncenter wp-image-37380 size-medium\" src=\"https:\/\/www.madriu-perafita-claror.ad\/wp-content\/uploads\/2020\/01\/dossiers_VM_RUTA_3-imatge-300x212.jpg\" alt=\"\" width=\"300\" height=\"212\" srcset=\"https:\/\/www.madriu-perafita-claror.ad\/wp-content\/uploads\/2020\/01\/dossiers_VM_RUTA_3-imatge-300x212.jpg 300w, https:\/\/www.madriu-perafita-claror.ad\/wp-content\/uploads\/2020\/01\/dossiers_VM_RUTA_3-imatge-scaled-600x424.jpg 600w, https:\/\/www.madriu-perafita-claror.ad\/wp-content\/uploads\/2020\/01\/dossiers_VM_RUTA_3-imatge-1024x724.jpg 1024w, https:\/\/www.madriu-perafita-claror.ad\/wp-content\/uploads\/2020\/01\/dossiers_VM_RUTA_3-imatge-768x543.jpg 768w, https:\/\/www.madriu-perafita-claror.ad\/wp-content\/uploads\/2020\/01\/dossiers_VM_RUTA_3-imatge-1536x1086.jpg 1536w, https:\/\/www.madriu-perafita-claror.ad\/wp-content\/uploads\/2020\/01\/dossiers_VM_RUTA_3-imatge-2048x1448.jpg 2048w\" sizes=\"(max-width: 300px) 100vw, 300px\" \/><\/a><\/p>\n<p>Dossier para acompa\u00f1ar al ni\u00f1@[\/vc_column_text][\/vc_column][\/vc_row]<\/p>\n<\/div>","protected":false},"excerpt":{"rendered":"<p>[vc_row][vc_column][vc_separator][vc_single_image image=\u00bb42901&#8243; img_size=\u00bbfull\u00bb css=\u00bb\u00bb][\/vc_column][\/vc_row][vc_row][vc_column][vc_column_text css=\u00bb\u00bb] Material DID\u00c1CTICO [\/vc_column_text][vc_column_text]\u00a1Desc\u00e1rgate aqui el material pensado especialmente por los m\u00e1s peque\u00f1os de la casa&#8230;<\/p>\n","protected":false},"author":1,"featured_media":0,"parent":0,"menu_order":0,"comment_status":"closed","ping_status":"closed","template":"","meta":{"_acf_changed":false,"footnotes":""},"class_list":["post-34931","page","type-page","status-publish"],"acf":[],"_links":{"self":[{"href":"https:\/\/www.madriu-perafita-claror.ad\/es\/wp-json\/wp\/v2\/pages\/34931","targetHints":{"allow":["GET"]}}],"collection":[{"href":"https:\/\/www.madriu-perafita-claror.ad\/es\/wp-json\/wp\/v2\/pages"}],"about":[{"href":"https:\/\/www.madriu-perafita-claror.ad\/es\/wp-json\/wp\/v2\/types\/page"}],"author":[{"embeddable":true,"href":"https:\/\/www.madriu-perafita-claror.ad\/es\/wp-json\/wp\/v2\/users\/1"}],"replies":[{"embeddable":true,"href":"https:\/\/www.madriu-perafita-claror.ad\/es\/wp-json\/wp\/v2\/comments?post=34931"}],"version-history":[{"count":2,"href":"https:\/\/www.madriu-perafita-claror.ad\/es\/wp-json\/wp\/v2\/pages\/34931\/revisions"}],"predecessor-version":[{"id":43266,"href":"https:\/\/www.madriu-perafita-claror.ad\/es\/wp-json\/wp\/v2\/pages\/34931\/revisions\/43266"}],"wp:attachment":[{"href":"https:\/\/www.madriu-perafita-claror.ad\/es\/wp-json\/wp\/v2\/media?parent=34931"}],"curies":[{"name":"wp","href":"https:\/\/api.w.org\/{rel}","templated":true}]}}