{"id":34954,"date":"2019-06-05T15:37:47","date_gmt":"2019-06-05T14:37:47","guid":{"rendered":"https:\/\/www.madriu-perafita-claror.ad\/marc-legal"},"modified":"2022-05-09T13:44:58","modified_gmt":"2022-05-09T12:44:58","slug":"marc-legal","status":"publish","type":"page","link":"https:\/\/www.madriu-perafita-claror.ad\/es\/marc-legal\/","title":{"rendered":"Marco legal"},"content":{"rendered":"<div class=\"wpb-content-wrapper\"><p>[vc_row][vc_column][vc_separator][vc_single_image image=\u00bb34465&#8243; img_size=\u00bbfull\u00bb][\/vc_column][\/vc_row][vc_row equal_height=\u00bbyes\u00bb disable_element=\u00bbyes\u00bb css=\u00bb.vc_custom_1553869245528{margin-top: -18px !important;margin-right: 0px !important;margin-bottom: 0px !important;margin-left: 0px !important;}\u00bb][vc_column width=\u00bb1\/2&#8243; css=\u00bb.vc_custom_1457788634484{margin-left: 0px !important;padding-bottom: 400px !important;background-image: url(https:\/\/www.madriu-perafita-claror.ad\/wp-content\/uploads\/2016\/03\/5-6.jpg?id=9893) !important;background-position: center !important;background-repeat: no-repeat !important;background-size: cover !important;}\u00bb][\/vc_column][vc_column width=\u00bb1\/2&#8243; css=\u00bb.vc_custom_1457788641047{margin-right: 0px !important;padding-bottom: 400px !important;background-image: url(https:\/\/www.madriu-perafita-claror.ad\/wp-content\/uploads\/2016\/03\/15.jpg?id=9913) !important;background-position: center !important;background-repeat: no-repeat !important;background-size: cover !important;}\u00bb][\/vc_column][\/vc_row][vc_row equal_height=\u00bbyes\u00bb disable_element=\u00bbyes\u00bb css=\u00bb.vc_custom_1553166057414{margin-right: 0px !important;margin-bottom: 0px !important;margin-left: 0px !important;}\u00bb][vc_column width=\u00bb1\/2&#8243; css=\u00bb.vc_custom_1457788029212{background-image: url(https:\/\/www.madriu-perafita-claror.ad\/wp-content\/uploads\/2016\/03\/1-18.jpg?id=11923) !important;background-position: center !important;background-repeat: no-repeat !important;background-size: cover !important;}\u00bb]<div class=\"clearboth\"><\/div><style>#thegem-divider-69d11e6fa800b {margin-top: 25px !important;}<\/style><div id=\"thegem-divider-69d11e6fa800b\" class=\"gem-divider  \" style=\"\" ><\/div><div class=\"centered-box\"><div class=\"gem-icon gem-icon-pack-material gem-icon-size-medium  gem-icon-shape-circle \"  style=\"border-color: rgba(135,123,228,0.34);border-color: rgba(84,79,135,0.18);opacity: 1;\"><div class=\"gem-icon-inner\" style=\"background-color: rgba(135,123,228,0.34);\"><span class=\"gem-icon-half-1\" style=\"color: #ffffff;\"><span class=\"back-angle\">&#xf398;<\/span><\/span><span class=\"gem-icon-half-2\" style=\"color: #ffffff;\"><span class=\"back-angle\">&#xf398;<\/span><\/span><\/div><\/div><\/div><div class=\"clearboth\"><\/div><style>#thegem-divider-69d11e6fa806f {margin-top: 25px !important;}<\/style><div id=\"thegem-divider-69d11e6fa806f\" class=\"gem-divider  \" style=\"\" ><\/div>[vc_column_text]<\/p>\n<div class=\"title-h4\" style=\"text-align: center;\"><span style=\"color: #ffffff;\">dolor ipsum<\/span><br \/>\n<span style=\"color: #ffffff;\">dolor sit amet<\/span><\/div>\n<p>[\/vc_column_text][vc_column_text]<\/p>\n<div style=\"text-align: center;\"><span style=\"color: #ffffff;\">Lorem ipsum dolor sit amet, consectetur adipisicing elit, sed do eiusmod tempor incididunt ut labore et dolore magna aliqua.<\/span><\/div>\n<p>[\/vc_column_text][\/vc_column][vc_column width=\u00bb1\/2&#8243; css=\u00bb.vc_custom_1457788645891{padding-top: 400px !important;background-image: url(https:\/\/www.madriu-perafita-claror.ad\/wp-content\/uploads\/2016\/03\/3-7.jpg?id=9889) !important;background-position: center !important;background-repeat: no-repeat !important;background-size: cover !important;}\u00bb][\/vc_column][\/vc_row][vc_row][vc_column][vc_column_text]<\/p>\n<h2><span style=\"color: #808080;\">MARC LEGAL<\/span><\/h2>\n<p>[\/vc_column_text][vc_column_text]<!--:ca--><\/p>\n<h4><b>DOCUMENTOS DE GESTI\u00d3N DEL VALLE DEL MADRIU-PERAFITA-CLAROR<\/b><\/h4>\n<p><span id=\"result_box\" class=\"\" lang=\"es\">El Plan de gesti\u00f3n\u00a0<span class=\"\">del valle del<\/span>\u00a0Madriu-Perafita-Claror, publicado en el BOPA el 28 de diciembre de 2011, da\u00a0<span class=\"\">el marco legislativo<\/span>\u00a0del territorio protegido. En \u00e9l se integran las normas y principios\u00a0<span class=\"\">de todas las leyes<\/span>, decretos o convenios los cuales los Comunes y \/ o el Estado Andorrano\u00a0<span class=\"\">deben respetar (documentos en catal\u00e1n)<\/span><\/span>:<\/p>\n<ul>\n<li><a href=\"https:\/\/www.bopa.ad\/bopa\/023080\/Documents\/742E6.pdf\">Plan de gesti\u00f3n del valle del Madriu -Perafita -Claror. <\/a><\/li>\n<\/ul>\n<p>Los siguientes documentos se han elaborado para responder al plan de gesti\u00f3n y, una vez aprobados, han entrado a formar parte:<\/p>\n<ul>\n<li>Art. 1.1: <a href=\"https:\/\/www.madriu-perafita-claror.ad\/wp-content\/uploads\/2022\/05\/190201-PLA-DE-CONSERVACIO\u0301-VMPC_v010219.pdf\" target=\"_blank\" rel=\"noopener\">Plan de Conservaci\u00f3n<\/a><\/li>\n<li>Art. 5.4: <a href=\"https:\/\/www.madriu-perafita-claror.ad\/wp-content\/uploads\/2019\/12\/121107-Pla-lluita-contra-incendis-i-prevencio%CC%81-de-riscos.pdf\" target=\"_blank\" rel=\"noopener noreferrer\">Plan de lucha contra incendios y prevenci\u00f3n de riesgos<\/a><\/li>\n<li>Art.7:\u00a0<a href=\"https:\/\/www.madriu-perafita-claror.ad\/wp-content\/uploads\/2019\/12\/Criteris_Madriu_0912_-M.Cultura_rev.pdf\" target=\"_blank\" rel=\"noopener noreferrer\">Rehabilitaci\u00f3n y restauraci\u00f3n de edificios o estructuras en el VMPC<\/a><\/li>\n<li>Art.12-13:<a href=\"https:\/\/www.madriu-perafita-claror.ad\/wp-content\/uploads\/2020\/01\/160503-MKTplanVMPC2016.pdf\" target=\"_blank\" rel=\"noopener noreferrer\">Plan \u00e1gil de m\u00e1rqueting tur\u00edstico<\/a><\/li>\n<li>Art.12.1:\u00a0<a href=\"https:\/\/www.madriu-perafita-claror.ad\/wp-content\/uploads\/2020\/01\/140429-Memo%CC%80ria-Zonificacio%CC%81-natural-i-cultural-de-l%E2%80%99espai.pdf\">Memoria Zonificacio\u0301n natural y cultural del espacio protegido del valle del Madriu-Perafita-Claror<\/a> (anexos: <a href=\"https:\/\/www.madriu-perafita-claror.ad\/wp-content\/uploads\/2020\/01\/Mapa-Elements-PC-1.pdf\">Mapa PC 1<\/a>,\u00a0<a href=\"https:\/\/www.madriu-perafita-claror.ad\/wp-content\/uploads\/2020\/01\/Mapa-elements-PC-2.pdf\">Mapa PC 2<\/a>,\u00a0<a href=\"https:\/\/www.madriu-perafita-claror.ad\/wp-content\/uploads\/2020\/01\/Mapa-elements-PC-3.pdf\">Mapa PC 3<\/a>,\u00a0<a href=\"https:\/\/www.madriu-perafita-claror.ad\/wp-content\/uploads\/2020\/01\/Mapa-elements-PC-4.pdf\">Mapa PC 4<\/a>,\u00a0<a href=\"https:\/\/www.madriu-perafita-claror.ad\/wp-content\/uploads\/2020\/01\/Mapa-elements-PC-5.pdf\">Mapa PC 5<\/a>,\u00a0<a href=\"https:\/\/www.madriu-perafita-claror.ad\/wp-content\/uploads\/2020\/01\/Mapa-elements-PC-6.pdf\">Mapa PC 6<\/a>,\u00a0<a href=\"https:\/\/www.madriu-perafita-claror.ad\/wp-content\/uploads\/2020\/01\/Mapa-1-Localitzacio%CC%81.pdf\">Mapa 1\u00a0<\/a>,\u00a0<a href=\"https:\/\/www.madriu-perafita-claror.ad\/wp-content\/uploads\/2020\/01\/Mapa-2-Forestal.pdf\">Mapa 2\u00a0<\/a>,\u00a0<a href=\"https:\/\/www.madriu-perafita-claror.ad\/wp-content\/uploads\/2020\/01\/Mapa-2.1-Forestal-Zonificacio%CC%81.pdf\">Mapa 2.1<\/a>,\u00a0<a href=\"https:\/\/www.madriu-perafita-claror.ad\/wp-content\/uploads\/2020\/01\/Mapa-3-Ha%CC%80bitats.pdf\">Mapa 3\u00a0<\/a>,\u00a0<a href=\"https:\/\/www.madriu-perafita-claror.ad\/wp-content\/uploads\/2020\/01\/Mapa-3.1-Ha%CC%80bitats-Zonificacio%CC%81.pdf\">Mapa 3.1<\/a>,\u00a0<a href=\"https:\/\/www.madriu-perafita-claror.ad\/wp-content\/uploads\/2020\/01\/Mapa-4-Intere%CC%80s-flori%CC%81stic-de-les-molleres.pdf\">Mapa 4\u00a0<\/a>,\u00a0<a href=\"https:\/\/www.madriu-perafita-claror.ad\/wp-content\/uploads\/2020\/01\/Mapa-4.1-Intere%CC%80s-flori%CC%81stic-de-les-molleres-Zonificacio%CC%81.pdf\">Mapa 4.1<\/a>,\u00a0<a href=\"https:\/\/www.madriu-perafita-claror.ad\/wp-content\/uploads\/2020\/01\/Mapa-5-Grups-de-vegetacio%CC%81-de-ribera.pdf\">Mapa 5<\/a>,\u00a0<a href=\"https:\/\/www.madriu-perafita-claror.ad\/wp-content\/uploads\/2020\/01\/Mapa-5.1-Grups-de-vegetacio%CC%81-de-ribera-Zonificacio%CC%81.pdf\">Mapa 5.1<\/a>,\u00a0<a href=\"https:\/\/www.madriu-perafita-claror.ad\/wp-content\/uploads\/2020\/01\/Mapa-6-Prese%CC%80ncia-del-Gall-de-bosc.pdf\">Mapa 6\u00a0<\/a>,\u00a0<a href=\"https:\/\/www.madriu-perafita-claror.ad\/wp-content\/uploads\/2020\/01\/Mapa-6.1-Prese%CC%80ncia-del-Gall-de-bosc-Zonificacio%CC%81.pdf\">Mapa 6.1\u00a0<\/a>,\u00a0<a href=\"https:\/\/www.madriu-perafita-claror.ad\/wp-content\/uploads\/2020\/01\/Mapa-7-Patrimoni-Cultural.pdf\">Mapa 7<\/a>,\u00a0<a href=\"https:\/\/www.madriu-perafita-claror.ad\/wp-content\/uploads\/2020\/01\/Mapa-7.1-Patrimoni-Cultural-Zonificacio%CC%81.pdf\">Mapa 7.1\u00a0<\/a>,\u00a0<a href=\"https:\/\/www.madriu-perafita-claror.ad\/wp-content\/uploads\/2020\/01\/Mapa-8-Zonificacio%CC%81.pdf\">Mapa 8 Zonificaci\u00f3<\/a>,\u00a0<a href=\"https:\/\/www.madriu-perafita-claror.ad\/wp-content\/uploads\/2020\/01\/Mapa-8-Zonificacio%CC%81-amb-camins.pdf\">Mapa 8 Zonificacio\u0301n con caminos<\/a>,\u00a0<a href=\"https:\/\/www.madriu-perafita-claror.ad\/wp-content\/uploads\/2020\/01\/Mapa-Zonificacio%CC%81-extracte-sector-till.lers_fotos.pdf\">Mapa Zonificacio\u0301n extracto sector tilos_fotos<\/a>,\u00a0<a href=\"https:\/\/www.madriu-perafita-claror.ad\/wp-content\/uploads\/2020\/01\/Mapa-Zonificacio%CC%81-extracte-sector-til%C2%B7lers.pdf\">Mapa Zonificacio\u0301n extracto sector tilos<\/a>,\u00a0<a href=\"https:\/\/www.madriu-perafita-claror.ad\/wp-content\/uploads\/2020\/01\/Zonificacio%CC%81-extracte-sector-til%C2%B7lers-amb-camins-en-primer-pla.pdf\">Zonificacio\u0301n extracto sector tilos con caminos<\/a>\u00a0)<\/li>\n<li>Art.12.1:\u00a0<a href=\"https:\/\/www.madriu-perafita-claror.ad\/wp-content\/uploads\/2020\/01\/190110-Memo-zonificacio%CC%81-props-privades_red.pdf\" target=\"_blank\" rel=\"noopener noreferrer\">Memoria de zonificacio\u0301n propiedades privadas<\/a> (anexos en via de validaci\u00f3n)<\/li>\n<li>Art.12.2:\u00a0<a href=\"https:\/\/www.madriu-perafita-claror.ad\/wp-content\/uploads\/2019\/12\/160201-CAPACITAT-DE-CARREGA-VALL-MADRIU-1.pdf\" target=\"_blank\" rel=\"attachment noopener wp-att-4816 noreferrer\">Capacidad de carga tur\u00edstica del Valle del Madriu-Perafita-Claror<\/a><\/li>\n<li>Art.12.1:\u00a0<a href=\"https:\/\/www.madriu-perafita-claror.ad\/wp-content\/uploads\/2020\/01\/180903-Pla%CC%80-du%CC%81s-pu%CC%81blic.pdf\" target=\"_blank\" rel=\"noopener noreferrer\">Plan de uso pu\u0301blico<\/a><\/li>\n<li>Art.14.2:\u00a0<a href=\"https:\/\/www.madriu-perafita-claror.ad\/wp-content\/uploads\/2019\/12\/Rapport-Madriu-final-30.10.13.pdf\" target=\"_blank\" rel=\"noopener noreferrer\">Informe experto UNESCO (en franc\u00e9s)<\/a><\/li>\n<\/ul>\n<p>[\/vc_column_text]<div class=\"clearboth\"><\/div><style>#thegem-divider-69d11e6fa8089 {margin-top: 40px !important;}<\/style><div id=\"thegem-divider-69d11e6fa8089\" class=\"gem-divider  \" style=\"\" ><\/div>[vc_column_text]<!--:ca--><\/p>\n<h4><b>LEYES Y DECRETOS RELACIONADOS CON EL VALLE DEL MADRIU-PERAFITA-CLAROR<\/b><\/h4>\n<ul>\n<li><a href=\"https:\/\/www.bopa.ad\/bopa\/017092\/Pagines\/40C36.aspx\">Decreto del 19-10-2005 de declaraci\u00f3n del valle del Madriu-Perafita-Claror, patrimonio mundial, como bien inmueble de inter\u00e9s cultural en la clasificaci\u00f3n de paisaje cultural.<\/a><\/li>\n<li><a href=\"https:\/\/www.bopa.ad\/bopa\/015055\/Pagines\/2F8D6.aspx\">Ley 9\/2003, del 12 de junio, del patrimonio cultural de Andorra.<\/a><\/li>\n<\/ul>\n<p>[\/vc_column_text][\/vc_column][\/vc_row]<\/p>\n<\/div>","protected":false},"excerpt":{"rendered":"<p>[vc_row][vc_column][vc_separator][vc_single_image image=\u00bb34465&#8243; img_size=\u00bbfull\u00bb][\/vc_column][\/vc_row][vc_row equal_height=\u00bbyes\u00bb disable_element=\u00bbyes\u00bb css=\u00bb.vc_custom_1553869245528{margin-top: -18px !important;margin-right: 0px !important;margin-bottom: 0px !important;margin-left: 0px !important;}\u00bb][vc_column width=\u00bb1\/2&#8243; css=\u00bb.vc_custom_1457788634484{margin-left: 0px !important;padding-bottom: 400px !important;background-image:&#8230;<\/p>\n","protected":false},"author":1,"featured_media":0,"parent":0,"menu_order":0,"comment_status":"closed","ping_status":"closed","template":"","meta":{"_acf_changed":false,"footnotes":""},"class_list":["post-34954","page","type-page","status-publish"],"acf":[],"_links":{"self":[{"href":"https:\/\/www.madriu-perafita-claror.ad\/es\/wp-json\/wp\/v2\/pages\/34954","targetHints":{"allow":["GET"]}}],"collection":[{"href":"https:\/\/www.madriu-perafita-claror.ad\/es\/wp-json\/wp\/v2\/pages"}],"about":[{"href":"https:\/\/www.madriu-perafita-claror.ad\/es\/wp-json\/wp\/v2\/types\/page"}],"author":[{"embeddable":true,"href":"https:\/\/www.madriu-perafita-claror.ad\/es\/wp-json\/wp\/v2\/users\/1"}],"replies":[{"embeddable":true,"href":"https:\/\/www.madriu-perafita-claror.ad\/es\/wp-json\/wp\/v2\/comments?post=34954"}],"version-history":[{"count":0,"href":"https:\/\/www.madriu-perafita-claror.ad\/es\/wp-json\/wp\/v2\/pages\/34954\/revisions"}],"wp:attachment":[{"href":"https:\/\/www.madriu-perafita-claror.ad\/es\/wp-json\/wp\/v2\/media?parent=34954"}],"curies":[{"name":"wp","href":"https:\/\/api.w.org\/{rel}","templated":true}]}}