{"id":34967,"date":"2019-05-14T14:35:55","date_gmt":"2019-05-14T13:35:55","guid":{"rendered":"https:\/\/www.madriu-perafita-claror.ad\/ruta-siderurgia"},"modified":"2025-12-10T12:43:49","modified_gmt":"2025-12-10T12:43:49","slug":"ruta-siderurgia","status":"publish","type":"page","link":"https:\/\/www.madriu-perafita-claror.ad\/es\/ruta-siderurgia\/","title":{"rendered":"Ruta de la siderurgia"},"content":{"rendered":"<div class=\"wpb-content-wrapper\"><p>[vc_row][vc_column][vc_separator][vc_single_image image=\u00bb34423&#8243; img_size=\u00bbfull\u00bb][\/vc_column][\/vc_row][vc_row][vc_column][vc_column_text css=\u00bb\u00bb]<\/p>\n<h2>RUTA DE LA SIDERURGIA<\/h2>\n<p>[\/vc_column_text][vc_column_text css=\u00bb\u00bb]El valle Madriu-Perafita-Claror se ha unido a la Ruta del Hierro de los Pirineos, una ruta transfronteriza del hierro en los Pirineos, que ha sido premiada por el Consejo de Europa.<\/p>\n<p>Los Pirineos son una regi\u00f3n rica en hierro con una larga tradici\u00f3n sider\u00fargica, que ha sido fuente de riqueza econ\u00f3mica. Los bosques, minas y edificios industriales resultantes de esta actividad econ\u00f3mica han dejado una profunda huella en el paisaje y en el tejido urbano de la regi\u00f3n pirenaica. La Ruta del Hierro de los Pirineos tiene como objetivo ofrecer al p\u00fablico las claves para comprender la historia del hierro, su producci\u00f3n y su elaboraci\u00f3n, a trav\u00e9s del estudio, la conservaci\u00f3n y la difusi\u00f3n de este patrimonio que incluye minas, hornos de carb\u00f3n, forjas, casas de trabajadores y contratistas, arquitectura del hierro y esculturas contempor\u00e1neas.<\/p>\n<p>La Ruta del Hierro re\u00fane alrededor de un itinerario com\u00fan varias \u00e1reas de cinco regiones vecinas: el Principado de Andorra, Catalu\u00f1a, el Pa\u00eds Vasco, Languedoc-Rosell\u00f3n y Aquitania.<\/p>\n<p><img class=\"size-thumbnail wp-image-44094 alignnone\" src=\"https:\/\/www.madriu-perafita-claror.ad\/wp-content\/uploads\/2025\/12\/Logo-Ruta-del-ferro-150x150.jpg\" alt=\"\" width=\"150\" height=\"150\" \/>Para m\u00e1s informaci\u00f3n: <a href=\"http:\/\/www.ironrouteinthepyrenees.com\">www.ironrouteinthepyrenees.com<\/a><\/p>\n<p>La ruta a trav\u00e9s del paisaje cultural del Valle Madriu-Perafita-Claror tiene una duraci\u00f3n aproximada de 6 horas, durante las cuales descubriremos los restos de algunos de los lugares donde la le\u00f1a se convert\u00eda en carb\u00f3n, las ruinas de la fragua que produc\u00eda el hierro, y los caminos trazados para dar una salida al metal que se distribu\u00eda en Catalu\u00f1a.<\/p>\n<p>Os pod\u00e9is descargar la ruta haciendo clic en el bot\u00f3n.[\/vc_column_text][vc_btn title=\u00bbItinerario ruta de la siderurgia\u00bb css=\u00bb\u00bb link=\u00bburl:https%3A%2F%2Fwww.madriu-perafita-claror.ad%2Fwp-content%2Fuploads%2F2025%2F06%2FguiaPetjadesVMPC_2025.pdf|target:_blank\u00bb][\/vc_column][\/vc_row]<\/p>\n<\/div>","protected":false},"excerpt":{"rendered":"<p>[vc_row][vc_column][vc_separator][vc_single_image image=\u00bb34423&#8243; img_size=\u00bbfull\u00bb][\/vc_column][\/vc_row][vc_row][vc_column][vc_column_text css=\u00bb\u00bb] RUTA DE LA SIDERURGIA [\/vc_column_text][vc_column_text css=\u00bb\u00bb]El valle Madriu-Perafita-Claror se ha unido a la Ruta del Hierro&#8230;<\/p>\n","protected":false},"author":1,"featured_media":0,"parent":0,"menu_order":0,"comment_status":"closed","ping_status":"closed","template":"","meta":{"_acf_changed":false,"footnotes":""},"class_list":["post-34967","page","type-page","status-publish"],"acf":[],"_links":{"self":[{"href":"https:\/\/www.madriu-perafita-claror.ad\/es\/wp-json\/wp\/v2\/pages\/34967","targetHints":{"allow":["GET"]}}],"collection":[{"href":"https:\/\/www.madriu-perafita-claror.ad\/es\/wp-json\/wp\/v2\/pages"}],"about":[{"href":"https:\/\/www.madriu-perafita-claror.ad\/es\/wp-json\/wp\/v2\/types\/page"}],"author":[{"embeddable":true,"href":"https:\/\/www.madriu-perafita-claror.ad\/es\/wp-json\/wp\/v2\/users\/1"}],"replies":[{"embeddable":true,"href":"https:\/\/www.madriu-perafita-claror.ad\/es\/wp-json\/wp\/v2\/comments?post=34967"}],"version-history":[{"count":0,"href":"https:\/\/www.madriu-perafita-claror.ad\/es\/wp-json\/wp\/v2\/pages\/34967\/revisions"}],"wp:attachment":[{"href":"https:\/\/www.madriu-perafita-claror.ad\/es\/wp-json\/wp\/v2\/media?parent=34967"}],"curies":[{"name":"wp","href":"https:\/\/api.w.org\/{rel}","templated":true}]}}