{"id":35003,"date":"2019-04-14T00:47:12","date_gmt":"2019-04-13T23:47:12","guid":{"rendered":"https:\/\/www.madriu-perafita-claror.ad\/normes-basiques-i-consells"},"modified":"2024-07-10T13:03:43","modified_gmt":"2024-07-10T12:03:43","slug":"normas-basicas-y-consejos","status":"publish","type":"page","link":"https:\/\/www.madriu-perafita-claror.ad\/es\/normas-basicas-y-consejos\/","title":{"rendered":"Normas b\u00e1sicas y consejos"},"content":{"rendered":"<div class=\"wpb-content-wrapper\"><p>[vc_row][vc_column][vc_separator][vc_single_image image=\u00bb34819&#8243; img_size=\u00bbfull\u00bb][\/vc_column][\/vc_row][vc_row][vc_column][vc_column_text css=\u00bb\u00bb]<\/p>\n<h2>normas b\u00e1sicas y consejos<\/h2>\n<p>[\/vc_column_text][vc_column_text]<\/p>\n<ul>\n<li>El acceso con veh\u00edculos motorizados\/rodados est\u00e1 prohibido.<\/li>\n<li>Es necesaria una autorizaci\u00f3n del Com\u00fa para acampar. En Andorra la Vella y Escaldes Engordany, la autorizaci\u00f3n s\u00f3lo es necesaria si hay m\u00e1s de 3 tiendas durante 2 noches. En Sant Juli\u00e0 de L\u00f2ria no se puede acampar en ning\u00fan caso.<\/li>\n<li>Se puede encender fuego de campamento cumpliendo las medidas espec\u00edficas del <a href=\"https:\/\/www.bopa.ad\/bopa\/028048\/Pagines\/GR20160818_12_36_48.aspx\"><em>Reglament regulador de les enceses de foc<\/em><\/a>. Para otros casos de encendido de fuego es necesario comunicarlo al Com\u00fa pertinente.<\/li>\n<li>La caza y la pesca est\u00e1n autorizadas en el valle, siempre con licencia\/permiso y siguiendo lo que marca la ley. Entre los meses de septiembre y febrero no salga de los caminos marcados y lleve ropa de colores vistosos.<\/li>\n<li>El valle cuenta con una extensa red de itinerarios a pie. Evite salir de los caminos se\u00f1alizados para no da\u00f1ar los ecosistemas de la zona.<\/li>\n<li>Parte del territorio del valle es de propiedad privada. Respetad-lo.<\/li>\n<li><span id=\"result_box\" class=\"\" lang=\"es\"><span class=\"\">Respete el<\/span> ganado <span class=\"\">que est\u00e1<\/span> <span class=\"alt-edited\">pastando en la<\/span> <span class=\"\">monta\u00f1a. No lo molesten, y si llevan perro, ll\u00e9venlo atado y controlado.<\/span><\/span><\/li>\n<\/ul>\n<p>[\/vc_column_text]<div class=\"gem-table gem-table-responsive gem-table-style-1\"><p><strong>Tel\u00e9fonos de inter\u00e9s:<\/strong><\/p>\n<table style=\"width: 50%;\">\n<thead><\/thead>\n<tbody>\n<tr>\n<td style=\"width: 6.45764%; text-align: center;\">Policia<\/td>\n<td style=\"width: 16.1268%; text-align: center;\">110<\/td>\n<\/tr>\n<tr>\n<td style=\"width: 6.45764%; text-align: center;\">Bomberos\/Ambulancia<\/td>\n<td style=\"width: 16.1268%; text-align: center;\">118<\/td>\n<\/tr>\n<tr>\n<td style=\"width: 6.45764%; text-align: center;\">Urgencias m\u00e9dicas<\/td>\n<td style=\"width: 16.1268%; text-align: center;\">116<\/td>\n<\/tr>\n<tr>\n<td style=\"width: 6.45764%; text-align: center;\">Rescate de monta\u00f1a<\/td>\n<td style=\"width: 16.1268%; text-align: center;\">112<\/td>\n<\/tr>\n<tr>\n<td style=\"width: 6.45764%; text-align: center;\">Agente forestal<\/td>\n<td style=\"width: 16.1268%; text-align: center;\">148<\/td>\n<\/tr>\n<\/tbody>\n<\/table>\n<\/div>[vc_message]Descargue el \u00ab<em>Manual de convivencia del turismo y el ganado en la monta\u00f1a<\/em>\u00bb\u00a0<a href=\"https:\/\/www.govern.ad\/agricultura\/item\/download\/795_03999181dcb0810d9e287657cacb647e\">aqu\u00ed<\/a>.[\/vc_message][\/vc_column][\/vc_row]<\/p>\n<\/div>","protected":false},"excerpt":{"rendered":"<p>[vc_row][vc_column][vc_separator][vc_single_image image=\u00bb34819&#8243; img_size=\u00bbfull\u00bb][\/vc_column][\/vc_row][vc_row][vc_column][vc_column_text css=\u00bb\u00bb] normas b\u00e1sicas y consejos [\/vc_column_text][vc_column_text] El acceso con veh\u00edculos motorizados\/rodados est\u00e1 prohibido. Es necesaria una autorizaci\u00f3n&#8230;<\/p>\n","protected":false},"author":1,"featured_media":0,"parent":0,"menu_order":0,"comment_status":"closed","ping_status":"closed","template":"","meta":{"_acf_changed":false,"footnotes":""},"class_list":["post-35003","page","type-page","status-publish"],"acf":[],"_links":{"self":[{"href":"https:\/\/www.madriu-perafita-claror.ad\/es\/wp-json\/wp\/v2\/pages\/35003","targetHints":{"allow":["GET"]}}],"collection":[{"href":"https:\/\/www.madriu-perafita-claror.ad\/es\/wp-json\/wp\/v2\/pages"}],"about":[{"href":"https:\/\/www.madriu-perafita-claror.ad\/es\/wp-json\/wp\/v2\/types\/page"}],"author":[{"embeddable":true,"href":"https:\/\/www.madriu-perafita-claror.ad\/es\/wp-json\/wp\/v2\/users\/1"}],"replies":[{"embeddable":true,"href":"https:\/\/www.madriu-perafita-claror.ad\/es\/wp-json\/wp\/v2\/comments?post=35003"}],"version-history":[{"count":0,"href":"https:\/\/www.madriu-perafita-claror.ad\/es\/wp-json\/wp\/v2\/pages\/35003\/revisions"}],"wp:attachment":[{"href":"https:\/\/www.madriu-perafita-claror.ad\/es\/wp-json\/wp\/v2\/media?parent=35003"}],"curies":[{"name":"wp","href":"https:\/\/api.w.org\/{rel}","templated":true}]}}