{"id":35029,"date":"2019-04-14T00:44:09","date_gmt":"2019-04-13T23:44:09","guid":{"rendered":"https:\/\/www.madriu-perafita-claror.ad\/empreses-activitats"},"modified":"2026-02-19T10:49:17","modified_gmt":"2026-02-19T10:49:17","slug":"empresas-actividades","status":"publish","type":"page","link":"https:\/\/www.madriu-perafita-claror.ad\/es\/empresas-actividades\/","title":{"rendered":"Empresas de actividades"},"content":{"rendered":"<div class=\"wpb-content-wrapper\"><p>[vc_row][vc_column][vc_separator][vc_single_image image=\u00bb34444&#8243; img_size=\u00bbfull\u00bb][\/vc_column][\/vc_row][vc_row][vc_column][vc_column_text css=\u00bb\u00bb]<\/p>\n<h2>INFORMACI\u00d3N DE INTER\u00c9S<\/h2>\n<h4>DIRECTORIO DE EMPRESAS DE SENDERISMO, ALPINISMO I V\u00cdAS FERRATAS<\/h4>\n<p>[\/vc_column_text][vc_column_text css=\u00bb\u00bb]<\/p>\n<table style=\"border-collapse: collapse; width: 99.6837%; height: 1596px;\" border=\"1\">\n<tbody>\n<tr style=\"height: 25px;\">\n<td style=\"width: 41.1052%; text-align: left; height: 25px;\"><strong>SENDERISMO GUIADO<\/strong><\/td>\n<td style=\"width: 32.1726%; text-align: center; height: 25px;\"><\/td>\n<td style=\"width: 26.6465%; text-align: center; height: 25px;\"><\/td>\n<\/tr>\n<tr style=\"height: 25px;\">\n<td style=\"width: 41.1052%; height: 25px; text-align: left;\">Esports Elit<\/td>\n<td style=\"width: 32.1726%; height: 25px; text-align: center;\">(+376) 330 720<\/td>\n<td style=\"width: 26.6465%; height: 25px; text-align: center;\">esportselit.com<\/td>\n<\/tr>\n<tr style=\"height: 25px;\">\n<td style=\"width: 41.1052%; height: 25px; text-align: left;\">Experi\u00e8ncia en Muntanya<\/td>\n<td style=\"width: 32.1726%; height: 25px; text-align: center;\">(+376) 847 888<\/td>\n<td style=\"width: 26.6465%; height: 25px; text-align: center;\">experienciamuntanya.com<\/td>\n<\/tr>\n<tr style=\"height: 25px;\">\n<td style=\"width: 41.1052%; height: 25px; text-align: left;\">Guies Muntanya Adictes<\/td>\n<td style=\"width: 32.1726%; height: 25px; text-align: center;\">(+376) 343 812<\/td>\n<td style=\"width: 26.6465%; height: 25px; text-align: center;\">guiesmt@andorra.ad<\/td>\n<\/tr>\n<tr style=\"height: 25px;\">\n<td style=\"width: 41.1052%; height: 25px; text-align: left;\">Andorra Mountain Guides<\/td>\n<td style=\"width: 32.1726%; height: 25px; text-align: center;\">(+376) 330 720<\/td>\n<td style=\"width: 26.6465%; height: 25px; text-align: center;\">Andorramountainguides.com<\/td>\n<\/tr>\n<tr style=\"height: 25px;\">\n<td style=\"width: 41.1052%; text-align: left; height: 25px;\">MTB Aventures<\/td>\n<td style=\"width: 32.1726%; text-align: center; height: 25px;\">(+376) 342 850<\/td>\n<td style=\"width: 26.6465%; text-align: center; height: 25px;\">mtbaventures.com<\/td>\n<\/tr>\n<tr style=\"height: 25px;\">\n<td style=\"width: 41.1052%; height: 25px; text-align: left;\">Andorramountainguides.com<\/td>\n<td style=\"width: 32.1726%; height: 25px; text-align: center;\"><\/td>\n<td style=\"width: 26.6465%; height: 25px; text-align: center;\"><\/td>\n<\/tr>\n<tr style=\"height: 25px;\">\n<td style=\"width: 41.1052%; height: 25px; text-align: left;\">Natura i Aventura<\/td>\n<td style=\"width: 32.1726%; height: 25px; text-align: center;\">(+376) 349 542<\/td>\n<td style=\"width: 26.6465%; height: 25px; text-align: center;\">naturaiaventura.ad<\/td>\n<\/tr>\n<tr style=\"height: 25px;\">\n<td style=\"width: 41.1052%; height: 25px; text-align: left;\">Pas a Pas<\/td>\n<td style=\"width: 32.1726%; height: 25px; text-align: center;\">(+376) 358 399<\/td>\n<td style=\"width: 26.6465%; height: 25px; text-align: center;\">trekking-andorra.com<\/td>\n<\/tr>\n<tr style=\"height: 25px;\">\n<td style=\"width: 41.1052%; height: 25px; text-align: left;\">Xplorand<\/td>\n<td style=\"width: 32.1726%; height: 25px; text-align: center;\">(+376) 377 029<\/td>\n<td style=\"width: 26.6465%; height: 25px; text-align: center;\">xplorand.com<\/td>\n<\/tr>\n<tr style=\"height: 25px;\">\n<td style=\"width: 41.1052%; text-align: left; height: 25px;\">100% Natura<\/td>\n<td style=\"width: 32.1726%; text-align: center; height: 25px;\">(+376) 345 705<\/td>\n<td style=\"width: 26.6465%; text-align: center; height: 25px;\">natura100ad@hotmail.com<\/td>\n<\/tr>\n<tr style=\"height: 25px;\">\n<td style=\"width: 41.1052%; height: 25px; text-align: left;\">Epic Andorra<\/td>\n<td style=\"width: 32.1726%; height: 25px; text-align: center;\"><\/td>\n<td style=\"width: 26.6465%; height: 25px; text-align: center;\">epicandorra.com<\/td>\n<\/tr>\n<tr style=\"height: 25px;\">\n<td style=\"width: 41.1052%; text-align: left; height: 25px;\">CM \u2013 Experience<\/td>\n<td style=\"width: 32.1726%; text-align: center; height: 25px;\">(+376) 355 131<\/td>\n<td style=\"width: 26.6465%; text-align: center; height: 25px;\">cm-experience.com<\/td>\n<\/tr>\n<tr style=\"height: 25px;\">\n<td style=\"width: 41.1052%; height: 25px; text-align: left;\">Bosc\u00faria<\/td>\n<td style=\"width: 32.1726%; height: 25px; text-align: center;\">(+376) 639 389<\/td>\n<td style=\"width: 26.6465%; height: 25px; text-align: center;\">info@boscuria.com<\/td>\n<\/tr>\n<tr style=\"height: 25px;\">\n<td style=\"width: 41.1052%; height: 25px; text-align: left;\"><\/td>\n<td style=\"width: 32.1726%; height: 25px; text-align: center;\"><\/td>\n<td style=\"width: 26.6465%; height: 25px; text-align: center;\"><\/td>\n<\/tr>\n<tr style=\"height: 25px;\">\n<td style=\"width: 41.1052%; height: 25px; text-align: left;\"><\/td>\n<td style=\"width: 32.1726%; height: 25px; text-align: center;\"><\/td>\n<td style=\"width: 26.6465%; height: 25px; text-align: center;\"><\/td>\n<\/tr>\n<tr style=\"height: 25px;\">\n<td style=\"width: 41.1052%; height: 25px; text-align: left;\"><strong>ALPINISMO<\/strong><\/td>\n<td style=\"width: 32.1726%; height: 25px; text-align: center;\"><\/td>\n<td style=\"width: 26.6465%; height: 25px; text-align: center;\"><\/td>\n<\/tr>\n<tr style=\"height: 25px;\">\n<td style=\"width: 41.1052%; text-align: left; height: 25px;\">Natura i Aventura<\/td>\n<td style=\"width: 32.1726%; text-align: center; height: 25px;\">(+376) 349 542<\/td>\n<td style=\"width: 26.6465%; text-align: center; height: 25px;\">naturaiaventura.ad<\/td>\n<\/tr>\n<tr style=\"height: 25px;\">\n<td style=\"width: 41.1052%; height: 25px; text-align: left;\">Epic Andorra<\/td>\n<td style=\"width: 32.1726%; height: 25px; text-align: center;\"><\/td>\n<td style=\"width: 26.6465%; height: 25px; text-align: center;\">epicandorra.com<\/td>\n<\/tr>\n<tr style=\"height: 25px;\">\n<td style=\"width: 41.1052%; height: 25px; text-align: left;\">Bosc\u00faria<\/td>\n<td style=\"width: 32.1726%; height: 25px; text-align: center;\">(+376) 639 389<\/td>\n<td style=\"width: 26.6465%; height: 25px; text-align: center;\">info@boscuria.com<\/td>\n<\/tr>\n<tr style=\"height: 25px;\">\n<td style=\"width: 41.1052%; height: 25px; text-align: left;\"><\/td>\n<td style=\"width: 32.1726%; height: 25px; text-align: center;\"><\/td>\n<td style=\"width: 26.6465%; height: 25px; text-align: center;\"><\/td>\n<\/tr>\n<tr style=\"height: 25px;\">\n<td style=\"width: 41.1052%; height: 25px; text-align: left;\"><\/td>\n<td style=\"width: 32.1726%; height: 25px; text-align: center;\"><\/td>\n<td style=\"width: 26.6465%; height: 25px; text-align: center;\"><\/td>\n<\/tr>\n<tr style=\"height: 25px;\">\n<td style=\"width: 41.1052%; height: 25px; text-align: left;\"><strong>VIA FERRATA<\/strong><\/td>\n<td style=\"width: 32.1726%; height: 25px; text-align: center;\"><\/td>\n<td style=\"width: 26.6465%; height: 25px; text-align: center;\"><\/td>\n<\/tr>\n<tr style=\"height: 25px;\">\n<td style=\"width: 41.1052%; text-align: left; height: 25px;\">Esports Elit<\/td>\n<td style=\"width: 32.1726%; text-align: center; height: 25px;\">(+376) 330 720<\/td>\n<td style=\"width: 26.6465%; text-align: center; height: 25px;\">esportselit.com<\/td>\n<\/tr>\n<tr style=\"height: 25px;\">\n<td style=\"width: 41.1052%; text-align: left; height: 25px;\">Experi\u00e8ncia en Muntanya<\/td>\n<td style=\"width: 32.1726%; text-align: center; height: 25px;\">(+376) 847 888<\/td>\n<td style=\"width: 26.6465%; text-align: center; height: 25px;\">experienciamuntanya.com<\/td>\n<\/tr>\n<tr style=\"height: 25px;\">\n<td style=\"width: 41.1052%; text-align: left; height: 25px;\">Guies Muntanya Adictes<\/td>\n<td style=\"width: 32.1726%; text-align: center; height: 25px;\">(+376) 343 812<\/td>\n<td style=\"width: 26.6465%; text-align: center; height: 25px;\"><a href=\"mailto:guiesmt@andorra.ad\">guiesmt@andorra.ad<\/a><\/td>\n<\/tr>\n<tr style=\"height: 25px;\">\n<td style=\"width: 41.1052%; text-align: left; height: 25px;\">Natura i Aventura<\/td>\n<td style=\"width: 32.1726%; text-align: center; height: 25px;\">(+376) 349 542<\/td>\n<td style=\"width: 26.6465%; text-align: center; height: 25px;\">naturaiaventura.ad<\/td>\n<\/tr>\n<tr style=\"height: 25px;\">\n<td style=\"width: 41.1052%; height: 25px; text-align: left;\">Pas a Pas<\/td>\n<td style=\"width: 32.1726%; height: 25px; text-align: center;\">(+376) 358 399<\/td>\n<td style=\"width: 26.6465%; height: 25px; text-align: center;\">trekking-andorra.com<\/td>\n<\/tr>\n<tr style=\"height: 25px;\">\n<td style=\"width: 41.1052%; height: 25px; text-align: left;\">Epic Andorra<\/td>\n<td style=\"width: 32.1726%; height: 25px; text-align: center;\"><\/td>\n<td style=\"width: 26.6465%; height: 25px; text-align: center;\">epicandorra.com<\/td>\n<\/tr>\n<tr style=\"height: 25px;\">\n<td style=\"width: 41.1052%; height: 25px; text-align: left;\">CM \u2013 Experience<\/td>\n<td style=\"width: 32.1726%; height: 25px; text-align: center;\">(+376) 355 131<\/td>\n<td style=\"width: 26.6465%; height: 25px; text-align: center;\">cm-experience.com<\/td>\n<\/tr>\n<tr style=\"height: 25px;\">\n<td style=\"width: 41.1052%; height: 25px; text-align: left;\">Bosc\u00faria<\/td>\n<td style=\"width: 32.1726%; height: 25px; text-align: center;\">(+376) 639 389<\/td>\n<td style=\"width: 26.6465%; height: 25px; text-align: center;\">info@boscuria.com<\/td>\n<\/tr>\n<tr style=\"height: 25px;\">\n<td style=\"width: 41.1052%; height: 25px; text-align: left;\"><\/td>\n<td style=\"width: 32.1726%; height: 25px; text-align: center;\"><\/td>\n<td style=\"width: 26.6465%; height: 25px; text-align: center;\"><\/td>\n<\/tr>\n<tr style=\"height: 25px;\">\n<td style=\"width: 41.1052%; height: 25px; text-align: left;\"><\/td>\n<td style=\"width: 32.1726%; height: 25px; text-align: center;\"><\/td>\n<td style=\"width: 26.6465%; height: 25px; text-align: center;\"><\/td>\n<\/tr>\n<tr style=\"height: 25px;\">\n<td style=\"width: 41.1052%; height: 25px; text-align: left;\"><strong>ESCALADA<\/strong><\/td>\n<td style=\"width: 32.1726%; height: 25px; text-align: center;\"><\/td>\n<td style=\"width: 26.6465%; height: 25px; text-align: center;\"><\/td>\n<\/tr>\n<tr style=\"height: 25px;\">\n<td style=\"width: 41.1052%; height: 25px; text-align: left;\">Guies Muntanya Adictes<\/td>\n<td style=\"width: 32.1726%; height: 25px; text-align: center;\">(+376) 343 812<\/td>\n<td style=\"width: 26.6465%; height: 25px; text-align: center;\">guiesmt@andorra.ad<\/td>\n<\/tr>\n<tr style=\"height: 25px;\">\n<td style=\"width: 41.1052%; height: 25px; text-align: left;\">Natura i Aventura<\/td>\n<td style=\"width: 32.1726%; height: 25px; text-align: center;\">(+376) 349 542<\/td>\n<td style=\"width: 26.6465%; height: 25px; text-align: center;\">naturaiaventura.ad<\/td>\n<\/tr>\n<tr style=\"height: 25px;\">\n<td style=\"width: 41.1052%; text-align: left; height: 25px;\">Pas a Pas<\/td>\n<td style=\"width: 32.1726%; text-align: center; height: 25px;\">(+376) 358 399<\/td>\n<td style=\"width: 26.6465%; text-align: center; height: 25px;\">trekking-andorra.com<\/td>\n<\/tr>\n<tr style=\"height: 25px;\">\n<td style=\"width: 41.1052%; text-align: left; height: 25px;\">Epic Andorra<\/td>\n<td style=\"width: 32.1726%; text-align: center; height: 25px;\"><\/td>\n<td style=\"width: 26.6465%; text-align: center; height: 25px;\">epicandorra.com<\/td>\n<\/tr>\n<tr style=\"height: 25px;\">\n<td style=\"width: 41.1052%; height: 25px; text-align: left;\">Bosc\u00faria<\/td>\n<td style=\"width: 32.1726%; height: 25px; text-align: center;\">(+376) 639 389<\/td>\n<td style=\"width: 26.6465%; height: 25px; text-align: center;\">info@boscuria.com<\/td>\n<\/tr>\n<tr style=\"height: 25px;\">\n<td style=\"width: 41.1052%; height: 25px; text-align: left;\"><\/td>\n<td style=\"width: 32.1726%; height: 25px; text-align: center;\"><\/td>\n<td style=\"width: 26.6465%; height: 25px; text-align: center;\"><\/td>\n<\/tr>\n<tr style=\"height: 25px;\">\n<td style=\"width: 41.1052%; height: 25px; text-align: left;\"><\/td>\n<td style=\"width: 32.1726%; height: 25px; text-align: center;\"><\/td>\n<td style=\"width: 26.6465%; height: 25px; text-align: center;\"><\/td>\n<\/tr>\n<tr style=\"height: 25px;\">\n<td style=\"width: 41.1052%; height: 25px; text-align: left;\"><strong>RAQUETAS<\/strong><\/td>\n<td style=\"width: 32.1726%; height: 25px; text-align: center;\"><\/td>\n<td style=\"width: 26.6465%; height: 25px; text-align: center;\"><\/td>\n<\/tr>\n<tr style=\"height: 25px;\">\n<td style=\"width: 41.1052%; height: 25px; text-align: left;\">Esports Elit<\/td>\n<td style=\"width: 32.1726%; height: 25px; text-align: center;\">(+376) 330 720<\/td>\n<td style=\"width: 26.6465%; height: 25px; text-align: center;\">esportselit.com<\/td>\n<\/tr>\n<tr style=\"height: 25px;\">\n<td style=\"width: 41.1052%; height: 25px; text-align: left;\">Experi\u00e8ncia en Muntanya<\/td>\n<td style=\"width: 32.1726%; height: 25px; text-align: center;\">(+376) 847 888<\/td>\n<td style=\"width: 26.6465%; height: 25px; text-align: center;\">experienciamuntanya.com<\/td>\n<\/tr>\n<tr style=\"height: 25px;\">\n<td style=\"width: 41.1052%; text-align: left; height: 25px;\">MTB aventures<\/td>\n<td style=\"width: 32.1726%; text-align: center; height: 25px;\">(+376) 342 850<\/td>\n<td style=\"width: 26.6465%; text-align: center; height: 25px;\">mtbaventures.com<\/td>\n<\/tr>\n<tr style=\"height: 25px;\">\n<td style=\"width: 41.1052%; height: 25px; text-align: left;\">Guies Muntanya Adictes<\/td>\n<td style=\"width: 32.1726%; height: 25px; text-align: center;\">(+376) 343 812<\/td>\n<td style=\"width: 26.6465%; height: 25px; text-align: center;\"><a href=\"mailto:guiesmt@andorra.ad\">guiesmt@andorra.ad<\/a><\/td>\n<\/tr>\n<tr style=\"height: 25px;\">\n<td style=\"width: 41.1052%; text-align: left; height: 25px;\">Natura i Aventura<\/td>\n<td style=\"width: 32.1726%; text-align: center; height: 25px;\">(+376) 349 542<\/td>\n<td style=\"width: 26.6465%; text-align: center; height: 25px;\">naturaiaventura.ad<\/td>\n<\/tr>\n<tr style=\"height: 25px;\">\n<td style=\"width: 41.1052%; text-align: left; height: 25px;\">Pas a Pas<\/td>\n<td style=\"width: 32.1726%; text-align: center; height: 25px;\">(+376) 358 399<\/td>\n<td style=\"width: 26.6465%; text-align: center; height: 25px;\">trekking-andorra.com<\/td>\n<\/tr>\n<tr style=\"height: 25px;\">\n<td style=\"width: 41.1052%; text-align: left; height: 25px;\">Xplorand<\/td>\n<td style=\"width: 32.1726%; text-align: center; height: 25px;\">(+376) 377 029<\/td>\n<td style=\"width: 26.6465%; text-align: center; height: 25px;\">wxplorand.com<\/td>\n<\/tr>\n<tr style=\"height: 25px;\">\n<td style=\"width: 41.1052%; height: 25px; text-align: left;\">100% Natura<\/td>\n<td style=\"width: 32.1726%; height: 25px; text-align: center;\">(+376) 345 705<\/td>\n<td style=\"width: 26.6465%; height: 25px; text-align: center;\"><a href=\"mailto:natura100and@hotmail.com\">natura100and@hotmail.com<\/a><\/td>\n<\/tr>\n<tr style=\"height: 25px;\">\n<td style=\"width: 41.1052%; text-align: left; height: 25px;\">CM \u2013 Experience<\/td>\n<td style=\"width: 32.1726%; text-align: center; height: 25px;\">(+376) 355 131<\/td>\n<td style=\"width: 26.6465%; text-align: center; height: 25px;\">cm-experience.com<\/td>\n<\/tr>\n<tr style=\"height: 25px;\">\n<td style=\"width: 41.1052%; height: 25px; text-align: left;\">Bosc\u00faria<\/td>\n<td style=\"width: 32.1726%; height: 25px; text-align: center;\">(+376) 639 389<\/td>\n<td style=\"width: 26.6465%; height: 25px; text-align: center;\">info@boscuria.com<\/td>\n<\/tr>\n<tr style=\"height: 25px;\">\n<td style=\"width: 41.1052%; height: 25px; text-align: left;\"><\/td>\n<td style=\"width: 32.1726%; height: 25px; text-align: center;\"><\/td>\n<td style=\"width: 26.6465%; height: 25px; text-align: center;\"><\/td>\n<\/tr>\n<tr style=\"height: 25px;\">\n<td style=\"width: 41.1052%; height: 25px; text-align: left;\"><\/td>\n<td style=\"width: 32.1726%; height: 25px; text-align: center;\"><\/td>\n<td style=\"width: 26.6465%; height: 25px; text-align: center;\"><\/td>\n<\/tr>\n<\/tbody>\n<\/table>\n<p>[\/vc_column_text][\/vc_column][\/vc_row]<\/p>\n<\/div>","protected":false},"excerpt":{"rendered":"<p>[vc_row][vc_column][vc_separator][vc_single_image image=\u00bb34444&#8243; img_size=\u00bbfull\u00bb][\/vc_column][\/vc_row][vc_row][vc_column][vc_column_text css=\u00bb\u00bb] INFORMACI\u00d3N DE INTER\u00c9S DIRECTORIO DE EMPRESAS DE SENDERISMO, ALPINISMO I V\u00cdAS FERRATAS [\/vc_column_text][vc_column_text css=\u00bb\u00bb] SENDERISMO GUIADO&#8230;<\/p>\n","protected":false},"author":1,"featured_media":0,"parent":0,"menu_order":0,"comment_status":"closed","ping_status":"closed","template":"","meta":{"_acf_changed":false,"footnotes":""},"class_list":["post-35029","page","type-page","status-publish"],"acf":[],"_links":{"self":[{"href":"https:\/\/www.madriu-perafita-claror.ad\/es\/wp-json\/wp\/v2\/pages\/35029","targetHints":{"allow":["GET"]}}],"collection":[{"href":"https:\/\/www.madriu-perafita-claror.ad\/es\/wp-json\/wp\/v2\/pages"}],"about":[{"href":"https:\/\/www.madriu-perafita-claror.ad\/es\/wp-json\/wp\/v2\/types\/page"}],"author":[{"embeddable":true,"href":"https:\/\/www.madriu-perafita-claror.ad\/es\/wp-json\/wp\/v2\/users\/1"}],"replies":[{"embeddable":true,"href":"https:\/\/www.madriu-perafita-claror.ad\/es\/wp-json\/wp\/v2\/comments?post=35029"}],"version-history":[{"count":0,"href":"https:\/\/www.madriu-perafita-claror.ad\/es\/wp-json\/wp\/v2\/pages\/35029\/revisions"}],"wp:attachment":[{"href":"https:\/\/www.madriu-perafita-claror.ad\/es\/wp-json\/wp\/v2\/media?parent=35029"}],"curies":[{"name":"wp","href":"https:\/\/api.w.org\/{rel}","templated":true}]}}