{"id":35074,"date":"2019-04-13T20:13:34","date_gmt":"2019-04-13T19:13:34","guid":{"rendered":"https:\/\/www.madriu-perafita-claror.ad\/esports-hivern"},"modified":"2025-11-27T12:35:05","modified_gmt":"2025-11-27T12:35:05","slug":"deportes-invernales","status":"publish","type":"page","link":"https:\/\/www.madriu-perafita-claror.ad\/es\/deportes-invernales\/","title":{"rendered":"Deportes invernales"},"content":{"rendered":"<div class=\"wpb-content-wrapper\"><p>[vc_row][vc_column][vc_separator][vc_single_image image=\u00bb34423&#8243; img_size=\u00bbfull\u00bb][\/vc_column][\/vc_row][vc_row][vc_column][vc_column_text css=\u00bb\u00bb]<\/p>\n<h2>DEPORTES INVERNALES<\/h2>\n<p>[\/vc_column_text][vc_column_text css=\u00bb\u00bb]<\/p>\n<p style=\"text-align: justify;\">El valle del Madriu-Perafita-Claror presenta un entorno inmejorable para la pr\u00e1ctica del esqu\u00ed de monta\u00f1a o los paseos con raquetas, pero son pr\u00e1cticas que no est\u00e1n libres de peligro, sobre todo en este valle, donde a\u00fan hay muchas zonas sin cobertura telef\u00f3nica..<\/p>\n<p style=\"text-align: justify;\">Aunque sean deportes al alcance de mucha gente, esto no quiere decir que sean sencillos, especialmente en el caso del esqu\u00ed de monta\u00f1a. Requieren un buen conocimiento del medio y de las t\u00e9cnicas b\u00e1sicas para poder practicarlos con seguridad y disfrutar de las incre\u00edbles sensaciones que ofrecen. El valle es un espacio de alta monta\u00f1a y la nieve puede esconder sorpresas desagradables. Adem\u00e1s de conocimientos de esqu\u00ed, hay que tener conocimientos elementales de monta\u00f1a: nociones b\u00e1sicas de orientaci\u00f3n, saber interpretar un mapa, meteorolog\u00eda, primeros auxilios, etc.<\/p>\n<p style=\"text-align: justify;\">El esqu\u00ed de monta\u00f1a no es un deporte exento de riesgos: se puede sufrir una ca\u00edda en el descenso, caer en zonas alpinas con inclinaciones pronunciadas, caer en un fuerte desnivel que la nieve ha escondido&#8230; Antes de planear una traves\u00eda con raquetas o con esqu\u00eds de monta\u00f1a por el valle, debemos conocer bien la zona y llevar un equipo adaptado para ello. Y sobre todo, hay que prestar particular atenci\u00f3n a los peligros naturales que puede presentar la monta\u00f1a, puesto que no est\u00e1n se\u00f1alizados. Se pueden producir aludes naturales o accidentales debido a d\u00e9biles sobrecargas (el paso de un animal, por ejemplo). De hecho, la zona situada entre R\u00e0mio y Fontverd es una zona especialmente activa en este sentido. Pero no es la \u00fanica. Es imprescindible consultar las condiciones meteorol\u00f3gicas y el bolet\u00edn de aludes antes de cada excursi\u00f3n. Se puede consultar en <a href=\"https:\/\/www.meteo.ad\/\" target=\"_blank\" rel=\"noopener noreferrer\">www.meteo.ad<\/a><\/p>\n<p><b><\/b><!--:-->[\/vc_column_text]<div class=\"clearboth\"><\/div><style>#thegem-divider-69e51fde6d20e {margin-top: 30px !important;}<\/style><div id=\"thegem-divider-69e51fde6d20e\" class=\"gem-divider   gem-divider-style-3\" style=\"\" ><\/div>[vc_message message_box_color=\u00bbalert-danger\u00bb icon_fontawesome=\u00bbfa fa-exclamation-triangle\u00bb]<strong>En todo caso, hay que recordar que el usuario est\u00e1 bajo su responsabilidad.<\/strong>[\/vc_message][\/vc_column][\/vc_row]<\/p>\n<\/div>","protected":false},"excerpt":{"rendered":"<p>[vc_row][vc_column][vc_separator][vc_single_image image=\u00bb34423&#8243; img_size=\u00bbfull\u00bb][\/vc_column][\/vc_row][vc_row][vc_column][vc_column_text css=\u00bb\u00bb] DEPORTES INVERNALES [\/vc_column_text][vc_column_text css=\u00bb\u00bb] El valle del Madriu-Perafita-Claror presenta un entorno inmejorable para la pr\u00e1ctica del&#8230;<\/p>\n","protected":false},"author":1,"featured_media":0,"parent":0,"menu_order":0,"comment_status":"closed","ping_status":"closed","template":"","meta":{"_acf_changed":false,"footnotes":""},"class_list":["post-35074","page","type-page","status-publish"],"acf":[],"_links":{"self":[{"href":"https:\/\/www.madriu-perafita-claror.ad\/es\/wp-json\/wp\/v2\/pages\/35074","targetHints":{"allow":["GET"]}}],"collection":[{"href":"https:\/\/www.madriu-perafita-claror.ad\/es\/wp-json\/wp\/v2\/pages"}],"about":[{"href":"https:\/\/www.madriu-perafita-claror.ad\/es\/wp-json\/wp\/v2\/types\/page"}],"author":[{"embeddable":true,"href":"https:\/\/www.madriu-perafita-claror.ad\/es\/wp-json\/wp\/v2\/users\/1"}],"replies":[{"embeddable":true,"href":"https:\/\/www.madriu-perafita-claror.ad\/es\/wp-json\/wp\/v2\/comments?post=35074"}],"version-history":[{"count":1,"href":"https:\/\/www.madriu-perafita-claror.ad\/es\/wp-json\/wp\/v2\/pages\/35074\/revisions"}],"predecessor-version":[{"id":43935,"href":"https:\/\/www.madriu-perafita-claror.ad\/es\/wp-json\/wp\/v2\/pages\/35074\/revisions\/43935"}],"wp:attachment":[{"href":"https:\/\/www.madriu-perafita-claror.ad\/es\/wp-json\/wp\/v2\/media?parent=35074"}],"curies":[{"name":"wp","href":"https:\/\/api.w.org\/{rel}","templated":true}]}}