{"id":35113,"date":"2019-04-13T08:13:59","date_gmt":"2019-04-13T07:13:59","guid":{"rendered":"https:\/\/www.madriu-perafita-claror.ad\/allotjament"},"modified":"2026-03-04T08:20:44","modified_gmt":"2026-03-04T08:20:44","slug":"refugios","status":"publish","type":"page","link":"https:\/\/www.madriu-perafita-claror.ad\/es\/refugios\/","title":{"rendered":"Refugios"},"content":{"rendered":"<div class=\"wpb-content-wrapper\"><p>[vc_row][vc_column][vc_separator][vc_single_image image=\u00bb34564&#8243; img_size=\u00bbfull\u00bb][\/vc_column][\/vc_row][vc_row][vc_column][vc_column_text css=\u00bb\u00bb]<\/p>\n<h2>REFUGIOS<\/h2>\n<p>[\/vc_column_text][vc_column_text]A d\u00eda de hoy el \u00fanico tipo de alojamiento que ofrece el valle es una amplia red de refugios, esparcidos tanto en el valle como en el per\u00edmetro de protecci\u00f3n.<\/p>\n<p>Esta red de refugios facilita la planificaci\u00f3n para salidas de un d\u00eda o de fin de semana, y para traves\u00edas o estancias de duraci\u00f3n m\u00e1s larga.<\/p>\n<p><strong>Es necesaria una autorizaci\u00f3n del Com\u00fa para acampar<\/strong>. En Andorra la Vella y Escaldes Engordany, la autorizaci\u00f3n s\u00f3lo es necesaria si hay m\u00e1s de 3 tiendas durante 2 noches. En Sant Juli\u00e0 de L\u00f2ria no se puede acampar en ning\u00fan caso.[\/vc_column_text][\/vc_column][\/vc_row][vc_row][vc_column width=\u00bb1\/2&#8243;][vc_column_text]<\/p>\n<h4><strong>REFUGIO DE FONTVERD<\/strong><\/h4>\n<p><img class=\"alignnone wp-image-31790 size-full\" src=\"https:\/\/www.madriu-perafita-claror.ad\/wp-content\/uploads\/2019\/07\/Refugi-de-Fontverd.jpg\" alt=\"\" width=\"560\" height=\"452\" \/><\/p>\n<p>Refugio no guardado, abierto todo el a\u00f1o y situado a 1.880 m. de altitud, al norte del pico de la Maiana y al sur de la cresta que une el pico de les Agols con la Tossa de Braibal. Tiene capacidad para unas catorce personas, chimenea, mesa y bancos. Agua cerca.[\/vc_column_text][\/vc_column][vc_column width=\u00bb1\/2&#8243;][vc_column_text]<\/p>\n<h4>REFUGIO DEL RIU DELS ORRIS<\/h4>\n<p><img class=\"alignnone wp-image-31791 size-full\" src=\"https:\/\/www.madriu-perafita-claror.ad\/wp-content\/uploads\/2019\/07\/Refugi-de-riu.jpg\" alt=\"\" width=\"560\" height=\"452\" \/><\/p>\n<p>Refugio no guardado, con chimenea, mesa, bancos y porche para la le\u00f1a. Para diez personas y abierto todo el a\u00f1o. Se encuentra a 2.230 m, a la orilla del r\u00edo de Els Orris, al sureste del pico del Pla de l\u2019Ingla y cerca de la caba\u00f1a de Setut.[\/vc_column_text][\/vc_column][\/vc_row][vc_row][vc_column width=\u00bb1\/3&#8243;][vc_column_text]<\/p>\n<h4>REFUGIO DE PERAFITA<\/h4>\n<p><img class=\"alignnone wp-image-31792 size-full\" src=\"https:\/\/www.madriu-perafita-claror.ad\/wp-content\/uploads\/2019\/07\/Refugi-de-altre.jpg\" alt=\"\" width=\"495\" height=\"400\" \/><\/p>\n<p>Refugio no guardado, con chimenea, mesa, bancos y porche para la le\u00f1a. Para diez personas y abierto todo el a\u00f1o. Se encuentra a 2.200 m, cerca del lago Estany de la Nou y al oeste de la Collada de La Maiana.[\/vc_column_text][\/vc_column][vc_column width=\u00bb1\/3&#8243;][vc_column_text]<\/p>\n<h4>REFUGIO DE CLAROR<\/h4>\n<p><img class=\"alignnone wp-image-31793 size-full\" src=\"https:\/\/www.madriu-perafita-claror.ad\/wp-content\/uploads\/2019\/07\/Refugi-de-claror.jpg\" alt=\"\" width=\"495\" height=\"400\" \/><\/p>\n<p>Refugio no guardado, abierto todo el a\u00f1o. Dispone de chimenea, mesa y bancos. Capacidad para veinte personas. Situado a 2.280 m, cerca de Basses Roges, en la vertiente norte del pico Pic Negre.[\/vc_column_text][\/vc_column][vc_column width=\u00bb1\/3&#8243;][vc_column_text]<\/p>\n<h4>REFUGIO DE L&#8217;ILLA<\/h4>\n<p><img class=\"alignnone wp-image-30656 size-full\" src=\"https:\/\/www.madriu-perafita-claror.ad\/wp-content\/uploads\/2019\/04\/Refugi-illa-guardat-Foto_Pol-Viladoms-1-495x400.jpg\" alt=\"\" width=\"495\" height=\"400\" \/><\/p>\n<p>Refugio guardado, abierto todo el a\u00f1o y situado a 2.488 m de altitud, a la orilla del lago Estany de l\u2019Illa y al sur de las crestas de Gargantillar y de los picos de Pessons y de R\u00edbuls. Tiene capacidad para unas sesenta personas, cincuenta en la parte guardada y diez en la parte libre.<\/p>\n<p>Para reservas o consultas pueden visitar la p\u00e1gina web:<em><a href=\"https:\/\/www.refugidelilla.ad\/\"> www.refugidelilla.ad<\/a>\u00a0<\/em>[\/vc_column_text][\/vc_column][\/vc_row][vc_row][vc_column][vc_separator color=\u00bbwhite\u00bb border_width=\u00bb10&#8243; css=\u00bb.vc_custom_1559060706531{padding-bottom: 10px !important;}\u00bb][\/vc_column][\/vc_row][vc_row][vc_column][vc_column_text css=\u00bb\u00bb]<\/p>\n<h3>DENTRO DE LA ZONA TAMP\u00d3N<\/h3>\n<p>[\/vc_column_text][\/vc_column][\/vc_row][vc_row][vc_column width=\u00bb1\/2&#8243;][vc_column_text]<\/p>\n<h4>REFUGIO DE PRAT PRIMER<\/h4>\n<p>Refugio no guardado y abierto todo el a\u00f1o, con capacidad para diez personas. Tiene chimenea, mesa, bancos y porche para la le\u00f1a. Situado a 2.235 m, al pie de la Collada de Prat Primer y al oeste del Coll Pa.[\/vc_column_text][\/vc_column][vc_column width=\u00bb1\/2&#8243;][vc_column_text]<\/p>\n<h4>REFUGIO D&#8217;ENSAGENTS<\/h4>\n<p>Refugio no guardado y abierto todo el a\u00f1o, con capacidad para catorce personas. Tiene chimenea, mesa y bancos. Situado a 2.425 m de altitud, entre los lagos de Ensagents y Moreno, al suroeste del alto del Griu y del pico de Ensagents. Servicio de agua cerca.[\/vc_column_text][\/vc_column][\/vc_row][vc_row][vc_column width=\u00bb1\/2&#8243;][vc_column_text]<\/p>\n<h4>REFUGIO DE MONTMAL\u00daS<\/h4>\n<p>Refugio no guardado abierto todo el a\u00f1o y situado a 2.445 m, a la orilla del lago Estany de Montmal\u00fas, en la vertiente sur del pico que tiene el mismo nombre. Capacidad para diez personas y dispone de chimenea, mesa y bancos.[\/vc_column_text][\/vc_column][vc_column width=\u00bb1\/2&#8243;][vc_column_text]<\/p>\n<h4>REFUGIO DE LES \u00c0GOLS<\/h4>\n<p>Refugio no guardado y abierto todo el a\u00f1o, con capacidad para diez personas. Dispone de chimenea, mesa y bancos. Se encuentra a 2.230 m de altitud, bajo el Cap de Montuell, a la derecha del r\u00edo de Les Agols. Servicio de agua cerca.[\/vc_column_text][\/vc_column][\/vc_row][vc_row][vc_column][vc_separator color=\u00bbwhite\u00bb border_width=\u00bb10&#8243; css=\u00bb.vc_custom_1559060706531{padding-bottom: 10px !important;}\u00bb][\/vc_column][\/vc_row][vc_row][vc_column width=\u00bb2\/3&#8243;][vc_column_text]<\/p>\n<p lang=\"es\"><em><img class=\"alignnone size-full wp-image-30654\" src=\"https:\/\/www.madriu-perafita-claror.ad\/wp-content\/uploads\/2019\/04\/mapa-refugis-andorra_VMPC.png\" alt=\"\" width=\"732\" height=\"621\" srcset=\"https:\/\/www.madriu-perafita-claror.ad\/wp-content\/uploads\/2019\/04\/mapa-refugis-andorra_VMPC.png 732w, https:\/\/www.madriu-perafita-claror.ad\/wp-content\/uploads\/2019\/04\/mapa-refugis-andorra_VMPC-600x509.png 600w, https:\/\/www.madriu-perafita-claror.ad\/wp-content\/uploads\/2019\/04\/mapa-refugis-andorra_VMPC-300x255.png 300w\" sizes=\"(max-width: 732px) 100vw, 732px\" \/><\/em><\/p>\n<p lang=\"es\"><em>(Font: Govern d&#8217;Andorra)<\/em><\/p>\n<p>[\/vc_column_text][\/vc_column][vc_column width=\u00bb1\/3&#8243;][vc_column_text]<\/p>\n<table style=\"border-collapse: collapse; width: 100%;\" border=\"1\">\n<tbody>\n<tr style=\"height: 25px;\">\n<td style=\"width: 44px; text-align: center; height: 25px;\"><\/td>\n<td style=\"width: 441px; height: 25px; text-align: left;\">\n<div class=\"small-body\">NOMBRE<\/div>\n<\/td>\n<td style=\"width: 97px; text-align: center; height: 25px;\">\n<div class=\"small-body\">CAMAS<\/div>\n<\/td>\n<\/tr>\n<tr style=\"height: 25px;\">\n<td style=\"width: 44px; height: 25px; text-align: center;\">\n<div class=\"small-body\">1<\/div>\n<\/td>\n<td style=\"width: 441px; height: 25px; text-align: left;\">\n<div class=\"small-body\">Refugi d&#8217;Angonella<\/div>\n<\/td>\n<td style=\"width: 97px; height: 25px; text-align: center;\">\n<div class=\"small-body\">6<\/div>\n<\/td>\n<\/tr>\n<tr style=\"height: 25px;\">\n<td style=\"width: 44px; height: 25px; text-align: center;\">\n<div class=\"small-body\">2<\/div>\n<\/td>\n<td style=\"width: 441px; height: 25px; text-align: left;\">\n<div class=\"small-body\">Refugi de Rialp<\/div>\n<\/td>\n<td style=\"width: 97px; height: 25px; text-align: center;\">\n<div class=\"small-body\">6-10<\/div>\n<\/td>\n<\/tr>\n<tr style=\"height: 25px;\">\n<td style=\"width: 44px; height: 25px; text-align: center;\">\n<div class=\"small-body\">3<\/div>\n<\/td>\n<td style=\"width: 441px; height: 25px; text-align: left;\">\n<div class=\"small-body\">Refugi Borda de Sorteny<\/div>\n<\/td>\n<td style=\"width: 97px; height: 25px; text-align: center;\">\n<div class=\"small-body\">30<\/div>\n<\/td>\n<\/tr>\n<tr style=\"height: 25px;\">\n<td style=\"width: 44px; height: 25px; text-align: center;\">\n<div class=\"small-body\">4<\/div>\n<\/td>\n<td style=\"width: 441px; height: 25px; text-align: left;\">\n<div class=\"small-body\">Refugi de Coma Obaga<\/div>\n<\/td>\n<td style=\"width: 97px; height: 25px; text-align: center;\">\n<div class=\"small-body\">6<\/div>\n<\/td>\n<\/tr>\n<tr style=\"height: 25px;\">\n<td style=\"width: 44px; height: 25px; text-align: center;\">\n<div class=\"small-body\">5<\/div>\n<\/td>\n<td style=\"width: 441px; height: 25px; text-align: left;\">\n<div class=\"small-body\">Cabanya de la Vall del Riu<\/div>\n<\/td>\n<td style=\"width: 97px; height: 25px; text-align: center;\">\n<div class=\"small-body\">6-10<\/div>\n<\/td>\n<\/tr>\n<tr style=\"height: 25px;\">\n<td style=\"width: 44px; height: 25px; text-align: center;\">\n<div class=\"small-body\">6<\/div>\n<\/td>\n<td style=\"width: 441px; height: 25px; text-align: left;\">\n<div class=\"small-body\">Cabanya de Coms de Jan<\/div>\n<\/td>\n<td style=\"width: 97px; height: 25px; text-align: center;\">\n<div class=\"small-body\">6-10<\/div>\n<\/td>\n<\/tr>\n<tr style=\"height: 25px;\">\n<td style=\"width: 44px; height: 25px; text-align: center;\">\n<div class=\"small-body\">7<\/div>\n<\/td>\n<td style=\"width: 441px; height: 25px; text-align: left;\">\n<div class=\"small-body\">Refugi de Cabana Sorda<\/div>\n<\/td>\n<td style=\"width: 97px; height: 25px; text-align: center;\">\n<div class=\"small-body\">6-10<\/div>\n<\/td>\n<\/tr>\n<tr style=\"height: 25px;\">\n<td style=\"width: 44px; height: 25px; text-align: center;\">\n<div class=\"small-body\">8<\/div>\n<\/td>\n<td style=\"width: 441px; height: 25px; text-align: left;\">\n<div class=\"small-body\">Refugi de Juclar<\/div>\n<\/td>\n<td style=\"width: 97px; height: 25px; text-align: center;\">\n<div class=\"small-body\">50<\/div>\n<\/td>\n<\/tr>\n<tr style=\"height: 25px;\">\n<td style=\"width: 44px; height: 25px; text-align: center;\">\n<div class=\"small-body\">9<\/div>\n<\/td>\n<td style=\"width: 441px; height: 25px; text-align: left;\">\n<div class=\"small-body\">Cabanya de Siscar\u00f3<\/div>\n<\/td>\n<td style=\"width: 97px; height: 25px; text-align: center;\">\n<div class=\"small-body\">10-40<\/div>\n<\/td>\n<\/tr>\n<tr style=\"height: 25px;\">\n<td style=\"width: 44px; text-align: center; height: 25px;\">\n<div class=\"small-body\">10<\/div>\n<\/td>\n<td style=\"width: 441px; height: 25px; text-align: left;\">\n<div class=\"small-body\">Cabanya de la Portella<\/div>\n<\/td>\n<td style=\"width: 97px; height: 25px; text-align: center;\">\n<div class=\"small-body\">6-10<\/div>\n<\/td>\n<\/tr>\n<tr style=\"height: 25px;\">\n<td style=\"width: 44px; height: 25px; text-align: center;\">\n<div class=\"small-body\">11<\/div>\n<\/td>\n<td style=\"width: 441px; height: 25px; text-align: left;\">\n<div class=\"small-body\">Refugi de la Riba Escorxada<\/div>\n<\/td>\n<td style=\"width: 97px; text-align: center; height: 25px;\">\n<div class=\"small-body\">6-10<\/div>\n<\/td>\n<\/tr>\n<tr style=\"height: 25px;\">\n<td style=\"width: 44px; height: 25px; text-align: center;\">\n<div class=\"small-body\">12<\/div>\n<\/td>\n<td style=\"width: 441px; height: 25px; text-align: left;\">\n<div class=\"small-body\">Refugi de Montmal\u00fas<\/div>\n<\/td>\n<td style=\"width: 97px; height: 25px; text-align: center;\">\n<div class=\"small-body\">8-16<\/div>\n<\/td>\n<\/tr>\n<tr style=\"height: 25px;\">\n<td style=\"width: 44px; height: 25px; text-align: center;\">\n<div class=\"small-body\">13<\/div>\n<\/td>\n<td style=\"width: 441px; height: 25px; text-align: left;\">\n<div class=\"small-body\">Refugi d&#8217;Ensagents<\/div>\n<\/td>\n<td style=\"width: 97px; height: 25px; text-align: center;\">\n<div class=\"small-body\">8-16<\/div>\n<\/td>\n<\/tr>\n<tr style=\"height: 25px;\">\n<td style=\"width: 44px; text-align: center; height: 25px;\">\n<div class=\"small-body\">14<\/div>\n<\/td>\n<td style=\"width: 441px; height: 25px; text-align: left;\">\n<div class=\"small-body\">Refugi de l&#8217;Illa<\/div>\n<\/td>\n<td style=\"width: 97px; height: 25px; text-align: center;\">\n<div class=\"small-body\">60 *<\/div>\n<\/td>\n<\/tr>\n<tr style=\"height: 25px;\">\n<td style=\"width: 44px; height: 25px; text-align: center;\">\n<div class=\"small-body\">15<\/div>\n<\/td>\n<td style=\"width: 441px; height: 25px; text-align: left;\">\n<div class=\"small-body\">Refugi Riu dels Orris<\/div>\n<\/td>\n<td style=\"width: 97px; height: 25px; text-align: center;\">\n<div class=\"small-body\">6-10<\/div>\n<\/td>\n<\/tr>\n<tr style=\"height: 25px;\">\n<td style=\"width: 44px; height: 25px; text-align: center;\">\n<div class=\"small-body\">16<\/div>\n<\/td>\n<td style=\"width: 441px; height: 25px; text-align: left;\">\n<div class=\"small-body\">Refugi de Les Agols<\/div>\n<\/td>\n<td style=\"width: 97px; height: 25px; text-align: center;\">\n<div class=\"small-body\">6-10<\/div>\n<\/td>\n<\/tr>\n<tr style=\"height: 25px;\">\n<td style=\"width: 44px; height: 25px; text-align: center;\">\n<div class=\"small-body\">17<\/div>\n<\/td>\n<td style=\"width: 441px; height: 25px; text-align: left;\">\n<div class=\"small-body\">Refugi de Font Verd<\/div>\n<\/td>\n<td style=\"width: 97px; height: 25px; text-align: center;\">\n<div class=\"small-body\">15-20<\/div>\n<\/td>\n<\/tr>\n<tr style=\"height: 25px;\">\n<td style=\"width: 44px; text-align: center; height: 25px;\">\n<div class=\"small-body\">18<\/div>\n<\/td>\n<td style=\"width: 441px; height: 25px; text-align: left;\">\n<div class=\"small-body\">Refugi de Perafita<\/div>\n<\/td>\n<td style=\"width: 97px; text-align: center; height: 25px;\">\n<div class=\"small-body\">6-10<\/div>\n<\/td>\n<\/tr>\n<tr style=\"height: 25px;\">\n<td style=\"width: 44px; height: 25px; text-align: center;\">\n<div class=\"small-body\">19<\/div>\n<\/td>\n<td style=\"width: 441px; height: 25px; text-align: left;\">\n<div class=\"small-body\">Refugi de Claror<\/div>\n<\/td>\n<td style=\"width: 97px; height: 25px; text-align: center;\">\n<div class=\"small-body\">15-20<\/div>\n<\/td>\n<\/tr>\n<tr style=\"height: 25px;\">\n<td style=\"width: 44px; height: 25px; text-align: center;\">\n<div class=\"small-body\">20<\/div>\n<\/td>\n<td style=\"width: 441px; height: 25px; text-align: left;\">\n<div class=\"small-body\">Refugi de Prat Primer<\/div>\n<\/td>\n<td style=\"width: 97px; height: 25px; text-align: center;\">\n<div class=\"small-body\">8-15<\/div>\n<\/td>\n<\/tr>\n<tr style=\"height: 25px;\">\n<td style=\"width: 44px; height: 25px; text-align: center;\">\n<div class=\"small-body\">21<\/div>\n<\/td>\n<td style=\"width: 441px; height: 25px; text-align: left;\">\n<div class=\"small-body\">Refugi de Roca de Pimes<\/div>\n<\/td>\n<td style=\"width: 97px; height: 25px; text-align: center;\">\n<div class=\"small-body\">6-10<\/div>\n<\/td>\n<\/tr>\n<tr style=\"height: 25px;\">\n<td style=\"width: 44px; text-align: center; height: 25px;\">\n<div class=\"small-body\">22<\/div>\n<\/td>\n<td style=\"width: 441px; height: 25px; text-align: left;\">\n<div class=\"small-body\">\u00a0Refugi de Francoli<\/div>\n<\/td>\n<td style=\"width: 97px; text-align: center; height: 25px;\">\n<div class=\"small-body\">\u00a06-10<\/div>\n<\/td>\n<\/tr>\n<tr style=\"height: 25px;\">\n<td style=\"width: 44px; height: 25px; text-align: center;\">\n<div class=\"small-body\">23<\/div>\n<\/td>\n<td style=\"width: 441px; height: 25px; text-align: left;\">\n<div class=\"small-body\">Refugi de Coma Pedrosa<\/div>\n<\/td>\n<td style=\"width: 97px; height: 25px; text-align: center;\">\n<div class=\"small-body\">60<\/div>\n<\/td>\n<\/tr>\n<tr style=\"height: 25px;\">\n<td style=\"width: 44px; height: 25px; text-align: center;\">\n<div class=\"small-body\">24<\/div>\n<\/td>\n<td style=\"width: 441px; height: 25px; text-align: left;\">\n<div class=\"small-body\">Refugi de les Fonts<\/div>\n<\/td>\n<td style=\"width: 97px; height: 25px; text-align: center;\">\n<div class=\"small-body\">6-10<\/div>\n<\/td>\n<\/tr>\n<tr style=\"height: 25px;\">\n<td style=\"width: 44px; height: 13px; text-align: center;\">\n<div class=\"small-body\">25<\/div>\n<\/td>\n<td style=\"width: 441px; height: 13px; text-align: left;\">\n<div class=\"small-body\">Refugi de Pla de l&#8217;Estany<\/div>\n<\/td>\n<td style=\"width: 97px; height: 13px; text-align: center;\">\n<div class=\"small-body\">6-10<\/div>\n<\/td>\n<\/tr>\n<\/tbody>\n<\/table>\n<p>&nbsp;<\/p>\n<p><span style=\"color: #000000;\">* De estas 60 plazas, 50 corresponden al refugio guardado y el resto al refugio libre.<\/span>[\/vc_column_text][\/vc_column][\/vc_row]<\/p>\n<\/div>","protected":false},"excerpt":{"rendered":"<p>[vc_row][vc_column][vc_separator][vc_single_image image=\u00bb34564&#8243; img_size=\u00bbfull\u00bb][\/vc_column][\/vc_row][vc_row][vc_column][vc_column_text css=\u00bb\u00bb] REFUGIOS [\/vc_column_text][vc_column_text]A d\u00eda de hoy el \u00fanico tipo de alojamiento que ofrece el valle es una&#8230;<\/p>\n","protected":false},"author":1,"featured_media":0,"parent":0,"menu_order":0,"comment_status":"closed","ping_status":"closed","template":"","meta":{"_acf_changed":false,"footnotes":""},"class_list":["post-35113","page","type-page","status-publish"],"acf":[],"_links":{"self":[{"href":"https:\/\/www.madriu-perafita-claror.ad\/es\/wp-json\/wp\/v2\/pages\/35113","targetHints":{"allow":["GET"]}}],"collection":[{"href":"https:\/\/www.madriu-perafita-claror.ad\/es\/wp-json\/wp\/v2\/pages"}],"about":[{"href":"https:\/\/www.madriu-perafita-claror.ad\/es\/wp-json\/wp\/v2\/types\/page"}],"author":[{"embeddable":true,"href":"https:\/\/www.madriu-perafita-claror.ad\/es\/wp-json\/wp\/v2\/users\/1"}],"replies":[{"embeddable":true,"href":"https:\/\/www.madriu-perafita-claror.ad\/es\/wp-json\/wp\/v2\/comments?post=35113"}],"version-history":[{"count":2,"href":"https:\/\/www.madriu-perafita-claror.ad\/es\/wp-json\/wp\/v2\/pages\/35113\/revisions"}],"predecessor-version":[{"id":44165,"href":"https:\/\/www.madriu-perafita-claror.ad\/es\/wp-json\/wp\/v2\/pages\/35113\/revisions\/44165"}],"wp:attachment":[{"href":"https:\/\/www.madriu-perafita-claror.ad\/es\/wp-json\/wp\/v2\/media?parent=35113"}],"curies":[{"name":"wp","href":"https:\/\/api.w.org\/{rel}","templated":true}]}}