{"id":35116,"date":"2019-04-13T07:13:37","date_gmt":"2019-04-13T06:13:37","guid":{"rendered":"https:\/\/www.madriu-perafita-claror.ad\/la-vall"},"modified":"2020-02-13T10:02:37","modified_gmt":"2020-02-13T10:02:37","slug":"la-vall","status":"publish","type":"page","link":"https:\/\/www.madriu-perafita-claror.ad\/es\/la-vall\/","title":{"rendered":"Destino: la VMPC"},"content":{"rendered":"<div class=\"wpb-content-wrapper\"><p>[vc_row][vc_column][vc_separator][vc_single_image image=\u00bb34462&#8243; img_size=\u00bbfull\u00bb][\/vc_column][\/vc_row][vc_row][vc_column][vc_column_text]<\/p>\n<h2><span style=\"color: #808080;\">el valle del madriu-perafita-claror: PATRIMONIO DE LA HUMANIDAD<\/span><\/h2>\n<p>[\/vc_column_text][vc_column_text]El valle del Madriu-Perafita-Claror fue declarado patrimonio de la humanidad por la UNESCO en 2004 atendiendo a su valor paisaj\u00edstico. La preservaci\u00f3n de un valle mayor en su totalidad es un hecho ins\u00f3lito, y el \u00fanico caso que se ha dado en los Pirineos.<\/p>\n<p>Est\u00e1 situado al sudeste de Andorra y ocupa una superficie de <strong>4.247 ha<\/strong>. Este territorio coincide con la cuenca hidrogr\u00e1fica del r\u00edo Madriu, <strong>representa cerca de un 10% de la superficie de Andorra<\/strong>, y se reparte entre terrenos de las parroquias de Encamp, Andorra la Vella, Sant Juli\u00e0 de L\u00f2ria y Escaldes-Engordany.En el entorno de este espacio se ha definido una zona perif\u00e9rica de protecci\u00f3n que tiene una superficie de<strong> 4.092 ha.<\/strong><\/p>\n<p>La suma de las superficies de la zona central m\u00e1s la zona perif\u00e9rica <strong>representa casi una quinta parte del territorio andorrano.<\/strong><\/p>\n<p>La <strong>propiedad<\/strong> de la tierra del valle del Madriu-Perafita-Claror es comunal aproximadamente en un 99% de su superficie. El resto, alrededor de un 1%, pertenece a casi una treintena de propietarios particulares, y cubre poco m\u00e1s de 42 ha. de terreno de fondo de valle, situado a la parroquia de Escaldes-Engordany.[\/vc_column_text][vc_separator][vc_column_text]<\/p>\n<h3>UNA OBRA CONJUNTA DEl HOMBRE Y LA NATURALEZA<\/h3>\n<p class=\"western\" style=\"text-align: justify;\">El valle del Madriu-Perafita-Claror es un paisaje cultural, una <strong>\u201cobra conjunta del hombre y de la naturaleza<\/strong>, que forma una unidad coherente por sus valores est\u00e9ticos, hist\u00f3ricos o culturales\u201d (Ley 9\/2003, del patrimonio cultural de Andorra).<\/p>\n<p class=\"western\" style=\"text-align: justify;\">El valle conserva muchos elementos, as\u00ed como las estructuras de explotaci\u00f3n, organizaci\u00f3n y gesti\u00f3n de los recursos naturales (bosques, pastos, bordas, caminos, agua&#8230;) que muestran la utilizaci\u00f3n y la evoluci\u00f3n de este territorio a lo largo de la historia. De gran valor identitario, el valle se ha convertido en un vivo testigo de la historia y de las formas de vida de un pa\u00eds rural de monta\u00f1a. Parajes de una extraordinaria belleza son fruto de la interacci\u00f3n del <strong>hombre con el medio.<\/strong><\/p>\n<p class=\"western\" style=\"text-align: justify;\">La presentaci\u00f3n de una candidatura para la inscripci\u00f3n en la Lista del patrimonio mundial de la UNESCO es una prerrogativa exclusiva de los estados parte de la Convenci\u00f3n del patrimonio mundial, firmada por Andorra en 1996. La candidatura del paisaje cultural del valle del Madriu-Perafita-Claror a la Lista del patrimonio mundial fue una iniciativa conjunta del Gobierno de Andorra, de los Comuns de Encamp, Andorra la Vella, Sant Juli\u00e0 de L\u00f2ria y Escaldes-Engordany, de la Comisi\u00f3n Nacional Andorrana para la UNESCO (CNAU) y del Comit\u00e9 Nacional Andorrano del ICOMOS, con la participaci\u00f3n de diversos actores con intereses en el valle, as\u00ed como con la de los colectivos que utilizan la zona.<\/p>\n<p class=\"western\" style=\"text-align: justify;\">La idea surgi\u00f3 del Comit\u00e9 Nacional Andorrano del ICOMOS y fue presentada por primera vez al Ministerio de Cultura en 2001. El 1 de julio de 2004 el Comit\u00e9 del Patrimonio Mundial, reunido en su 28\u00aa sesi\u00f3n, en Suzhou (China), aprob\u00f3 la inscripci\u00f3n del valle del Madriu-Perafita-Claror a la lista del Patrimonio Mundial, en la categor\u00eda de <strong>bienes culturales (paisaje cultural)<\/strong>. Actualmente, s\u00f3lo existen 113 paisajes culturales en todo el mundo.<\/p>\n<p class=\"western\" style=\"text-align: justify;\">La <strong>UNESCO<\/strong> es la organizaci\u00f3n de las Naciones Unidas para la Educaci\u00f3n, la Ciencia y la Cultura. Su objetivo principal es contribuir al mantenimiento de la paz y la seguridad en el mundo a trav\u00e9s de la educaci\u00f3n, la ciencia, la cultura y la comunicaci\u00f3n, y promover la colaboraci\u00f3n entre las Naciones, para garantizar el respeto universal por la justicia, los derechos humanos y las libertades fundamentales. La inscripci\u00f3n en la lista del Patrimonio Mundial consagra el valor universal excepcional de un bien cultural o natural para que sea protegido en beneficio de toda la humanidad.<\/p>\n<p>[\/vc_column_text][\/vc_column][\/vc_row]<\/p>\n<\/div>","protected":false},"excerpt":{"rendered":"<p>[vc_row][vc_column][vc_separator][vc_single_image image=\u00bb34462&#8243; img_size=\u00bbfull\u00bb][\/vc_column][\/vc_row][vc_row][vc_column][vc_column_text] el valle del madriu-perafita-claror: PATRIMONIO DE LA HUMANIDAD [\/vc_column_text][vc_column_text]El valle del Madriu-Perafita-Claror fue declarado patrimonio de la&#8230;<\/p>\n","protected":false},"author":1,"featured_media":0,"parent":0,"menu_order":0,"comment_status":"closed","ping_status":"closed","template":"","meta":{"_acf_changed":false,"footnotes":""},"class_list":["post-35116","page","type-page","status-publish"],"acf":[],"_links":{"self":[{"href":"https:\/\/www.madriu-perafita-claror.ad\/es\/wp-json\/wp\/v2\/pages\/35116","targetHints":{"allow":["GET"]}}],"collection":[{"href":"https:\/\/www.madriu-perafita-claror.ad\/es\/wp-json\/wp\/v2\/pages"}],"about":[{"href":"https:\/\/www.madriu-perafita-claror.ad\/es\/wp-json\/wp\/v2\/types\/page"}],"author":[{"embeddable":true,"href":"https:\/\/www.madriu-perafita-claror.ad\/es\/wp-json\/wp\/v2\/users\/1"}],"replies":[{"embeddable":true,"href":"https:\/\/www.madriu-perafita-claror.ad\/es\/wp-json\/wp\/v2\/comments?post=35116"}],"version-history":[{"count":0,"href":"https:\/\/www.madriu-perafita-claror.ad\/es\/wp-json\/wp\/v2\/pages\/35116\/revisions"}],"wp:attachment":[{"href":"https:\/\/www.madriu-perafita-claror.ad\/es\/wp-json\/wp\/v2\/media?parent=35116"}],"curies":[{"name":"wp","href":"https:\/\/api.w.org\/{rel}","templated":true}]}}