{"id":35126,"date":"2019-04-08T18:33:35","date_gmt":"2019-04-08T17:33:35","guid":{"rendered":"https:\/\/www.madriu-perafita-claror.ad\/itinerari-11"},"modified":"2024-02-26T11:00:49","modified_gmt":"2024-02-26T11:00:49","slug":"itinerario-11","status":"publish","type":"page","link":"https:\/\/www.madriu-perafita-claror.ad\/es\/itinerario-11\/","title":{"rendered":"Itinerario 11"},"content":{"rendered":"<div class=\"wpb-content-wrapper\"><p>[vc_row][vc_column][vc_column_text]<\/p>\n<h3 style=\"text-align: left;\"><img class=\"alignnone wp-image-31555 size-full\" src=\"https:\/\/www.madriu-perafita-claror.ad\/wp-content\/uploads\/2019\/06\/Itinerari-11.jpg\" alt=\"\" width=\"1500\" height=\"480\" srcset=\"https:\/\/www.madriu-perafita-claror.ad\/wp-content\/uploads\/2019\/06\/Itinerari-11.jpg 1500w, https:\/\/www.madriu-perafita-claror.ad\/wp-content\/uploads\/2019\/06\/Itinerari-11-600x192.jpg 600w, https:\/\/www.madriu-perafita-claror.ad\/wp-content\/uploads\/2019\/06\/Itinerari-11-300x96.jpg 300w, https:\/\/www.madriu-perafita-claror.ad\/wp-content\/uploads\/2019\/06\/Itinerari-11-768x246.jpg 768w, https:\/\/www.madriu-perafita-claror.ad\/wp-content\/uploads\/2019\/06\/Itinerari-11-1024x328.jpg 1024w\" sizes=\"(max-width: 1500px) 100vw, 1500px\" \/><\/h3>\n<h3 style=\"text-align: left;\">ITINERARIO 11: Los lagos del norte (traves\u00eda har\u00e1n falta dos veh\u00edculos)<\/h3>\n<p>[\/vc_column_text][\/vc_column][\/vc_row][vc_row][vc_column width=\u00bb1\/2&#8243;][vc_column_text]<img class=\"aligncenter size-full wp-image-8566\" src=\"https:\/\/www.madriu-perafita-claror.ad\/wp-content\/uploads\/Itinerari-11-Wikiloc.jpg\" alt=\"\" width=\"851\" height=\"452\" \/><\/p>\n<p><a href=\"https:\/\/es.wikiloc.com\/rutas-senderismo\/estanys-del-nord-23402977\">Aqu\u00ed encontrar\u00e1 el trazado aproximado, no es exacto, nada m\u00e1s es para dar una idea de la ruta<\/a>[\/vc_column_text][\/vc_column][vc_column width=\u00bb1\/2&#8243;][vc_column_text]<\/p>\n<h5 style=\"text-align: left;\">Dificuldad: IV \/ DESNIVEL: 1.012 M<\/h5>\n<p>Recorrido largo y completo, ideal para disfrutar de la gran cantidad de lagos que salpican los paisajes del valle. Adem\u00e1s, en estas zonas de alta monta\u00f1a, con un poco de suerte, podr\u00e1 observar la gran variedad de fauna en su h\u00e1bitat natural.<\/p>\n<p>No tiene dificultades t\u00e9cnicas ni pasajes complicados, pero hace falta un m\u00ednimo de experiencia y una condici\u00f3n f\u00edsica media.<\/p>\n<p><a href=\"https:\/\/www.google.ad\/maps\/@42.5279674,1.5952653,430m\/data=!3m1!1e3\">Carretera de les Pardines<\/a>\u00a0\/ Cam\u00ed de la Molina \/\u00a0<a href=\"https:\/\/www.google.ad\/maps\/@42.5183316,1.5953767,732a,20y,41.18t\/data=!3m1!1e3\">Bordes de la Molina<\/a>\u00a0\/ Cam\u00ed de la Molina \/ Cam\u00ed de les \u00c0gols pel Serrat de Codinet \/ Cam\u00ed de les \u00c0gols \/\u00a0<a href=\"https:\/\/www.google.ad\/maps\/@42.5052238,1.6085216,815a,20y,41.1t\/data=!3m1!1e3\">Refugi de les \u00c0gols<\/a>\u00a0\/\u00a0<a href=\"https:\/\/www.google.ad\/maps\/@42.4879366,1.6186413,1604a,20y,40.93t\/data=!3m1!1e3\">Cap de les \u00c0gols<\/a>\u00a0\/estany Blau \/ estany Forcat \/ cabana dels Estanys \/ estany de la Bova \/ refugi de l\u2019Illa \/ estany de l\u2019Illa \/ collada de Pessons \/ estany de Pessons \/ estany de Les Fonts \/ estany de Meligar \/ estany Rod\u00f3 \/ estany Primer \/ aparcament del Cubil Grau Roig.[\/vc_column_text][\/vc_column][\/vc_row][vc_row][vc_column][vc_btn title=\u00bbDesc\u00e1rgate aqu\u00ed el itinerario (pdf)\u00bb link=\u00bburl:https%3A%2F%2Fwww.madriu-perafita-claror.ad%2Fwp-content%2Fuploads%2F2024%2F02%2FItinerari-11-cast.pdf|target:_blank\u00bb][\/vc_column][\/vc_row]<\/p>\n<\/div>","protected":false},"excerpt":{"rendered":"<p>[vc_row][vc_column][vc_column_text] ITINERARIO 11: Los lagos del norte (traves\u00eda har\u00e1n falta dos veh\u00edculos) [\/vc_column_text][\/vc_column][\/vc_row][vc_row][vc_column width=\u00bb1\/2&#8243;][vc_column_text] Aqu\u00ed encontrar\u00e1 el trazado aproximado, no&#8230;<\/p>\n","protected":false},"author":1,"featured_media":0,"parent":0,"menu_order":0,"comment_status":"closed","ping_status":"closed","template":"","meta":{"_acf_changed":false,"footnotes":""},"class_list":["post-35126","page","type-page","status-publish"],"acf":[],"_links":{"self":[{"href":"https:\/\/www.madriu-perafita-claror.ad\/es\/wp-json\/wp\/v2\/pages\/35126","targetHints":{"allow":["GET"]}}],"collection":[{"href":"https:\/\/www.madriu-perafita-claror.ad\/es\/wp-json\/wp\/v2\/pages"}],"about":[{"href":"https:\/\/www.madriu-perafita-claror.ad\/es\/wp-json\/wp\/v2\/types\/page"}],"author":[{"embeddable":true,"href":"https:\/\/www.madriu-perafita-claror.ad\/es\/wp-json\/wp\/v2\/users\/1"}],"replies":[{"embeddable":true,"href":"https:\/\/www.madriu-perafita-claror.ad\/es\/wp-json\/wp\/v2\/comments?post=35126"}],"version-history":[{"count":0,"href":"https:\/\/www.madriu-perafita-claror.ad\/es\/wp-json\/wp\/v2\/pages\/35126\/revisions"}],"wp:attachment":[{"href":"https:\/\/www.madriu-perafita-claror.ad\/es\/wp-json\/wp\/v2\/media?parent=35126"}],"curies":[{"name":"wp","href":"https:\/\/api.w.org\/{rel}","templated":true}]}}