{"id":35129,"date":"2019-04-08T18:32:51","date_gmt":"2019-04-08T17:32:51","guid":{"rendered":"https:\/\/www.madriu-perafita-claror.ad\/itinerari-10"},"modified":"2024-02-26T10:59:06","modified_gmt":"2024-02-26T10:59:06","slug":"itinerario-10","status":"publish","type":"page","link":"https:\/\/www.madriu-perafita-claror.ad\/es\/itinerario-10\/","title":{"rendered":"Itinerario 10"},"content":{"rendered":"<div class=\"wpb-content-wrapper\"><p>[vc_row][vc_column][vc_column_text]<\/p>\n<h3 style=\"text-align: left;\"><img class=\"alignnone wp-image-31554 size-full\" src=\"https:\/\/www.madriu-perafita-claror.ad\/wp-content\/uploads\/2019\/06\/Itinerari-10.jpg\" alt=\"\" width=\"1500\" height=\"480\" \/><\/h3>\n<h3 style=\"text-align: left;\">ITINERARIO 10: Ensagents &#8211; lago de la Illa desde els cortals de Encamp (circular)<\/h3>\n<p>[\/vc_column_text][\/vc_column][\/vc_row][vc_row][vc_column width=\u00bb1\/2&#8243;][vc_column_text]<\/p>\n<h5 style=\"text-align: left;\"><img class=\"aligncenter wp-image-6611 size-full\" src=\"https:\/\/www.madriu-perafita-claror.ad\/wp-content\/uploads\/Perfil-itinerari-10.jpg\" alt=\"\" width=\"772\" height=\"354\" \/><\/h5>\n<p>[\/vc_column_text][\/vc_column][vc_column width=\u00bb1\/2&#8243;][vc_column_text]<img class=\"aligncenter size-full wp-image-8539\" src=\"https:\/\/www.madriu-perafita-claror.ad\/wp-content\/uploads\/Itinerari-10-Wikiloc.jpg\" alt=\"\" width=\"848\" height=\"448\" \/><\/p>\n<p><a href=\"https:\/\/es.wikiloc.com\/rutas-senderismo\/ensagents-estany-de-lilla-des-dels-cortals-dencamp-circular-23746028\">Aqu\u00ed encontrar\u00e1 el trazado aproximado, no es exacto, nada m\u00e1s es para dar una idea de la ruta<\/a>[\/vc_column_text][\/vc_column][\/vc_row][vc_row][vc_column][vc_column_text]<\/p>\n<h5 style=\"text-align: left;\">Dificuldad: IV \/ DESNIVEL: 1.062 M<\/h5>\n<p>Recorrido largo y completo. No tiene dificultades t\u00e9cnicas ni pasajes complicados, pero hace falta un m\u00ednimo de experiencia y una condici\u00f3n f\u00edsica media.<\/p>\n<p><a href=\"https:\/\/www.google.ad\/maps\/@42.534409,1.6139275,285m\/data=!3m1!1e3\">Km 6 de la carretera de els Cortals d\u2019Encamp\u00a0<\/a>\u00a0[Acceso por els Cortals d\u2019Encamp . Coger la carretera que sale de Encamp hacia els Cortals d\u2019Encamp . Aparcar en el km 6, cota 1700 m]\/ Camino de Ensagents \/\u00a0<a href=\"https:\/\/www.google.ad\/maps\/@42.5125636,1.6413366,665a,20y,41.09t\/data=!3m1!1e3\">Refugio de Ensagents<\/a>\u00a0\/ Camino del pic de Pessons (\/ Alternativamente se puede continuar por el camino de Ensagents hasta) \/\u00a0<a href=\"https:\/\/www.google.ad\/maps\/@42.5026596,1.6602461,788a,20y,41.01t\/data=!3m1!1e3\">\u00a0La Collada de Pessons\u00a0<\/a>\u00a0\/ Camino de la Collada de Pessons \u00a0GRP-GR7 \/ Lago de l\u2019Illa \u00a0+\u00a0<a href=\"https:\/\/www.google.ad\/maps\/@42.4860734,1.6572051,1298a,20y,40.97t\/data=!3m1!1e3\">refugio de l\u2019Illa\u00a0<\/a>\u00a0\/ Camino de la Muntanya GR7-GR11 (este tramo tambi\u00e9n es conocido como el Camino dels Estanys ) \/\u00a0<a href=\"https:\/\/www.madriu-perafita-claror.ad\/wp-content\/uploads\/Cabana-dels-estanys.jpg\">Caba\u00f1a dels Estanys\u00a0<\/a>\u00a0\/ Camino de la Muntanya GR7-GR11\/ Camino dels Forcats (de les \u00c0gols al Madriu) \u00a0\/\u00a0<a href=\"https:\/\/www.google.ad\/maps\/@42.4853459,1.6363183,1183a,20y,40.99t\/data=!3m1!1e3\">Lago Forcat<\/a>\u00a0\/ Lago \/ Camino dels Forcats \u00a0\/ Camino de les \u00c0gols \u00a0\/ Camino del Serrat de Montuell \u00a0\/ Camino de les \u00c0gols \u00a0\/\u00a0<a href=\"https:\/\/www.google.ad\/maps\/@42.5052238,1.6085216,815a,20y,41.1t\/data=!3m1!1e3\">Refugio de les \u00c0gols\u00a0<\/a>\u00a0\/ Camino de les \u00c0gols \u00a0\/ Camino de Montuell \/ Km 6 de la carretera de els Cortals de Encamp.[\/vc_column_text][\/vc_column][\/vc_row][vc_row][vc_column][vc_btn title=\u00bbDesc\u00e1rgate aqu\u00ed el itinerario (pdf)\u00bb link=\u00bburl:https%3A%2F%2Fwww.madriu-perafita-claror.ad%2Fwp-content%2Fuploads%2F2024%2F02%2FItinerari-10-cas.pdf|target:_blank\u00bb][\/vc_column][\/vc_row]<\/p>\n<\/div>","protected":false},"excerpt":{"rendered":"<p>[vc_row][vc_column][vc_column_text] ITINERARIO 10: Ensagents &#8211; lago de la Illa desde els cortals de Encamp (circular) [\/vc_column_text][\/vc_column][\/vc_row][vc_row][vc_column width=\u00bb1\/2&#8243;][vc_column_text] [\/vc_column_text][\/vc_column][vc_column width=\u00bb1\/2&#8243;][vc_column_text] Aqu\u00ed&#8230;<\/p>\n","protected":false},"author":1,"featured_media":0,"parent":0,"menu_order":0,"comment_status":"closed","ping_status":"closed","template":"","meta":{"_acf_changed":false,"footnotes":""},"class_list":["post-35129","page","type-page","status-publish"],"acf":[],"_links":{"self":[{"href":"https:\/\/www.madriu-perafita-claror.ad\/es\/wp-json\/wp\/v2\/pages\/35129","targetHints":{"allow":["GET"]}}],"collection":[{"href":"https:\/\/www.madriu-perafita-claror.ad\/es\/wp-json\/wp\/v2\/pages"}],"about":[{"href":"https:\/\/www.madriu-perafita-claror.ad\/es\/wp-json\/wp\/v2\/types\/page"}],"author":[{"embeddable":true,"href":"https:\/\/www.madriu-perafita-claror.ad\/es\/wp-json\/wp\/v2\/users\/1"}],"replies":[{"embeddable":true,"href":"https:\/\/www.madriu-perafita-claror.ad\/es\/wp-json\/wp\/v2\/comments?post=35129"}],"version-history":[{"count":0,"href":"https:\/\/www.madriu-perafita-claror.ad\/es\/wp-json\/wp\/v2\/pages\/35129\/revisions"}],"wp:attachment":[{"href":"https:\/\/www.madriu-perafita-claror.ad\/es\/wp-json\/wp\/v2\/media?parent=35129"}],"curies":[{"name":"wp","href":"https:\/\/api.w.org\/{rel}","templated":true}]}}