{"id":35152,"date":"2019-04-08T18:30:33","date_gmt":"2019-04-08T17:30:33","guid":{"rendered":"https:\/\/www.madriu-perafita-claror.ad\/itinerari-08"},"modified":"2024-02-26T10:49:56","modified_gmt":"2024-02-26T10:49:56","slug":"itinerario-08","status":"publish","type":"page","link":"https:\/\/www.madriu-perafita-claror.ad\/es\/itinerario-08\/","title":{"rendered":"Itinerario 08"},"content":{"rendered":"<div class=\"wpb-content-wrapper\"><p>[vc_row][vc_column][vc_column_text]<\/p>\n<h3 style=\"text-align: left;\"><img class=\"alignnone wp-image-31552 size-full\" src=\"https:\/\/www.madriu-perafita-claror.ad\/wp-content\/uploads\/2019\/06\/Itinerari-8.jpg\" alt=\"\" width=\"1500\" height=\"480\" srcset=\"https:\/\/www.madriu-perafita-claror.ad\/wp-content\/uploads\/2019\/06\/Itinerari-8.jpg 1500w, https:\/\/www.madriu-perafita-claror.ad\/wp-content\/uploads\/2019\/06\/Itinerari-8-600x192.jpg 600w\" sizes=\"(max-width: 1500px) 100vw, 1500px\" \/><\/h3>\n<h3 style=\"text-align: left;\">ITINERARIO 8:\u00a0Cumbre de Perafita desde el lago de la Pera (circular)<\/h3>\n<p>[\/vc_column_text][\/vc_column][\/vc_row][vc_row][vc_column width=\u00bb1\/2&#8243;][vc_column_text]<\/p>\n<h5 style=\"text-align: left;\"><img class=\"aligncenter wp-image-6600 size-full\" src=\"https:\/\/www.madriu-perafita-claror.ad\/wp-content\/uploads\/Perfil-itinerari-8.jpg\" alt=\"\" width=\"759\" height=\"358\" \/><\/h5>\n<p>[\/vc_column_text][\/vc_column][vc_column width=\u00bb1\/2&#8243;][vc_column_text]<img class=\"aligncenter size-full wp-image-8552\" src=\"https:\/\/www.madriu-perafita-claror.ad\/wp-content\/uploads\/Itinerari-8-Wikiloc.jpg\" alt=\"\" width=\"848\" height=\"456\" \/><\/p>\n<p><a href=\"https:\/\/es.wikiloc.com\/rutas-senderismo\/cim-de-perafita-des-de-lestany-de-la-pera-circular-23759638\">Aqu\u00ed encontrar\u00e1 el trazado aproximado, no es exacto, nada m\u00e1s es para dar una idea de la ruta<\/a>[\/vc_column_text][\/vc_column][\/vc_row][vc_row][vc_column][vc_column_text]<\/p>\n<h5>Dificultad<strong>: V \/ <\/strong><strong style=\"letter-spacing: 0.05em;\">DESNIVEL: 627 M<\/strong><\/h5>\n<p>Recorrido espectacular, exigente y con alg\u00fan paso complicado. Apto para personas acostumbradas a hacer alta monta\u00f1a. Excursionistas noveles, abstenerse.<\/p>\n<p><a href=\"https:\/\/www.google.ad\/maps\/@42.4409944,1.609797,709a,20y,41.13t\/data=!3m1!1e3\">Aparcamiento de les Pollineres \u00a0(CAT)<\/a>\u00a0[Acceso por la carretera que va de Lles de Cerdanya a Martinet, en direcci\u00f3n Aransa (Catalunya, Espa\u00f1a). Coger direcci\u00f3n a los lagos de la Pera \u00a0hasta llegar al aparcamiento de \u00a0las Pollineres ] \/\u00a0<a href=\"https:\/\/www.google.ad\/maps\/@42.4494524,1.5959205,862a,20y,41.08t\/data=!3m1!1e3\">Refugio de los lagos de \u00a0la Pera \u00a0(CAT)<\/a>\u00a0\/ GR11.10 \/ Camino del Port \u00a0GR11.10 \/\u00a0<a href=\"https:\/\/www.google.ad\/maps\/@42.4594086,1.5951432,632a,20y,41.08t\/data=!3m1!1e3\">\u00a0Port de Perafita\u00a0<\/a>\u00a0\/ Seguir la cresta pasando por el\u00a0<a href=\"https:\/\/www.google.ad\/maps\/@42.4468111,1.5848817,1453a,20y,40.95t\/data=!3m1!1e3\">Pico de Monturull<\/a>\u00a0+\u00a0<a href=\"https:\/\/www.google.ad\/maps\/@42.442596,1.5800865,1296a,20y,40.99t\/data=!3m1!1e3\">\u00a0Collada dels Clots de la Tora \u00a0+ \u00a0Torre dels Soldats\u00a0<\/a>\u00a0\/\u00a0<a href=\"https:\/\/www.google.ad\/maps\/@42.4506803,1.5635755,956a,20y,41.02t\/data=!3m1!1e3\">\u00a0Port Negre\u00a0<\/a>\u00a0\/ El camino del Port Negre \u00a0GRP \/\u00a0<a href=\"https:\/\/www.google.ad\/maps\/@42.464113,1.5633089,720a,20y,41.11t\/data=!3m1!1e3\">Refugio de Claror<\/a>\u00a0\/ Camino de l\u2019estany de la Nou \u00a0GRP \/<a href=\"https:\/\/www.google.ad\/maps\/@42.4741466,1.5777577,688a,20y,41.12t\/data=!3m1!1e3\">Refugio de Perafita<\/a>\u00a0\/ Camino de \u00a0la Collada de la Maiana \u00a0GRP \/\u00a0<a href=\"https:\/\/www.google.ad\/maps\/@42.4752716,1.6001216,760a,20y,41.05t\/data=!3m1!1e3\">Pico de \u00a0la Maiana\u00a0<\/a>\u00a0\/\u00a0<a href=\"https:\/\/www.google.ad\/maps\/@42.4731183,1.6005434,905a,20y,41.05t\/data=!3m1!1e3\">\u00a0La Collada de la Maiana\u00a0<\/a>\u00a0\/\u00a0<a href=\"https:\/\/www.google.ad\/maps\/@42.4585867,1.5967426,2206a,20y,40.86t\/data=!3m1!1e3\">\u00a0Coll de Vista \u00a0+ \u00a0Tosa Plana\u00a0<\/a>\u00a0\/ Coll Vista \/ Seguir la cresta hasta el Port de Perafita \u00a0\/ Refugio de los lagos de la Pera \u00a0(CAT) \/ Aparcamiento de les Pollineres \u00a0(CAT).[\/vc_column_text][\/vc_column][\/vc_row][vc_row][vc_column][vc_btn title=\u00bbDescarga aqu\u00ed el itinerario (pdf)\u00bb link=\u00bburl:https%3A%2F%2Fwww.madriu-perafita-claror.ad%2Fwp-content%2Fuploads%2F2024%2F02%2FItinerari-8-cas-1.pdf|target:_blank\u00bb][\/vc_column][\/vc_row]<\/p>\n<\/div>","protected":false},"excerpt":{"rendered":"<p>[vc_row][vc_column][vc_column_text] ITINERARIO 8:\u00a0Cumbre de Perafita desde el lago de la Pera (circular) [\/vc_column_text][\/vc_column][\/vc_row][vc_row][vc_column width=\u00bb1\/2&#8243;][vc_column_text] [\/vc_column_text][\/vc_column][vc_column width=\u00bb1\/2&#8243;][vc_column_text] Aqu\u00ed encontrar\u00e1 el trazado&#8230;<\/p>\n","protected":false},"author":1,"featured_media":0,"parent":0,"menu_order":0,"comment_status":"closed","ping_status":"closed","template":"","meta":{"_acf_changed":false,"footnotes":""},"class_list":["post-35152","page","type-page","status-publish"],"acf":[],"_links":{"self":[{"href":"https:\/\/www.madriu-perafita-claror.ad\/es\/wp-json\/wp\/v2\/pages\/35152","targetHints":{"allow":["GET"]}}],"collection":[{"href":"https:\/\/www.madriu-perafita-claror.ad\/es\/wp-json\/wp\/v2\/pages"}],"about":[{"href":"https:\/\/www.madriu-perafita-claror.ad\/es\/wp-json\/wp\/v2\/types\/page"}],"author":[{"embeddable":true,"href":"https:\/\/www.madriu-perafita-claror.ad\/es\/wp-json\/wp\/v2\/users\/1"}],"replies":[{"embeddable":true,"href":"https:\/\/www.madriu-perafita-claror.ad\/es\/wp-json\/wp\/v2\/comments?post=35152"}],"version-history":[{"count":0,"href":"https:\/\/www.madriu-perafita-claror.ad\/es\/wp-json\/wp\/v2\/pages\/35152\/revisions"}],"wp:attachment":[{"href":"https:\/\/www.madriu-perafita-claror.ad\/es\/wp-json\/wp\/v2\/media?parent=35152"}],"curies":[{"name":"wp","href":"https:\/\/api.w.org\/{rel}","templated":true}]}}