{"id":35159,"date":"2019-04-08T18:29:47","date_gmt":"2019-04-08T17:29:47","guid":{"rendered":"https:\/\/www.madriu-perafita-claror.ad\/itinerari-07"},"modified":"2024-02-26T10:48:40","modified_gmt":"2024-02-26T10:48:40","slug":"itinerario-07","status":"publish","type":"page","link":"https:\/\/www.madriu-perafita-claror.ad\/es\/itinerario-07\/","title":{"rendered":"Itinerario 07"},"content":{"rendered":"<div class=\"wpb-content-wrapper\"><p>[vc_row][vc_column][vc_column_text]<\/p>\n<h3 style=\"text-align: left;\"><img class=\"alignnone size-full wp-image-31560\" src=\"https:\/\/www.madriu-perafita-claror.ad\/wp-content\/uploads\/2019\/06\/Itinerari-7-Foto-Ramon-Tena.jpg\" alt=\"\" width=\"1500\" height=\"480\" srcset=\"https:\/\/www.madriu-perafita-claror.ad\/wp-content\/uploads\/2019\/06\/Itinerari-7-Foto-Ramon-Tena.jpg 1500w, https:\/\/www.madriu-perafita-claror.ad\/wp-content\/uploads\/2019\/06\/Itinerari-7-Foto-Ramon-Tena-600x192.jpg 600w, https:\/\/www.madriu-perafita-claror.ad\/wp-content\/uploads\/2019\/06\/Itinerari-7-Foto-Ramon-Tena-300x96.jpg 300w, https:\/\/www.madriu-perafita-claror.ad\/wp-content\/uploads\/2019\/06\/Itinerari-7-Foto-Ramon-Tena-768x246.jpg 768w, https:\/\/www.madriu-perafita-claror.ad\/wp-content\/uploads\/2019\/06\/Itinerari-7-Foto-Ramon-Tena-1024x328.jpg 1024w\" sizes=\"(max-width: 1500px) 100vw, 1500px\" \/><\/h3>\n<h3 style=\"text-align: left;\">ITINERARIO 7:\u00a0La tosa del Braibal y lago Blau (circular)<\/h3>\n<p>[\/vc_column_text][\/vc_column][\/vc_row][vc_row][vc_column width=\u00bb1\/2&#8243;][vc_column_text]<\/p>\n<h3 style=\"text-align: center;\"><img class=\"aligncenter wp-image-6596 size-full\" src=\"https:\/\/www.madriu-perafita-claror.ad\/wp-content\/uploads\/Perfil-itinerari-7.jpg\" alt=\"\" width=\"694\" height=\"354\" \/><\/h3>\n<p>[\/vc_column_text][\/vc_column][vc_column width=\u00bb1\/2&#8243;][vc_column_text]<img class=\"aligncenter size-full wp-image-8523\" src=\"https:\/\/www.madriu-perafita-claror.ad\/wp-content\/uploads\/Itinerari-7-Wikiloc.jpg\" alt=\"\" width=\"848\" height=\"451\" \/><\/p>\n<p><a href=\"https:\/\/es.wikiloc.com\/rutas-senderismo\/la-tossa-del-braibal-i-estany-blau-circular-23513802\">Aqu\u00ed encontrar\u00e1 el trazado aproximado, no es exacto, nada m\u00e1s es para dar una idea de la ruta<\/a>[\/vc_column_text][\/vc_column][\/vc_row][vc_row][vc_column][vc_column_text]<\/p>\n<h5>Dificultad: IV \/ DESNIVEL: 1.025 M<\/h5>\n<p>Recorrido sensacional, magnifico, completo y un poco exigente, donde se recomienda cierta experiencia y buena condici\u00f3n f\u00edsica.<\/p>\n<p><a href=\"https:\/\/www.google.ad\/maps\/@42.5042783,1.5636913,735a,20y,41.23t\/data=!3m1!1e3\">Aparcamiento ( Font de la Closa )<\/a>\u00a0[Acceso por la carretera de Engolasters. Coger el primer desv\u00edo a la izquierda despu\u00e9s de la ermita de \u00a0Sant Miquel d\u2019Engolasters . Aparcamiento \u00a0Font de la Closa ] \/ Camino de Coll Jovell \/\u00a0<a class=\"lightbox-added\" href=\"https:\/\/www.madriu-perafita-claror.ad\/wp-content\/uploads\/vista-des-de-coll-jovell.jpg\">\u00a0Coll Jovell\u00a0<\/a>\u00a0\/ Camino de la Tosa de Braibal \u00a0\/\u00a0<a href=\"https:\/\/www.google.ad\/maps\/@42.4959378,1.5957873,933a,20y,41.02t\/data=!3m1!1e3\">\u00a0La Tosa of Braibal\u00a0<\/a>\u00a0\/\u00a0<a href=\"https:\/\/www.google.ad\/maps\/@42.4838906,1.6203126,1917a,20y,40.51t\/data=!3m1!1e3\">Lago Blau<\/a>\u00a0\/ Camino del lago Blau \/ Camino de \u00a0la Muntanya \u00a0GR7-GR11 \/\u00a0<a href=\"https:\/\/www.google.ad\/maps\/@42.4861787,1.5935816,745a,20y,41.17t\/data=!3m1!1e3\">Refugio de Fontverd<\/a>\u00a0+ caba\u00f1as a Fontverd \/ Camino del Sol\u00e0 de R\u00e0mio \u00a0\/ \u00a0Coll Jovell \u00a0\/ Camino de \u00a0Coll Jovell \u00a0\/ Aparcamiento ( Font de la Closa ) .<\/p>\n<h6>(Foto: Ramon Tena)<\/h6>\n<p>[\/vc_column_text][\/vc_column][\/vc_row][vc_row][vc_column][vc_btn title=\u00bbDescarga aqu\u00ed el itinerario (pdf)\u00bb link=\u00bburl:https%3A%2F%2Fwww.madriu-perafita-claror.ad%2Fwp-content%2Fuploads%2F2024%2F02%2FItinerari-7-cas.pdf|target:_blank\u00bb][\/vc_column][\/vc_row]<\/p>\n<\/div>","protected":false},"excerpt":{"rendered":"<p>[vc_row][vc_column][vc_column_text] ITINERARIO 7:\u00a0La tosa del Braibal y lago Blau (circular) [\/vc_column_text][\/vc_column][\/vc_row][vc_row][vc_column width=\u00bb1\/2&#8243;][vc_column_text] [\/vc_column_text][\/vc_column][vc_column width=\u00bb1\/2&#8243;][vc_column_text] Aqu\u00ed encontrar\u00e1 el trazado aproximado, no&#8230;<\/p>\n","protected":false},"author":1,"featured_media":0,"parent":0,"menu_order":0,"comment_status":"closed","ping_status":"closed","template":"","meta":{"_acf_changed":false,"footnotes":""},"class_list":["post-35159","page","type-page","status-publish"],"acf":[],"_links":{"self":[{"href":"https:\/\/www.madriu-perafita-claror.ad\/es\/wp-json\/wp\/v2\/pages\/35159","targetHints":{"allow":["GET"]}}],"collection":[{"href":"https:\/\/www.madriu-perafita-claror.ad\/es\/wp-json\/wp\/v2\/pages"}],"about":[{"href":"https:\/\/www.madriu-perafita-claror.ad\/es\/wp-json\/wp\/v2\/types\/page"}],"author":[{"embeddable":true,"href":"https:\/\/www.madriu-perafita-claror.ad\/es\/wp-json\/wp\/v2\/users\/1"}],"replies":[{"embeddable":true,"href":"https:\/\/www.madriu-perafita-claror.ad\/es\/wp-json\/wp\/v2\/comments?post=35159"}],"version-history":[{"count":0,"href":"https:\/\/www.madriu-perafita-claror.ad\/es\/wp-json\/wp\/v2\/pages\/35159\/revisions"}],"wp:attachment":[{"href":"https:\/\/www.madriu-perafita-claror.ad\/es\/wp-json\/wp\/v2\/media?parent=35159"}],"curies":[{"name":"wp","href":"https:\/\/api.w.org\/{rel}","templated":true}]}}