{"id":35162,"date":"2019-04-08T18:29:03","date_gmt":"2019-04-08T17:29:03","guid":{"rendered":"https:\/\/www.madriu-perafita-claror.ad\/itinerari-06"},"modified":"2024-02-26T10:47:02","modified_gmt":"2024-02-26T10:47:02","slug":"itinerario-06","status":"publish","type":"page","link":"https:\/\/www.madriu-perafita-claror.ad\/es\/itinerario-06\/","title":{"rendered":"Itinerario 06"},"content":{"rendered":"<div class=\"wpb-content-wrapper\"><p>[vc_row][vc_column][vc_column_text]<\/p>\n<h3 style=\"text-align: left;\"><img class=\"alignnone size-full wp-image-31559\" src=\"https:\/\/www.madriu-perafita-claror.ad\/wp-content\/uploads\/2019\/06\/Itinerari-6.jpg\" alt=\"\" width=\"1500\" height=\"480\" srcset=\"https:\/\/www.madriu-perafita-claror.ad\/wp-content\/uploads\/2019\/06\/Itinerari-6.jpg 1500w, https:\/\/www.madriu-perafita-claror.ad\/wp-content\/uploads\/2019\/06\/Itinerari-6-600x192.jpg 600w\" sizes=\"(max-width: 1500px) 100vw, 1500px\" \/><\/h3>\n<h3 style=\"text-align: left;\">ITINERARIO 6:\u00a0Lago de la Illa desde Grau Roig (circular)<\/h3>\n<p>[\/vc_column_text][\/vc_column][\/vc_row][vc_row][vc_column width=\u00bb1\/2&#8243;][vc_column_text]<\/p>\n<h5 style=\"text-align: left;\"><img class=\"aligncenter wp-image-6592 size-full\" src=\"https:\/\/www.madriu-perafita-claror.ad\/wp-content\/uploads\/Perfil-itinerari-6.jpg\" alt=\"\" width=\"648\" height=\"356\" \/><\/h5>\n<p>[\/vc_column_text][\/vc_column][vc_column width=\u00bb1\/2&#8243;][vc_column_text]<img class=\"aligncenter size-full wp-image-8497\" src=\"https:\/\/www.madriu-perafita-claror.ad\/wp-content\/uploads\/Itinerari-6-Wikiloc.jpg\" alt=\"\" width=\"848\" height=\"451\" \/><\/p>\n<p><a href=\"https:\/\/es.wikiloc.com\/rutas-senderismo\/estany-de-lilla-des-de-grau-roig-circular-23493287\">Aqu\u00ed encontrar\u00e1 el trazado aproximado, no es exacto, nada m\u00e1s es para dar una idea de la ruta<\/a>[\/vc_column_text][\/vc_column][\/vc_row][vc_row][vc_column][vc_column_text]<\/p>\n<h5>Dificultad: III \/ DESNIVEL: 732 M<\/h5>\n<p>Recorrido magnifico, muy alpino y de alta monta\u00f1a con dificultad moderada por el fuerte desnivel y un terreno t\u00e9cnico cerca de els Pessons. Se recomienda una buena condici\u00f3n f\u00edsica.<\/p>\n<p><a href=\"https:\/\/www.google.ad\/maps\/@42.5187561,1.6988234,1363a,20y,41.02t\/data=!3m1!1e3\">Aparcamiento del Cubill (Grau-Roig)<\/a>\u00a0[Acceso por la estaci\u00f3n de esqu\u00ed de Grau Roig. Aparcamiento del Cubill , el de m\u00e1s a la derecha de la estaci\u00f3n, a menor cota] \/\u00a0<a href=\"https:\/\/www.google.ad\/maps\/@42.515317,1.6968775,757a,20y,41.1t\/data=!3m1!1e3\">R\u00edo dels Colells\u00a0<\/a>\u00a0\/\u00a0<a href=\"https:\/\/www.google.ad\/maps\/@42.5129281,1.6914295,723a,20y,41.09t\/data=!3m1!1e3\">Lago de Coma Estremera\u00a0<\/a>\u00a0\/\u00a0<a href=\"https:\/\/www.google.ad\/maps\/@42.4966173,1.6938787,1679a,20y,40.94t\/data=!3m1!1e3\">Lagos del Colell\u00a0<\/a>\u00a0\/\u00a0<a href=\"https:\/\/www.google.ad\/maps\/@42.497274,1.6872392,1269a,20y,40.97t\/data=!3m1!1e3\">\u00a0Coll de Montmal\u00fas\u00a0<\/a>\u00a0\/\u00a0<a href=\"https:\/\/www.google.ad\/maps\/@42.5005531,1.6873096,423a,20y,82.06t\/data=!3m1!1e3\">Pico de Montmal\u00fas<\/a>\u00a0\/ \u00a0Coll de Montmal\u00fas \u00a0\/\u00a0<a href=\"https:\/\/www.google.ad\/maps\/@42.4949932,1.6808424,678a,20y,41.07t\/data=!3m1!1e3\">Refugio de Montmal\u00fas<\/a>\u00a0\/\u00a0<a href=\"https:\/\/www.google.ad\/maps\/@42.4870982,1.6812711,1162a,20y,41t\/data=!3m1!1e3\">Lago de Montmal\u00fas<\/a>\u00a0\/ GR11 \/\u00a0<a href=\"https:\/\/www.google.ad\/maps\/@42.4816037,1.6726865,1192a,20y,41.03t\/data=!3m1!1e3\">\u00a0Pla de Vallcivera\u00a0<\/a>\u00a0\/ GR11 \/\u00a0<a href=\"https:\/\/www.google.ad\/maps\/@42.4811499,1.6636615,1208a,20y,41t\/data=!3m1!1e3\">\u00a0Coll de l\u2019Illa \u00a0(+ puerto de Vallcivera )<\/a>\u00a0\/ GR11 \/ Lago de l\u2019Illa \u00a0+\u00a0<a href=\"https:\/\/www.google.ad\/maps\/@42.4860734,1.6572051,1298a,20y,40.97t\/data=!3m1!1e3\">refugio de \u00a0l\u2019Illa\u00a0<\/a>\u00a0\/ Camino de \u00a0la Collada de Pessons \u00a0GRP-GR7 \/\u00a0<a href=\"https:\/\/www.google.ad\/maps\/@42.5026596,1.6602461,788a,20y,41.01t\/data=!3m1!1e3\">\u00a0La Collada de Pessons\u00a0<\/a>\u00a0\/\u00a0<a href=\"https:\/\/www.google.ad\/maps\/@42.4991491,1.6646116,982a,20y,40.99t\/data=!3m1!1e3\">Pico de Pessons<\/a>\u00a0\/ Camino de \u00a0la Collada de Pessons \u00a0GRP-GR7 \/\u00a0<a href=\"https:\/\/www.google.ad\/maps\/@42.5140519,1.6639722,618m\/data=!3m1!1e3\">Lago del Cap de Pessons \u00a0+ lago de les Fonts\u00a0<\/a>\u00a0\/\u00a0<a href=\"https:\/\/www.google.ad\/maps\/@42.5179181,1.6731363,286m\/data=!3m1!1e3\">Lago \/ Lago del Meligar\u00a0<\/a>\u00a0\/\u00a0<a href=\"https:\/\/www.google.ad\/maps\/@42.5236693,1.6838991,640m\/data=!3m1!1e3\">Lago Rod\u00f3 (de Pessons) \/ Lago Forcat (de Pessons) \/ Lago Primer<\/a>\u00a0\/ Aparcamiento de el Cubill (Grau-Roig ).[\/vc_column_text][\/vc_column][\/vc_row][vc_row][vc_column][vc_btn title=\u00bbDescarga aqu\u00ed el itinerario (pdf)\u00bb link=\u00bburl:https%3A%2F%2Fwww.madriu-perafita-claror.ad%2Fwp-content%2Fuploads%2F2024%2F02%2FItinerari-6-cast.pdf|target:_blank\u00bb][\/vc_column][\/vc_row]<\/p>\n<\/div>","protected":false},"excerpt":{"rendered":"<p>[vc_row][vc_column][vc_column_text] ITINERARIO 6:\u00a0Lago de la Illa desde Grau Roig (circular) [\/vc_column_text][\/vc_column][\/vc_row][vc_row][vc_column width=\u00bb1\/2&#8243;][vc_column_text] [\/vc_column_text][\/vc_column][vc_column width=\u00bb1\/2&#8243;][vc_column_text] Aqu\u00ed encontrar\u00e1 el trazado aproximado, no&#8230;<\/p>\n","protected":false},"author":1,"featured_media":0,"parent":0,"menu_order":0,"comment_status":"closed","ping_status":"closed","template":"","meta":{"_acf_changed":false,"footnotes":""},"class_list":["post-35162","page","type-page","status-publish"],"acf":[],"_links":{"self":[{"href":"https:\/\/www.madriu-perafita-claror.ad\/es\/wp-json\/wp\/v2\/pages\/35162","targetHints":{"allow":["GET"]}}],"collection":[{"href":"https:\/\/www.madriu-perafita-claror.ad\/es\/wp-json\/wp\/v2\/pages"}],"about":[{"href":"https:\/\/www.madriu-perafita-claror.ad\/es\/wp-json\/wp\/v2\/types\/page"}],"author":[{"embeddable":true,"href":"https:\/\/www.madriu-perafita-claror.ad\/es\/wp-json\/wp\/v2\/users\/1"}],"replies":[{"embeddable":true,"href":"https:\/\/www.madriu-perafita-claror.ad\/es\/wp-json\/wp\/v2\/comments?post=35162"}],"version-history":[{"count":0,"href":"https:\/\/www.madriu-perafita-claror.ad\/es\/wp-json\/wp\/v2\/pages\/35162\/revisions"}],"wp:attachment":[{"href":"https:\/\/www.madriu-perafita-claror.ad\/es\/wp-json\/wp\/v2\/media?parent=35162"}],"curies":[{"name":"wp","href":"https:\/\/api.w.org\/{rel}","templated":true}]}}