{"id":35172,"date":"2019-04-08T18:28:17","date_gmt":"2019-04-08T17:28:17","guid":{"rendered":"https:\/\/www.madriu-perafita-claror.ad\/itinerari-05"},"modified":"2024-02-26T10:45:19","modified_gmt":"2024-02-26T10:45:19","slug":"itinerario-05","status":"publish","type":"page","link":"https:\/\/www.madriu-perafita-claror.ad\/es\/itinerario-05\/","title":{"rendered":"Itinerario 05"},"content":{"rendered":"<div class=\"wpb-content-wrapper\"><p>[vc_row][vc_column][vc_column_text]<\/p>\n<h3 style=\"text-align: left;\"><img class=\"alignnone size-full wp-image-31558\" src=\"https:\/\/www.madriu-perafita-claror.ad\/wp-content\/uploads\/2019\/06\/Itinerari-5.jpg\" alt=\"\" width=\"1500\" height=\"480\" srcset=\"https:\/\/www.madriu-perafita-claror.ad\/wp-content\/uploads\/2019\/06\/Itinerari-5.jpg 1500w, https:\/\/www.madriu-perafita-claror.ad\/wp-content\/uploads\/2019\/06\/Itinerari-5-600x192.jpg 600w\" sizes=\"(max-width: 1500px) 100vw, 1500px\" \/><\/h3>\n<h3 style=\"text-align: left;\">ITINERARIO 5: Prat Primer y Calm de Claror (circular)<\/h3>\n<p>[\/vc_column_text][\/vc_column][\/vc_row][vc_row][vc_column width=\u00bb1\/2&#8243;][vc_column_text]<\/p>\n<h5 style=\"text-align: left;\"><img class=\"aligncenter wp-image-6588 size-full\" src=\"https:\/\/www.madriu-perafita-claror.ad\/wp-content\/uploads\/Perfil-itinerari-5.jpg\" alt=\"\" width=\"689\" height=\"346\" \/><\/h5>\n<h1 style=\"text-align: right;\"><\/h1>\n<p>[\/vc_column_text][\/vc_column][vc_column width=\u00bb1\/2&#8243;][vc_column_text]<img class=\"aligncenter size-full wp-image-8511\" src=\"https:\/\/www.madriu-perafita-claror.ad\/wp-content\/uploads\/Itinerari-5-Wikiloc.jpg\" alt=\"\" width=\"847\" height=\"453\" \/><\/p>\n<p><a href=\"https:\/\/es.wikiloc.com\/rutas-senderismo\/prat-primer-i-calm-de-claror-circular-23512904\">Aqu\u00ed encontrar\u00e1 el trazado aproximado, no es exacto, nada m\u00e1s es para dar una idea de la ruta.<\/a>[\/vc_column_text][\/vc_column][\/vc_row][vc_row][vc_column][vc_column_text]<\/p>\n<h5>Dificultad<strong>: IV \/ <\/strong><strong style=\"letter-spacing: 0.05em;\">DESNIVEL: 1.242 M<\/strong><\/h5>\n<p>Recorrido con mucho desnivel, donde es necesaria una buena condici\u00f3n f\u00edsica.<\/p>\n<p><a href=\"https:\/\/www.google.ad\/maps\/@42.4990198,1.5305439,785m\/data=!3m1!1e3\">La Comella <\/a>\u00a0[Acceso por la carretera de la Comella. Aparcamiento a pocos metros despu\u00e9s de la urbanizaci\u00f3n \u00a0Coll de la Comella ] \/ Camino de \u00a0Prat Primer \u00a0\/\u00a0<a href=\"https:\/\/www.google.ad\/maps\/@42.4726873,1.5500707,772a,20y,41.11t\/data=!3m1!1e3\">Refugio de \u00a0Prat Primer\u00a0<\/a>\u00a0\/ Camino de \u00a0la Collada de Prat Primer \u00a0\/\u00a0<a href=\"https:\/\/www.google.ad\/maps\/@42.467529,1.555076,746a,20y,41.08t\/data=!3m1!1e3\">\u00a0La Collada de Prat Primer\u00a0<\/a>\u00a0\/\u00a0<a href=\"https:\/\/www.google.ad\/maps\/@42.4590386,1.550909,1078a,20y,40.99t\/data=!3m1!1e3\">Meseta de \u00a0Calm de Claror\u00a0<\/a>\u00a0\/ Camino de \u00a0l\u2019Avier \u00a0\/ Camino de els Esterragalls \u00a0\/ Camino de el Collet de la Trapella \u00a0\/ \u00a0La Comella.[\/vc_column_text][\/vc_column][\/vc_row][vc_row][vc_column][vc_btn title=\u00bbDescarga aqu\u00ed el itinerario (pdf)\u00bb link=\u00bburl:https%3A%2F%2Fwww.madriu-perafita-claror.ad%2Fwp-content%2Fuploads%2F2024%2F02%2FItinerari-5-cas.pdf|target:_blank\u00bb][\/vc_column][\/vc_row]<\/p>\n<\/div>","protected":false},"excerpt":{"rendered":"<p>[vc_row][vc_column][vc_column_text] ITINERARIO 5: Prat Primer y Calm de Claror (circular) [\/vc_column_text][\/vc_column][\/vc_row][vc_row][vc_column width=\u00bb1\/2&#8243;][vc_column_text] [\/vc_column_text][\/vc_column][vc_column width=\u00bb1\/2&#8243;][vc_column_text] Aqu\u00ed encontrar\u00e1 el trazado aproximado, no&#8230;<\/p>\n","protected":false},"author":1,"featured_media":0,"parent":0,"menu_order":0,"comment_status":"closed","ping_status":"closed","template":"","meta":{"_acf_changed":false,"footnotes":""},"class_list":["post-35172","page","type-page","status-publish"],"acf":[],"_links":{"self":[{"href":"https:\/\/www.madriu-perafita-claror.ad\/es\/wp-json\/wp\/v2\/pages\/35172","targetHints":{"allow":["GET"]}}],"collection":[{"href":"https:\/\/www.madriu-perafita-claror.ad\/es\/wp-json\/wp\/v2\/pages"}],"about":[{"href":"https:\/\/www.madriu-perafita-claror.ad\/es\/wp-json\/wp\/v2\/types\/page"}],"author":[{"embeddable":true,"href":"https:\/\/www.madriu-perafita-claror.ad\/es\/wp-json\/wp\/v2\/users\/1"}],"replies":[{"embeddable":true,"href":"https:\/\/www.madriu-perafita-claror.ad\/es\/wp-json\/wp\/v2\/comments?post=35172"}],"version-history":[{"count":0,"href":"https:\/\/www.madriu-perafita-claror.ad\/es\/wp-json\/wp\/v2\/pages\/35172\/revisions"}],"wp:attachment":[{"href":"https:\/\/www.madriu-perafita-claror.ad\/es\/wp-json\/wp\/v2\/media?parent=35172"}],"curies":[{"name":"wp","href":"https:\/\/api.w.org\/{rel}","templated":true}]}}