{"id":35179,"date":"2019-04-08T18:27:28","date_gmt":"2019-04-08T17:27:28","guid":{"rendered":"https:\/\/www.madriu-perafita-claror.ad\/itinerari-04"},"modified":"2024-02-26T10:43:49","modified_gmt":"2024-02-26T10:43:49","slug":"itinerario-04","status":"publish","type":"page","link":"https:\/\/www.madriu-perafita-claror.ad\/es\/itinerario-04\/","title":{"rendered":"Itinerario 04"},"content":{"rendered":"<div class=\"wpb-content-wrapper\"><p>[vc_row][vc_column][vc_column_text]<\/p>\n<h3 style=\"text-align: left;\"><span style=\"letter-spacing: 0.05em;\"><img class=\"alignnone wp-image-31553 size-full\" src=\"https:\/\/www.madriu-perafita-claror.ad\/wp-content\/uploads\/2019\/06\/Itinerari-4.jpg\" alt=\"\" width=\"1500\" height=\"480\" srcset=\"https:\/\/www.madriu-perafita-claror.ad\/wp-content\/uploads\/2019\/06\/Itinerari-4.jpg 1500w, https:\/\/www.madriu-perafita-claror.ad\/wp-content\/uploads\/2019\/06\/Itinerari-4-600x192.jpg 600w\" sizes=\"(max-width: 1500px) 100vw, 1500px\" \/><\/span><\/h3>\n<h3 style=\"text-align: left;\"><span style=\"letter-spacing: 0.05em;\">ITINERARIO 4: Estany de la Nou &#8211; Claror &#8211; Perafita <\/span>(circular)<\/h3>\n<p>[\/vc_column_text][\/vc_column][\/vc_row][vc_row][vc_column width=\u00bb1\/2&#8243;][vc_column_text]<\/p>\n<h5 style=\"text-align: left;\"><img class=\"aligncenter wp-image-6584 size-full\" src=\"https:\/\/www.madriu-perafita-claror.ad\/wp-content\/uploads\/Perfil-itinerari-4.jpg\" alt=\"\" width=\"683\" height=\"351\" \/><\/h5>\n<p>[\/vc_column_text][\/vc_column][vc_column width=\u00bb1\/2&#8243;][vc_column_text]<img class=\"aligncenter size-full wp-image-8483\" src=\"https:\/\/www.madriu-perafita-claror.ad\/wp-content\/uploads\/Itinerari-4-Wikiloc.jpg\" alt=\"\" width=\"850\" height=\"452\" \/><\/p>\n<p><a href=\"https:\/\/es.wikiloc.com\/rutas-senderismo\/estany-de-la-nou-claror-perafita-circular-23487191\">Aqu\u00ed encontrar\u00e1 el trazado aproximado, no es exacto, nada m\u00e1s es para dar una idea de la ruta<\/a>[\/vc_column_text][\/vc_column][\/vc_row][vc_row][vc_column][vc_column_text]<\/p>\n<h5>Dificultad: III \/ DESNIVEL: 1.045 M<\/h5>\n<p>Recorrido completo donde se recomienda una condici\u00f3n f\u00edsica media.<\/p>\n<p><a href=\"https:\/\/www.google.ad\/maps\/@42.5045844,1.5470839,1093m\/data=!3m1!1e3\">La Plana\u00a0<\/a> [Acceso por la carretera de la Plana, que es un desv\u00edo a la derecha desde la carretera de Engolasters] \/ Camino de la Muntanya\u00a0 GR7-GR11 \/\u00a0<a class=\"lightbox-added\" href=\"https:\/\/www.madriu-perafita-claror.ad\/wp-content\/uploads\/Pont-Sassanat.jpg\">\u00a0Pont Sassanat\u00a0<\/a>\u00a0\/ Camino de \u00a0la font del Bo\u00efgot \/ Camino de Perafita GR11.10 \/ Variante del camino de Claror \/\u00a0<a class=\"lightbox-added\" href=\"https:\/\/www.madriu-perafita-claror.ad\/wp-content\/uploads\/ruta4_Cabana-de-Claror.jpg\">Caba\u00f1a de Claror<\/a>\u00a0\/\u00a0<a href=\"https:\/\/www.google.ad\/maps\/@42.464113,1.5633089,720a,20y,41.11t\/data=!3m1!1e3\">Refugio de Claror<\/a>\u00a0\/ Camino de l\u2019estany de la Nou \u00a0GRP\/\u00a0<a href=\"https:\/\/www.google.ad\/maps\/@42.4697383,1.5746694,756a,20y,41.12t\/data=!3m1!1e3\">Lago de la Nou\u00a0<\/a>\u00a0\/\u00a0<a href=\"https:\/\/www.google.ad\/maps\/@42.4741466,1.5777577,688a,20y,41.12t\/data=!3m1!1e3\">Refugio de Perafita<\/a>\u00a0\/\u00a0<a class=\"lightbox-added\" href=\"https:\/\/www.madriu-perafita-claror.ad\/wp-content\/uploads\/Cabana-de-Perafita.jpg\">Caba\u00f1a de Perafita<\/a>\u00a0\/ Camino de la Tallada (tambi\u00e9n conocido como del R\u00f2dol ) \/ Camino de \u00a0la Muntanya \u00a0GR7-GR11 \/ \u00a0La Plana.[\/vc_column_text][\/vc_column][\/vc_row][vc_row][vc_column][vc_btn title=\u00bbDescarga aqu\u00ed el itinerario (pdf)\u00bb link=\u00bburl:https%3A%2F%2Fwww.madriu-perafita-claror.ad%2Fwp-content%2Fuploads%2F2024%2F02%2FItinerari-4-cast.pdf|target:_blank\u00bb][\/vc_column][\/vc_row]<\/p>\n<\/div>","protected":false},"excerpt":{"rendered":"<p>[vc_row][vc_column][vc_column_text] ITINERARIO 4: Estany de la Nou &#8211; Claror &#8211; Perafita (circular) [\/vc_column_text][\/vc_column][\/vc_row][vc_row][vc_column width=\u00bb1\/2&#8243;][vc_column_text] [\/vc_column_text][\/vc_column][vc_column width=\u00bb1\/2&#8243;][vc_column_text] Aqu\u00ed encontrar\u00e1 el trazado&#8230;<\/p>\n","protected":false},"author":1,"featured_media":0,"parent":0,"menu_order":0,"comment_status":"closed","ping_status":"closed","template":"","meta":{"_acf_changed":false,"footnotes":""},"class_list":["post-35179","page","type-page","status-publish"],"acf":[],"_links":{"self":[{"href":"https:\/\/www.madriu-perafita-claror.ad\/es\/wp-json\/wp\/v2\/pages\/35179","targetHints":{"allow":["GET"]}}],"collection":[{"href":"https:\/\/www.madriu-perafita-claror.ad\/es\/wp-json\/wp\/v2\/pages"}],"about":[{"href":"https:\/\/www.madriu-perafita-claror.ad\/es\/wp-json\/wp\/v2\/types\/page"}],"author":[{"embeddable":true,"href":"https:\/\/www.madriu-perafita-claror.ad\/es\/wp-json\/wp\/v2\/users\/1"}],"replies":[{"embeddable":true,"href":"https:\/\/www.madriu-perafita-claror.ad\/es\/wp-json\/wp\/v2\/comments?post=35179"}],"version-history":[{"count":0,"href":"https:\/\/www.madriu-perafita-claror.ad\/es\/wp-json\/wp\/v2\/pages\/35179\/revisions"}],"wp:attachment":[{"href":"https:\/\/www.madriu-perafita-claror.ad\/es\/wp-json\/wp\/v2\/media?parent=35179"}],"curies":[{"name":"wp","href":"https:\/\/api.w.org\/{rel}","templated":true}]}}