{"id":35189,"date":"2019-04-08T18:25:51","date_gmt":"2019-04-08T17:25:51","guid":{"rendered":"https:\/\/www.madriu-perafita-claror.ad\/itinerari-02"},"modified":"2024-02-26T10:37:24","modified_gmt":"2024-02-26T10:37:24","slug":"itinerario-02","status":"publish","type":"page","link":"https:\/\/www.madriu-perafita-claror.ad\/es\/itinerario-02\/","title":{"rendered":"Itinerario 02"},"content":{"rendered":"<div class=\"wpb-content-wrapper\"><p>[vc_row][vc_column][vc_column_text]<\/p>\n<h3 style=\"text-align: left;\"><img class=\"alignnone wp-image-31551 size-full\" src=\"https:\/\/www.madriu-perafita-claror.ad\/wp-content\/uploads\/2019\/06\/Itinerari-2.jpg\" alt=\"\" width=\"1500\" height=\"480\" srcset=\"https:\/\/www.madriu-perafita-claror.ad\/wp-content\/uploads\/2019\/06\/Itinerari-2.jpg 1500w, https:\/\/www.madriu-perafita-claror.ad\/wp-content\/uploads\/2019\/06\/Itinerari-2-600x192.jpg 600w\" sizes=\"(max-width: 1500px) 100vw, 1500px\" \/><\/h3>\n<h3 style=\"text-align: left;\">ITINERARIO 2: Madriu &#8211; Collada de la Maiana &#8211; Perafita (circular)<\/h3>\n<p>[\/vc_column_text][\/vc_column][\/vc_row][vc_row][vc_column width=\u00bb1\/2&#8243;][vc_column_text]<\/p>\n<h2 style=\"text-align: center;\"><img class=\"aligncenter size-full wp-image-6570\" src=\"https:\/\/www.madriu-perafita-claror.ad\/wp-content\/uploads\/Perfil-itinerari-2.jpg\" alt=\"\" width=\"879\" height=\"474\" \/><\/h2>\n<p>[\/vc_column_text][\/vc_column][vc_column width=\u00bb1\/2&#8243;][vc_column_text]<img class=\"aligncenter size-full wp-image-8476\" src=\"https:\/\/www.madriu-perafita-claror.ad\/wp-content\/uploads\/Itinerari-2-Wikiloc.jpg\" alt=\"\" width=\"848\" height=\"449\" \/><\/p>\n<p><a href=\"https:\/\/es.wikiloc.com\/rutas-senderismo\/madriu-collada-de-la-maiana-perafita-circular-23485360\">Aqu\u00ed encontrar\u00e1 el trazado aproximado, no es exacto, nada m\u00e1s es para dar una idea de la ruta<\/a>[\/vc_column_text][\/vc_column][\/vc_row][vc_row][vc_column][vc_column_text]<\/p>\n<h5>Dificultad: III \/ Desnivel: 1.194 m<\/h5>\n<p>Recorrido con desnivel pero sin ninguna otra dificultad, no obstante se recomienda un m\u00ednimo de condici\u00f3n f\u00edsica.<\/p>\n<p><a href=\"https:\/\/www.google.ad\/maps\/@42.5045844,1.5470839,1093m\/data=!3m1!1e3\">La Plana <\/a>\u00a0[Acceso por la carretera de la Plana, que es un desv\u00edo a la derecha desde la carretera de Engolasters] \/ Camino de la Muntanya \u00a0GR7-GR11 \/ <a class=\"lightbox-added\" href=\"https:\/\/www.madriu-perafita-claror.ad\/wp-content\/uploads\/Pont-Sassanat.jpg\">\u00a0Pont Sassanat\u00a0<\/a>\u00a0\/\u00a0<a href=\"https:\/\/www.google.ad\/maps\/@42.4905248,1.5596484,761a,20y,41.24t\/data=!3m1!1e3\">Entremesaig\u00fces<\/a>\u00a0\/\u00a0<a href=\"https:\/\/www.google.ad\/maps\/@42.4968706,1.5727691,570m\/data=!3m1!1e3\">R\u00e0mio<\/a>\u00a0\/\u00a0<a href=\"https:\/\/www.google.ad\/maps\/@42.4878042,1.5819781,1197a,20y,41.11t\/data=!3m1!1e3\">Borda de \u00a0l\u2019Estall\u00a0<\/a>\u00a0\/\u00a0<a href=\"https:\/\/www.google.ad\/maps\/@42.4861787,1.5935816,745a,20y,41.17t\/data=!3m1!1e3\">Refugio de Fontverd<\/a>\u00a0+ caba\u00f1as a Fontverd \/\u00a0<a class=\"lightbox-added\" href=\"https:\/\/www.madriu-perafita-claror.ad\/wp-content\/uploads\/la-farga.jpg\">\u00a0La farga\u00a0<\/a>\u00a0\/\u00a0<a href=\"https:\/\/www.google.ad\/maps\/@42.4793426,1.6125105,709a,20y,41.14t\/data=!3m1!1e3\">\u00a0Pleta de l\u2019Estall Serrer\u00a0<\/a>\u00a0\/ Minas de la Maiana \u00a0\/\u00a0<a href=\"https:\/\/www.google.ad\/maps\/@42.4731183,1.6005434,905a,20y,41.05t\/data=!3m1!1e3\">\u00a0La Collada de la Maiana\u00a0<\/a>\u00a0\/ Camino de la Collada de la Maiana \u00a0\/\u00a0<a href=\"https:\/\/www.google.ad\/maps\/@42.4750927,1.5845975,670a,20y,41.11t\/data=!3m1!1e3\">\u00a0Orris de Mateu\u00a0<\/a>\u00a0\/\u00a0<a href=\"https:\/\/www.google.ad\/maps\/@42.4741466,1.5777577,688a,20y,41.12t\/data=!3m1!1e3\">Refugio de Perafita<\/a>\u00a0\/ Camino de Perafita GR11.10 \/\u00a0<a class=\"lightbox-added\" href=\"https:\/\/www.madriu-perafita-claror.ad\/wp-content\/uploads\/Cabana-de-Perafita.jpg\">Caba\u00f1a de Perafita<\/a>\u00a0\/ \u00a0Pont d\u2019Entremesaig\u00fces \u00a0\/ Camino de \u00a0la Muntanya \u00a0GR7-GR11 \/ \u00a0La Plana.[\/vc_column_text][\/vc_column][\/vc_row][vc_row][vc_column][vc_btn title=\u00bbDescarga aqu\u00ed el itinerario (pdf)\u00bb link=\u00bburl:https%3A%2F%2Fwww.madriu-perafita-claror.ad%2Fwp-content%2Fuploads%2F2024%2F02%2FItinerari-2-cast.pdf|target:_blank\u00bb][\/vc_column][\/vc_row]<\/p>\n<\/div>","protected":false},"excerpt":{"rendered":"<p>[vc_row][vc_column][vc_column_text] ITINERARIO 2: Madriu &#8211; Collada de la Maiana &#8211; Perafita (circular) [\/vc_column_text][\/vc_column][\/vc_row][vc_row][vc_column width=\u00bb1\/2&#8243;][vc_column_text] [\/vc_column_text][\/vc_column][vc_column width=\u00bb1\/2&#8243;][vc_column_text] Aqu\u00ed encontrar\u00e1 el trazado&#8230;<\/p>\n","protected":false},"author":1,"featured_media":0,"parent":0,"menu_order":0,"comment_status":"closed","ping_status":"closed","template":"","meta":{"_acf_changed":false,"footnotes":""},"class_list":["post-35189","page","type-page","status-publish"],"acf":[],"_links":{"self":[{"href":"https:\/\/www.madriu-perafita-claror.ad\/es\/wp-json\/wp\/v2\/pages\/35189","targetHints":{"allow":["GET"]}}],"collection":[{"href":"https:\/\/www.madriu-perafita-claror.ad\/es\/wp-json\/wp\/v2\/pages"}],"about":[{"href":"https:\/\/www.madriu-perafita-claror.ad\/es\/wp-json\/wp\/v2\/types\/page"}],"author":[{"embeddable":true,"href":"https:\/\/www.madriu-perafita-claror.ad\/es\/wp-json\/wp\/v2\/users\/1"}],"replies":[{"embeddable":true,"href":"https:\/\/www.madriu-perafita-claror.ad\/es\/wp-json\/wp\/v2\/comments?post=35189"}],"version-history":[{"count":0,"href":"https:\/\/www.madriu-perafita-claror.ad\/es\/wp-json\/wp\/v2\/pages\/35189\/revisions"}],"wp:attachment":[{"href":"https:\/\/www.madriu-perafita-claror.ad\/es\/wp-json\/wp\/v2\/media?parent=35189"}],"curies":[{"name":"wp","href":"https:\/\/api.w.org\/{rel}","templated":true}]}}