{"id":35192,"date":"2019-04-08T18:25:05","date_gmt":"2019-04-08T17:25:05","guid":{"rendered":"https:\/\/www.madriu-perafita-claror.ad\/itinerari-01-bis"},"modified":"2024-02-26T10:34:51","modified_gmt":"2024-02-26T10:34:51","slug":"itinerario-01-bis","status":"publish","type":"page","link":"https:\/\/www.madriu-perafita-claror.ad\/es\/itinerario-01-bis\/","title":{"rendered":"Itinerario 01 bis"},"content":{"rendered":"<div class=\"wpb-content-wrapper\"><p>[vc_row][vc_column][vc_column_text]<\/p>\n<h3 style=\"text-align: center;\"><\/h3>\n<h3 style=\"text-align: left;\"><strong><img class=\"alignnone wp-image-31549 size-full\" src=\"https:\/\/www.madriu-perafita-claror.ad\/wp-content\/uploads\/2019\/06\/Itinerari-1-bis.jpg\" alt=\"\" width=\"1500\" height=\"480\" srcset=\"https:\/\/www.madriu-perafita-claror.ad\/wp-content\/uploads\/2019\/06\/Itinerari-1-bis.jpg 1500w, https:\/\/www.madriu-perafita-claror.ad\/wp-content\/uploads\/2019\/06\/Itinerari-1-bis-600x192.jpg 600w\" sizes=\"(max-width: 1500px) 100vw, 1500px\" \/><\/strong><\/h3>\n<h3 style=\"text-align: left;\"><strong>ITINERARIO 1 bis: <\/strong>Engolasters &#8211; Fontverd &#8211; La Plana (traves\u00eda: har\u00e1n falta 2 veh\u00edculos)<\/h3>\n<p>[\/vc_column_text][\/vc_column][\/vc_row][vc_row][vc_column width=\u00bb1\/2&#8243;][vc_column_text]<\/p>\n<h5><img class=\"aligncenter size-full wp-image-6558\" src=\"https:\/\/www.madriu-perafita-claror.ad\/wp-content\/uploads\/Perfil-itinerari-1.jpg\" alt=\"\" width=\"865\" height=\"464\" \/><\/h5>\n<p>[\/vc_column_text][\/vc_column][vc_column width=\u00bb1\/2&#8243;][vc_column_text]<img class=\"aligncenter size-full wp-image-8454\" src=\"https:\/\/www.madriu-perafita-claror.ad\/wp-content\/uploads\/Itinerari-1-bis-Wikiloc.jpg\" alt=\"\" width=\"849\" height=\"453\" \/><\/p>\n<p><a href=\"https:\/\/es.wikiloc.com\/rutas-senderismo\/engolasters-fontverd-la-plana-22940162\">Aqu\u00ed encontrar\u00e1 el trazado aproximado, no es exacto, nada m\u00e1s es para dar una idea de la ruta<\/a>[\/vc_column_text][\/vc_column][\/vc_row][vc_row][vc_column][vc_column_text]<\/p>\n<h5>Dificultad: II \/ Desnivel:644 m<\/h5>\n<p>Recorrido corto, f\u00e1cil y muy se\u00f1alizado, no obstante se recomienda un m\u00ednimo de condici\u00f3n f\u00edsica.<\/p>\n<p><a href=\"https:\/\/www.google.ad\/maps\/@42.5115559,1.5689755,698a,20y,40.88t\/data=!3m1!1e3\">Parking (Circuit de les Fonts)<\/a>\u00a0[Acceso por la carretera de Engolasters. Aparcamiento en la curva justo antes del Lago de Engolasters] Camino de els Matxos \u00a0GR11 (el tramo inicial tambi\u00e9n es conocido como Circuito de les Fonts) \u00a0 \/\u00a0<a class=\"lightbox-added\" href=\"https:\/\/www.madriu-perafita-claror.ad\/wp-content\/uploads\/vista-des-de-coll-jovell.jpg\">\u00a0Coll Jovell\u00a0<\/a>\u00a0\/ Camino del Sol\u00e0 de R\u00e0mio \u00a0\/\u00a0<a href=\"https:\/\/www.google.ad\/maps\/@42.4861787,1.5935816,745a,20y,41.17t\/data=!3m1!1e3\">Refugio de Fontverd<\/a>\u00a0\/ Camino de la Muntanya \u00a0GR7- GR11 \/\u00a0<a href=\"https:\/\/www.google.ad\/maps\/@42.4968706,1.5727691,570m\/data=!3m1!1e3\">R\u00e0mio<\/a>\u00a0\/\u00a0<a href=\"https:\/\/www.google.ad\/maps\/@42.4905248,1.5596484,761a,20y,41.24t\/data=!3m1!1e3\">Entremesaig\u00fces<\/a>\u00a0\/ Carretera de\u00a0<a href=\"https:\/\/www.google.ad\/maps\/@42.5045844,1.5470839,1093m\/data=!3m1!1e3\"> La Plana<\/a>.[\/vc_column_text][\/vc_column][\/vc_row][vc_row][vc_column][vc_btn title=\u00bbDescarga aqu\u00ed el itinerario (pdf)\u00bb link=\u00bburl:https%3A%2F%2Fwww.madriu-perafita-claror.ad%2Fwp-content%2Fuploads%2F2024%2F02%2FItinerari-1-bis-cast.pdf|target:_blank\u00bb][\/vc_column][\/vc_row]<\/p>\n<\/div>","protected":false},"excerpt":{"rendered":"<p>[vc_row][vc_column][vc_column_text] ITINERARIO 1 bis: Engolasters &#8211; Fontverd &#8211; La Plana (traves\u00eda: har\u00e1n falta 2 veh\u00edculos) [\/vc_column_text][\/vc_column][\/vc_row][vc_row][vc_column width=\u00bb1\/2&#8243;][vc_column_text] [\/vc_column_text][\/vc_column][vc_column width=\u00bb1\/2&#8243;][vc_column_text] Aqu\u00ed&#8230;<\/p>\n","protected":false},"author":1,"featured_media":0,"parent":0,"menu_order":0,"comment_status":"closed","ping_status":"closed","template":"","meta":{"_acf_changed":false,"footnotes":""},"class_list":["post-35192","page","type-page","status-publish"],"acf":[],"_links":{"self":[{"href":"https:\/\/www.madriu-perafita-claror.ad\/es\/wp-json\/wp\/v2\/pages\/35192","targetHints":{"allow":["GET"]}}],"collection":[{"href":"https:\/\/www.madriu-perafita-claror.ad\/es\/wp-json\/wp\/v2\/pages"}],"about":[{"href":"https:\/\/www.madriu-perafita-claror.ad\/es\/wp-json\/wp\/v2\/types\/page"}],"author":[{"embeddable":true,"href":"https:\/\/www.madriu-perafita-claror.ad\/es\/wp-json\/wp\/v2\/users\/1"}],"replies":[{"embeddable":true,"href":"https:\/\/www.madriu-perafita-claror.ad\/es\/wp-json\/wp\/v2\/comments?post=35192"}],"version-history":[{"count":0,"href":"https:\/\/www.madriu-perafita-claror.ad\/es\/wp-json\/wp\/v2\/pages\/35192\/revisions"}],"wp:attachment":[{"href":"https:\/\/www.madriu-perafita-claror.ad\/es\/wp-json\/wp\/v2\/media?parent=35192"}],"curies":[{"name":"wp","href":"https:\/\/api.w.org\/{rel}","templated":true}]}}