{"id":35202,"date":"2019-04-08T18:23:48","date_gmt":"2019-04-08T17:23:48","guid":{"rendered":"https:\/\/www.madriu-perafita-claror.ad\/itinerari-01"},"modified":"2024-02-26T10:32:59","modified_gmt":"2024-02-26T10:32:59","slug":"itinerario-01","status":"publish","type":"page","link":"https:\/\/www.madriu-perafita-claror.ad\/es\/itinerario-01\/","title":{"rendered":"Itinerario 01"},"content":{"rendered":"<div class=\"wpb-content-wrapper\"><p>[vc_row][vc_column][vc_column_text]<\/p>\n<h3 style=\"text-align: left;\"><strong><img class=\"alignnone wp-image-31550 size-full\" src=\"https:\/\/www.madriu-perafita-claror.ad\/wp-content\/uploads\/2019\/06\/Itinerari-1.jpg\" alt=\"\" width=\"1500\" height=\"480\" srcset=\"https:\/\/www.madriu-perafita-claror.ad\/wp-content\/uploads\/2019\/06\/Itinerari-1.jpg 1500w, https:\/\/www.madriu-perafita-claror.ad\/wp-content\/uploads\/2019\/06\/Itinerari-1-600x192.jpg 600w\" sizes=\"(max-width: 1500px) 100vw, 1500px\" \/><\/strong><\/h3>\n<h3 style=\"text-align: left;\"><strong>ITINERARIO 1. Vuelta a R\u00e0mio desde la Font de la Closa (circular) <\/strong><\/h3>\n<p>[\/vc_column_text][\/vc_column][\/vc_row][vc_row][vc_column width=\u00bb1\/2&#8243;][vc_column_text]<img class=\"aligncenter wp-image-6558 size-full\" src=\"https:\/\/www.madriu-perafita-claror.ad\/wp-content\/uploads\/Perfil-itinerari-1.jpg\" alt=\"\" width=\"865\" height=\"464\" \/>[\/vc_column_text][\/vc_column][vc_column width=\u00bb1\/2&#8243;][vc_column_text]<img class=\"aligncenter wp-image-36792 size-full\" src=\"https:\/\/www.madriu-perafita-claror.ad\/wp-content\/uploads\/2019\/12\/Porta-retalls-25.jpg\" alt=\"\" width=\"847\" height=\"448\" srcset=\"https:\/\/www.madriu-perafita-claror.ad\/wp-content\/uploads\/2019\/12\/Porta-retalls-25.jpg 847w, https:\/\/www.madriu-perafita-claror.ad\/wp-content\/uploads\/2019\/12\/Porta-retalls-25-600x317.jpg 600w, https:\/\/www.madriu-perafita-claror.ad\/wp-content\/uploads\/2019\/12\/Porta-retalls-25-300x159.jpg 300w, https:\/\/www.madriu-perafita-claror.ad\/wp-content\/uploads\/2019\/12\/Porta-retalls-25-768x406.jpg 768w\" sizes=\"(max-width: 847px) 100vw, 847px\" \/><a href=\"https:\/\/es.wikiloc.com\/rutas-senderismo\/volta-a-ramio-des-de-la-font-de-la-closa-circular-23415813\">Aqu\u00ed encontrar\u00e1 el trazado aproximado, no es exacto, nada m\u00e1s es para dar una idea de la ruta<\/a>[\/vc_column_text][\/vc_column][\/vc_row][vc_row][vc_column][vc_column_text]<\/p>\n<h5>Dificultad: <strong>II \/\u00a0<\/strong>Desnivell: 358 m<\/h5>\n<p>La m\u00e1s simple de todas, perfectamente se\u00f1alizada, no obstante se recomienda un m\u00ednimo de condici\u00f3n f\u00edsica.<\/p>\n<p style=\"text-align: left;\"><u>Aparcamiento (Font de la Closa)<\/u>\u00a0[<em>Acceso por la carretera de Engolasters. Siguiente desv\u00edo a la izquierda despu\u00e9s de la ermita de Sant Miquel de Engolasters. Aparcamiento Font de la Closa<\/em>] \/ Camino de la canal de la Tosa \/ Camino de Coll Jovell \/\u00a0<a class=\"lightbox-added\" href=\"https:\/\/www.madriu-perafita-claror.ad\/wp-content\/uploads\/vista-des-de-coll-jovell.jpg\">Coll Jovell<\/a>\u00a0\/ Camino de los Matxos GR11 \/\u00a0<a href=\"https:\/\/www.google.ad\/maps\/@42.4968706,1.5727691,570m\/data=!3m1!1e3\">R\u00e0mio<\/a>\u00a0\/ Camino de la Monta\u00f1a GR7-GR11 \/\u00a0<a href=\"https:\/\/www.google.ad\/maps\/@42.4878042,1.5819781,1197a,20y,41.11t\/data=!3m1!1e3\">Borda de l\u2019Estall<\/a><u>\u00a0\/\u00a0<\/u><a href=\"https:\/\/www.google.ad\/maps\/@42.4861787,1.5935816,745a,20y,41.17t\/data=!3m1!1e3\">Refugio de Fontverd<\/a>\u00a0+ caba\u00f1as en Fontverd \/ Camino del Sol\u00e0 de R\u00e0mio \/ Coll Jovell \/ Camino de los Matxos GR11 \/ Camino de la canal de la Tosa \/ Font de la Closa \/ Aparcamiento (Font de la Closa).<\/p>\n<p>[\/vc_column_text][\/vc_column][\/vc_row][vc_row][vc_column][vc_btn title=\u00bbDescarga aqu\u00ed el itinerario (pdf)\u00bb link=\u00bburl:https%3A%2F%2Fwww.madriu-perafita-claror.ad%2Fwp-content%2Fuploads%2F2024%2F02%2FItinerari-1-cast.pdf|target:_blank\u00bb][\/vc_column][\/vc_row]<\/p>\n<\/div>","protected":false},"excerpt":{"rendered":"<p>[vc_row][vc_column][vc_column_text] ITINERARIO 1. Vuelta a R\u00e0mio desde la Font de la Closa (circular) [\/vc_column_text][\/vc_column][\/vc_row][vc_row][vc_column width=\u00bb1\/2&#8243;][vc_column_text][\/vc_column_text][\/vc_column][vc_column width=\u00bb1\/2&#8243;][vc_column_text]Aqu\u00ed encontrar\u00e1 el trazado aproximado,&#8230;<\/p>\n","protected":false},"author":1,"featured_media":0,"parent":0,"menu_order":0,"comment_status":"closed","ping_status":"closed","template":"","meta":{"_acf_changed":false,"footnotes":""},"class_list":["post-35202","page","type-page","status-publish"],"acf":[],"_links":{"self":[{"href":"https:\/\/www.madriu-perafita-claror.ad\/es\/wp-json\/wp\/v2\/pages\/35202","targetHints":{"allow":["GET"]}}],"collection":[{"href":"https:\/\/www.madriu-perafita-claror.ad\/es\/wp-json\/wp\/v2\/pages"}],"about":[{"href":"https:\/\/www.madriu-perafita-claror.ad\/es\/wp-json\/wp\/v2\/types\/page"}],"author":[{"embeddable":true,"href":"https:\/\/www.madriu-perafita-claror.ad\/es\/wp-json\/wp\/v2\/users\/1"}],"replies":[{"embeddable":true,"href":"https:\/\/www.madriu-perafita-claror.ad\/es\/wp-json\/wp\/v2\/comments?post=35202"}],"version-history":[{"count":0,"href":"https:\/\/www.madriu-perafita-claror.ad\/es\/wp-json\/wp\/v2\/pages\/35202\/revisions"}],"wp:attachment":[{"href":"https:\/\/www.madriu-perafita-claror.ad\/es\/wp-json\/wp\/v2\/media?parent=35202"}],"curies":[{"name":"wp","href":"https:\/\/api.w.org\/{rel}","templated":true}]}}