{"id":35212,"date":"2019-04-08T18:03:11","date_gmt":"2019-04-08T17:03:11","guid":{"rendered":"https:\/\/www.madriu-perafita-claror.ad\/camins-i-senyalitzacio"},"modified":"2024-07-10T12:53:46","modified_gmt":"2024-07-10T11:53:46","slug":"caminos-y-senalizacion","status":"publish","type":"page","link":"https:\/\/www.madriu-perafita-claror.ad\/es\/caminos-y-senalizacion\/","title":{"rendered":"Caminos y se\u00f1alizaci\u00f3n"},"content":{"rendered":"<div class=\"wpb-content-wrapper\"><p>[vc_row][vc_column][vc_separator][vc_single_image image=\u00bb34468&#8243; img_size=\u00bbfull\u00bb][\/vc_column][\/vc_row][vc_row][vc_column][vc_column_text css=\u00bb\u00bb]<\/p>\n<h2>CAMINOS Y SE\u00d1ALIZACI\u00d3N<\/h2>\n<p>[\/vc_column_text][vc_column_text]<span id=\"result_box\" class=\"\" lang=\"es\"><span class=\"\">La actividad m\u00e1s<\/span> ampliamente realizada en el valle es el senderismo. Tres caminos de gran <span class=\"\">recorrido, el<\/span> GR7, el GR11 y el GRP, y una amplia red de caminos locales atraviesan <span class=\"\">el valle<\/span> <span class=\"\">y<\/span> <span class=\"\">se interconecta<\/span> para poder acceder a pie a los lugares m\u00e1s escondidos <span class=\"\">del valle<\/span><span class=\"\">:<\/span><\/span><\/p>\n<h3 align=\"JUSTIFY\"><img class=\"alignnone wp-image-31437 size-full\" src=\"https:\/\/www.madriu-perafita-claror.ad\/wp-content\/uploads\/2019\/06\/planol-vmpc-1.jpg\" alt=\"\" width=\"1400\" height=\"910\" \/><\/h3>\n<p>&nbsp;<\/p>\n<table style=\"border-collapse: collapse; width: 100%;\" border=\"1\">\n<tbody>\n<tr>\n<td style=\"width: 50%;\"><strong>REFUGIS<\/strong><\/td>\n<td style=\"width: 50%;\"><strong>ATRIBUTS CULTURALS<\/strong><\/td>\n<\/tr>\n<tr>\n<td style=\"width: 50%;\">A. Refugi de l&#8217;Illa<\/td>\n<td style=\"width: 50%;\">0. CIAM<\/td>\n<\/tr>\n<tr>\n<td style=\"width: 50%;\">B. Refugi del Riu dels Orris<\/td>\n<td style=\"width: 50%;\">1. Escultures d&#8217;Erik Dietman<\/td>\n<\/tr>\n<tr>\n<td style=\"width: 50%;\">C. Refugi de Perafita<\/td>\n<td style=\"width: 50%;\">2. Borda Sabater (en ru\u00efnes)<\/td>\n<\/tr>\n<tr>\n<td style=\"width: 50%;\">D. Refugi de Claror<\/td>\n<td style=\"width: 50%;\">3. Borda i pont Sassanat<\/td>\n<\/tr>\n<tr>\n<td style=\"width: 50%;\">E. Refugi de Fontverd<\/td>\n<td style=\"width: 50%;\">4. Bordes de R\u00e0mio (7 dempeus i 4 en ru\u00efnes)<\/td>\n<\/tr>\n<tr>\n<td style=\"width: 50%;\"><\/td>\n<td style=\"width: 50%;\">5. Infraestructures hidroel\u00e8ctriques<\/td>\n<\/tr>\n<tr>\n<td style=\"width: 50%;\"><strong>ATRIBUTS NATURALS<\/strong><\/td>\n<td style=\"width: 50%;\">6. Borda de l&#8217;Estall<\/td>\n<\/tr>\n<tr>\n<td style=\"width: 50%;\">1. Circs glaciars<\/td>\n<td style=\"width: 50%;\">7. Cabanes de diferents per\u00edodes a Fontverd<\/td>\n<\/tr>\n<tr>\n<td style=\"width: 50%;\">2. Altipl\u00e0 de Calm de Claror<\/td>\n<td style=\"width: 50%;\">8. Farga d&#8217;Andorra<\/td>\n<\/tr>\n<tr>\n<td style=\"width: 50%;\">3. Sistema llacustre Gargantillar-els estanys<\/td>\n<td style=\"width: 50%;\">9. Barraca de la Farga<\/td>\n<\/tr>\n<tr>\n<td style=\"width: 50%;\">4. Diflu\u00e8ncia glaciar de Vallcivera<\/td>\n<td style=\"width: 50%;\">10. Barraca de l&#8217;estall Serrer<\/td>\n<\/tr>\n<tr>\n<td style=\"width: 50%;\">5. Cubeta glaciar suspesa de l&#8217;Estany Blau<\/td>\n<td style=\"width: 50%;\">11. Pleta de l&#8217;Estall Serrer<\/td>\n<\/tr>\n<tr>\n<td style=\"width: 50%;\">6. Cubeta d&#8217;Entremesaig\u00fces<\/td>\n<td style=\"width: 50%;\">12. Cabana del serrat de la Barracota<\/td>\n<\/tr>\n<tr>\n<td style=\"width: 50%;\">7. Forma en U de la vall principal<\/td>\n<td style=\"width: 50%;\">13. Orris del riu dels Orris<\/td>\n<\/tr>\n<tr>\n<td style=\"width: 50%;\">8. Sol\u00e0 de R\u00e0mio (canals d&#8217;allaus)<\/td>\n<td style=\"width: 50%;\">14. Orris de Setut<\/td>\n<\/tr>\n<tr>\n<td style=\"width: 50%;\">9. Riu Madriu (inter\u00e8s flor\u00edstic i paisatg\u00edstic)<\/td>\n<td style=\"width: 50%;\">15. Cabana de Setut<\/td>\n<\/tr>\n<tr>\n<td style=\"width: 50%;\">10. Estany de la Nou (inter\u00e8s geomorfol\u00f2gic i paisatg\u00edstic)<\/td>\n<td style=\"width: 50%;\">16. Cabana dels Estanys<\/td>\n<\/tr>\n<tr>\n<td style=\"width: 50%;\">11. Molleres (inter\u00e8s flor\u00edstic i funcional)<\/td>\n<td style=\"width: 50%;\">17. Infraestructures hidrol\u00e8ctriques<\/td>\n<\/tr>\n<tr>\n<td style=\"width: 50%;\">12. Bosc de ribera<\/td>\n<td style=\"width: 50%;\">18. Bordes d&#8217;Entremesaig\u00fces (6 bordes)<\/td>\n<\/tr>\n<tr>\n<td style=\"width: 50%;\">13. Bosc higr\u00f2fil mixt<\/td>\n<td style=\"width: 50%;\">19. Borda de cal Xic<\/td>\n<\/tr>\n<tr>\n<td style=\"width: 50%;\">14. Bosc madur del R\u00f2dol-Costa Verda, h\u00e0bitat d&#8217;esp\u00e8cies amena\u00e7ades<\/td>\n<td style=\"width: 50%;\">20. Orris de Mateu<\/td>\n<\/tr>\n<tr>\n<td style=\"width: 50%;\"><\/td>\n<td style=\"width: 50%;\">21. Cabana de Claror<\/td>\n<\/tr>\n<tr>\n<td style=\"width: 50%;\"><\/td>\n<td style=\"width: 50%;\">22. Orris de Perafita<\/td>\n<\/tr>\n<tr>\n<td style=\"width: 50%;\"><\/td>\n<td style=\"width: 50%;\">23. Mines de Maiana<\/td>\n<\/tr>\n<tr>\n<td style=\"width: 50%;\"><\/td>\n<td style=\"width: 50%;\">24. Cabana de Perafita<\/td>\n<\/tr>\n<\/tbody>\n<\/table>\n<p>&nbsp;<\/p>\n<table style=\"border-collapse: collapse; width: 100%;\" border=\"1\">\n<tbody>\n<tr style=\"height: 50px;\">\n<td style=\"width: 40.4633%; height: 50px;\"><strong>CAMINO<\/strong><\/td>\n<td style=\"width: 11.3128%; height: 50px; text-align: center;\"><strong>LONGITUD<\/strong><\/td>\n<td style=\"width: 13.3398%; height: 50px; text-align: center;\"><strong>DESNIVELL POSITIVO<\/strong><\/td>\n<td style=\"width: 14.8842%; height: 50px; text-align: center;\"><strong>DESNIVELL NEGATIVO<\/strong><\/td>\n<td style=\"width: 20%; height: 50px; text-align: center;\"><strong>DIFICULTAD<\/strong><\/td>\n<\/tr>\n<tr style=\"height: 25px;\">\n<td style=\"width: 40.4633%; height: 24px;\">GRP del Port Negre a la Collada de Pessons<\/td>\n<td style=\"width: 11.3128%; height: 24px; text-align: center;\">14,86 km<\/td>\n<td style=\"width: 13.3398%; height: 24px; text-align: center;\">1.200 m<\/td>\n<td style=\"width: 14.8842%; height: 24px; text-align: center;\">1.000 m<\/td>\n<td style=\"width: 20%; height: 24px; text-align: center;\">Dif\u00edcil<\/td>\n<\/tr>\n<tr style=\"height: 25px;\">\n<td style=\"width: 40.4633%; height: 25px;\">GR 11.10 de la Plana al Port de Perafita<\/td>\n<td style=\"width: 11.3128%; height: 25px; text-align: center;\">6,55 km<\/td>\n<td style=\"width: 13.3398%; height: 25px; text-align: center;\">1.350 m<\/td>\n<td style=\"width: 14.8842%; height: 25px; text-align: center;\">8 m<\/td>\n<td style=\"width: 20%; height: 25px; text-align: center;\">Moderada<\/td>\n<\/tr>\n<tr style=\"height: 25px;\">\n<td style=\"width: 40.4633%; height: 25px;\">GR 7 de la Plana a la collada de Pessons<\/td>\n<td style=\"width: 11.3128%; height: 25px; text-align: center;\">12,55 km<\/td>\n<td style=\"width: 13.3398%; height: 25px; text-align: center;\">1.600 m<\/td>\n<td style=\"width: 14.8842%; height: 25px; text-align: center;\">&#8211;<\/td>\n<td style=\"width: 20%; height: 25px; text-align: center;\">\u00a0Moderada<\/td>\n<\/tr>\n<\/tbody>\n<\/table>\n<p>[\/vc_column_text][vc_separator color=\u00bbwhite\u00bb border_width=\u00bb10&#8243; css=\u00bb.vc_custom_1560343966384{padding-top: 50px !important;}\u00bb][\/vc_column][\/vc_row][vc_row][vc_column width=\u00bb1\/2&#8243;][vc_column_text]<\/p>\n<h4 align=\"JUSTIFY\"><strong>ENTENDER LA SE\u00d1ALIZACI\u00d3N<\/strong><\/h4>\n<p><img class=\"alignnone size-full wp-image-30690\" src=\"https:\/\/www.madriu-perafita-claror.ad\/wp-content\/uploads\/2019\/04\/Senyal-EE_2-1024x455.jpg\" alt=\"\" width=\"1024\" height=\"455\" \/><!--:--><!--:es--><!--:-->[\/vc_column_text][vc_column_text]<\/p>\n<p style=\"text-align: justify;\">En la franja superior, de color verde, figuran el escudo y el nombre del <em>com\u00fa<\/em>, y en la parte exterior de la se\u00f1al figura tambi\u00e9n el logotipo del valle del Madriu-Perafita-Claror (en zonas de administraci\u00f3n conjunta del territorio, tan s\u00f3lo figurar\u00e1 el logotipo del valle).<\/p>\n<p style=\"text-align: justify;\">En la franja central de la se\u00f1al, de color neutro, constan tres destinos significativos: uno pr\u00f3ximo, uno intermedio y uno m\u00e1s lejano, que pueden ser valores naturales o culturales. A la derecha figura la duraci\u00f3n del trayecto y a la izquierda el icono del tipo de destino. Los iconos se han unificado entre todos los organismos oficiales para que, a partir de ahora, sean los mismos en todos los soportes oficiales (mapas, planos, gu\u00edas, etc.).<\/p>\n<p style=\"text-align: justify;\">Si el tipo de camino para acceder al destino indicado cambia con respecto al que se est\u00e1 siguiendo, delante de la distancia figura la marca asociada al tipo de camino (GR, GRP, CI o CC).<\/p>\n<p class=\"western\" style=\"text-align: justify;\">La direcci\u00f3n del camino se indica mediante una flecha en la parte exterior de la se\u00f1al.<\/p>\n<p class=\"western\" style=\"text-align: justify;\">La franja inferior de la se\u00f1al es del mismo color que la superior. En la parte interior figura el o los tipos de caminos pedestres (GR, GRP, CI o CC), variantes ecuestres o de BTT, con la marca asociada. En la parte exterior figura en negro la marca Andorra. Entre estas dos informaciones figura, siempre que exista, el nombre del camino.<\/p>\n<p>[\/vc_column_text][\/vc_column][vc_column width=\u00bb1\/2&#8243;][vc_column_text]<\/p>\n<h4 align=\"JUSTIFY\"><strong> LA SE\u00d1ALIZACI\u00d3N INTERPRETATIVA<\/strong><\/h4>\n<p style=\"text-align: left;\"><img class=\"alignnone wp-image-31543 size-full\" src=\"https:\/\/www.madriu-perafita-claror.ad\/wp-content\/uploads\/2019\/06\/Senyal.jpg\" alt=\"\" width=\"575\" height=\"382\" \/><em>Se\u00f1al en Fontverd<\/em><\/p>\n<p style=\"text-align: left;\">Aparte de las se\u00f1ales orientativas, al pasear por el valle os ir\u00e9is encontrando los 13 paneles de interpretaci\u00f3n que os ayudar\u00e1n a interpretar y leer el paisaje. A ver si las encontrais todas!!<\/p>\n<p>[\/vc_column_text][\/vc_column][\/vc_row]<\/p>\n<\/div>","protected":false},"excerpt":{"rendered":"<p>[vc_row][vc_column][vc_separator][vc_single_image image=\u00bb34468&#8243; img_size=\u00bbfull\u00bb][\/vc_column][\/vc_row][vc_row][vc_column][vc_column_text css=\u00bb\u00bb] CAMINOS Y SE\u00d1ALIZACI\u00d3N [\/vc_column_text][vc_column_text]La actividad m\u00e1s ampliamente realizada en el valle es el senderismo. Tres caminos&#8230;<\/p>\n","protected":false},"author":1,"featured_media":0,"parent":0,"menu_order":0,"comment_status":"closed","ping_status":"closed","template":"","meta":{"_acf_changed":false,"footnotes":""},"class_list":["post-35212","page","type-page","status-publish"],"acf":[],"_links":{"self":[{"href":"https:\/\/www.madriu-perafita-claror.ad\/es\/wp-json\/wp\/v2\/pages\/35212","targetHints":{"allow":["GET"]}}],"collection":[{"href":"https:\/\/www.madriu-perafita-claror.ad\/es\/wp-json\/wp\/v2\/pages"}],"about":[{"href":"https:\/\/www.madriu-perafita-claror.ad\/es\/wp-json\/wp\/v2\/types\/page"}],"author":[{"embeddable":true,"href":"https:\/\/www.madriu-perafita-claror.ad\/es\/wp-json\/wp\/v2\/users\/1"}],"replies":[{"embeddable":true,"href":"https:\/\/www.madriu-perafita-claror.ad\/es\/wp-json\/wp\/v2\/comments?post=35212"}],"version-history":[{"count":0,"href":"https:\/\/www.madriu-perafita-claror.ad\/es\/wp-json\/wp\/v2\/pages\/35212\/revisions"}],"wp:attachment":[{"href":"https:\/\/www.madriu-perafita-claror.ad\/es\/wp-json\/wp\/v2\/media?parent=35212"}],"curies":[{"name":"wp","href":"https:\/\/api.w.org\/{rel}","templated":true}]}}