{"id":35222,"date":"2019-04-08T17:52:53","date_gmt":"2019-04-08T16:52:53","guid":{"rendered":"https:\/\/www.madriu-perafita-claror.ad\/lacces-en-transport-public"},"modified":"2024-08-13T11:35:13","modified_gmt":"2024-08-13T10:35:13","slug":"el-acceso-en-transporte-publico","status":"publish","type":"page","link":"https:\/\/www.madriu-perafita-claror.ad\/es\/el-acceso-en-transporte-publico\/","title":{"rendered":"El acceso en transporte p\u00fablico"},"content":{"rendered":"<div class=\"wpb-content-wrapper\"><p>[vc_row][vc_column][vc_separator][vc_single_image image=\u00bb34822&#8243; img_size=\u00bbfull\u00bb][\/vc_column][\/vc_row][vc_row][vc_column][vc_column_text css=\u00bb\u00bb]<\/p>\n<h2>EL ACCESO EN TRANSPORTE P\u00daBLICO<\/h2>\n<p>[\/vc_column_text][vc_column_text]Llegar al Valle del Madriu-Perafita-Claror en transporte p\u00fablico es muy f\u00e0cil, y desde cualquiera de las 4 parroquias.[\/vc_column_text][vc_separator][vc_tta_tabs][vc_tta_section title=\u00bbEncamp\u00bb tab_id=\u00bb1555488008497-954536db-fe16&#8243;][vc_column_text css=\u00bb\u00bb]<!--:ca--><\/p>\n<h5>C\u00f3mo llegar al Valle del Madriu-Perafita-Claror desde Encamp<\/h5>\n<p><b>Cogiendo la l\u00ednea 2 del bus de la <\/b><b>Cooperativa Interurbana Andorrana, <\/b><b>que une Andorra la Vella y Encamp.<\/b><\/p>\n<p><img class=\" wp-image-2013 alignleft\" src=\"https:\/\/www.madriu-perafita-claror.ad\/wp-content\/uploads\/L2.png\" alt=\"L2\" width=\"59\" height=\"55\" \/><\/p>\n<p>Cooperativa Interurbana Andorrana, S.A.<br \/>\n<a style=\"color: #888;\" href=\"http:\/\/www.interurbana.ad\/\">www.interurbana.ad<\/a><br \/>\nTel. : (+376) 806 555<\/p>\n<p><b><span style=\"text-decoration: underline;\">Punto de salida<\/span><\/b>: 5555: Estaci\u00f3n Nacional de Autobuses (Andorra la Vella)<br \/>\n<b><span style=\"text-decoration: underline;\">Punto de llegada<\/span><\/b><span style=\"text-decoration: underline;\">:<\/span> 259: Cru\u00eflla dels Cortals (Encamp)<\/p>\n<p>Encontrar\u00e1s los horarios <a href=\"https:\/\/bus.ad\/linia-andorra-encamp\/\" target=\"_blank\" rel=\"noopener\">aqu\u00ed<\/a>.<\/p>\n<p style=\"text-align: left;\"><b><span style=\"text-decoration: underline;\">Parada<\/span><\/b><b>:<\/b> 259: Cru\u00eflla dels Cortals (Encamp)<\/p>\n<p>Encamp ofrece de un servicio de transporte a la demanda que permite desplazarse por toda la parroquia. Encontrar\u00e1 <a href=\"https:\/\/www.comuencamp.ad\/encamp\/uclic\" target=\"_blank\" rel=\"noopener\">aqu\u00ed<\/a> la informaci\u00f3n.<\/p>\n<hr \/>\n<h5>C\u00f3mo llegar al Valle del Madriu-Perafita-Claror desde Encamp<\/h5>\n<p>Una vez en la parada de bus Cru\u00eflla dels Cortals, coger el<b> funicular Funicamp (<a href=\"https:\/\/www.encamp.ad\/?set_language=es&amp;view_name=https:\/\/www.encamp.ad\/portada_view\" target=\"_blank\" rel=\"noopener\">aqu\u00ed encontrar\u00e1 la informaci\u00f3n<\/a>)<\/b>\u00a0Despu\u00e9s de 25 minutos de trayecto en Funicamp, tendremos que recorrer unos seis kil\u00f3metros por la <strong>Vall dels Cortals<\/strong> de Encamp hasta llegar\u00a0al Cam\u00ed d&#8217;Ensagents que cogeremos\u00a0para llegar al Valle del\u00a0 Madriu-Perafita-Claror.<\/p>\n<p><a style=\"color: #888;\" href=\"http:\/\/www.encamp.ad\">www.encamp.ad<\/a><br \/>\nTel. : (+376) 873 200<\/p>\n<h3><!--:--><\/h3>\n<p>[\/vc_column_text][\/vc_tta_section][vc_tta_section title=\u00bbAndorra la Vella\u00bb tab_id=\u00bb1555488473344-8471cdb2-1bcb\u00bb][vc_column_text]<!--:ca--><\/p>\n<h5>C\u00f3mo llegar al Valle del Madriu-Perafita-Claror desde Andorra la Vella<\/h5>\n<p><b>\u00a0Cogiendo<\/b><b> la l\u00ednea LS del bus Comunal de Andorra la Vella, que pasa por Serradells hasta llegar al centro penitenciario.<\/b><\/p>\n<p><span style=\"color: #888;\"><img class=\"wp-image-2037 alignleft\" style=\"color: #888;\" src=\"https:\/\/www.madriu-perafita-claror.ad\/wp-content\/uploads\/L2_AV.png\" alt=\"L2_AV\" width=\"75\" height=\"70\" \/><\/span><\/p>\n<p><span style=\"color: #ffffff;\">.<\/span><br \/>\n<a style=\"color: #888;\" href=\"http:\/\/www.comuandorra.ad\">www.comuandorra.ad<\/a><br \/>\nTel. : (+376) 730 000<\/p>\n<p>&nbsp;<\/p>\n<p><span style=\"text-decoration: underline;\"><b>L\u00ednia circular<\/b><\/span>, con la primera y \u00faltima parada: aparcament comunal<\/p>\n<p>Encontrar\u00e1s los horarios <a href=\"https:\/\/andbuscomunal.net\/rutes-i-horaris\/serradells\/\" target=\"_blank\" rel=\"noopener\">aqu\u00ed<\/a>.<\/p>\n<p><b><span style=\"text-decoration: underline;\">Parada<\/span><\/b><b>: <\/b>Centro penitenciario<\/p>\n<p>A partir de ah\u00ed hay que caminar durante unos 2 kil\u00f3metros, junto a la carretera, hasta encontrar la entrada al Valle situada detr\u00e1s del merendero de la Comella. De all\u00ed sale el camino que sube a Prat Primer por Riguer, pasando por el Cortal de la Plana. Llegamos al refugio de Prat Primer, desde donde ya se accede al valle, tanto por el camino de la izquierda (por Coll Pa) o recto (por la Collada de Prat Primer).<\/p>\n<h3><!--:--><\/h3>\n<p>[\/vc_column_text][\/vc_tta_section][vc_tta_section title=\u00bbSant Juli\u00e0 de L\u00f2ria\u00bb tab_id=\u00bb1555488472639-9a8693c3-2e4c\u00bb][vc_column_text]<!--:ca--><\/p>\n<h5>desde Sant Juli\u00e0 de L\u00f2ria no se puede acceder al valle en transporte p\u00fablico<\/h5>\n<p>&nbsp;<\/p>\n<h3><!--:--><\/h3>\n<p>[\/vc_column_text][\/vc_tta_section][vc_tta_section title=\u00bbEscaldes-Engordany\u00bb tab_id=\u00bb1555488471830-a840456a-a405&#8243;][vc_column_text]<!--:ca--><\/p>\n<h5>C\u00f3mo llegar al valle del Madriu-Perafita-Claror desde Escaldes-Engordany<\/h5>\n<p><b>L\u00ednea regular a Engolasters (l\u00ednea verde)<\/b><\/p>\n<p><img class=\"wp-image-2030 alignleft\" src=\"https:\/\/www.madriu-perafita-claror.ad\/wp-content\/uploads\/bus-engolasters.png\" alt=\"bus engolasters\" width=\"42\" height=\"44\" \/><a href=\"https:\/\/www.e-e.ad\/publicacio\/5702\/ee-bus\/\" target=\"_blank\" rel=\"noopener\">www.e-e.ad<\/a><br \/>\nTel.\u00a0: (+376) 890 890<\/p>\n<p>&nbsp;<\/p>\n<p><b><span style=\"text-decoration: underline;\">Parada:<\/span><\/b><span style=\"text-decoration: underline;\">\u00a0 L<\/span>a Plana\u00bb(la entrada por el cam\u00ed de la Muntanya se encuentra a 200 m de la parada), entrada \u00abBerenador\u00bb (por entrada por el cam\u00ed de Coll Jovell) o \u00abCircuit Esportiu de les Fonts\u00bb (por entrada por el cam\u00ed dels Matxos).<\/p>\n<p style=\"vertical-align: baseline; margin: 10.2pt 0cm 10.2pt 0cm;\"><b>Moverse por Andorra es f\u00e1cil, pueden consultar para m\u00e1s informaci\u00f3n: <a href=\"http:\/\/www.mobilitat.ad\/\" target=\"_blank\" rel=\"noopener\">www.mobilitat.ad<\/a><\/b><!--:--><!--:es--><\/p>\n<h3><!--:--><\/h3>\n<p>[\/vc_column_text][\/vc_tta_section][\/vc_tta_tabs][\/vc_column][\/vc_row]<\/p>\n<\/div>","protected":false},"excerpt":{"rendered":"<p>[vc_row][vc_column][vc_separator][vc_single_image image=\u00bb34822&#8243; img_size=\u00bbfull\u00bb][\/vc_column][\/vc_row][vc_row][vc_column][vc_column_text css=\u00bb\u00bb] EL ACCESO EN TRANSPORTE P\u00daBLICO [\/vc_column_text][vc_column_text]Llegar al Valle del Madriu-Perafita-Claror en transporte p\u00fablico es muy f\u00e0cil,&#8230;<\/p>\n","protected":false},"author":1,"featured_media":0,"parent":0,"menu_order":0,"comment_status":"closed","ping_status":"closed","template":"","meta":{"_acf_changed":false,"footnotes":""},"class_list":["post-35222","page","type-page","status-publish"],"acf":[],"_links":{"self":[{"href":"https:\/\/www.madriu-perafita-claror.ad\/es\/wp-json\/wp\/v2\/pages\/35222","targetHints":{"allow":["GET"]}}],"collection":[{"href":"https:\/\/www.madriu-perafita-claror.ad\/es\/wp-json\/wp\/v2\/pages"}],"about":[{"href":"https:\/\/www.madriu-perafita-claror.ad\/es\/wp-json\/wp\/v2\/types\/page"}],"author":[{"embeddable":true,"href":"https:\/\/www.madriu-perafita-claror.ad\/es\/wp-json\/wp\/v2\/users\/1"}],"replies":[{"embeddable":true,"href":"https:\/\/www.madriu-perafita-claror.ad\/es\/wp-json\/wp\/v2\/comments?post=35222"}],"version-history":[{"count":0,"href":"https:\/\/www.madriu-perafita-claror.ad\/es\/wp-json\/wp\/v2\/pages\/35222\/revisions"}],"wp:attachment":[{"href":"https:\/\/www.madriu-perafita-claror.ad\/es\/wp-json\/wp\/v2\/media?parent=35222"}],"curies":[{"name":"wp","href":"https:\/\/api.w.org\/{rel}","templated":true}]}}