{"id":35225,"date":"2019-04-08T17:15:55","date_gmt":"2019-04-08T16:15:55","guid":{"rendered":"https:\/\/www.madriu-perafita-claror.ad\/acces-i-aparcaments"},"modified":"2024-07-10T12:53:38","modified_gmt":"2024-07-10T11:53:38","slug":"acceso-y-aparcamientos","status":"publish","type":"page","link":"https:\/\/www.madriu-perafita-claror.ad\/es\/acceso-y-aparcamientos\/","title":{"rendered":"El acceso y los aparcamientos"},"content":{"rendered":"<div class=\"wpb-content-wrapper\"><p>[vc_row][vc_column][vc_separator][vc_single_image image=\u00bb34825&#8243; img_size=\u00bbfull\u00bb][\/vc_column][\/vc_row][vc_row][vc_column][vc_column_text css=\u00bb\u00bb]<\/p>\n<h2>acceso y aparcamientos<\/h2>\n<p>[\/vc_column_text][vc_column_text]<!--:ca--><\/p>\n<p align=\"JUSTIFY\">Aqu\u00ed se describen los principales accesos al valle. Debe tenerse en cuenta que hay muchos m\u00e1s ya que cada uno de estos caminos suele tener bifurcaciones o accesos alternativos. Estos son los m\u00e1s importantes y, adem\u00e1s, se\u00f1alizados.<\/p>\n<p align=\"JUSTIFY\"><strong>Recuerde que el valle del Madriu-Perafita-Claror es un entorno \u00fanicamente pedestre, est\u00e1n prohibidos los veh\u00edculos motorizados.<\/strong><\/p>\n<p>[\/vc_column_text][\/vc_column][\/vc_row][vc_row][vc_column width=\u00bb1\/2&#8243;][vc_single_image image=\u00bb34435&#8243; img_size=\u00bbfull\u00bb onclick=\u00bbcustom_link\u00bb img_link_target=\u00bb_blank\u00bb link=\u00bbhttps:\/\/www.madriu-perafita-claror.ad\/wp-content\/uploads\/2019\/06\/accesos.pdf\u00bb][\/vc_column][vc_column width=\u00bb1\/2&#8243;][vc_single_image image=\u00bb34432&#8243; img_size=\u00bbfull\u00bb onclick=\u00bbcustom_link\u00bb img_link_target=\u00bb_blank\u00bb link=\u00bbhttps:\/\/www.madriu-perafita-claror.ad\/wp-content\/uploads\/2019\/06\/accesos.pdf\u00bb][\/vc_column][\/vc_row][vc_row][vc_column][vc_tta_tabs][vc_tta_section title=\u00bbDesde Encamp\u00bb tab_id=\u00bb1559742248338-f26e82c1-bda0&#8243;][vc_column_text]<!--:ca--><\/p>\n<h5>Desde la Pleta dels Orris <a href=\"https:\/\/www.google.ad\/maps\/@42.5376039,1.6324148,803m\/data=!3m1!1e3\"><img class=\"alignnone size-full wp-image-36212\" src=\"https:\/\/www.madriu-perafita-claror.ad\/wp-content\/uploads\/2019\/08\/unnamed.png\" alt=\"\" width=\"25\" height=\"25\" \/><\/a><\/h5>\n<p>Al final de la carretera de Els Cortals (CS-220) se llega a la Pleta dels Orris. All\u00ed se puede dejar el coche y retroceder a pie, por la carretera, hasta el muro de escalada. Despu\u00e9s de atravesar el puente suspendido y llegar hasta la Pleta dels Orris, tendremos dos opciones:<\/p>\n<p align=\"JUSTIFY\">1)- seguir por el mismo camino que pasa por la cresta hasta el pico del Griu y despu\u00e9s por la Collada d\u2019Emportona para continuar por el GR7 hasta el refugio de L\u2019Illa (este camino pasa por la Collada de Pessons).<\/p>\n<p align=\"JUSTIFY\">2)- eguir el camino del Campe\u00e0 (que atraviesa la zona llamada Obac dels Cortals), llega al lago de Ensagents y contin\u00faa hasta la Collada de Pessons.<\/p>\n<h5>Desde Ensagents <a href=\"https:\/\/www.google.ad\/maps\/@42.5338531,1.6056669,401m\/data=!3m1!1e3\"><img class=\"alignnone size-full wp-image-36212\" src=\"https:\/\/www.madriu-perafita-claror.ad\/wp-content\/uploads\/2019\/08\/unnamed.png\" alt=\"\" width=\"25\" height=\"25\" \/><\/a><\/h5>\n<p align=\"JUSTIFY\">Coger la carretera de Els Cortals (CS-220) y aproximadamente 1 km despu\u00e9s de la Iglesia de Sant Jaume dels Cortals se encuentran los paneles que indican el camino de entrada al valle. Seguir el GRP hasta la Collada de Pessons (pasando por el refugio de Ensagents) y all\u00ed coger el GR7 hasta el refugio de L\u2019Illa.<\/p>\n<h5>Por el camino de les \u00c0gols <a href=\"https:\/\/www.google.ad\/maps\/@42.5297662,1.5996931,803m\/data=!3m1!1e3\"><img class=\"alignnone size-full wp-image-36212\" src=\"https:\/\/www.madriu-perafita-claror.ad\/wp-content\/uploads\/2019\/08\/unnamed.png\" alt=\"\" width=\"25\" height=\"25\" \/><\/a><\/h5>\n<p>El inicio del camino est\u00e1 en el cruce entre la carretera de Els Cortals (CS-220) con la Borda de les Pardines, un poco antes del punto kilom\u00e9trico PK3 de la CS 220, a la derecha de un dep\u00f3sito de agua. Ah\u00ed encontramos una zona de aparcamiento. Un panel de aluminio indica el inicio del camino que hay que tomar y que sigue el recorrido del GRP, pasando por los lagos Estanys Forcats, hasta llegar al refugio de L\u2019Illa.<\/p>\n<h5>Desde Pessons <a href=\"https:\/\/www.google.ad\/maps\/@42.5298764,1.6954591,1605m\/data=!3m1!1e3\"><img class=\"alignnone size-full wp-image-36212\" src=\"https:\/\/www.madriu-perafita-claror.ad\/wp-content\/uploads\/2019\/08\/unnamed.png\" alt=\"\" width=\"25\" height=\"25\" \/><\/a><\/h5>\n<p>Seguir la CG-2 hasta Grau Roig, donde dejaremos el coche y subiremos a pie hasta el primero de los lagos de Pessons, a partir de aqu\u00ed hay dos opciones para llegar al refugio de l&#8217;Illa:<\/p>\n<p>1.- por el collado de Pessons: seguir el GR7\/GRP que pasa al lado de los lagos: Primer, Forcat, Rod\u00f3, Meligar i de Pessons, hasta llegar a la collada del mismo nombre y desde aqu\u00ed hasta el refugio de l&#8217;Illa.<\/p>\n<p>2.- por el collado de Montmal\u00fas: siguiendo el camino que lleva al collado de Montmal\u00fas y el lago de Coma Estremera, unos metros despu\u00e9s del collado seguir la bifurcaci\u00f3n de la derecha direcci\u00f3n refugio de l&#8217;Illa.[\/vc_column_text][\/vc_tta_section][vc_tta_section title=\u00bbDesde Andorra la Vella\u00bb tab_id=\u00bb1559742248431-365d20fc-9f22&#8243;][vc_column_text]<!--:ca--><\/p>\n<h5>Por la carretera de la Comella (CS 101) <a href=\"https:\/\/www.google.ad\/maps\/@42.4985681,1.530439,3a,60y,186.56h,80.96t\/data=!3m6!1e1!3m4!1s6jS6uZnX9IuuSitoxZLJPQ!2e0!7i13312!8i6656\"><img class=\"alignnone size-full wp-image-36212\" src=\"https:\/\/www.madriu-perafita-claror.ad\/wp-content\/uploads\/2019\/08\/unnamed.png\" alt=\"\" width=\"25\" height=\"25\" \/><\/a><\/h5>\n<p>Es el acceso principal desde Andorra la Vella. A unos 4 km, siguiendo la carretera de La Comella, se llega a la zona de picnic, junto al albergue de La Comella donde hay un aparcamiento. De ah\u00ed sale el camino que sube a Prat Primer por El Riguer, pasando por el Cortal de la Plana. Una vez en Prat Primer, continuar por el fuerte desnivel hasta alcanzar el refugio de Prat Primer, desde donde, tanto por el camino de la izquierda (por el Coll Pa) como todo recto (por la Collada de Prat Primer) se llega a Claror, entrada del valle Madriu-Perafita-Claror.<\/p>\n<p>Otra opci\u00f3n, pero menos directa que el camino de Prat Primer, es la pista forestal: desde el mismo punto de salida que precede, coger la pista forestal, continuar por el camino de Palomera y despu\u00e9s por el camino del Planell del Ras. Proseguir direcci\u00f3n a la Collada de la Ca\u00fclla pasando por el camino de Maians, y, por \u00faltimo, coger el camino de Certeressos hasta llegar al refugio de Prat Primer.<\/p>\n<h5>Desde el puente de la Margineda (situado en Santa Coloma) <a href=\"https:\/\/www.google.ad\/maps\/@42.4836567,1.4923587,402m\/data=!3m1!1e3\"><img class=\"alignnone size-full wp-image-36212\" src=\"https:\/\/www.madriu-perafita-claror.ad\/wp-content\/uploads\/2019\/08\/unnamed.png\" alt=\"\" width=\"25\" height=\"25\" \/><\/a><\/h5>\n<p>Atravesar el puente y seguir hacia el camino Real. Continuar por Costa Seda, despu\u00e9s por Pica Romana, direcci\u00f3n la Collada de la Ca\u00fclla, camino de Certeressos hasta llegar al refugio de Prat Primer.<\/p>\n<h5>Desde el canal de riego de l&#8217;Obac de Andorra la Vella <a href=\"https:\/\/www.google.ad\/maps\/@42.5047172,1.5326275,803m\/data=!3m1!1e3\"><img class=\"alignnone size-full wp-image-36212\" src=\"https:\/\/www.madriu-perafita-claror.ad\/wp-content\/uploads\/2019\/08\/unnamed.png\" alt=\"\" width=\"25\" height=\"25\" \/><\/a><\/h5>\n<p align=\"JUSTIFY\">Otra opci\u00f3n es tomar el GR7 en el Rec de l&#8217;Obac de Andorra la Vella, seguir por el camino de Solobre y coger direcci\u00f3n a la Collada de la Ca\u00fclla, camino de Certeressos, para llegar de nuevo al refugio de Prat Primer<\/p>\n<p>[\/vc_column_text][\/vc_tta_section][vc_tta_section title=\u00bbDesde Sant Juli\u00e0 de L\u00f2ria\u00bb tab_id=\u00bb1559742248523-81e72a83-a11d\u00bb][vc_column_text]<!--:ca--><\/p>\n<h5>Desde la fuente dels Traginers <a href=\"https:\/\/www.google.es\/maps\/@42.4370704,1.5317329,3215m\/data=!3m1!1e3\"><img class=\"alignnone size-full wp-image-36212\" src=\"https:\/\/www.madriu-perafita-claror.ad\/wp-content\/uploads\/2019\/08\/unnamed.png\" alt=\"\" width=\"25\" height=\"25\" \/><\/a><\/h5>\n<p align=\"JUSTIFY\">En la frontera con Espa\u00f1a, coger direcci\u00f3n al refugio de La Rabassa hasta llegar a \u00e9l, seguir hacia Roca de Pimes, Solana del Caborreu, Coll de Finestres, Camp Ramonet y llegar hasta el Pic Negre, donde ya se entra en territorio protegido.<\/p>\n<h5>Desde el centro de Sant Juli\u00e0 de L\u00f2ria <a href=\"https:\/\/www.google.es\/maps\/@42.4676885,1.4927944,402m\/data=!3m1!1e3\"><img class=\"alignnone size-full wp-image-36212\" src=\"https:\/\/www.madriu-perafita-claror.ad\/wp-content\/uploads\/2019\/08\/unnamed.png\" alt=\"\" width=\"25\" height=\"25\" \/><\/a><\/h5>\n<p align=\"JUSTIFY\">En la avenida de Can\u00f2lich, coger el camino peatonal direcci\u00f3n al pueblo de Nagol. Seguirlo direcci\u00f3n a Cert\u00e9s, continuar hasta las Bordes del Manyat siguiendo el GR7, continuar por la Collada de la Ca\u00fclla, Prat Primer y hacia la Collada de Prat Primer, donde ya se entra al valle.<\/p>\n<p align=\"JUSTIFY\">Tener en cuenta que una vez lleg\u00e1is al Coll de Costa Seda, existe la alternativa de coger el camino que sale del puente de La Margineda de Andorra la Vella (los 2 caminos se cruzan a este nivel y, de nuevo, en la Collada de la Ca\u00fclla, el final del recorrido es el mismo).<\/p>\n<h5>Desde Perafita <a href=\"https:\/\/www.google.es\/maps\/@42.4708382,1.5759713,3214m\/data=!3m1!1e3\"><img class=\"alignnone size-full wp-image-36212\" src=\"https:\/\/www.madriu-perafita-claror.ad\/wp-content\/uploads\/2019\/08\/unnamed.png\" alt=\"\" width=\"25\" height=\"25\" \/><\/a><\/h5>\n<p align=\"JUSTIFY\">Desde el pico de Perafita, seguir hacia la Torre dels Soldats hasta llegar al puerto Port Negre. Ah\u00ed se une con el camino que sale de la Font dels Traginers y toma el mismo recorrido.<\/p>\n<h5>Por la pista forestal <a href=\"https:\/\/www.google.es\/maps\/@42.4333318,1.5342477,3216m\/data=!3m1!1e3\"><img class=\"alignnone size-full wp-image-36212\" src=\"https:\/\/www.madriu-perafita-claror.ad\/wp-content\/uploads\/2019\/08\/unnamed.png\" alt=\"\" width=\"25\" height=\"25\" \/><\/a><\/h5>\n<p>La pista forestal entra desde Espa\u00f1a (fuente Font dels Traginers) y llega a La Rabassa donde se encuentra con la carretera secundaria en la que hay tambi\u00e9n el camino marcado GRP que viene de El Cortal del Folch (y al que tambi\u00e9n se puede acceder desde Arcavell). La pista acaba en Camp de Claror y a partir de ah\u00ed se toma el mismo camino descrito desde la Font dels Traginers.[\/vc_column_text][\/vc_tta_section][vc_tta_section title=\u00bbDesde Escaldes Engordany\u00bb tab_id=\u00bb1559742248627-c209b3e1-f92a\u00bb][vc_column_text]<!--:ca--><\/p>\n<h5>Desde la carretera de la Plana <a href=\"https:\/\/www.google.ad\/maps\/@42.5043163,1.5523284,401m\/data=!3m1!1e3\"><img class=\"alignnone size-full wp-image-36212\" src=\"https:\/\/www.madriu-perafita-claror.ad\/wp-content\/uploads\/2019\/08\/unnamed.png\" alt=\"\" width=\"25\" height=\"25\" \/><\/a><\/h5>\n<p align=\"JUSTIFY\">A cincuenta metros del cruce entre la carretera de Engolasters (CS-200) y la carretera de La Plana (CS-101), siguiendo por esta \u00faltima, se llega al pie del camino Cam\u00ed de Muntanya, que es la entrada m\u00e1s directa al valle del Madriu-Perafita-Claror desde Escaldes-Engordany.<\/p>\n<p align=\"JUSTIFY\">&#8211; A unos 2 km de esta entrada, siguiendo por la carretera de La Plana y justo antes de llegar a la urbanizaci\u00f3n La Plana, se encuentra otra v\u00eda de acceso, el Rec de l\u2019Obac.<\/p>\n<p align=\"JUSTIFY\">&#8211; A La Plana tambi\u00e9n llega el camino de la Font de Ferro que sale del paseo del Rec de l\u2019Obac de Andorra.<\/p>\n<p>&#8211; Hay otra entrada secundaria a unos 50 metros m\u00e1s arriba del cruce de la carretera de La Plana con la de Engolasters, que es el camino de Les Molleres, en direcci\u00f3n a Engolasters.<\/p>\n<h5>Desde el circuito de les Fonts <a href=\"https:\/\/www.google.ad\/maps\/@42.5174181,1.5708467,401m\/data=!3m1!1e3\"><img class=\"alignnone size-full wp-image-36212\" src=\"https:\/\/www.madriu-perafita-claror.ad\/wp-content\/uploads\/2019\/08\/unnamed.png\" alt=\"\" width=\"25\" height=\"25\" \/><\/a><\/h5>\n<p>En la \u00faltima curva de la carretera de Engolasters (CS-200), se llega al aparcamiento del Circuit de les Fonts. Gracias a este aparcamiento, esta entrada se convierte en una de las puertas principales al valle desde Escaldes-Engordany. Desde ah\u00ed se coge el camino de Els Matxos hacia Coll Jovell, y, llegados a este punto, ya se accede a la zona protegida por el mismo camino que baja hacia R\u00e0mio, por el camino del Sol\u00e0 de R\u00e0mio o bien por el camino de La Tosa del Braibal.<\/p>\n<h5>Desde la explanada d&#8217;Engolasters <a href=\"https:\/\/www.google.ad\/maps\/@42.5101249,1.5639705,401m\/data=!3m1!1e3\"><img class=\"alignnone size-full wp-image-36212\" src=\"https:\/\/www.madriu-perafita-claror.ad\/wp-content\/uploads\/2019\/08\/unnamed.png\" alt=\"\" width=\"25\" height=\"25\" \/><\/a><\/h5>\n<p>Por la carretera de Engolasters (CS-200) se llega hasta el Pla d\u2019Engolasters. En la zona de picnic de la fuente de La Closa existen dos caminos: el camino de Coll Jovell (que es el m\u00e1s directo), y el camino de la Canal de La Tosa, que enlaza con el camino de Els Matxos.<\/p>\n<h5>Desde el centro de Escaldes-Engordany <a href=\"https:\/\/www.google.ad\/maps\/@42.5091314,1.5454415,401m\/data=!3m1!1e3\"><img class=\"alignnone size-full wp-image-36212\" src=\"https:\/\/www.madriu-perafita-claror.ad\/wp-content\/uploads\/2019\/08\/unnamed.png\" alt=\"\" width=\"25\" height=\"25\" \/><\/a><\/h5>\n<p>Diversos caminos de entrada al valle del Madriu-Perafita-Claror est\u00e1n se\u00f1alizados desde el centro urbano de Escaldes-Engordany. Sin embargo, todos ellos est\u00e1n, en un momento u otro, interrumpidos por la carretera de L\u2019Obac (CS-100).<\/p>\n<p>&#8211; Por la avenida del Pont de la Tosca y desde el puente que lleva el mismo nombre, se coge el camino de Les Molleres y de Engolasters y se llega a la carretera de L\u2019Obac. Ah\u00ed tendremos tres alternativas: el camino de Les Molleres, o bien hacer un tramo de carretera y, en sentido ascendente, ir hacia el camino de Engolasters que lleva hacia la explanada y al lago de Engolasters, o bien, en sentido descendiente, coger el Cam\u00ed de la Muntanya.<\/p>\n<p>&#8211; Otras entradas secundarias desde la misma avenida son el camino de La Canaleta (donde despu\u00e9s de cruzar la carretera de L\u2019Obac enlaza con el Cam\u00ed de la Muntanya), y el camino de Coll de Caldes que llega hasta la carretera de Engolasters.<\/p>\n<p align=\"JUSTIFY\">&#8211; En el carrer de L\u2019Obac se encuentra el camino de La Plana que lleva hacia la urbanizaci\u00f3n La Plana. All\u00ed se coge el camino del Rec de l\u2019Obac.<\/p>\n<p>[\/vc_column_text][\/vc_tta_section][vc_tta_section title=\u00bbAparcamientos\u00bb tab_id=\u00bb1559742248729-07d2480f-4eec\u00bb][vc_column_text]<!--:ca--><\/p>\n<h5 align=\"JUSTIFY\">Desde Encamp <a href=\"https:\/\/www.google.es\/maps\/@42.5302908,1.6007527,803m\/data=!3m1!1e3\"><img class=\"alignnone size-full wp-image-36212\" src=\"https:\/\/www.madriu-perafita-claror.ad\/wp-content\/uploads\/2019\/08\/unnamed.png\" alt=\"\" width=\"25\" height=\"25\" \/><\/a><\/h5>\n<p align=\"JUSTIFY\">Para visitar el valle desde la parroquia de Encamp, se puede dejar el coche en el aparcamiento de Grau Roig (acceso por Pessons), en el aparcamiento de la carretera de Les Pardines (acceso por Les Agols), o bien se puede dejar en la zona de la estaci\u00f3n intermedia del Funicamp, en Els Cortals d\u2019Encamp (acceso por Ensagents).<\/p>\n<h5 align=\"JUSTIFY\">Desde Andorra la Vella<a href=\"https:\/\/www.google.es\/maps\/@42.4991149,1.5306452,3a,75y,205.68h,91.49t\/data=!3m6!1e1!3m4!1sy9layNskXKO4SHAqicCpFA!2e0!7i13312!8i6656\"><img class=\"alignnone size-full wp-image-36212\" src=\"https:\/\/www.madriu-perafita-claror.ad\/wp-content\/uploads\/2019\/08\/unnamed.png\" alt=\"\" width=\"25\" height=\"25\" \/><\/a><\/h5>\n<p align=\"JUSTIFY\">En la entrada principal del valle por Andorra la Vella, al inicio del camino de Prat Primer, hay un aparcamiento gratuito, justo frente al merendero de La Comella. Si se coge la entrada por el puente de La Margineda, tambi\u00e9n se puede dejar el coche en el peque\u00f1o aparcamiento alquitranado que hay justo junto al puente.<\/p>\n<h5 align=\"JUSTIFY\">Desde Sant Juli\u00e0 de L\u00f2ria<a href=\"https:\/\/www.google.es\/maps\/@42.4415807,1.5013253,402m\/data=!3m1!1e3\"><img class=\"alignnone size-full wp-image-36212\" src=\"https:\/\/www.madriu-perafita-claror.ad\/wp-content\/uploads\/2019\/08\/unnamed.png\" alt=\"\" width=\"25\" height=\"25\" \/><\/a><\/h5>\n<p align=\"JUSTIFY\">La entrada por Sant Juli\u00e0 de L\u00f2ria dispone de los aparcamientos de Naturland, cota 2.000m.<\/p>\n<h5 align=\"JUSTIFY\">Desde Escaldes-Engordany<a href=\"https:\/\/www.google.es\/maps\/@42.5174823,1.5705026,3a,75y,88.62h,100.36t\/data=!3m6!1e1!3m4!1sRu0BHH5mQr4okMnKIFsucQ!2e0!7i13312!8i6656\"><img class=\"alignnone size-full wp-image-36212\" src=\"https:\/\/www.madriu-perafita-claror.ad\/wp-content\/uploads\/2019\/08\/unnamed.png\" alt=\"\" width=\"25\" height=\"25\" \/><\/a><\/h5>\n<p><span id=\"result_box\" class=\"\" lang=\"es\">La entrada del circuit de les <span class=\"\">Fonts<\/span> est\u00e1 equipada con un aparcamiento de zona azul.<\/span><\/p>\n<p>La entrada principal al valle por Escaldes-Engordany dispone de un aparcamiento con barrera. Est\u00e1 situado justo antes de girar a la derecha, por la carretera de la Plana, donde se encuentra la entrada por el camino de la Monta\u00f1a.<\/p>\n<p>La entrada por la Font <span class=\"\">de la Closa<\/span>, en el Pla de Engolasters, dispone de terrenos sin alquitranar para dejar <span class=\"\">el coche<\/span>.<\/p>\n<p><span id=\"result_box\" class=\"\" lang=\"es\">Por \u00faltimo, <span class=\"\">se puede aparcar<\/span> <span class=\"\">el coche<\/span> en el aparcamiento del Camp del Serrat, junto al lago <span class=\"\">de Engolasters<\/span>.<\/span>[\/vc_column_text][\/vc_tta_section][\/vc_tta_tabs][\/vc_column][\/vc_row]<\/p>\n<\/div>","protected":false},"excerpt":{"rendered":"<p>[vc_row][vc_column][vc_separator][vc_single_image image=\u00bb34825&#8243; img_size=\u00bbfull\u00bb][\/vc_column][\/vc_row][vc_row][vc_column][vc_column_text css=\u00bb\u00bb] acceso y aparcamientos [\/vc_column_text][vc_column_text] Aqu\u00ed se describen los principales accesos al valle. Debe tenerse en cuenta&#8230;<\/p>\n","protected":false},"author":1,"featured_media":0,"parent":0,"menu_order":0,"comment_status":"closed","ping_status":"closed","template":"","meta":{"_acf_changed":false,"footnotes":""},"class_list":["post-35225","page","type-page","status-publish"],"acf":[],"_links":{"self":[{"href":"https:\/\/www.madriu-perafita-claror.ad\/es\/wp-json\/wp\/v2\/pages\/35225","targetHints":{"allow":["GET"]}}],"collection":[{"href":"https:\/\/www.madriu-perafita-claror.ad\/es\/wp-json\/wp\/v2\/pages"}],"about":[{"href":"https:\/\/www.madriu-perafita-claror.ad\/es\/wp-json\/wp\/v2\/types\/page"}],"author":[{"embeddable":true,"href":"https:\/\/www.madriu-perafita-claror.ad\/es\/wp-json\/wp\/v2\/users\/1"}],"replies":[{"embeddable":true,"href":"https:\/\/www.madriu-perafita-claror.ad\/es\/wp-json\/wp\/v2\/comments?post=35225"}],"version-history":[{"count":0,"href":"https:\/\/www.madriu-perafita-claror.ad\/es\/wp-json\/wp\/v2\/pages\/35225\/revisions"}],"wp:attachment":[{"href":"https:\/\/www.madriu-perafita-claror.ad\/es\/wp-json\/wp\/v2\/media?parent=35225"}],"curies":[{"name":"wp","href":"https:\/\/api.w.org\/{rel}","templated":true}]}}