{"id":35254,"date":"2019-03-29T14:24:00","date_gmt":"2019-03-29T14:24:00","guid":{"rendered":"https:\/\/www.madriu-perafita-claror.ad\/gestio-de-la-vall"},"modified":"2025-02-06T13:28:12","modified_gmt":"2025-02-06T13:28:12","slug":"gestio-de-la-vall","status":"publish","type":"page","link":"https:\/\/www.madriu-perafita-claror.ad\/es\/gestio-de-la-vall\/","title":{"rendered":"La gesti\u00f3n del Valle"},"content":{"rendered":"<div class=\"wpb-content-wrapper\"><p>[vc_row][vc_column][vc_separator][vc_single_image image=\u00bb34465&#8243; img_size=\u00bbfull\u00bb][\/vc_column][\/vc_row][vc_row][vc_column][vc_column_text]<\/p>\n<h2><span style=\"color: #808080;\">La gesti\u00f3n del Valle<\/span><\/h2>\n<p>[\/vc_column_text][vc_column_text css=\u00bb\u00bb]<span id=\"result_box\" class=\"\" lang=\"es\"><span title=\"1 de juliol del 2004: En la reuni\u00f3 del Comit\u00e8 del Patrimoni Mundial celebrada a Suzhou (Xina) es decideix per unanimitat la inscripci\u00f3 de la Vall del Madriu-Perafita-Claror (VMPC) en la llista del Patrimoni de la Humanitat, dins de la\">1 de julio de 2004: En la reuni\u00f3n del Comit\u00e9 del Patrimonio Mundial celebrada en Suzhou (China) se decide por unanimidad la inscripci\u00f3n del Valle del Madriu-Perafita-Claror (VMPC) en la lista del\u00a0<strong>Patrimonio de la Humanidad<\/strong>, dentro de la\u00a0<\/span><span title=\"categoria de paisatge cultural. \">categor\u00eda de\u00a0<strong>paisaje cultural<\/strong>.<\/span><\/span><\/p>\n<p><span title=\"27 d'octubre del 2005: la VMPC \u00e9s declarada b\u00e9 d'inter\u00e8s cultural d'Andorra.\">27 de octubre de 2005: la VMPC es declarada bien de inter\u00e9s cultural de Andorra.\u00a0<\/span><span title=\"Est\u00e0 doncs protegida per la Llei del Patrimoni Cultural d'Andorra. \">Est\u00e1 pues protegida por la Ley del Patrimonio Cultural de Andorra.<\/span><\/p>\n<p><span title=\"28 de desembre del 2011: s'aprova el pla de gesti\u00f3 de la VMPC, amb l'objectiu de fixar uns objectius clars i planificar les accions necess\u00e0ries per assolir-los. \">28 de diciembre de 2011: se aprueba\u00a0<strong>el plan de gesti\u00f3n de la VMPC<\/strong>, con el objetivo de fijar unos objetivos claros y planificar las acciones necesarias para alcanzarlos.<\/span><\/p>\n<p><span title=\"La Comissi\u00f3 de Gesti\u00f3 \u00e9s l\u2019\u00f2rgan gestor principal de la Vall.\"><strong>La Comisi\u00f3n de Gesti\u00f3n<\/strong>\u00a0es el \u00f3rgano gestor principal del Valle.\u00a0<\/span><span title=\"Esta formada pels c\u00f2nsols de les parr\u00f2quies d\u2019Encamp, Andorra la Vella, Sant Juli\u00e0 de L\u00f2ria i Escaldes-Engordany.\">Esta formada por los\u00a0<em>c\u00f3nsols<\/em>\u00a0(alcaldes) de las parroquias de Encamp, Andorra la Vella, Sant Juli\u00e0 de L\u00f2ria y Escaldes-Engordany.\u00a0<\/span><span title=\"Cada com\u00fa mant\u00e9 les seves compet\u00e8ncia sobre la seva porci\u00f3 de territori, per\u00f2 les intervencions a la vall es decideixen per unanimitat dels 4 membres de la Comissi\u00f3 de Gesti\u00f3.\">Cada\u00a0<em>com\u00fa<\/em>\u00a0mantiene sus competencia sobre su porci\u00f3n de territorio, pero las intervenciones en el valle se deciden por unanimidad de los 4 miembros de la Comisi\u00f3n de Gesti\u00f3n.\u00a0<\/span><span title=\"I per a qualsevol intervenci\u00f3, es requereix un informe previ i preceptiu del Ministeri de Cultura. \">Y para cualquier intervenci\u00f3n, se requiere un informe previo y preceptivo del Ministerio de Cultura.<br \/>\n<\/span><\/p>\n<p><span id=\"result_box\" class=\"\" lang=\"es\"><span title=\"La Comissi\u00f3 de gesti\u00f3 est\u00e0 assessorada per un Consell Assessor. \">La Comisi\u00f3n de gesti\u00f3n est\u00e1 asesorada por un\u00a0<strong>Consejo Asesor<\/strong>.<\/span><\/span><\/p>\n<p><span title=\"Cal recordar que la UNESCO no t\u00e9 cap cap compet\u00e8ncia sobre la Vall.\">Hay que recordar que la UNESCO no tiene ninguna competencia sobre el Valle.\u00a0<\/span><span title=\"La UNESCO nom\u00e9s marca unes normes ha seguir per mantenir un b\u00e9 dins la llista de Patrimoni Mundial, que b\u00e0sicament s\u00f3n la protecci\u00f3 i la conservaci\u00f3 del b\u00e9 inscrit en la llista.\">La UNESCO s\u00f3lo marca unas normas a seguir para mantener un bien dentro de la lista de Patrimonio Mundial, que b\u00e1sicamente son la protecci\u00f3n y la conservaci\u00f3n del bien inscrito en la lista.\u00a0<\/span><span title=\"Regularment, l'Estat t\u00e9 l'obligaci\u00f3 d'informar el Comit\u00e8 del Patrimoni Mundial de l'estat de conservaci\u00f3 del b\u00e9, que n'avalua el seu estat i decideix de la perman\u00e8ncia o no del b\u00e9 dins la llista. \">Regularmente, el Estado tiene la obligaci\u00f3n de informar al Comit\u00e9 del Patrimonio Mundial del estado de conservaci\u00f3n del bien, que eval\u00faa su estado y decide de la permanencia o no del bien en la lista.<\/span><\/p>\n<p><span title=\"L\u2019\u00f2rgan gestor est\u00e0 composat per: \">El \u00f3rgano gestor est\u00e1 compuesto por:<\/span><\/p>\n<p><span title=\"Els membres de la comissi\u00f3 de gesti\u00f3, que per l\u2019exercici 2015-2019 s\u00f3n: \">Los miembros de la comisi\u00f3n de gesti\u00f3n, que para el ejercicio 2024-2027 son:<\/span><\/p>\n<p><span title=\"- El c\u00f2nsol major d'Encamp, l'Hble.\">\u2013 La <em>c\u00f3nsol<\/em>\u00a0mayor de Encamp, el Hble.\u00a0<\/span><span title=\"Sr.\">Sra. Laura Mas Barrionuevo<\/span><span title=\"Jordi Torres Arauz. \">.<br \/>\n<\/span><span title=\"- La c\u00f2nsol major d'Andorra la Vella, l'Hble.\">\u2013 El <span id=\"result_box\" class=\"\" lang=\"es\"><span title=\"- El c\u00f2nsol major d'Encamp, l'Hble.\"><em>c\u00f3nsol<\/em><\/span><\/span>\u00a0mayor de Andorra la Vella, el Hble.\u00a0<\/span><span title=\"Sra.\">Sr. Sergi Gonz\u00e1lez Camacho<\/span><span title=\"Conxita Marsol Riart. \">.<br \/>\n<\/span><span title=\"- El c\u00f2nsol major de Sant Juli\u00e0 de L\u00f2ria, l'Hble.\">\u2013 El\u00a0<span id=\"result_box\" class=\"\" lang=\"es\"><span title=\"- El c\u00f2nsol major d'Encamp, l'Hble.\"><em>c\u00f3nsol<\/em><\/span><\/span>\u00a0mayor de Sant Juli\u00e0 de L\u00f2ria, el Hble.\u00a0<\/span><span title=\"Sr.\">Sr.\u00a0<\/span><span title=\"Josep Miquel Vila Bastida. \">Cerni Cairat Perrigault.<br \/>\n<\/span><span title=\"- La c\u00f2nsol major d'Escaldes-Engordany, l'Hble.\">\u2013 La\u00a0<span id=\"result_box\" class=\"\" lang=\"es\"><span title=\"- El c\u00f2nsol major d'Encamp, l'Hble.\"><em>c\u00f3nsol<\/em><\/span><\/span>\u00a0mayor de Escaldes-Engordany, el Hble.\u00a0<\/span><span title=\"Sra.\">Sra. Rosa Gili Casals<\/span><span title=\"Trinitat Mar\u00edn Gonz\u00e1lez. \">.<\/span><\/p>\n<p><span title=\"Els membres del Consell Assessor s\u00f3n: \">Los miembros del Consejo Asesor son:<\/span><\/p>\n<p><span title=\"- Ministre de Cultura, M.I.\">\u2013 Ministra de Cultura, M.I.\u00a0<\/span><span title=\"Sra.\">Sra. M\u00f2nica Bonell Tuset<\/span><span title=\"Olga Gelabert F\u00e0brega (per l\u2019exercici 2015-2019). \">.<br \/>\n<\/span><span title=\"- Representant de l\u2019associaci\u00f3 de propietaris privats de la vall del Madriu, Sra.\">\u2013 Representante de la asociaci\u00f3n de propietarios privados del valle del Madriu, (Sra. <\/span><span title=\"Meritxell Font Vilagin\u00e9s. \">Meritxell Font Vilagin\u00e9s)<br \/>\n<\/span><span title=\"- Secretari general de la Comissi\u00f3 Nacional Andorrana per la UNESCO, Sr.\">\u2013 Secretario General de la Comisi\u00f3n Nacional Andorrana para la UNESCO, Sr. <\/span><span title=\"Jean Michel Armengol. \">Jean Michel Armengol.<\/span><\/p>\n<p><span title=\"La directora en funcions del Pla de Gesti\u00f3 \u00e9s la Sra.\">La directora del Plan de Gesti\u00f3n es la Sra.\u00a0<\/span><span title=\"Susanna Simon Torralba.\">Susanna Simon Torralba.<\/span>[\/vc_column_text]<div class=\"clearboth\"><\/div><style>#thegem-divider-6a08f60552018 {margin-top: 40px !important;}<\/style><div id=\"thegem-divider-6a08f60552018\" class=\"gem-divider  \" style=\"\" ><\/div>[\/vc_column][\/vc_row]<\/p>\n<\/div>","protected":false},"excerpt":{"rendered":"<p>[vc_row][vc_column][vc_separator][vc_single_image image=\u00bb34465&#8243; img_size=\u00bbfull\u00bb][\/vc_column][\/vc_row][vc_row][vc_column][vc_column_text] La gesti\u00f3n del Valle [\/vc_column_text][vc_column_text css=\u00bb\u00bb]1 de julio de 2004: En la reuni\u00f3n del Comit\u00e9 del Patrimonio&#8230;<\/p>\n","protected":false},"author":1,"featured_media":0,"parent":0,"menu_order":0,"comment_status":"closed","ping_status":"closed","template":"","meta":{"_acf_changed":false,"footnotes":""},"class_list":["post-35254","page","type-page","status-publish"],"acf":[],"_links":{"self":[{"href":"https:\/\/www.madriu-perafita-claror.ad\/es\/wp-json\/wp\/v2\/pages\/35254","targetHints":{"allow":["GET"]}}],"collection":[{"href":"https:\/\/www.madriu-perafita-claror.ad\/es\/wp-json\/wp\/v2\/pages"}],"about":[{"href":"https:\/\/www.madriu-perafita-claror.ad\/es\/wp-json\/wp\/v2\/types\/page"}],"author":[{"embeddable":true,"href":"https:\/\/www.madriu-perafita-claror.ad\/es\/wp-json\/wp\/v2\/users\/1"}],"replies":[{"embeddable":true,"href":"https:\/\/www.madriu-perafita-claror.ad\/es\/wp-json\/wp\/v2\/comments?post=35254"}],"version-history":[{"count":0,"href":"https:\/\/www.madriu-perafita-claror.ad\/es\/wp-json\/wp\/v2\/pages\/35254\/revisions"}],"wp:attachment":[{"href":"https:\/\/www.madriu-perafita-claror.ad\/es\/wp-json\/wp\/v2\/media?parent=35254"}],"curies":[{"name":"wp","href":"https:\/\/api.w.org\/{rel}","templated":true}]}}