{"id":35306,"date":"2019-03-22T17:21:04","date_gmt":"2019-03-22T17:21:04","guid":{"rendered":"https:\/\/www.madriu-perafita-claror.ad\/la-vegetacio"},"modified":"2024-07-10T12:34:29","modified_gmt":"2024-07-10T11:34:29","slug":"vegetacion","status":"publish","type":"page","link":"https:\/\/www.madriu-perafita-claror.ad\/es\/vegetacion\/","title":{"rendered":"Vegetaci\u00f3n"},"content":{"rendered":"<div class=\"wpb-content-wrapper\"><p>[vc_row][vc_column][vc_separator][vc_single_image image=\u00bb34474&#8243; img_size=\u00bbfull\u00bb][\/vc_column][\/vc_row][vc_row][vc_column][vc_column_text css=\u00bb\u00bb]<\/p>\n<h2>VEGETACI\u00d3N<\/h2>\n<p>[\/vc_column_text]<div class=\"clearboth\"><\/div><style>#thegem-divider-69db95d437adf {margin-top: 40px !important;}<\/style><div id=\"thegem-divider-69db95d437adf\" class=\"gem-divider  \" style=\"\" ><\/div>[\/vc_column][\/vc_row][vc_row][vc_column width=\u00bb1\/2&#8243;][vc_column_text]Su <strong>gran extensi\u00f3n<\/strong> (4.247 ha), su <strong>peculiar orientaci\u00f3n este-oeste<\/strong> (que tiene como consecuencia laderas solanas y umbr\u00edas) y su importante <strong>gradiente altitudinal<\/strong>, (1.850 m de desnivel entre el punto m\u00e1s alto (pico de la Portelleta 2.906m) y el m\u00e1s bajo (confluencia del Madriu y el Valira de Oriente 1.056 m)), confieren al valle una importante variabilidad clim\u00e1tica, con grandes contrastes y una importante diversidad biol\u00f3gica en un territorio relativamente reducido, geogr\u00e1ficamente hablando, como es el valle del Madriu-Perafita-Claror. La diversidad de suelos es tambi\u00e9n muy importante, lo que favorece una gran variedad de h\u00e1bitats, una gran riqueza de flora y de fauna y por consiguiente, un paisaje de grandes contrastes.<\/p>\n<p>Se han identificado un total de treinta y ocho h\u00e1bitats naturales o semi-naturales en el valle, cada uno de ellos con su flora y fauna caracter\u00edsticas.<\/p>\n<p>La vegetaci\u00f3n se distribuye entre los 3 pisos caracter\u00edsticos de los Pirineos:[\/vc_column_text][\/vc_column][vc_column width=\u00bb1\/2&#8243;][vc_column_text]<img class=\"alignnone wp-image-30375\" src=\"https:\/\/www.madriu-perafita-claror.ad\/wp-content\/uploads\/2019\/03\/Esquema-estatges_cat-450x307-300x205.png\" alt=\"\" width=\"519\" height=\"355\" srcset=\"https:\/\/www.madriu-perafita-claror.ad\/wp-content\/uploads\/2019\/03\/Esquema-estatges_cat-450x307-300x205.png 300w, https:\/\/www.madriu-perafita-claror.ad\/wp-content\/uploads\/2019\/03\/Esquema-estatges_cat-450x307.png 450w\" sizes=\"(max-width: 519px) 100vw, 519px\" \/><\/p>\n<section class=\"av_textblock_section\">\n<div class=\"avia_textblock \">\n<p>&nbsp;<\/p>\n<\/div>\n<\/section>\n<p>[\/vc_column_text][\/vc_column][\/vc_row][vc_row][vc_column][vc_column_text]<\/p>\n<section class=\"av_textblock_section\">\n<div class=\"avia_textblock \">\n<p>De manera esquem\u00e1tica, podemos considerar que cada piso corresponde a una gran unidad paisaj\u00edstica:<\/p>\n<\/div>\n<\/section>\n<p>[\/vc_column_text]<div class=\"clearboth\"><\/div><style>#thegem-divider-69db95d437b13 {margin-top: 40px !important;}<\/style><div id=\"thegem-divider-69db95d437b13\" class=\"gem-divider  \" style=\"\" ><\/div>[\/vc_column][\/vc_row][vc_row][vc_column][vc_tta_tabs][vc_tta_section title=\u00bbPiso alpino\u00bb tab_id=\u00bb1553275553960-f1106510-1986&#8243;][vc_column_text]<\/p>\n<h6>EL PAISAJE SUPRA FORESTAL- piso alpino<\/h6>\n<p><img class=\"alignleft wp-image-31804 \" src=\"https:\/\/www.madriu-perafita-claror.ad\/wp-content\/uploads\/2019\/07\/1.jpg\" alt=\"\" width=\"355\" height=\"287\" \/>Dominio del desierto mineral, prados de alta monta\u00f1a, lagos y las formas espectaculares de la geomorfolog\u00eda. En el piso alpino, el entorno rocoso se extiende sobre una superficie de unas 650 hect\u00e1reas. Debido al rigor del clima, la cubierta vegetal es escasa, pero a\u00fan as\u00ed se encuentran variedades adaptadas a las duras condiciones ambientales. Los prados de alta monta\u00f1a est\u00e1n colonizados por especies vegetales perennes, de fuertes ra\u00edces, ciclo vegetativo corto y muy resistentes a los cambios bruscos de las condiciones meteorol\u00f3gicas: prados de <span id=\"result_box\" class=\"\" lang=\"es\"><span class=\"\"><em>Nardus stricta, Festuca airodis o F. ivesii, <\/em>o prados de<em> Festuca eskia<\/em>, por nombrar tres de los pastizales m\u00e1s abundantes.<\/span> <span class=\"\">Azaleas y otros matorrales de eric\u00e1ceas colonizan las tiras intercaladas entre las rocas donde los suelos est\u00e1n m\u00e1s desarrollados.<\/span><\/span>[\/vc_column_text]<div class=\"clearboth\"><\/div><style>#thegem-divider-69db95d437b31 {margin-top: 46px !important;}<\/style><div id=\"thegem-divider-69db95d437b31\" class=\"gem-divider  \" style=\"\" ><\/div>[vc_column_text]<\/p>\n<h6>ALGUNOS EJEMPLOS<\/h6>\n<div id='gallery-1' class='gallery galleryid-35306 gallery-columns-2 gallery-size-thumbnail'><figure class='gallery-item'>\n\t\t\t<div class='gallery-icon landscape'>\n\t\t\t\t<img width=\"150\" height=\"150\" src=\"https:\/\/www.madriu-perafita-claror.ad\/wp-content\/uploads\/2019\/04\/Prat-de-pe\u0300l-cani\u0301-150x150.jpg\" class=\"attachment-thumbnail size-thumbnail\" alt=\"\" aria-describedby=\"gallery-1-33928\" srcset=\"https:\/\/www.madriu-perafita-claror.ad\/wp-content\/uploads\/2019\/04\/Prat-de-pe\u0300l-cani\u0301-150x150.jpg 150w, https:\/\/www.madriu-perafita-claror.ad\/wp-content\/uploads\/2019\/04\/Prat-de-pe\u0300l-cani\u0301-180x180.jpg 180w, https:\/\/www.madriu-perafita-claror.ad\/wp-content\/uploads\/2019\/04\/Prat-de-pe\u0300l-cani\u0301-300x300.jpg 300w, https:\/\/www.madriu-perafita-claror.ad\/wp-content\/uploads\/2019\/04\/Prat-de-pe\u0300l-cani\u0301-256x256.jpg 256w\" sizes=\"(max-width: 150px) 100vw, 150px\" \/>\n\t\t\t<\/div>\n\t\t\t\t<figcaption class='wp-caption-text gallery-caption' id='gallery-1-33928'>\n\t\t\t\tPrado de Nardus Stricta\n\t\t\t\t<\/figcaption><\/figure><figure class='gallery-item'>\n\t\t\t<div class='gallery-icon portrait'>\n\t\t\t\t<img width=\"150\" height=\"150\" src=\"https:\/\/www.madriu-perafita-claror.ad\/wp-content\/uploads\/2019\/04\/Neret-imatge-150x150.jpg\" class=\"attachment-thumbnail size-thumbnail\" alt=\"\" aria-describedby=\"gallery-1-33931\" srcset=\"https:\/\/www.madriu-perafita-claror.ad\/wp-content\/uploads\/2019\/04\/Neret-imatge-150x150.jpg 150w, https:\/\/www.madriu-perafita-claror.ad\/wp-content\/uploads\/2019\/04\/Neret-imatge-180x180.jpg 180w, https:\/\/www.madriu-perafita-claror.ad\/wp-content\/uploads\/2019\/04\/Neret-imatge-300x300.jpg 300w, https:\/\/www.madriu-perafita-claror.ad\/wp-content\/uploads\/2019\/04\/Neret-imatge-256x256.jpg 256w\" sizes=\"(max-width: 150px) 100vw, 150px\" \/>\n\t\t\t<\/div>\n\t\t\t\t<figcaption class='wp-caption-text gallery-caption' id='gallery-1-33931'>\n\t\t\t\tAzalea\n\t\t\t\t<\/figcaption><\/figure>\n\t\t<\/div>\n\n<p>[\/vc_column_text][\/vc_tta_section][vc_tta_section title=\u00bbPiso subalpino\u00bb tab_id=\u00bb1553275556508-2308c825-cec6&#8243;][vc_column_text]<\/p>\n<h6>EL PAISAJE DE LADERAS- piso subalpino<\/h6>\n<p><img class=\"alignleft wp-image-31811 size-full\" src=\"https:\/\/www.madriu-perafita-claror.ad\/wp-content\/uploads\/2019\/07\/Vistes-des-de-Coll-Jovell.jpg\" alt=\"\" width=\"355\" height=\"287\" \/><\/p>\n<p>Dominio de un bosque compacto, con un fuerte contraste entre la umbr\u00eda y la solana, y con corredores de aludes en las laderas m\u00e1s empinadas, que acogen una actividad humana casi imperceptible.<\/p>\n<p>El tipo de \u00e1rbol dominante en el bosque de Andorra son las con\u00edferas (pinos y abetos), que ocupan una tercera parte del territorio y en el piso subalpino proliferan de manera natural. En este piso la especie que mejor se adapta al rigor del clima es el pino negro. Se trata de un \u00e1rbol capaz de soportar temperaturas muy bajas y espesores de nieve considerables. Adem\u00e1s, cumple una funci\u00f3n muy importante en la fijaci\u00f3n de las laderas monta\u00f1osas contra la erosi\u00f3n de los elementos.<\/p>\n<p>En la zona de R\u00e0mio tambi\u00e9n se encuentran algunos de los pocos bosques de abetos que quedan en el Principado. Las ramas horizontales de los abetos dificultan el paso de los rayos solares y hacen que esos bosques sean poco adecuados para el crecimiento de arbustos en el sotobosque. En cambio, se desarrollan plantas herb\u00e1ceas y alfombras de musgo que aprovechan esa elevada humedad.<\/p>\n<p>Aparte de los bosques, el piso subalpino acoge un tipo de ecosistema vegetal que, a pesar de no ocupar una extensi\u00f3n muy grande, tiene un gran inter\u00e9s bot\u00e1nico y ecol\u00f3gico. Se trata de los herbazales megaf\u00f3rbicos, formaciones herb\u00e1ceas altas que se instalan en rincones con suelos ricos en nutrientes y muy h\u00famedos. A menudo son t\u00f3xicas y tienen hojas y flores grandes y bastante vistosas.<\/p>\n<p>Los matorrales de rododendro son abundantes y ayudan a fijar el suelo de las tarteras y las zonas pedregosas de alta monta\u00f1a, adem\u00e1s de preparar el suelo para el crecimiento posterior de otras especies.[\/vc_column_text]<div class=\"clearboth\"><\/div><style>#thegem-divider-69db95d438293 {margin-top: 46px !important;}<\/style><div id=\"thegem-divider-69db95d438293\" class=\"gem-divider  \" style=\"\" ><\/div>[vc_column_text]<\/p>\n<h6>ALGUNS EJEMPLOS<\/h6>\n<div id='gallery-2' class='gallery galleryid-35306 gallery-columns-3 gallery-size-thumbnail'><figure class='gallery-item'>\n\t\t\t<div class='gallery-icon landscape'>\n\t\t\t\t<img width=\"150\" height=\"150\" src=\"https:\/\/www.madriu-perafita-claror.ad\/wp-content\/uploads\/2019\/04\/Pi-roig-imatge-150x150.jpg\" class=\"attachment-thumbnail size-thumbnail\" alt=\"\" aria-describedby=\"gallery-2-33922\" srcset=\"https:\/\/www.madriu-perafita-claror.ad\/wp-content\/uploads\/2019\/04\/Pi-roig-imatge-150x150.jpg 150w, https:\/\/www.madriu-perafita-claror.ad\/wp-content\/uploads\/2019\/04\/Pi-roig-imatge-180x180.jpg 180w\" sizes=\"(max-width: 150px) 100vw, 150px\" \/>\n\t\t\t<\/div>\n\t\t\t\t<figcaption class='wp-caption-text gallery-caption' id='gallery-2-33922'>\n\t\t\t\tPino silvestre\n\t\t\t\t<\/figcaption><\/figure><figure class='gallery-item'>\n\t\t\t<div class='gallery-icon landscape'>\n\t\t\t\t<img width=\"150\" height=\"150\" src=\"https:\/\/www.madriu-perafita-claror.ad\/wp-content\/uploads\/2019\/04\/Pi-negre-150x150.jpg\" class=\"attachment-thumbnail size-thumbnail\" alt=\"\" aria-describedby=\"gallery-2-33925\" srcset=\"https:\/\/www.madriu-perafita-claror.ad\/wp-content\/uploads\/2019\/04\/Pi-negre-150x150.jpg 150w, https:\/\/www.madriu-perafita-claror.ad\/wp-content\/uploads\/2019\/04\/Pi-negre-180x180.jpg 180w\" sizes=\"(max-width: 150px) 100vw, 150px\" \/>\n\t\t\t<\/div>\n\t\t\t\t<figcaption class='wp-caption-text gallery-caption' id='gallery-2-33925'>\n\t\t\t\tPino negro\n\t\t\t\t<\/figcaption><\/figure><figure class='gallery-item'>\n\t\t\t<div class='gallery-icon landscape'>\n\t\t\t\t<img width=\"150\" height=\"150\" src=\"https:\/\/www.madriu-perafita-claror.ad\/wp-content\/uploads\/2021\/04\/vegetacio-avet-150x150.jpg\" class=\"attachment-thumbnail size-thumbnail\" alt=\"Fir tree\" aria-describedby=\"gallery-2-39385\" \/>\n\t\t\t<\/div>\n\t\t\t\t<figcaption class='wp-caption-text gallery-caption' id='gallery-2-39385'>\n\t\t\t\tAbeto\n\t\t\t\t<\/figcaption><\/figure>\n\t\t<\/div>\n\n<p>[\/vc_column_text][\/vc_tta_section][vc_tta_section title=\u00bbPiso montano\u00bb tab_id=\u00bb1553275554004-32f780bc-fcb6&#8243;][vc_column_text]<\/p>\n<h6>EL PAISAJE DE FONDO DE VALLE \u2013 piso montano<\/h6>\n<p><img class=\" wp-image-31807 alignleft\" src=\"https:\/\/www.madriu-perafita-claror.ad\/wp-content\/uploads\/2019\/07\/2.jpg\" alt=\"\" width=\"356\" height=\"287\" \/><\/p>\n<p>Trazado por el surco de las aguas, es donde encontramos la mayor parte de los testimonios del di\u00e1logo continuado entre el hombre y la naturaleza.<\/p>\n<p>Los robledales constituyen todav\u00eda los bosques caducifolios m\u00e1s extensos del Principado. Sin embargo, la presencia de robles en el valle es relativamente escasa. Entre los 1.000 y los 1.600 m abundan las arboledas de pino silvestre, los peque\u00f1os bosques de abedules , de fresnos o de \u00e1lamos.<\/p>\n<p>El bosque de ribera constituye otro tipo de formaci\u00f3n vegetal que, a pesar de ocupar una superficie relativamente escasa, es bastante importante para el equilibrio del ecosistema forestal. Los bosques de ribera son concentraciones lineales que siguen el curso de los r\u00edos y de los torrentes. Se distinguen dos grandes tipos de bosques de ribera: la aliseda, donde predomina el aliso; y la sauceda, donde abundan el sauce blanco, el sauce cabruno, el sauce cenizo y la sarga.<\/p>\n<p>Los matorrales predominantes son los bojes. Cumplen una funci\u00f3n importante en la fijaci\u00f3n de los suelos pobres y de poca profundidad, ya sea en lugares h\u00famedos donde ha desaparecido el bosque, o en lugares pedregosos y empinadas, poco favorables a la colonizaci\u00f3n de otras especies vegetales.<\/p>\n<p>El \u00faltimo tipo de vegetaci\u00f3n que se encuentra en el piso montano son los prados, originados por la actividad humana, especialmente la ganader\u00eda. Se trata de terrenos ganados al bosque y destinados a pastos o prados de siega. La abundancia del agua y la riqueza del suelo favorecen el crecimiento de un gran abanico de especies. Las hierbas m\u00e1s habituales son el fromental , el d\u00e1ctilo, y varios tr\u00e9boles. Tambi\u00e9n crecen algunas flores vistosas, como el narciso de los poetas o el narciso de monta\u00f1a.[\/vc_column_text]<div class=\"clearboth\"><\/div><style>#thegem-divider-69db95d438852 {margin-top: 46px !important;}<\/style><div id=\"thegem-divider-69db95d438852\" class=\"gem-divider  \" style=\"\" ><\/div>[vc_column_text]<\/p>\n<h6>ALGUNS EJEMPLOS<\/h6>\n<div id='gallery-3' class='gallery galleryid-35306 gallery-columns-5 gallery-size-thumbnail'><figure class='gallery-item'>\n\t\t\t<div class='gallery-icon landscape'>\n\t\t\t\t<img width=\"150\" height=\"137\" src=\"https:\/\/www.madriu-perafita-claror.ad\/wp-content\/uploads\/2019\/04\/Nabiu-imatge.jpg\" class=\"attachment-thumbnail size-thumbnail\" alt=\"\" aria-describedby=\"gallery-3-33934\" \/>\n\t\t\t<\/div>\n\t\t\t\t<figcaption class='wp-caption-text gallery-caption' id='gallery-3-33934'>\n\t\t\t\tAr\u00e1ndano\n\t\t\t\t<\/figcaption><\/figure><figure class='gallery-item'>\n\t\t\t<div class='gallery-icon landscape'>\n\t\t\t\t<img width=\"150\" height=\"128\" src=\"https:\/\/www.madriu-perafita-claror.ad\/wp-content\/uploads\/2019\/04\/Maduixera.jpg\" class=\"attachment-thumbnail size-thumbnail\" alt=\"\" aria-describedby=\"gallery-3-33937\" \/>\n\t\t\t<\/div>\n\t\t\t\t<figcaption class='wp-caption-text gallery-caption' id='gallery-3-33937'>\n\t\t\t\tFresa salvaje\n\t\t\t\t<\/figcaption><\/figure><figure class='gallery-item'>\n\t\t\t<div class='gallery-icon portrait'>\n\t\t\t\t<img width=\"142\" height=\"150\" src=\"https:\/\/www.madriu-perafita-claror.ad\/wp-content\/uploads\/2019\/04\/Avellaner.jpg\" class=\"attachment-thumbnail size-thumbnail\" alt=\"\" aria-describedby=\"gallery-3-33940\" \/>\n\t\t\t<\/div>\n\t\t\t\t<figcaption class='wp-caption-text gallery-caption' id='gallery-3-33940'>\n\t\t\t\tAvellano\n\t\t\t\t<\/figcaption><\/figure><figure class='gallery-item'>\n\t\t\t<div class='gallery-icon landscape'>\n\t\t\t\t<img width=\"150\" height=\"99\" src=\"https:\/\/www.madriu-perafita-claror.ad\/wp-content\/uploads\/2019\/04\/Freixer-imatge.jpg\" class=\"attachment-thumbnail size-thumbnail\" alt=\"\" aria-describedby=\"gallery-3-33943\" \/>\n\t\t\t<\/div>\n\t\t\t\t<figcaption class='wp-caption-text gallery-caption' id='gallery-3-33943'>\n\t\t\t\tFresno\n\t\t\t\t<\/figcaption><\/figure><figure class='gallery-item'>\n\t\t\t<div class='gallery-icon landscape'>\n\t\t\t\t<img width=\"150\" height=\"127\" src=\"https:\/\/www.madriu-perafita-claror.ad\/wp-content\/uploads\/2019\/04\/Bec\u0327-imatge.jpg\" class=\"attachment-thumbnail size-thumbnail\" alt=\"\" aria-describedby=\"gallery-3-33946\" \/>\n\t\t\t<\/div>\n\t\t\t\t<figcaption class='wp-caption-text gallery-caption' id='gallery-3-33946'>\n\t\t\t\tAbedul\n\t\t\t\t<\/figcaption><\/figure>\n\t\t<\/div>\n\n<p>[\/vc_column_text][\/vc_tta_section][\/vc_tta_tabs][vc_message]Conoce la flora detallada por h\u00e1bitats haciendo clic <a href=\"https:\/\/www.madriu-perafita-claror.ad\/flora-detallada-per-habitats\">aqu\u00ed<\/a>.[\/vc_message][vc_message]Conoce la vegetaci\u00f3n detallada por estratos haciendo clic <a href=\"https:\/\/www.madriu-perafita-claror.ad\/flora-detallada-per-estrats\">aqu\u00ed<\/a>.[\/vc_message][\/vc_column][\/vc_row]<\/p>\n<\/div>","protected":false},"excerpt":{"rendered":"<p>[vc_row][vc_column][vc_separator][vc_single_image image=\u00bb34474&#8243; img_size=\u00bbfull\u00bb][\/vc_column][\/vc_row][vc_row][vc_column][vc_column_text css=\u00bb\u00bb] VEGETACI\u00d3N [\/vc_column_text][\/vc_column][\/vc_row][vc_row][vc_column width=\u00bb1\/2&#8243;][vc_column_text]Su gran extensi\u00f3n (4.247 ha), su peculiar orientaci\u00f3n este-oeste (que tiene como consecuencia laderas&#8230;<\/p>\n","protected":false},"author":1,"featured_media":0,"parent":0,"menu_order":0,"comment_status":"closed","ping_status":"closed","template":"","meta":{"_acf_changed":false,"footnotes":""},"class_list":["post-35306","page","type-page","status-publish"],"acf":[],"_links":{"self":[{"href":"https:\/\/www.madriu-perafita-claror.ad\/es\/wp-json\/wp\/v2\/pages\/35306","targetHints":{"allow":["GET"]}}],"collection":[{"href":"https:\/\/www.madriu-perafita-claror.ad\/es\/wp-json\/wp\/v2\/pages"}],"about":[{"href":"https:\/\/www.madriu-perafita-claror.ad\/es\/wp-json\/wp\/v2\/types\/page"}],"author":[{"embeddable":true,"href":"https:\/\/www.madriu-perafita-claror.ad\/es\/wp-json\/wp\/v2\/users\/1"}],"replies":[{"embeddable":true,"href":"https:\/\/www.madriu-perafita-claror.ad\/es\/wp-json\/wp\/v2\/comments?post=35306"}],"version-history":[{"count":0,"href":"https:\/\/www.madriu-perafita-claror.ad\/es\/wp-json\/wp\/v2\/pages\/35306\/revisions"}],"wp:attachment":[{"href":"https:\/\/www.madriu-perafita-claror.ad\/es\/wp-json\/wp\/v2\/media?parent=35306"}],"curies":[{"name":"wp","href":"https:\/\/api.w.org\/{rel}","templated":true}]}}