{"id":35309,"date":"2019-03-22T17:17:50","date_gmt":"2019-03-22T17:17:50","guid":{"rendered":"https:\/\/www.madriu-perafita-claror.ad\/la-geomorfologia"},"modified":"2025-08-20T12:43:52","modified_gmt":"2025-08-20T11:43:52","slug":"la-geomorfologia","status":"publish","type":"page","link":"https:\/\/www.madriu-perafita-claror.ad\/es\/la-geomorfologia\/","title":{"rendered":"La geomorfolog\u00eda"},"content":{"rendered":"<div class=\"wpb-content-wrapper\"><p>[vc_row][vc_column][vc_separator][vc_single_image image=\u00bb34492&#8243; img_size=\u00bbfull\u00bb][\/vc_column][\/vc_row][vc_row][vc_column][vc_column_text css=\u00bb\u00bb]<\/p>\n<h2>LA GEOMORFOLOG\u00cdA<\/h2>\n<p>[\/vc_column_text][vc_column_text]El valle del Madriu-Perafita-Claror es un valle de origen glaciar, que presenta intereses geomorfol\u00f3gicos en pr\u00e1cticamente toda su extensi\u00f3n.<\/p>\n<p>El relieve de esta zona, bastante accidentado, se asienta sobre un sustrato de roca sil\u00edcica (gran\u00edtica en Gargantillar-L\u2019Illa y metam\u00f3rfica en el Port Negre), sobre el que ha actuado el modelado de los glaciares. El valle en forma de U, los circos glaciares, los glaciares rocosos, el valle colgado del Estany Blau, los altiplanos del Camp de Claror o la din\u00e1mica de los aludes, son claros ejemplos del origen glaciar del valle. Tambi\u00e9n se encuentran gran cantidad de picos, <span id=\"result_box\" class=\"\" lang=\"es\">donde <span class=\"\">destaca<\/span> el <strong>pico de la Portelleta<\/strong>, a 2.905m, el m\u00e1s alto dentro del territorio <span class=\"\">protegido<\/span><span class=\"\">.<\/span><\/span><\/p>\n<p align=\"JUSTIFY\">En Camp de Claror, el inter\u00e9s reside en que posee modelos pr\u00f3ximos a las latitudes subpolares y a las regiones de tundra (Spitzberg). Son figuras geom\u00e9tricas (pol\u00edgonos y c\u00edrculos de piedras), testigos excepcionales y raros en el conjunto de los Pirineos Orientales y de gran valor cient\u00edfico.<\/p>\n<p>[\/vc_column_text]<div class=\"clearboth\"><\/div><style>#thegem-divider-69e48f10e6c82 {margin-top: 40px !important;}<\/style><div id=\"thegem-divider-69e48f10e6c82\" class=\"gem-divider  \" style=\"\" ><\/div>[\/vc_column][\/vc_row][vc_row][vc_column width=\u00bb1\/3&#8243;][vc_single_image image=\u00bb43863&#8243; img_size=\u00bbfull\u00bb css=\u00bb\u00bb][vc_column_text css=\u00bb\u00bb]Ensagents (fuente: Dona Secret)[\/vc_column_text][\/vc_column][vc_column width=\u00bb1\/3&#8243;][vc_single_image image=\u00bb43859&#8243; img_size=\u00bbfull\u00bb css=\u00bb\u00bb][\/vc_column][vc_column width=\u00bb1\/3&#8243;][vc_single_image image=\u00bb43855&#8243; img_size=\u00bbfull\u00bb css=\u00bb\u00bb][\/vc_column][\/vc_row][vc_row][vc_column][vc_column_text css=\u00bb\u00bb]<\/p>\n<h3><strong>Los glaciares rocosos del valle de Madriu<\/strong><\/h3>\n<p>[\/vc_column_text][vc_column_text css=\u00bb\u00bb]Cuando hablamos del valle de Madriu-Perafita-Claror, hablamos de un patrimonio natural y cultural \u00fanico, declarado Patrimonio Mundial por la UNESCO. Sus lagos, bosques y caminos hist\u00f3ricos son bien conocidos, pero esconden un tesoro geol\u00f3gico que pasa a menudo desapercibido: los glaciares rocosos.<\/p>\n<p>Estas formaciones, que podr\u00edamos confundir f\u00e1cilmente con simples piedras, son en realidad vestigios fascinantes de un pasado glacial. En los valles de Ensagents, Perafita y en el mismo Madriu, especialmente en las laderas norte, podemos encontrar algunos de los mejores ejemplos de los Pirineos. Son, podr\u00edamos decir, \u00abglaciares de manual\u00bb para el estudio cient\u00edfico.<\/p>\n<h4>\u00bfQu\u00e9 es un glaciar rocoso?<\/h4>\n<p>Una glaciar rocoso es una lengua de hielo y bloques que se form\u00f3 hace unos 11.000 a\u00f1os en esta zona, durante un periodo clim\u00e1tico fr\u00edo y seco. La nieve, escasa pero persistente, se compactaba en hielo a los pies de las paredes, y al mismo tiempo se mezclaba con la ca\u00edda constante de bloques. El resultado: un flujo denso de rocas muy abundante y hielo que actuaba como cemento, que descend\u00eda lentamente ladera abajo.<\/p>\n<p>Lo que hoy vemos es solo su \u00abpiel fosilizada\u00bb: masas lobulares de bloques que a\u00fan conservan la forma de lengua y que contrastan con las piedras convencionales.<\/p>\n<h4>El valle de Madriu, un laboratorio natural<\/h4>\n<p>El Madriu es un aut\u00e9ntico museo al aire libre para quien quiera descubrir estas formaciones:<\/p>\n<ul>\n<li>En el valle de Ensagents encontramos glaciares rocosos perfectamente definidos a los pies de los acantilados sombr\u00edos del valle.<\/li>\n<li>En Perafita, la presencia de material metam\u00f3rfico ha permitido una conservaci\u00f3n espectacular de estas lenguas, que nos recuerdan a una colada de lava que ha bajado por la ladera de la monta\u00f1a, \u00a1aunque no tengan nada de volc\u00e1nico!<\/li>\n<li>En las laderas del valle de Madriu, las condiciones clim\u00e1ticas m\u00e1s fr\u00edas de la zona y el material gran\u00edtico han dejado huellas de gran valor cient\u00edfico: es aqu\u00ed donde se pueden estudiar \u201cglaciares de manual\u201d, ideales para entender la diferencia entre una pedregal y un glaciar rocoso.<\/li>\n<\/ul>\n<p>Este conjunto hace que el valle sea un punto de referencia para la investigaci\u00f3n geol\u00f3gica y clim\u00e1tica en los Pirineos, adem\u00e1s de un reclamo para el visitante curioso.<\/p>\n<h4>\u00bfC\u00f3mo diferenciarlas de un pedregal?<\/h4>\n<p>Si dudamos, hay dos indicadores clave:<\/p>\n<ol>\n<li>La forma lobular, como una lengua que avanza lentamente debido a la gravedad.<\/li>\n<li>El origen de los bloques: muchas veces han viajado decenas o cientos de metros desde las paredes rocosas de donde cayeron, lo cual es imposible en un pedregal simple donde los bloques bajan rodando hasta detener su ca\u00edda.<\/li>\n<\/ol>\n<p>Adem\u00e1s, las glaciares rocosos gran\u00edticos, como los de Madriu, son los que mejor han resistido el paso del tiempo y podemos observar casi intacta su estructura original.<\/p>\n<h4>\u00bfEst\u00e1n activas a\u00fan?<\/h4>\n<p>A pesar de su espectacularidad, los glaciares rocosos del valle de Madriu son reliquias: no conservan hielo en su interior. Los \u00fanicos glaciares rocosos activos de los Pirineos se encuentran en Besiberris, Posets y Cotiella. Pero esto no les resta inter\u00e9s; al contrario, nos permite leer la historia clim\u00e1tica de los Pirineos y entender c\u00f3mo era la vida en periodos mucho m\u00e1s fr\u00edos.<\/p>\n<h4>Una visita con valor a\u00f1adido<\/h4>\n<p>Recorrer los senderos del Madriu no es solo adentrarse en un paisaje cultural y natural excepcional: tambi\u00e9n es viajar al pasado glacial de los Pirineos. Quien sepa observar encontrar\u00e1, m\u00e1s all\u00e1 de lagos y bosques, unas huellas que explican c\u00f3mo la monta\u00f1a reaccion\u00f3 a la \u00faltima gran ola de fr\u00edo.<\/p>\n<p>Los glaciares rocosos del valle de Madriu, de Ensagents y de Perafita son un tesoro geol\u00f3gico y tur\u00edstico que combina ciencia y belleza. Una raz\u00f3n m\u00e1s para descubrir, con ojos nuevos, este rinc\u00f3n privilegiado de los Pirineos andorranos[\/vc_column_text]<div class=\"clearboth\"><\/div><style>#thegem-divider-69e48f10e6cb7 {margin-top: 40px !important;}<\/style><div id=\"thegem-divider-69e48f10e6cb7\" class=\"gem-divider  \" style=\"\" ><\/div>[\/vc_column][\/vc_row]<\/p>\n<\/div>","protected":false},"excerpt":{"rendered":"<p>[vc_row][vc_column][vc_separator][vc_single_image image=\u00bb34492&#8243; img_size=\u00bbfull\u00bb][\/vc_column][\/vc_row][vc_row][vc_column][vc_column_text css=\u00bb\u00bb] LA GEOMORFOLOG\u00cdA [\/vc_column_text][vc_column_text]El valle del Madriu-Perafita-Claror es un valle de origen glaciar, que presenta intereses geomorfol\u00f3gicos&#8230;<\/p>\n","protected":false},"author":1,"featured_media":0,"parent":0,"menu_order":0,"comment_status":"closed","ping_status":"closed","template":"","meta":{"_acf_changed":false,"footnotes":""},"class_list":["post-35309","page","type-page","status-publish"],"acf":[],"_links":{"self":[{"href":"https:\/\/www.madriu-perafita-claror.ad\/es\/wp-json\/wp\/v2\/pages\/35309","targetHints":{"allow":["GET"]}}],"collection":[{"href":"https:\/\/www.madriu-perafita-claror.ad\/es\/wp-json\/wp\/v2\/pages"}],"about":[{"href":"https:\/\/www.madriu-perafita-claror.ad\/es\/wp-json\/wp\/v2\/types\/page"}],"author":[{"embeddable":true,"href":"https:\/\/www.madriu-perafita-claror.ad\/es\/wp-json\/wp\/v2\/users\/1"}],"replies":[{"embeddable":true,"href":"https:\/\/www.madriu-perafita-claror.ad\/es\/wp-json\/wp\/v2\/comments?post=35309"}],"version-history":[{"count":3,"href":"https:\/\/www.madriu-perafita-claror.ad\/es\/wp-json\/wp\/v2\/pages\/35309\/revisions"}],"predecessor-version":[{"id":43868,"href":"https:\/\/www.madriu-perafita-claror.ad\/es\/wp-json\/wp\/v2\/pages\/35309\/revisions\/43868"}],"wp:attachment":[{"href":"https:\/\/www.madriu-perafita-claror.ad\/es\/wp-json\/wp\/v2\/media?parent=35309"}],"curies":[{"name":"wp","href":"https:\/\/api.w.org\/{rel}","templated":true}]}}