{"id":35325,"date":"2019-03-22T17:15:27","date_gmt":"2019-03-22T17:15:27","guid":{"rendered":"https:\/\/www.madriu-perafita-claror.ad\/laigua"},"modified":"2024-07-10T12:34:19","modified_gmt":"2024-07-10T11:34:19","slug":"el-agua","status":"publish","type":"page","link":"https:\/\/www.madriu-perafita-claror.ad\/es\/el-agua\/","title":{"rendered":"El agua"},"content":{"rendered":"<div class=\"wpb-content-wrapper\"><p>[vc_row][vc_column][vc_separator][vc_single_image image=\u00bb34477&#8243; img_size=\u00bbfull\u00bb][\/vc_column][\/vc_row][vc_row][vc_column][vc_column_text css=\u00bb\u00bb]<\/p>\n<h2>EL AGUA<\/h2>\n<p>[\/vc_column_text][vc_column_text]<\/p>\n<p class=\"western\" style=\"text-align: justify;\">El agua representa en este paisaje cultural un valor inmaterial de una enorme importancia.<\/p>\n<p class=\"western\" style=\"text-align: justify;\">Los lagos, los r\u00edos, las fuentes y los humedales conforman una serie de \u00e1mbitos paisaj\u00edsticos de gran belleza e importancia. Destacamos la treintena de lagos de origen glaciar que podemos encontrar en el valle, y evidentemente el r\u00edo Madriu -\u201cmadre del r\u00edo\u201d-, que da nombre al valle, as\u00ed como su afluente m\u00e1s importante, el r\u00edo de Perafita, que se unen en Entremesaig\u00fces. El r\u00edo Madriu recorre 11,5 km de territorio con una pendiente media del 7,6%.<\/p>\n<p style=\"text-align: justify;\"><span id=\"result_box\" class=\"\" lang=\"es\"><span class=\"\">El sistema<\/span> <span class=\"\">lacustre<\/span> <span class=\"\">del valle,<\/span> <span class=\"\">de origen glaciar<\/span>, es muy importante, como el de Gargantillar-Els Estanys o el Estany de la Nou, destacando <strong>dos lagos de entre los m\u00e1s grandes del pa\u00eds<\/strong>, el de l\u2019Illa y el de Montmal\u00fas (en la zona tamp\u00f3n), ambos en la parroquia de Encamp. <\/span><span id=\"result_box\" class=\"\" lang=\"es\">Sus aguas tranquilas, fr\u00edas y pobres <span class=\"\">en nutrientes,<\/span> permiten que pervivan especies vegetales adaptadas a este entorno tan <span class=\"\">duro.<\/span><\/span><\/p>\n<p><span id=\"result_box\" class=\"\" lang=\"es\">Numerosas fuentes y arroyos aparecen como consecuencia del deshielo <span class=\"\">de nieve acumulada<\/span> en invierno. De temperatura estable durante todo el a\u00f1o (entre 6\u00ba y 8\u00baC), <span class=\"\">permiten un<\/span> entorno estable para el crecimiento de variedades vegetales en las <span class=\"\">orillas.<\/span><\/span><\/p>\n<p class=\"western\" style=\"text-align: justify;\">Hist\u00f3ricamente el agua se ha asociado a aprovechamientos y a actividades como las fraguas, los molinos, el riego, la producci\u00f3n hidroel\u00e9ctrica o el agua potable, que han generado estructuras, hoy en d\u00eda ya consideradas culturales, algunas de ellas desaparecidas y otras a\u00fan en funcionamiento o en pie.<\/p>\n<p class=\"western\" style=\"text-align: justify;\">El agua captada del r\u00edo Madriu permite producir un <strong>15% del total de la energ\u00eda el\u00e9ctrica generada<\/strong> en el pa\u00eds, y sus aguas garantizan el suministro de agua potable al <strong>20% de la poblaci\u00f3n nacional<\/strong>.<\/p>\n<p>[\/vc_column_text]<div class=\"clearboth\"><\/div><style>#thegem-divider-69dfacb2080fe {margin-top: 40px !important;}<\/style><div id=\"thegem-divider-69dfacb2080fe\" class=\"gem-divider  \" style=\"\" ><\/div>[\/vc_column][\/vc_row][vc_row][vc_column]<div   class=\"gem-quote gem-quote-style-4 gem-quote-no-paddings \" ><blockquote  >El agua representa en este paisaje cultural un valor inmaterial de una enorme importancia.<\/blockquote><\/div>[\/vc_column][\/vc_row][vc_row][vc_column][vc_column_text]<\/p>\n<h3>LOS HUMEDALES<\/h3>\n<p>Las zonas h\u00famedas en Andorra (humedales, estanques, balsas y lagos) son terrenos inundados de agua de forma permanente o temporal. Estas condiciones especiales propician el desarrollo de una fauna y una flora muy espec\u00edfica y de gran valor patrimonial. Su rareza y fragilidad, y la poca extensi\u00f3n que ocupan, las hacen a\u00fan m\u00e1s valiosas. Estos mosaicos de ecosistemas son altamente din\u00e1micos y aportan m\u00faltiples beneficios al ser humano:<\/p>\n<p>\u2013 constituyen importantes reservas de agua y regulan su calidad.<br \/>\n\u2013 participan en el funcionamiento hidrol\u00f3gico del escurrimiento.<br \/>\n\u2013participan en la regulaci\u00f3n del clima local.<br \/>\n\u2013 son archivos de la historia de la tierra, puesto que en la turba se conservan intactos tanto restos vegetales como arqueol\u00f3gicos.<br \/>\n\u2013 nos ofrecen paisajes de un gran valor natural, est\u00e9tico y cultural.<\/p>\n<p>Los humedales del valle se encuentran en buen estado de conservaci\u00f3n gracias a la reducida influencia antropog\u00e9nica. Ofrecen una buena representaci\u00f3n de la biodiversidad caracter\u00edstica de las zonas h\u00famedas pirenaicas de agua \u00e1cida y sustentan especies de flora y fauna que se encuentran en peligro de extinci\u00f3n, as\u00ed como h\u00e1bitats de inter\u00e9s cultural y ecol\u00f3gico.<\/p>\n<p>La importancia de estos ambientes h\u00famedos a nivel mundial propici\u00f3 en 2012 la adhesi\u00f3n de Andorra al Convenio de <strong>RAMSAR<\/strong> incluyendo los 59 humedales del Parque\u00a0 Natural de la Vall de Sorteny a la lista de humedales de importancia internacional.<\/p>\n<p>En 2013, el valle del Madriu-Perafita-Claror fu\u00e9 la segunda zona del pa\u00eds en ser designada como zona de importancia internacional por el convenio de Ramsar, ya que en su territorio se encuentran 350 zonas h\u00famedas con habitats i especias de fauna y flora de gran inter\u00e9s para su conservaci\u00f3n.<br \/>\n(ver: <a href=\"https:\/\/rsis.ramsar.org\/ris\/2183\">https:\/\/rsis.ramsar.org\/ris\/2183<\/a>).<\/p>\n<p>Con esta inscripci\u00f3n se pretende revestir de car\u00e1cter internacional el reconocimiento y la protecci\u00f3n de estos recursos naturales, ya que este convenio internacional promueve i defiende una gesti\u00f3n integrada de los ecosistemas i favorece la b\u00fasqueda de un equilibrio entre el hombre y el medio ambiente.<\/p>\n<p>El llamado Convenio de Ramsar \u00e9s un tratado intergubernamental en el que se ratifican los compromisos asumidos por los pa\u00edses miembros para mantener las caracter\u00edsticas ecol\u00f3gicas de las zonas h\u00famedas y planificar el uso racional o sostenible de todos los humedales situados en sus territorios.<\/p>\n<p>Para m\u00e1s informaci\u00f3n, pueden consultar los siguientes enlaces:<\/p>\n<p><img class=\"alignnone size-medium wp-image-31053\" src=\"https:\/\/www.madriu-perafita-claror.ad\/wp-content\/uploads\/2019\/04\/trilingual-300x209.png\" alt=\"\" width=\"300\" height=\"209\" \/><\/p>\n<ul>\n<li><a href=\"https:\/\/www.ramsar.org\" target=\"_blank\" rel=\"noopener noreferrer\">https:\/\/www.ramsar.org<\/a><\/li>\n<li><a href=\"http:\/\/www.ramsar.org\/wetland\/andorra\" target=\"_blank\" rel=\"noopener noreferrer\">http:\/\/www.ramsar.org\/wetland\/andorra<\/a><\/li>\n<li><a href=\"http:\/\/www.mediambient.ad\/biodiversitat\/zones-humides\" target=\"_blank\" rel=\"noopener noreferrer\">http:\/\/www.mediambient.ad\/biodiversitat\/zones-humides<\/a><\/li>\n<\/ul>\n<p>[\/vc_column_text][\/vc_column][\/vc_row]<\/p>\n<\/div>","protected":false},"excerpt":{"rendered":"<p>[vc_row][vc_column][vc_separator][vc_single_image image=\u00bb34477&#8243; img_size=\u00bbfull\u00bb][\/vc_column][\/vc_row][vc_row][vc_column][vc_column_text css=\u00bb\u00bb] EL AGUA [\/vc_column_text][vc_column_text] El agua representa en este paisaje cultural un valor inmaterial de una enorme&#8230;<\/p>\n","protected":false},"author":1,"featured_media":0,"parent":0,"menu_order":0,"comment_status":"closed","ping_status":"closed","template":"","meta":{"_acf_changed":false,"footnotes":""},"class_list":["post-35325","page","type-page","status-publish"],"acf":[],"_links":{"self":[{"href":"https:\/\/www.madriu-perafita-claror.ad\/es\/wp-json\/wp\/v2\/pages\/35325","targetHints":{"allow":["GET"]}}],"collection":[{"href":"https:\/\/www.madriu-perafita-claror.ad\/es\/wp-json\/wp\/v2\/pages"}],"about":[{"href":"https:\/\/www.madriu-perafita-claror.ad\/es\/wp-json\/wp\/v2\/types\/page"}],"author":[{"embeddable":true,"href":"https:\/\/www.madriu-perafita-claror.ad\/es\/wp-json\/wp\/v2\/users\/1"}],"replies":[{"embeddable":true,"href":"https:\/\/www.madriu-perafita-claror.ad\/es\/wp-json\/wp\/v2\/comments?post=35325"}],"version-history":[{"count":0,"href":"https:\/\/www.madriu-perafita-claror.ad\/es\/wp-json\/wp\/v2\/pages\/35325\/revisions"}],"wp:attachment":[{"href":"https:\/\/www.madriu-perafita-claror.ad\/es\/wp-json\/wp\/v2\/media?parent=35325"}],"curies":[{"name":"wp","href":"https:\/\/api.w.org\/{rel}","templated":true}]}}