{"id":35335,"date":"2019-03-22T17:05:47","date_gmt":"2019-03-22T17:05:47","guid":{"rendered":"https:\/\/www.madriu-perafita-claror.ad\/la-siderurgia"},"modified":"2025-07-04T09:13:08","modified_gmt":"2025-07-04T08:13:08","slug":"siderurgia","status":"publish","type":"page","link":"https:\/\/www.madriu-perafita-claror.ad\/es\/siderurgia\/","title":{"rendered":"Siderurgia"},"content":{"rendered":"<div class=\"wpb-content-wrapper\"><p>[vc_row][vc_column][vc_separator][vc_single_image image=\u00bb34489&#8243; img_size=\u00bbfull\u00bb][\/vc_column][\/vc_row][vc_row][vc_column][vc_column_text css=\u00bb\u00bb]<\/p>\n<h2>SIDERURGIA<\/h2>\n<p>[\/vc_column_text][vc_column_text css=\u00bb\u00bb]Junto a la agricultura y la ganader\u00eda, la fragua ha sido uno de los pilares de la econom\u00eda andorrana en la \u00e9poca moderna. Entre los siglos XVIII y XIX se estima que hubo 16 fraguas en Andorra, 8 de las cuales funcionaron de manera simult\u00e1nea. Una de ellas es la que se conoce como la fragua del Madriu, se construy\u00f3 en el valle del Madriu en el lugar que hoy se llama Sol\u00e0 de la Farga.<\/p>\n<p style=\"text-align: justify;\">No se han conservado los libros de contabilidad de la fragua, y por eso es complicado saber m\u00e1s cosas de la explotaci\u00f3n que se hizo.<\/p>\n<p style=\"text-align: justify;\">Seg\u00fan los contratos de alquiler que se conservan en el <em>com\u00fa<\/em> de Andorra la Vella, la fragua se construy\u00f3 en 1732. Los contratos especificaban, entre otros aspectos, los bosques de los que se ten\u00eda que obtener el carb\u00f3n, la cesi\u00f3n de los derechos de extracci\u00f3n de las minas, la conservaci\u00f3n de las instalaciones y del material de la fragua y la cesi\u00f3n del <em>cort\u00f3<\/em> del Estall Serrer para que paciesen los animales de los arrieros.<\/p>\n<p style=\"text-align: justify;\">El dominio de la fragua se extend\u00eda, a grosso modo, desde el sector de Engolasters y del obac de Escaldes hasta las cabeceras de los valles del Madriu, Perafita y Claror. Para implantar la f\u00e1brica no se escogi\u00f3 un paraje cerca de un r\u00edo con mucho caudal, sino que se privilegi\u00f3 la proximidad a los recursos naturales que gastaba.<\/p>\n<p style=\"text-align: justify;\">Inicialmente se crey\u00f3 que el mineral se extraer\u00eda de la Maiana, pero esta opci\u00f3n fue un fracaso y los concesionarios tuvieron que negociar con el usufructuario de la mina de Pimorent (Francia) un derecho anual para importar mineral,\u00a0 a cambio del pago de 84 libras barcelonesas.<\/p>\n<p>[\/vc_column_text][\/vc_column][\/vc_row][vc_row][vc_column width=\u00bb1\/2&#8243;][vc_single_image image=\u00bb34864&#8243; img_size=\u00bbfull\u00bb alignment=\u00bbcenter\u00bb][vc_column_text]<\/p>\n<p style=\"text-align: center;\"><em>Restos de la Farga de Escaldes<\/em><\/p>\n<p>[\/vc_column_text][\/vc_column][vc_column width=\u00bb1\/2&#8243;][vc_single_image image=\u00bb34867&#8243; img_size=\u00bbfull\u00bb alignment=\u00bbcenter\u00bb][vc_column_text]<\/p>\n<p style=\"text-align: center;\"><em>Carboneras en el VMPC<\/em><\/p>\n<p>[\/vc_column_text][\/vc_column][\/vc_row][vc_row][vc_column][vc_column_text css=\u00bb\u00bb]<\/p>\n<p style=\"text-align: justify;\">El conjunto de la normativa comunal muestra de manera evidente que el carboneo no se autorizaba de cualquier manera. Al tratarse de una actividad de tala importante que afectaba moment\u00e1neamente el bosque, las normativas comunales velaban para evitar la erradicaci\u00f3n de los bosques y potenciar su regeneraci\u00f3n. Adem\u00e1s, los inquilinos de la fragua solo pod\u00edan talar \u00e1rboles para hacer funcionar la fragua, la reventa del carb\u00f3n estaba prohibida.<\/p>\n<p style=\"text-align: justify;\">El dif\u00edcil emplazamiento de la Fragua del Madriu hizo que no fuese una de las m\u00e1s importantes, pero, por la misma raz\u00f3n, s\u00ed que fue una de las m\u00e1s singulares. Su situaci\u00f3n, alejada de n\u00facleos de poblaci\u00f3n y en un paraje relativamente elevado, restring\u00eda la \u00e9poca de explotaci\u00f3n pr\u00e1cticamente a los meses de verano. La reducci\u00f3n del tiempo de trabajo se ten\u00eda que compensar con el ahorro, que se hab\u00eda supuesto representar\u00eda estar m\u00e1s cerca de yacimiento minero, pero ya hemos dicho que eso, finalmente, no fue as\u00ed y el mineral tuvo que ser importado de Francia.<\/p>\n<p style=\"text-align: justify;\">El sistema de producci\u00f3n de la fragua del Madriu era, como el resto de industrias de este tipo en Andorra, el que se conoc\u00eda como fragua catalana. La fragua estaba integrada b\u00e1sicamente por un horno, en el cual se efectuaba la reducci\u00f3n de los \u00f3xidos de hierro con carb\u00f3n vegetal para obtener el hierro, y por uno o dos martinetes que forjaban los lingotes. Los \u00f3xidos de hierro y el carb\u00f3n eran introducidos en capas superpuestas, y a continuaci\u00f3n se alimentaba la combusti\u00f3n mediante la inyecci\u00f3n del aire a presi\u00f3n que proporcionaba la tobera, una tuber\u00eda por donde se hac\u00eda bajar agua. El caudal de agua en su ca\u00edda arrastraba el aire que alimentaba el horno para fundir el mineral. Se obten\u00eda as\u00ed una masa pastosa de hierro y escorias que se trabajaba en el martinete, movido tambi\u00e9n por la fuerza hidr\u00e1ulica. Los golpes del martinete desprend\u00edan las escorias y se bat\u00eda el hierro hasta obtener los lingotes de las dimensiones y el peso adecuados para ser exportados.<\/p>\n<p style=\"text-align: justify;\">El metal que se obten\u00eda a las fraguas del Principado hab\u00eda adquirido la fama de ser de muy buena calidad, pero ten\u00eda el inconveniente que el precio era relativamente elevado. Una parte de la producci\u00f3n se consum\u00eda en el pa\u00eds, pero la mayor parte se exportaba a Catalu\u00f1a.<\/p>\n<p style=\"text-align: justify;\">Las fraguas, como ya se ha apuntado, necesitaban grandes cantidades de carb\u00f3n para su funcionamiento. El carb\u00f3n lo prove\u00edan los grupos de carboneros, que trabajaban directamente para la fragua, mediante la combusti\u00f3n lenta de le\u00f1a de pino en las carboneras que se habilitaban en los mismos bosques del valle. Las carboneras que se han encontrado en el valle (a d\u00eda de hoy, m\u00e1s de 600, aunque no todas carbonizaban para la fragua, tambi\u00e9n se produc\u00eda carb\u00f3n para combustible de calefacci\u00f3n) tienen formas diversas. Las hay circulares, el\u00edpticas y cuadrangulares. Las que estaban en un terreno inclinado sol\u00edan tener un muro de contenci\u00f3n levantado en piedra, en algunos casos rectil\u00edneo i en otros en forma de media luna. En cambio las que se han localizado en terreno llano normalmente no tiene ninguna estructura asociada; como mucho un c\u00edrculo de de piedras para delimitar el espacio de combusti\u00f3n. A menudo las carboneras se encuentran agrupadas en conjuntos de dos o tres y cerca hay restos de caba\u00f1as provisionales para los carboneros. Estas caba\u00f1as eran peque\u00f1as construcciones de madera y ramas encima de una base de piedra. A pesar de tratarse de edificaciones ef\u00edmeras, ya que los carboneros se desplazaban continuamente por los bosques del valle, forman un conjunto de vestigios singulares del uso que el hombre ha hecho del valle.<\/p>\n<p style=\"text-align: justify;\">La desaparici\u00f3n de la fragua del Madriu (entre 1832\/36) coincidi\u00f3 con el inicio del descenso de la industria sider\u00fargica al Principado. Posiblemente por ese motivo, nadie tuvo inter\u00e9s en volver a levantarla para continuar la explotaci\u00f3n.<\/p>\n<p>[\/vc_column_text][\/vc_column][\/vc_row][vc_row][vc_column][vc_btn title=\u00bbInformaci\u00f3n del itinerario \u00abSiderurgia\u00ab a \u00abRutas tem\u00e1ticas\u00ab\u00bb color=\u00bbprimary\u00bb css=\u00bb\u00bb link=\u00bburl:https%3A%2F%2Fwww.madriu-perafita-claror.ad%2Fwp-content%2Fuploads%2F2025%2F07%2Fguia_madriuES.pdf|title:Rutas%20tem%C3%A1ticas|target:_blank\u00bb][\/vc_column][\/vc_row]<\/p>\n<\/div>","protected":false},"excerpt":{"rendered":"<p>[vc_row][vc_column][vc_separator][vc_single_image image=\u00bb34489&#8243; img_size=\u00bbfull\u00bb][\/vc_column][\/vc_row][vc_row][vc_column][vc_column_text css=\u00bb\u00bb] SIDERURGIA [\/vc_column_text][vc_column_text css=\u00bb\u00bb]Junto a la agricultura y la ganader\u00eda, la fragua ha sido uno de los&#8230;<\/p>\n","protected":false},"author":1,"featured_media":0,"parent":0,"menu_order":0,"comment_status":"closed","ping_status":"closed","template":"","meta":{"_acf_changed":false,"footnotes":""},"class_list":["post-35335","page","type-page","status-publish"],"acf":[],"_links":{"self":[{"href":"https:\/\/www.madriu-perafita-claror.ad\/es\/wp-json\/wp\/v2\/pages\/35335","targetHints":{"allow":["GET"]}}],"collection":[{"href":"https:\/\/www.madriu-perafita-claror.ad\/es\/wp-json\/wp\/v2\/pages"}],"about":[{"href":"https:\/\/www.madriu-perafita-claror.ad\/es\/wp-json\/wp\/v2\/types\/page"}],"author":[{"embeddable":true,"href":"https:\/\/www.madriu-perafita-claror.ad\/es\/wp-json\/wp\/v2\/users\/1"}],"replies":[{"embeddable":true,"href":"https:\/\/www.madriu-perafita-claror.ad\/es\/wp-json\/wp\/v2\/comments?post=35335"}],"version-history":[{"count":4,"href":"https:\/\/www.madriu-perafita-claror.ad\/es\/wp-json\/wp\/v2\/pages\/35335\/revisions"}],"predecessor-version":[{"id":43782,"href":"https:\/\/www.madriu-perafita-claror.ad\/es\/wp-json\/wp\/v2\/pages\/35335\/revisions\/43782"}],"wp:attachment":[{"href":"https:\/\/www.madriu-perafita-claror.ad\/es\/wp-json\/wp\/v2\/media?parent=35335"}],"curies":[{"name":"wp","href":"https:\/\/api.w.org\/{rel}","templated":true}]}}