{"id":36606,"date":"2019-11-14T11:22:14","date_gmt":"2019-11-14T11:22:14","guid":{"rendered":"https:\/\/www.madriu-perafita-claror.ad\/?page_id=36606"},"modified":"2024-08-13T11:47:30","modified_gmt":"2024-08-13T10:47:30","slug":"espacios-protegidos","status":"publish","type":"page","link":"https:\/\/www.madriu-perafita-claror.ad\/es\/espacios-protegidos\/","title":{"rendered":"Espacios protegidos de Andorra"},"content":{"rendered":"<div class=\"wpb-content-wrapper\"><p>[vc_row][vc_column][vc_separator][vc_single_image image=\u00bb34474&#8243; img_size=\u00bbfull\u00bb][\/vc_column][\/vc_row][vc_row][vc_column][vc_column_text css=\u00bb\u00bb]<\/p>\n<h2>ESPACIOS PROTEGIDOS DE ANDORRA<\/h2>\n<p>[\/vc_column_text][vc_column_text css=\u00bb\u00bb]<img class=\"size-medium wp-image-36622 alignleft\" src=\"https:\/\/www.madriu-perafita-claror.ad\/wp-content\/uploads\/2019\/11\/imatge-Guia-Espais-protegits-dAndorra-269x300.jpg\" alt=\"\" width=\"269\" height=\"300\" \/><\/p>\n<p>En Andorra, aparte del valle del Madriu-Perafita-Claror, tenemos dos otros espacios protegidos, los parques naturales del <a href=\"https:\/\/www.sorteny.ad\/\" target=\"_blank\" rel=\"noopener\">Valle de Sorteny<\/a> y el de los <a href=\"https:\/\/comapedrosa.ad\/es\/\" target=\"_blank\" rel=\"noopener\">Valles del Comapedrosa<\/a>, lo que supone probablemente una de las mayores concentraciones de estos espacios protegidos del mundo.<\/p>\n<p>&nbsp;<\/p>\n<p>Si bien los tres espacios tienen caracter\u00edsticas similares tambi\u00e9n tienen muchas singularidades. En referencia al primer aspecto, conviene explicar que los tres buscan, como objetivo principal, la conservaci\u00f3n de su patrimonio, tanto natural como cultural. Asimismo, los tres disponen, adem\u00e1s de un refugio guardado, de una rica y variada red de caminos que permite descubrir sus secretos m\u00e1s escondidos, y los tres forman parte de la lista de humedales de importancia internacional de Ramsar, tratado internacional para la conservaci\u00f3n y el uso sostenible de los medios acu\u00e1ticos.<\/p>\n<p>En cuanto a las particularidades, el Valle del Madriu-Perafita-Claror est\u00e1 inscrito en la lista del Patrimonio de la Humanidad atendiendo su valor paisaj\u00edstico, mientras los otros dos espacios est\u00e1n catalogados como Parques Naturales. El Valle del Madriu-Perafita-Claror destaca por su tama\u00f1o, ya que es mucho m\u00e1s grande que los otros dos parques, y por el hecho de proteger un valle mayor preservado en su totalidad, hecho ins\u00f3lito en los Pirineos. El Parque Natural del Valle de Sorteny resalta por la enorme variedad de especies flor\u00edsticas y h\u00e1bitats que incluye, mientras que los principales protagonistas del Parque Natural Comunal de los Valles del Comapedrosa son las zonas m\u00e1s elevadas del pa\u00eds, incluidos el pico m\u00e1s alto de Andorra, el Comapedrosa (2.942 m), y las especies adaptadas a estos ambientes extremos.<\/p>\n<p>Les invitamos a descubrir estos tres espacios protegidos en la gu\u00eda que encontraran a continuaci\u00f3n (gu\u00eda \u00fanicamente en catal\u00e1n) , donde les presentamos algunas de los muchos paseos y actividades que pueden hacer, tanto si nos visitan en familia como si desean realizar una excursi\u00f3n que requiera cierta preparaci\u00f3n.[\/vc_column_text][vc_message css=\u00bb\u00bb]Descarga la gu\u00eda <strong>Espais protegits d&#8217;Andorra<\/strong> haciendo clic <a href=\"https:\/\/www.madriu-perafita-claror.ad\/wp-content\/uploads\/2019\/11\/Guia-Espais-Protegits_-final-1.pdf\" target=\"_blank\" rel=\"noopener\">aqu\u00ed<\/a>.[\/vc_message][\/vc_column][\/vc_row]<\/p>\n<\/div>","protected":false},"excerpt":{"rendered":"<p>[vc_row][vc_column][vc_separator][vc_single_image image=\u00bb34474&#8243; img_size=\u00bbfull\u00bb][\/vc_column][\/vc_row][vc_row][vc_column][vc_column_text css=\u00bb\u00bb] ESPACIOS PROTEGIDOS DE ANDORRA [\/vc_column_text][vc_column_text css=\u00bb\u00bb] En Andorra, aparte del valle del Madriu-Perafita-Claror, tenemos dos otros&#8230;<\/p>\n","protected":false},"author":5,"featured_media":0,"parent":0,"menu_order":0,"comment_status":"closed","ping_status":"closed","template":"","meta":{"_acf_changed":false,"footnotes":""},"class_list":["post-36606","page","type-page","status-publish"],"acf":[],"_links":{"self":[{"href":"https:\/\/www.madriu-perafita-claror.ad\/es\/wp-json\/wp\/v2\/pages\/36606","targetHints":{"allow":["GET"]}}],"collection":[{"href":"https:\/\/www.madriu-perafita-claror.ad\/es\/wp-json\/wp\/v2\/pages"}],"about":[{"href":"https:\/\/www.madriu-perafita-claror.ad\/es\/wp-json\/wp\/v2\/types\/page"}],"author":[{"embeddable":true,"href":"https:\/\/www.madriu-perafita-claror.ad\/es\/wp-json\/wp\/v2\/users\/5"}],"replies":[{"embeddable":true,"href":"https:\/\/www.madriu-perafita-claror.ad\/es\/wp-json\/wp\/v2\/comments?post=36606"}],"version-history":[{"count":1,"href":"https:\/\/www.madriu-perafita-claror.ad\/es\/wp-json\/wp\/v2\/pages\/36606\/revisions"}],"predecessor-version":[{"id":43340,"href":"https:\/\/www.madriu-perafita-claror.ad\/es\/wp-json\/wp\/v2\/pages\/36606\/revisions\/43340"}],"wp:attachment":[{"href":"https:\/\/www.madriu-perafita-claror.ad\/es\/wp-json\/wp\/v2\/media?parent=36606"}],"curies":[{"name":"wp","href":"https:\/\/api.w.org\/{rel}","templated":true}]}}