{"id":38020,"date":"2020-01-24T11:04:45","date_gmt":"2020-01-24T11:04:45","guid":{"rendered":"https:\/\/www.madriu-perafita-claror.ad\/merxandatge-de-la-vmpc\/"},"modified":"2026-02-11T11:41:11","modified_gmt":"2026-02-11T11:41:11","slug":"merxandatge-de-la-vmpc","status":"publish","type":"page","link":"https:\/\/www.madriu-perafita-claror.ad\/es\/merxandatge-de-la-vmpc\/","title":{"rendered":"Merchandising del VMPC"},"content":{"rendered":"<div class=\"wpb-content-wrapper\"><p>[vc_row][vc_column][vc_separator][vc_single_image image=\u00bb44070&#8243; img_size=\u00bbfull\u00bb alignment=\u00bbcenter\u00bb css=\u00bb\u00bb][\/vc_column][\/vc_row][vc_row][vc_column][vc_column_text]<\/p>\n<h2>MERCHANDISING DEL VMPC<\/h2>\n<p>[\/vc_column_text][vc_column_text]\u00c9ste es el material de merchandising que podr\u00e1n encontrar en el Portal de la Vall, as\u00ed como en las oficinas de turismo de Encamp, Andorra la Vella, Sant Juli\u00e0 de L\u00f2ria y Escaldes-Engordany:[\/vc_column_text][\/vc_column][\/vc_row][vc_row][vc_column]<div class=\"gem-table gem-table-responsive gem-table-style-1\"><table style=\"border-collapse: collapse; width: 100%;\" border=\"1\">\n<tbody>\n<tr>\n<td style=\"width: 25%;\"><img class=\"alignnone wp-image-37922 aligncenter\" src=\"https:\/\/www.madriu-perafita-claror.ad\/wp-content\/uploads\/2020\/01\/Captura-de-pantalla-2020-01-24-a-las-11.10.43.png\" alt=\"\" width=\"171\" height=\"176\" \/><\/p>\n<p style=\"text-align: center;\"><strong>Postales Bordas de R\u00e0mio<\/strong><br \/>\n1,00 \u20ac<\/p>\n<\/td>\n<td style=\"width: 25%; text-align: center;\">\n<p><img class=\"alignnone wp-image-37914\" src=\"https:\/\/www.madriu-perafita-claror.ad\/wp-content\/uploads\/2020\/01\/Captura-de-pantalla-2020-01-24-a-las-11.11.05.png\" alt=\"\" width=\"234\" height=\"176\" \/><\/p>\n<p><strong>Postales Estany de la Bova<\/strong><br \/>\n1,00 \u20ac<\/td>\n<td style=\"width: 25%; text-align: center;\">\n<p><img class=\"alignnone wp-image-37918\" src=\"https:\/\/www.madriu-perafita-claror.ad\/wp-content\/uploads\/2020\/01\/Captura-de-pantalla-2020-01-24-a-las-11.10.51.png\" alt=\"\" width=\"167\" height=\"176\" \/><\/p>\n<p><strong>Postales Claror<\/strong><br \/>\n1,00 \u20ac<\/td>\n<td style=\"width: 25%; text-align: center;\">\n<p><img class=\"alignnone wp-image-37910\" src=\"https:\/\/www.madriu-perafita-claror.ad\/wp-content\/uploads\/2020\/01\/Captura-de-pantalla-2020-01-24-a-las-11.11.12.png\" alt=\"\" width=\"227\" height=\"176\" \/><\/p>\n<p><strong>Postales Pla de l&#8217;Ingla<\/strong><br \/>\n1,00 \u20ac<\/td>\n<\/tr>\n<tr>\n<td style=\"width: 25%;\"><img class=\"wp-image-37962 aligncenter\" src=\"https:\/\/www.madriu-perafita-claror.ad\/wp-content\/uploads\/2020\/01\/Captura-de-pantalla-2020-01-24-a-las-11.36.20.png\" alt=\"\" width=\"147\" height=\"115\" \/><\/p>\n<p style=\"text-align: center;\"><strong>Iman<\/strong><br \/>\n2,00 \u20ac<\/p>\n<\/td>\n<td style=\"width: 25%;\">\n<p style=\"text-align: center;\"><img class=\"wp-image-37970 aligncenter\" style=\"font-family: inherit; font-size: inherit;\" src=\"https:\/\/www.madriu-perafita-claror.ad\/wp-content\/uploads\/2020\/01\/Captura-de-pantalla-2020-01-24-a-las-11.36.27.png\" alt=\"\" width=\"176\" height=\"115\" \/><\/p>\n<p style=\"text-align: center;\"><strong>Iman<\/strong><br \/>\n2,00 \u20ac<\/p>\n<\/td>\n<td style=\"width: 25%;\"><img class=\"wp-image-37946 aligncenter\" src=\"https:\/\/www.madriu-perafita-claror.ad\/wp-content\/uploads\/2020\/01\/Captura-de-pantalla-2020-01-24-a-las-11.21.28-1.png\" alt=\"\" width=\"216\" height=\"195\" srcset=\"https:\/\/www.madriu-perafita-claror.ad\/wp-content\/uploads\/2020\/01\/Captura-de-pantalla-2020-01-24-a-las-11.21.28-1.png 447w, https:\/\/www.madriu-perafita-claror.ad\/wp-content\/uploads\/2020\/01\/Captura-de-pantalla-2020-01-24-a-las-11.21.28-1-300x270.png 300w\" sizes=\"(max-width: 216px) 100vw, 216px\" \/><\/p>\n<p style=\"text-align: center;\"><strong>Documental VMPC<\/strong><br \/>\n<strong>Jaume Riba y \u00c0lex Tena<\/strong><br \/>\n6,00 \u20ac DVD<\/p>\n<\/td>\n<td style=\"width: 25%;\"><img class=\"wp-image-37954 aligncenter\" style=\"font-family: inherit; font-size: inherit;\" src=\"https:\/\/www.madriu-perafita-claror.ad\/wp-content\/uploads\/2020\/01\/Captura-de-pantalla-2020-01-24-a-las-11.21.36-1.png\" alt=\"\" width=\"136\" height=\"222\" srcset=\"https:\/\/www.madriu-perafita-claror.ad\/wp-content\/uploads\/2020\/01\/Captura-de-pantalla-2020-01-24-a-las-11.21.36-1.png 282w, https:\/\/www.madriu-perafita-claror.ad\/wp-content\/uploads\/2020\/01\/Captura-de-pantalla-2020-01-24-a-las-11.21.36-1-184x300.png 184w\" sizes=\"(max-width: 136px) 100vw, 136px\" \/><\/p>\n<p style=\"text-align: center;\"><strong>Donde observar naturaleza en Andorra<\/strong><br \/>\n15,00 \u20ac Libro<\/p>\n<\/td>\n<\/tr>\n<tr>\n<td style=\"width: 25%;\"><img class=\" wp-image-37986 aligncenter\" src=\"https:\/\/www.madriu-perafita-claror.ad\/wp-content\/uploads\/2020\/01\/Captura-de-pantalla-2020-01-24-a-las-11.36.45.png\" alt=\"\" width=\"195\" height=\"281\" \/><\/p>\n<p style=\"text-align: center;\"><strong>Camiseta<\/strong><br \/>\n10,00 \u20ac<\/p>\n<\/td>\n<td style=\"width: 25%;\"><img class=\" wp-image-37978 aligncenter\" src=\"https:\/\/www.madriu-perafita-claror.ad\/wp-content\/uploads\/2020\/01\/Captura-de-pantalla-2020-01-24-a-las-11.36.37.png\" alt=\"\" width=\"193\" height=\"281\" \/><\/p>\n<p style=\"text-align: center;\"><strong>Camiseta<\/strong><br \/>\n10,00 \u20ac<\/p>\n<\/td>\n<td style=\"width: 25%;\"><img class=\" wp-image-37994 aligncenter\" src=\"https:\/\/www.madriu-perafita-claror.ad\/wp-content\/uploads\/2020\/01\/Captura-de-pantalla-2020-01-24-a-las-11.36.57.png\" alt=\"\" width=\"179\" height=\"54\" \/><\/p>\n<p style=\"text-align: center;\"><strong>Bol\u00edgrafo madera<\/strong><br \/>\n3,00 \u20ac<\/p>\n<\/td>\n<td style=\"width: 25%;\"><img class=\" wp-image-37998 aligncenter\" src=\"https:\/\/www.madriu-perafita-claror.ad\/wp-content\/uploads\/2020\/01\/Captura-de-pantalla-2020-01-24-a-las-11.37.05.png\" alt=\"\" width=\"196\" height=\"113\" \/><\/p>\n<p style=\"text-align: center;\"><strong>Set l\u00e0pices de colores<\/strong><br \/>\n4,00 \u20ac<\/p>\n<\/td>\n<\/tr>\n<tr>\n<td style=\"width: 25%;\"><img class=\"wp-image-37942 aligncenter\" src=\"https:\/\/www.madriu-perafita-claror.ad\/wp-content\/uploads\/2020\/01\/Captura-de-pantalla-2020-01-24-a-las-11.37.11.png\" alt=\"\" width=\"163\" height=\"202\" srcset=\"https:\/\/www.madriu-perafita-claror.ad\/wp-content\/uploads\/2020\/01\/Captura-de-pantalla-2020-01-24-a-las-11.37.11.png 276w, https:\/\/www.madriu-perafita-claror.ad\/wp-content\/uploads\/2020\/01\/Captura-de-pantalla-2020-01-24-a-las-11.37.11-242x300.png 242w\" sizes=\"(max-width: 163px) 100vw, 163px\" \/><\/p>\n<p style=\"text-align: center;\"><strong>Libreta con bol\u00edgrafo<\/strong><br \/>\n6,00 \u20ac<\/p>\n<\/td>\n<td style=\"width: 25%;\">\n<p style=\"text-align: center;\"><img class=\"alignnone wp-image-37985\" src=\"https:\/\/www.madriu-perafita-claror.ad\/wp-content\/uploads\/2020\/01\/Captura-de-pantalla-2020-01-24-a-las-11.37.50.png\" alt=\"\" width=\"109\" height=\"193\" \/><\/p>\n<p style=\"text-align: center;\"><strong>Andorra GRP<\/strong><br \/>\n14,00 \u20ac<\/p>\n<\/td>\n<td style=\"width: 25%;\"><img class=\" wp-image-37958 aligncenter\" src=\"https:\/\/www.madriu-perafita-claror.ad\/wp-content\/uploads\/2020\/01\/Captura-de-pantalla-2020-01-24-a-las-11.37.30.png\" alt=\"\" width=\"215\" height=\"151\" srcset=\"https:\/\/www.madriu-perafita-claror.ad\/wp-content\/uploads\/2020\/01\/Captura-de-pantalla-2020-01-24-a-las-11.37.30.png 616w, https:\/\/www.madriu-perafita-claror.ad\/wp-content\/uploads\/2020\/01\/Captura-de-pantalla-2020-01-24-a-las-11.37.30-600x422.png 600w, https:\/\/www.madriu-perafita-claror.ad\/wp-content\/uploads\/2020\/01\/Captura-de-pantalla-2020-01-24-a-las-11.37.30-300x211.png 300w\" sizes=\"(max-width: 215px) 100vw, 215px\" \/><\/p>\n<p style=\"text-align: center;\"><strong>Mapa de refugios y GR<\/strong><br \/>\n2,90 \u20ac<\/p>\n<\/td>\n<td style=\"width: 25%;\"><img class=\" wp-image-37966 aligncenter\" src=\"https:\/\/www.madriu-perafita-claror.ad\/wp-content\/uploads\/2020\/01\/Captura-de-pantalla-2020-01-24-a-las-11.37.37.png\" alt=\"\" width=\"199\" height=\"112\" \/><\/p>\n<p style=\"text-align: center;\"><strong>Caminos de Andorra<\/strong><br \/>\n5,00 \u20ac<\/p>\n<\/td>\n<\/tr>\n<tr>\n<td style=\"width: 25%;\"><img class=\"wp-image-37974 aligncenter\" src=\"https:\/\/www.madriu-perafita-claror.ad\/wp-content\/uploads\/2020\/01\/Captura-de-pantalla-2020-01-24-a-las-11.37.44.png\" alt=\"\" width=\"116\" height=\"207\" \/><\/p>\n<p style=\"text-align: center;\"><strong>Camino de reencuentro<\/strong><br \/>\n10,00 \u20ac<\/p>\n<\/td>\n<td style=\"width: 25%;\"><img class=\"alignnone wp-image-37993 size-full\" src=\"https:\/\/www.madriu-perafita-claror.ad\/wp-content\/uploads\/2020\/01\/Captura-de-pantalla-2020-01-24-a-las-11.38.01.png\" alt=\"\" width=\"466\" height=\"361\" \/><\/p>\n<p style=\"text-align: center;\"><strong>Molly visita Andorra <\/strong><\/p>\n<p style=\"text-align: center;\"><strong>El tesoro de Carlemany<\/strong><br \/>\n14,00 \u20ac<\/p>\n<\/td>\n<td style=\"width: 25%;\">&nbsp;<\/p>\n<p style=\"text-align: center;\">\n<\/td>\n<td style=\"width: 25%;\"><\/td>\n<\/tr>\n<\/tbody>\n<\/table>\n<\/div>[\/vc_column][\/vc_row]<\/p>\n<\/div>","protected":false},"excerpt":{"rendered":"<p>[vc_row][vc_column][vc_separator][vc_single_image image=\u00bb44070&#8243; img_size=\u00bbfull\u00bb alignment=\u00bbcenter\u00bb css=\u00bb\u00bb][\/vc_column][\/vc_row][vc_row][vc_column][vc_column_text] MERCHANDISING DEL VMPC [\/vc_column_text][vc_column_text]\u00c9ste es el material de merchandising que podr\u00e1n encontrar en el Portal&#8230;<\/p>\n","protected":false},"author":1,"featured_media":0,"parent":0,"menu_order":0,"comment_status":"closed","ping_status":"closed","template":"","meta":{"_acf_changed":false,"footnotes":""},"class_list":["post-38020","page","type-page","status-publish"],"acf":[],"_links":{"self":[{"href":"https:\/\/www.madriu-perafita-claror.ad\/es\/wp-json\/wp\/v2\/pages\/38020","targetHints":{"allow":["GET"]}}],"collection":[{"href":"https:\/\/www.madriu-perafita-claror.ad\/es\/wp-json\/wp\/v2\/pages"}],"about":[{"href":"https:\/\/www.madriu-perafita-claror.ad\/es\/wp-json\/wp\/v2\/types\/page"}],"author":[{"embeddable":true,"href":"https:\/\/www.madriu-perafita-claror.ad\/es\/wp-json\/wp\/v2\/users\/1"}],"replies":[{"embeddable":true,"href":"https:\/\/www.madriu-perafita-claror.ad\/es\/wp-json\/wp\/v2\/comments?post=38020"}],"version-history":[{"count":6,"href":"https:\/\/www.madriu-perafita-claror.ad\/es\/wp-json\/wp\/v2\/pages\/38020\/revisions"}],"predecessor-version":[{"id":44142,"href":"https:\/\/www.madriu-perafita-claror.ad\/es\/wp-json\/wp\/v2\/pages\/38020\/revisions\/44142"}],"wp:attachment":[{"href":"https:\/\/www.madriu-perafita-claror.ad\/es\/wp-json\/wp\/v2\/media?parent=38020"}],"curies":[{"name":"wp","href":"https:\/\/api.w.org\/{rel}","templated":true}]}}