{"id":38270,"date":"2020-04-15T08:10:42","date_gmt":"2020-04-15T07:10:42","guid":{"rendered":"https:\/\/www.madriu-perafita-claror.ad\/?page_id=38270"},"modified":"2024-08-13T09:15:59","modified_gmt":"2024-08-13T08:15:59","slug":"la-candidatura","status":"publish","type":"page","link":"https:\/\/www.madriu-perafita-claror.ad\/es\/la-candidatura\/","title":{"rendered":"La candidatura"},"content":{"rendered":"<div class=\"wpb-content-wrapper\"><p>[vc_row][vc_column][vc_separator][vc_single_image image=\u00bb34729&#8243; img_size=\u00bbfull\u00bb][\/vc_column][\/vc_row][vc_row][vc_column][vc_column_text css=\u00bb\u00bb]<\/p>\n<h2>la CANDIDATURA DEL vallE A PATRIMONIO DE LA HUMANIDAD<\/h2>\n<p>[\/vc_column_text][vc_column_text]<\/p>\n<p class=\"western\">La presentaci\u00f3n de una candidatura para la inscripci\u00f3n en la Lista del patrimonio mundial de la UNESCO\u00b9 es una prerrogativa exclusiva de los estados parte de la Convenci\u00f3n del patrimonio mundial, firmada por Andorra en 1996. La candidatura del paisaje cultural del valle del Madriu-Perafita-Claror a la Lista del patrimonio mundial fue una iniciativa conjunta del Gobierno de Andorra, de los Comuns de Encamp, Andorra la Vella, Sant Juli\u00e0 de L\u00f2ria y Escaldes-Engordany, de la Comisi\u00f3n Nacional Andorrana para la UNESCO (CNAU) y del Comit\u00e9 Nacional Andorrano del ICOMOS\u00b2, con la participaci\u00f3n de diversos actores con intereses en el valle, as\u00ed como con la de los colectivos que utilizan la zona.<\/p>\n<p class=\"western\">La idea surgi\u00f3 del Comit\u00e9 Nacional Andorrano del ICOMOS y fue presentada por primera vez al Ministerio de Cultura en 2001. El 1 de julio de 2004 el Comit\u00e9 del Patrimonio Mundial, reunido en su 28\u00aa sesi\u00f3n, en Suzhou (China), aprob\u00f3 la inscripci\u00f3n del valle del Madriu-Perafita-Claror a la lista del Patrimonio Mundial, en la categor\u00eda de\u00a0<strong>bienes culturales (paisaje cultural)<\/strong>. Actualmente, s\u00f3lo existen 121 paisajes culturales en todo el mundo.<\/p>\n<p>El valle conserva muchos elementos, as\u00ed como las estructuras de explotaci\u00f3n, organizaci\u00f3n y gesti\u00f3n de los recursos naturales (bosques, pastos, bordas, caminos, agua\u2026) que muestran la utilizaci\u00f3n y la evoluci\u00f3n de este territorio a lo largo de la historia. De gran valor identitario, el valle se ha convertido en un vivo testigo de la historia y de las formas de vida de un pa\u00eds rural de monta\u00f1a. Parajes de una extraordinaria belleza son fruto de la interacci\u00f3n del\u00a0<strong>hombre con el medio.<\/strong>[\/vc_column_text][\/vc_column][\/vc_row][vc_row][vc_column]<div   class=\"gem-quote gem-quote-style-4 \" ><blockquote  >El valle del Madriu-Perafita-Claror es un paisaje cultural, una\u00a0<strong>\u201cobra conjunta del hombre y de la naturaleza<\/strong>, que forma una unidad coherente por sus valores est\u00e9ticos, hist\u00f3ricos o culturales\u201d (Ley 9\/2003, del patrimonio cultural de Andorra).<\/blockquote><\/div>[\/vc_column][\/vc_row][vc_row][vc_column][vc_column_text]Para ser incluido en la lista del Patrimonio de la Humanidad, un sitio debe tener un \u00abvalor universal excepcional\u00bb y debe satisfacer al menos uno de los siguientes criterios de selecci\u00f3n:<sup id=\"cite_ref-7\" class=\"reference separada\"><\/sup><\/p>\n<h3><span id=\"Cultural\" class=\"mw-headline\">Cultural<\/span><\/h3>\n<dl>\n<dd><b>I<\/b>. Representar una obra maestra del genio creativo humano.<\/dd>\n<\/dl>\n<dl>\n<dd><b>II<\/b>. Testimoniar un importante intercambio de valores humanos a lo largo de un periodo de tiempo o dentro de un \u00e1rea cultural del mundo, en el desarrollo de la arquitectura, tecnolog\u00eda, artes monumentales, urbanismo o dise\u00f1o paisaj\u00edstico.<\/dd>\n<\/dl>\n<dl>\n<dd><b>III<\/b>. Aportar un testimonio \u00fanico o al menos excepcional de una tradici\u00f3n cultural o de una civilizaci\u00f3n existente o ya desaparecida.<\/dd>\n<\/dl>\n<dl>\n<dd><b>IV<\/b>. Ofrecer un ejemplo eminente de un tipo de edificio, conjunto arquitect\u00f3nico, tecnol\u00f3gico o paisaje, que ilustre una etapa significativa de la historia humana.<\/dd>\n<\/dl>\n<dl>\n<dd><b>V<\/b>. Ser un ejemplo eminente de una tradici\u00f3n de asentamiento humano, utilizaci\u00f3n del mar o de la tierra, que sea representativa de una cultura (o culturas), o de la interacci\u00f3n humana con el medio ambiente especialmente cuando este se vuelva vulnerable frente al impacto de cambios irreversibles.<\/dd>\n<\/dl>\n<dl>\n<dd><b>VI<\/b>. Estar directa o tangiblemente asociado con eventos o tradiciones vivas, con ideas o con creencias, con trabajos art\u00edsticos y literarios de destacada significaci\u00f3n universal. (El comit\u00e9 considera que este criterio debe estar preferentemente acompa\u00f1ado de otros criterios)<\/dd>\n<\/dl>\n<h3><span id=\"Natural\" class=\"mw-headline\">Natural<\/span><\/h3>\n<dl>\n<dd><b>VII<\/b>. Contener fen\u00f3menos naturales superlativos o \u00e1reas de excepcional belleza natural e importancia est\u00e9tica.<\/dd>\n<\/dl>\n<dl>\n<dd><b>VIII<\/b>. Ser uno de los ejemplos representativos de importantes etapas de la historia de la tierra, incluyendo testimonios de la vida, procesos geol\u00f3gicos creadores de formas geol\u00f3gicas o caracter\u00edsticas geom\u00f3rficas o fisiogr\u00e1ficas significativas.<\/dd>\n<\/dl>\n<dl>\n<dd><b>IX<\/b>. Ser uno de los ejemplos eminentes de procesos ecol\u00f3gicos y biol\u00f3gicos en el curso de la evoluci\u00f3n de los ecosistemas.<\/dd>\n<\/dl>\n<dl>\n<dd><b>X<\/b>. Contener los h\u00e1bitats naturales m\u00e1s representativos y m\u00e1s importantes para la conservaci\u00f3n de la biodiversidad, incluyendo aquellos que contienen especies amenazadas de destacado valor universal desde el punto de vista de la ciencia y el conservacionismo.<\/p>\n<p>El valle fue inscrito bajo el criterio (v): \u00abEl valle del Madriu-Perafita-Claror es un microcosmos que proporciona una imagen representativa de c\u00f3mo sus habitantes han recogido los escasos recursos de los Pirineos durante los \u00faltimos milenios para crear un entorno de vida sostenible, en armon\u00eda con el paisaje de monta\u00f1a. El Valle recuerda un antiguo sistema comunal de gesti\u00f3n de la tierra que se ha mantenido durante m\u00e1s de 700 a\u00f1os. \u00bb<\/p>\n<p>Puede consultar la totalidad de la declaraci\u00f3n de \u00abValor Universal Excepcional\u00bb del valle del Madriu-Perafita-Claror aqu\u00ed (texto en franc\u00e9s):<\/dd>\n<\/dl>\n<p>[\/vc_column_text]<div class=\"gem-button-container gem-button-position-inline thegem-button-69e388fa19cff7080    \"  ><a title=\"Declaraci\u00f3n de Valor Universal Excepcional\" class=\"gem-button gem-button-size-small gem-button-style-flat gem-button-text-weight-normal\" data-ll-effect=\"drop-right-without-wrap\" style=\"border-radius: 3px;\" onmouseleave=\"\" onmouseenter=\"\" href=\"https:\/\/www.madriu-perafita-claror.ad\/wp-content\/uploads\/2020\/04\/DeclaVUE-Madriu_Agost2013_adoptada-2-6-7-2.pdf\" target=\"_blank\">Declaraci\u00f3n de Valor Universal Excepcional<\/a><\/div> [\/vc_column][\/vc_row][vc_row][vc_column]<div class=\"clearboth\"><\/div><div id=\"thegem-divider-69e388fa19d32\" class=\"gem-divider  \" style=\"border-color: #9e9e9e;\" ><\/div>[\/vc_column][\/vc_row][vc_row][vc_column][vc_column_text]\u00b9 La <strong>UNESCO<\/strong>\u00a0es la organizaci\u00f3n de las Naciones Unidas para la Educaci\u00f3n, la Ciencia y la Cultura. Su objetivo principal es contribuir al mantenimiento de la paz y la seguridad en el mundo a trav\u00e9s de la educaci\u00f3n, la ciencia, la cultura y la comunicaci\u00f3n, y promover la colaboraci\u00f3n entre las Naciones, para garantizar el respeto universal por la justicia, los derechos humanos y las libertades fundamentales. La inscripci\u00f3n en la lista del Patrimonio Mundial consagra el valor universal excepcional de un bien cultural o natural para que sea protegido en beneficio de toda la humanidad.<\/p>\n<p>\u00b2 ICOMOS (Consejo Internacional de Monumentos y Sitios) es una organizaci\u00f3n internacional no gubernamental asociada con la UNESCO. Est\u00e1 dedicada a la promoci\u00f3n de la teor\u00eda, la metodolog\u00eda y la tecnolog\u00eda aplicada a la conservaci\u00f3n, protecci\u00f3n y puesta en valor del patrimonio cultural. Sus trabajos se basan en los principios consagrados en la Carta Internacional de 1964 sobre la conservaci\u00f3n y la restauraci\u00f3n de monumentos y sitios, denominada Carta de Venecia.[\/vc_column_text][\/vc_column][\/vc_row]<\/p>\n<\/div>","protected":false},"excerpt":{"rendered":"<p>[vc_row][vc_column][vc_separator][vc_single_image image=\u00bb34729&#8243; img_size=\u00bbfull\u00bb][\/vc_column][\/vc_row][vc_row][vc_column][vc_column_text css=\u00bb\u00bb] la CANDIDATURA DEL vallE A PATRIMONIO DE LA HUMANIDAD [\/vc_column_text][vc_column_text] La presentaci\u00f3n de una candidatura para&#8230;<\/p>\n","protected":false},"author":2,"featured_media":0,"parent":0,"menu_order":0,"comment_status":"closed","ping_status":"closed","template":"","meta":{"_acf_changed":false,"footnotes":""},"class_list":["post-38270","page","type-page","status-publish"],"acf":[],"_links":{"self":[{"href":"https:\/\/www.madriu-perafita-claror.ad\/es\/wp-json\/wp\/v2\/pages\/38270","targetHints":{"allow":["GET"]}}],"collection":[{"href":"https:\/\/www.madriu-perafita-claror.ad\/es\/wp-json\/wp\/v2\/pages"}],"about":[{"href":"https:\/\/www.madriu-perafita-claror.ad\/es\/wp-json\/wp\/v2\/types\/page"}],"author":[{"embeddable":true,"href":"https:\/\/www.madriu-perafita-claror.ad\/es\/wp-json\/wp\/v2\/users\/2"}],"replies":[{"embeddable":true,"href":"https:\/\/www.madriu-perafita-claror.ad\/es\/wp-json\/wp\/v2\/comments?post=38270"}],"version-history":[{"count":3,"href":"https:\/\/www.madriu-perafita-claror.ad\/es\/wp-json\/wp\/v2\/pages\/38270\/revisions"}],"predecessor-version":[{"id":43319,"href":"https:\/\/www.madriu-perafita-claror.ad\/es\/wp-json\/wp\/v2\/pages\/38270\/revisions\/43319"}],"wp:attachment":[{"href":"https:\/\/www.madriu-perafita-claror.ad\/es\/wp-json\/wp\/v2\/media?parent=38270"}],"curies":[{"name":"wp","href":"https:\/\/api.w.org\/{rel}","templated":true}]}}