{"id":38815,"date":"2020-07-22T11:37:29","date_gmt":"2020-07-22T10:37:29","guid":{"rendered":"https:\/\/www.madriu-perafita-claror.ad\/?page_id=38815"},"modified":"2024-07-10T13:08:02","modified_gmt":"2024-07-10T12:08:02","slug":"los-videos-del-valle","status":"publish","type":"page","link":"https:\/\/www.madriu-perafita-claror.ad\/es\/los-videos-del-valle\/","title":{"rendered":"Los v\u00eddeos del valle"},"content":{"rendered":"<div class=\"wpb-content-wrapper\"><p>[vc_row][vc_column][vc_separator][vc_single_image image=\u00bb42870&#8243; img_size=\u00bbfull\u00bb css=\u00bb\u00bb][\/vc_column][\/vc_row][vc_row][vc_column][vc_column_text css=\u00bb\u00bb]<\/p>\n<h2>LOS V\u00cdDEOS DEL VALLE<\/h2>\n<p>[\/vc_column_text][vc_column_text]Aqu\u00ed encontrar\u00e1 diferentes v\u00eddeos que ilustran el patrimonio del valle y su centro de atenci\u00f3n al visitante \u00abEl portal de la vall\u00bb.[\/vc_column_text][\/vc_column][\/vc_row][vc_row][vc_column width=\u00bb1\/4&#8243;][vc_single_image image=\u00bb38823&#8243; img_size=\u00bb300&#215;200&#8243;][vc_column_text]<\/p>\n<h6 style=\"text-align: center;\"><strong>pinceladas de nuestro entorno<\/strong><\/h6>\n<p style=\"text-align: center;\"><a href=\"https:\/\/www.youtube.com\/watch?v=g7cHLO1Av8o&amp;t=35s\" target=\"_blank\" rel=\"noopener\">(v\u00eddeo)<\/a><\/p>\n<p>C\u00e1psula del ciclo \u00abPinceladas de nuestro entorno\u00bb. Propuesta informativa del Instituto de Estudios Andorranos protagonizada por El Valle Madriu-Perafita-Claror, a manos de la directora del comit\u00e9 directivo del VMPC, Susanna Sim\u00f3n[\/vc_column_text][\/vc_column][vc_column width=\u00bb1\/4&#8243;][vc_single_image image=\u00bb38827&#8243; img_size=\u00bb300&#215;200&#8243;][vc_column_text]<\/p>\n<h6 style=\"text-align: center;\"><strong>V\u00eddeo VMPC<\/strong><\/h6>\n<p style=\"text-align: center;\"><a href=\"https:\/\/www.youtube.com\/watch?v=tVlumuVeZhU&amp;t=18s\" target=\"_blank\" rel=\"noopener\">(v\u00eddeo)<\/a><\/p>\n<p>Peque\u00f1o video del descubrimiento del VMPC y su rico patrimonio.[\/vc_column_text][\/vc_column][vc_column width=\u00bb1\/4&#8243;][vc_single_image image=\u00bb38831&#8243; img_size=\u00bb300&#215;200&#8243;][vc_column_text]<\/p>\n<h6 style=\"text-align: center;\">TOKYO BROADCASTING SYSTEM (TBS)<\/h6>\n<p style=\"text-align: center;\"><a href=\"https:\/\/www.youtube.com\/watch?v=9yTYLeUCZ8w&amp;t=442s\" target=\"_blank\" rel=\"noopener\">(v\u00eddeo)<\/a><\/p>\n<p>Documental del Tokyo Broadcasting System (TBS) de la serie \u00abThe World Heritage\u00bb grabado en el Valle del Madriu-Perafita-Claror. Emitido el 8 de septiembre de 2019 (en japon\u00e9s).[\/vc_column_text][\/vc_column][vc_column width=\u00bb1\/4&#8243;][vc_single_image image=\u00bb34810&#8243; img_size=\u00bb300&#215;200&#8243;][vc_column_text]<\/p>\n<h6 style=\"text-align: center;\"><strong>PORTAL DE LA VALL<\/strong><\/h6>\n<p style=\"text-align: center;\"><a href=\"https:\/\/www.youtube.com\/watch?v=MejZtj1qJkw\" target=\"_blank\" rel=\"noopener\">(v\u00eddeo)<\/a><\/p>\n<p>Visita r\u00e1pida al \u00abPortal de la Vall\u00bb,\u00a0 centro de atenci\u00f3n al visitante del Valle Madriu-Perafita-Claror.[\/vc_column_text][\/vc_column][\/vc_row]<\/p>\n<\/div>","protected":false},"excerpt":{"rendered":"<p>[vc_row][vc_column][vc_separator][vc_single_image image=\u00bb42870&#8243; img_size=\u00bbfull\u00bb css=\u00bb\u00bb][\/vc_column][\/vc_row][vc_row][vc_column][vc_column_text css=\u00bb\u00bb] LOS V\u00cdDEOS DEL VALLE [\/vc_column_text][vc_column_text]Aqu\u00ed encontrar\u00e1 diferentes v\u00eddeos que ilustran el patrimonio del valle y&#8230;<\/p>\n","protected":false},"author":5,"featured_media":0,"parent":0,"menu_order":0,"comment_status":"closed","ping_status":"closed","template":"","meta":{"_acf_changed":false,"footnotes":""},"class_list":["post-38815","page","type-page","status-publish"],"acf":[],"_links":{"self":[{"href":"https:\/\/www.madriu-perafita-claror.ad\/es\/wp-json\/wp\/v2\/pages\/38815","targetHints":{"allow":["GET"]}}],"collection":[{"href":"https:\/\/www.madriu-perafita-claror.ad\/es\/wp-json\/wp\/v2\/pages"}],"about":[{"href":"https:\/\/www.madriu-perafita-claror.ad\/es\/wp-json\/wp\/v2\/types\/page"}],"author":[{"embeddable":true,"href":"https:\/\/www.madriu-perafita-claror.ad\/es\/wp-json\/wp\/v2\/users\/5"}],"replies":[{"embeddable":true,"href":"https:\/\/www.madriu-perafita-claror.ad\/es\/wp-json\/wp\/v2\/comments?post=38815"}],"version-history":[{"count":0,"href":"https:\/\/www.madriu-perafita-claror.ad\/es\/wp-json\/wp\/v2\/pages\/38815\/revisions"}],"wp:attachment":[{"href":"https:\/\/www.madriu-perafita-claror.ad\/es\/wp-json\/wp\/v2\/media?parent=38815"}],"curies":[{"name":"wp","href":"https:\/\/api.w.org\/{rel}","templated":true}]}}