{"id":40507,"date":"2022-08-03T13:33:01","date_gmt":"2022-08-03T12:33:01","guid":{"rendered":"https:\/\/www.madriu-perafita-claror.ad\/?page_id=40507"},"modified":"2024-07-10T13:09:41","modified_gmt":"2024-07-10T12:09:41","slug":"mapa-del-valle","status":"publish","type":"page","link":"https:\/\/www.madriu-perafita-claror.ad\/es\/mapa-del-valle\/","title":{"rendered":"Mapa del valle"},"content":{"rendered":"<div class=\"wpb-content-wrapper\"><p>[vc_row][vc_column][vc_separator][vc_single_image image=\u00bb39721&#8243; img_size=\u00bbfull\u00bb alignment=\u00bbcenter\u00bb][\/vc_column][\/vc_row][vc_row][vc_column][vc_column_text css=\u00bb\u00bb]<\/p>\n<h2>MAPA DEL VALLE<\/h2>\n<p>El valle ofrece un entorno \u00fanico para realizar excursiones m\u00e1s o menos largas, m\u00e1s o menos dif\u00edciles. <span class=\"\">La actividad m\u00e1s<\/span>\u00a0ampliamente realizada en el valle es el senderismo. Tres caminos de gran\u00a0<span class=\"\">recorrido, el<\/span>\u00a0GR7, el GR11 y el GRP, y una amplia red de caminos locales atraviesan\u00a0<span class=\"\">el valle<\/span>\u00a0<span class=\"\">y<\/span>\u00a0<span class=\"\">se interconecta<\/span>\u00a0para poder acceder a pie a los lugares m\u00e1s escondidos\u00a0<span class=\"\">del valle. Desc\u00e1rgate el mapa del valle y disfruta de tu recorrido.<\/span><\/p>\n<p>&nbsp;<\/p>\n<p><a href=\"https:\/\/www.madriu-perafita-claror.ad\/wp-content\/uploads\/2022\/09\/mapa-VMPC_finals_CAT_CAST_ENG_FR-definitiu.pdf\" target=\"_blank\" rel=\"noopener\"><img class=\"aligncenter wp-image-40515 size-medium\" src=\"https:\/\/www.madriu-perafita-claror.ad\/wp-content\/uploads\/2022\/08\/Portada-mapa-de-la-vall-153x300.jpg\" alt=\"\" width=\"153\" height=\"300\" \/><\/a>[\/vc_column_text]<div class=\"clearboth\"><\/div><style>#thegem-divider-69d189a914a18 {margin-top: 30px !important;}<\/style><div id=\"thegem-divider-69d189a914a18\" class=\"gem-divider   gem-divider-style-3\" style=\"\" ><\/div>[\/vc_column][\/vc_row]<\/p>\n<\/div>","protected":false},"excerpt":{"rendered":"<p>[vc_row][vc_column][vc_separator][vc_single_image image=\u00bb39721&#8243; img_size=\u00bbfull\u00bb alignment=\u00bbcenter\u00bb][\/vc_column][\/vc_row][vc_row][vc_column][vc_column_text css=\u00bb\u00bb] MAPA DEL VALLE El valle ofrece un entorno \u00fanico para realizar excursiones m\u00e1s o menos&#8230;<\/p>\n","protected":false},"author":5,"featured_media":0,"parent":0,"menu_order":0,"comment_status":"closed","ping_status":"closed","template":"","meta":{"_acf_changed":false,"footnotes":""},"class_list":["post-40507","page","type-page","status-publish"],"acf":[],"_links":{"self":[{"href":"https:\/\/www.madriu-perafita-claror.ad\/es\/wp-json\/wp\/v2\/pages\/40507","targetHints":{"allow":["GET"]}}],"collection":[{"href":"https:\/\/www.madriu-perafita-claror.ad\/es\/wp-json\/wp\/v2\/pages"}],"about":[{"href":"https:\/\/www.madriu-perafita-claror.ad\/es\/wp-json\/wp\/v2\/types\/page"}],"author":[{"embeddable":true,"href":"https:\/\/www.madriu-perafita-claror.ad\/es\/wp-json\/wp\/v2\/users\/5"}],"replies":[{"embeddable":true,"href":"https:\/\/www.madriu-perafita-claror.ad\/es\/wp-json\/wp\/v2\/comments?post=40507"}],"version-history":[{"count":0,"href":"https:\/\/www.madriu-perafita-claror.ad\/es\/wp-json\/wp\/v2\/pages\/40507\/revisions"}],"wp:attachment":[{"href":"https:\/\/www.madriu-perafita-claror.ad\/es\/wp-json\/wp\/v2\/media?parent=40507"}],"curies":[{"name":"wp","href":"https:\/\/api.w.org\/{rel}","templated":true}]}}