{"id":41334,"date":"2023-06-23T10:58:09","date_gmt":"2023-06-23T09:58:09","guid":{"rendered":"https:\/\/www.madriu-perafita-claror.ad\/?page_id=41334"},"modified":"2023-06-26T13:33:25","modified_gmt":"2023-06-26T12:33:25","slug":"campo-voluntarios","status":"publish","type":"page","link":"https:\/\/www.madriu-perafita-claror.ad\/es\/campo-voluntarios\/","title":{"rendered":"Campo de voluntarios piedra seca en R\u00e0mio"},"content":{"rendered":"<div class=\"wpb-content-wrapper\"><p>[vc_row][vc_column][vc_separator][vc_single_image image=\u00bb41362&#8243; img_size=\u00bbfull\u00bb][\/vc_column][\/vc_row][vc_row][vc_column][vc_column_text]<\/p>\n<h2>CAMPO DE VOLUNTARIOS PIEDRA SECA EN R\u00c0MIO<\/h2>\n<p>[\/vc_column_text][vc_separator][\/vc_column][\/vc_row][vc_row][vc_column][vc_column_text]Af\u00edn de rehacer el muro en piedra seca ca\u00eddo en R\u00e0mio, la Comisi\u00f3n de gesti\u00f3n del valle del Madriu-Perafita-Claror (VMPC en adelante) organiz\u00f3 un campo de voluntariado del 6 al 27 de septiembre de 2019.<\/p>\n<p>&nbsp;<\/p>\n<p><img class=\"aligncenter wp-image-41448\" src=\"https:\/\/www.madriu-perafita-claror.ad\/wp-content\/uploads\/2023\/06\/camp-de-voluntaris-1.jpg\" alt=\"\" width=\"600\" height=\"351\" \/>Para ello, se firm\u00f3 un convenio con la asociaci\u00f3n Concordia, organizaci\u00f3n sin \u00e1nimo de lucro, que trabaja por la defensa de la tolerancia y la paz mediante el voluntariado internacional. Tienen m\u00e1s de 65 a\u00f1os de experiencia en la organizaci\u00f3n de intercambios internacionales, ya sea en el contexto de voluntariado a corto, medio o largo plazo. Los proyectos son siempre de uso colectivo y pueden abarcar temas tan diversos como la protecci\u00f3n de los animales, el medio ambiente, la agricultura, la renovaci\u00f3n, la restauraci\u00f3n, la animaci\u00f3n con ni\u00f1os, j\u00f3venes o personas con discapacidad, organizaci\u00f3n de eventos culturales, cursos de idiomas, etc&#8230;<\/p>\n<p>En el caso de proyectos de piedra seca, la asociaci\u00f3n tiene una larga experiencia en la rehabilitaci\u00f3n de muros de este tipo y siempre adapt\u00e1ndose a las peculiaridades de cada lugar. De hecho, dentro del personal t\u00e9cnico de la asociaci\u00f3n hay un experto en piedra en seco, que har\u00e1 parte del equipo enviado a Andorra para enmarcar tanto pedag\u00f3gica como t\u00e9cnicamente a los voluntarios.<\/p>\n<p>Se previeron 3 semanas de trabajo, del 6 al 27 de septiembre, con un equipo de 7 voluntarios venidos de Francia, Ucrania y M\u00e9xico, m\u00e1s 2 monitores expertos en trabajos de piedra en seco. Durante la semana, el grupo dorm\u00eda in-situ en tiendas, y el fin de semana, bajaba en zona urbana para poder ducharse y descansar.<\/p>\n<figure id=\"attachment_41452\" aria-describedby=\"caption-attachment-41452\" style=\"width: 600px\" class=\"wp-caption aligncenter\"><img class=\"wp-image-41452\" src=\"https:\/\/www.madriu-perafita-claror.ad\/wp-content\/uploads\/2023\/06\/camp-de-voluntaris-2.jpg\" alt=\"\" width=\"600\" height=\"337\" \/><figcaption id=\"caption-attachment-41452\" class=\"wp-caption-text\">J\u00f3venes voluntarios trabajando en la refecci\u00f3n del muro ca\u00eddo<\/figcaption><\/figure>\n<p><img class=\"aligncenter wp-image-41456\" src=\"https:\/\/www.madriu-perafita-claror.ad\/wp-content\/uploads\/2023\/06\/camp-de-voluntaris-3.jpg\" alt=\"\" width=\"600\" height=\"398\" \/><\/p>\n<p>El departamento de Patrimonio Cultural del Gobierno de Andorra redact\u00f3 un informe favorable para la realizaci\u00f3n de los trabajos, realizando inspecciones regulares durante la ejecuci\u00f3n de la obra para asegurar el respeto de los criterios patrimoniales establecidos en la VMPC.<\/p>\n<p>Desgraciadamente el tiempo no acompa\u00f1\u00f3 a los voluntarios durante las primeras semanas: llovi\u00f3, incluso pedreg\u00f3. Esto fren\u00f3 el avance de los trabajos, que ya part\u00edan con un calendario ajustado, y no permiti\u00f3 que se completaran los trabajos como previsto. Est\u00e1 previsto poder terminarlo en una pr\u00f3xima campa\u00f1a.<\/p>\n<figure id=\"attachment_41460\" aria-describedby=\"caption-attachment-41460\" style=\"width: 600px\" class=\"wp-caption aligncenter\"><img class=\"wp-image-41460\" src=\"https:\/\/www.madriu-perafita-claror.ad\/wp-content\/uploads\/2023\/06\/camp-de-voluntaris-4.jpg\" alt=\"\" width=\"600\" height=\"436\" \/><figcaption id=\"caption-attachment-41460\" class=\"wp-caption-text\">Tramo de muro ca\u00eddo antes actuaci\u00f3n de 2019<\/figcaption><\/figure>\n<p>&nbsp;<\/p>\n<figure id=\"attachment_41464\" aria-describedby=\"caption-attachment-41464\" style=\"width: 600px\" class=\"wp-caption aligncenter\"><img class=\"wp-image-41464\" src=\"https:\/\/www.madriu-perafita-claror.ad\/wp-content\/uploads\/2023\/06\/camp-de-voluntaris-5.jpg\" alt=\"\" width=\"600\" height=\"423\" \/><figcaption id=\"caption-attachment-41464\" class=\"wp-caption-text\">Tramo de muro despu\u00e9s de la actuaci\u00f3n de 2019<\/figcaption><\/figure>\n<p>[\/vc_column_text][\/vc_column][\/vc_row]<\/p>\n<\/div>","protected":false},"excerpt":{"rendered":"<p>[vc_row][vc_column][vc_separator][vc_single_image image=\u00bb41362&#8243; img_size=\u00bbfull\u00bb][\/vc_column][\/vc_row][vc_row][vc_column][vc_column_text] CAMPO DE VOLUNTARIOS PIEDRA SECA EN R\u00c0MIO [\/vc_column_text][vc_separator][\/vc_column][\/vc_row][vc_row][vc_column][vc_column_text]Af\u00edn de rehacer el muro en piedra seca ca\u00eddo en&#8230;<\/p>\n","protected":false},"author":5,"featured_media":0,"parent":0,"menu_order":0,"comment_status":"closed","ping_status":"closed","template":"","meta":{"_acf_changed":false,"footnotes":""},"class_list":["post-41334","page","type-page","status-publish"],"acf":[],"_links":{"self":[{"href":"https:\/\/www.madriu-perafita-claror.ad\/es\/wp-json\/wp\/v2\/pages\/41334","targetHints":{"allow":["GET"]}}],"collection":[{"href":"https:\/\/www.madriu-perafita-claror.ad\/es\/wp-json\/wp\/v2\/pages"}],"about":[{"href":"https:\/\/www.madriu-perafita-claror.ad\/es\/wp-json\/wp\/v2\/types\/page"}],"author":[{"embeddable":true,"href":"https:\/\/www.madriu-perafita-claror.ad\/es\/wp-json\/wp\/v2\/users\/5"}],"replies":[{"embeddable":true,"href":"https:\/\/www.madriu-perafita-claror.ad\/es\/wp-json\/wp\/v2\/comments?post=41334"}],"version-history":[{"count":0,"href":"https:\/\/www.madriu-perafita-claror.ad\/es\/wp-json\/wp\/v2\/pages\/41334\/revisions"}],"wp:attachment":[{"href":"https:\/\/www.madriu-perafita-claror.ad\/es\/wp-json\/wp\/v2\/media?parent=41334"}],"curies":[{"name":"wp","href":"https:\/\/api.w.org\/{rel}","templated":true}]}}