{"id":41435,"date":"2023-06-26T13:29:55","date_gmt":"2023-06-26T12:29:55","guid":{"rendered":"https:\/\/www.madriu-perafita-claror.ad\/?page_id=41435"},"modified":"2024-07-17T10:31:52","modified_gmt":"2024-07-17T09:31:52","slug":"proyectos","status":"publish","type":"page","link":"https:\/\/www.madriu-perafita-claror.ad\/es\/proyectos\/","title":{"rendered":"Proyectos"},"content":{"rendered":"<div class=\"wpb-content-wrapper\"><p>[vc_row][vc_column][vc_separator][vc_single_image image=\u00bb43205&#8243; img_size=\u00bbfull\u00bb css=\u00bb\u00bb][\/vc_column][\/vc_row][vc_row][vc_column][vc_column_text css=\u00bb\u00bb]<\/p>\n<h2>PROYECTOS<\/h2>\n<p>[\/vc_column_text][vc_column_text]Con el esp\u00edritu de conservaci\u00f3n y divulgaci\u00f3n del patrimonio, desde el Plan de Gesti\u00f3n del valle del Madriu-Perafita-Claror, programamos tanto trabajos arqueol\u00f3gicos como campamentos de voluntadios que nos ayuden a llevar a t\u00e9rmino nuestros objetivos.<\/p>\n<p>[\/vc_column_text][\/vc_column][\/vc_row][vc_row][vc_column width=\u00bb1\/2&#8243;][vc_single_image image=\u00bb41342&#8243; img_size=\u00bbfull\u00bb][vc_column_text]<\/p>\n<h6 style=\"text-align: center;\">CAMPO DE VOLUNTARIADO PIEDRA SECA EN R\u00c0MIO<\/h6>\n<p style=\"text-align: center;\">(<a href=\"https:\/\/www.madriu-perafita-claror.ad\/es\/campo-voluntarios\/\" target=\"_blank\" rel=\"noopener\">m\u00e9s info aqu\u00ed<\/a>)<\/p>\n<p>[\/vc_column_text][\/vc_column][vc_column width=\u00bb1\/2&#8243;][vc_single_image image=\u00bb41431&#8243; img_size=\u00bbfull\u00bb][vc_column_text]<\/p>\n<h6 style=\"text-align: center;\">PROYECTO DE INVESTIGACI\u00d3N Y CONSERVACI\u00d3N DE LA FORJA DEL MADRIU<\/h6>\n<h6 style=\"text-align: center;\">(2021-2024)<\/h6>\n<p style=\"text-align: center;\">(<a href=\"https:\/\/www.madriu-perafita-claror.ad\/es\/conservacion-farga\/\" target=\"_blank\" rel=\"noopener\">m\u00e9s info aqu\u00ed<\/a>)<\/p>\n<p>[\/vc_column_text][\/vc_column][\/vc_row]<\/p>\n<\/div>","protected":false},"excerpt":{"rendered":"<p>[vc_row][vc_column][vc_separator][vc_single_image image=\u00bb43205&#8243; img_size=\u00bbfull\u00bb css=\u00bb\u00bb][\/vc_column][\/vc_row][vc_row][vc_column][vc_column_text css=\u00bb\u00bb] PROYECTOS [\/vc_column_text][vc_column_text]Con el esp\u00edritu de conservaci\u00f3n y divulgaci\u00f3n del patrimonio, desde el Plan de Gesti\u00f3n&#8230;<\/p>\n","protected":false},"author":5,"featured_media":0,"parent":0,"menu_order":0,"comment_status":"closed","ping_status":"closed","template":"","meta":{"_acf_changed":false,"footnotes":""},"class_list":["post-41435","page","type-page","status-publish"],"acf":[],"_links":{"self":[{"href":"https:\/\/www.madriu-perafita-claror.ad\/es\/wp-json\/wp\/v2\/pages\/41435","targetHints":{"allow":["GET"]}}],"collection":[{"href":"https:\/\/www.madriu-perafita-claror.ad\/es\/wp-json\/wp\/v2\/pages"}],"about":[{"href":"https:\/\/www.madriu-perafita-claror.ad\/es\/wp-json\/wp\/v2\/types\/page"}],"author":[{"embeddable":true,"href":"https:\/\/www.madriu-perafita-claror.ad\/es\/wp-json\/wp\/v2\/users\/5"}],"replies":[{"embeddable":true,"href":"https:\/\/www.madriu-perafita-claror.ad\/es\/wp-json\/wp\/v2\/comments?post=41435"}],"version-history":[{"count":2,"href":"https:\/\/www.madriu-perafita-claror.ad\/es\/wp-json\/wp\/v2\/pages\/41435\/revisions"}],"predecessor-version":[{"id":43211,"href":"https:\/\/www.madriu-perafita-claror.ad\/es\/wp-json\/wp\/v2\/pages\/41435\/revisions\/43211"}],"wp:attachment":[{"href":"https:\/\/www.madriu-perafita-claror.ad\/es\/wp-json\/wp\/v2\/media?parent=41435"}],"curies":[{"name":"wp","href":"https:\/\/api.w.org\/{rel}","templated":true}]}}