{"id":44177,"date":"2026-03-04T09:47:01","date_gmt":"2026-03-04T09:47:01","guid":{"rendered":"https:\/\/www.madriu-perafita-claror.ad\/?page_id=44177"},"modified":"2026-03-05T10:52:41","modified_gmt":"2026-03-05T10:52:41","slug":"alianza-paisajes-culturales","status":"publish","type":"page","link":"https:\/\/www.madriu-perafita-claror.ad\/es\/alianza-paisajes-culturales\/","title":{"rendered":"Alianza de Paisajes Culturales"},"content":{"rendered":"<div class=\"wpb-content-wrapper\"><p>[vc_row][vc_column][vc_separator][vc_single_image image=\u00bb44211&#8243; img_size=\u00bbfull\u00bb alignment=\u00bbcenter\u00bb css=\u00bb\u00bb][\/vc_column][\/vc_row][vc_row][vc_column][vc_column_text css=\u00bb\u00bb]<\/p>\n<h2>ALIANZA DE PAISAJES CULTURALES DEL PATRIMONIO MUNDIAL Y SITIOS ASOCIADOS<\/h2>\n<p>[\/vc_column_text][vc_separator][\/vc_column][\/vc_row][vc_row][vc_column][vc_column_text css=\u00bb\u00bb]<a href=\"https:\/\/www.alianzapaisajesculturales.org\/\" target=\"_blank\" rel=\"noopener\"><img class=\"aligncenter wp-image-44185 size-full\" src=\"https:\/\/www.madriu-perafita-claror.ad\/wp-content\/uploads\/2026\/03\/Alianca-de-paisatges-culturals.png\" alt=\"\" width=\"275\" height=\"150\" \/><\/a><\/p>\n<p>La Vall del Madriu-Perafita-Claror es miembro de la Alianza de Paisajes Culturales del Patrimonio Mundial y Sitios Asociados, una red de cooperaci\u00f3n que re\u00fane paisajes culturales inscritos en la Lista del Patrimonio Mundial y otros territorios con valores patrimoniales afines.<\/p>\n<p>La Alianza nace con el objetivo de conectar territorios que han evolucionado a trav\u00e9s de una interacci\u00f3n prolongada entre las comunidades humanas y su entorno natural, y que actualmente trabajan de manera conjunta en la protecci\u00f3n, conservaci\u00f3n, gesti\u00f3n y puesta en valor de este patrimonio compartido.<\/p>\n<p><strong>\u00bfQu\u00e9 es la Alianza de Paisajes Culturales del Patrimonio Mundial?<\/strong><\/p>\n<p>La Alianza es una iniciativa de cooperaci\u00f3n internacional que agrupa paisajes culturales inscritos en la Lista del Patrimonio Mundial, as\u00ed como otros sitios asociados con caracter\u00edsticas y atributos patrimoniales comparables.<\/p>\n<p>Sus principales objetivos son:<\/p>\n<ul>\n<li>Facilitar el intercambio de conocimientos, experiencia y buenas pr\u00e1cticas en gesti\u00f3n del patrimonio.<br \/>\n\u2022 Fomentar la cooperaci\u00f3n en iniciativas de conservaci\u00f3n, salvaguardia y sensibilizaci\u00f3n p\u00fablica.<br \/>\n\u2022 Impulsar la investigaci\u00f3n y la reflexi\u00f3n conjunta sobre la protecci\u00f3n a largo plazo y la gesti\u00f3n sostenible de los paisajes culturales.<br \/>\n\u2022 Reforzar la visibilidad internacional de estos bienes y de su Valor Universal Excepcional.<\/li>\n<\/ul>\n<p><strong>Miembros de la Alianza<\/strong><\/p>\n<p>La Alianza est\u00e1 integrada actualmente por diversos bienes del Patrimonio Mundial situados principalmente en la pen\u00ednsula ib\u00e9rica:<\/p>\n<ul>\n<li>Paisaje Cultural de Aranjuez<br \/>\n\u2022 Paisaje Cultural de Sintra<br \/>\n\u2022 Eivissa, Biodiversidad y Cultura<br \/>\n\u2022 Palmeral de Elche<br \/>\n\u2022 Alhambra, Generalife y Albaic\u00edn, Granada<br \/>\n\u2022 Paisaje Cultural de la Serra de Tramuntana<br \/>\n\u2022 Risco Ca\u00eddo y las Monta\u00f1as Sagradas de Gran Canaria, Paisaje Cultural<br \/>\n\u2022 Torre de H\u00e9rcules<br \/>\n\u2022 Vall del Madriu-Perafita-Claror<br \/>\n\u2022 Menorca Talay\u00f3tica<br \/>\n\u2022 Sitio de los D\u00f3lmenes de Antequera<\/li>\n<\/ul>\n<p>En determinadas fases, la red se ha ampliado con instituciones y sitios relacionados. Por ejemplo, la Fundaci\u00f3n San Mill\u00e1n de la Cogolla (Monasterios de Suso y Yuso) se ha incorporado recientemente como parte de la red ampliada para cooperar en investigaci\u00f3n y difusi\u00f3n del patrimonio.<\/p>\n<p>Todos estos territorios comparten la responsabilidad de salvaguardar paisajes culturales vivos, donde naturaleza y cultura han coevolucionado a lo largo de los siglos y donde los valores patrimoniales siguen formando parte de la vida contempor\u00e1nea.<\/p>\n<p><strong>La Vall del Madriu-Perafita-Claror en la Alianza<\/strong><\/p>\n<p>La Vall del Madriu-Perafita-Claror se incorpor\u00f3 a la Alianza en 2023.<\/p>\n<p>Su participaci\u00f3n activa se manifiesta en su presencia en asambleas generales y reuniones t\u00e9cnicas, donde comparte experiencia en protecci\u00f3n, conservaci\u00f3n, gobernanza y gesti\u00f3n del bien con los dem\u00e1s miembros.<\/p>\n<p>La pertenencia a esta red sit\u00faa el bien en un marco internacional de cooperaci\u00f3n y contribuye a la reflexi\u00f3n global sobre la protecci\u00f3n, conservaci\u00f3n y gesti\u00f3n sostenible de los paisajes culturales reconocidos por su Valor Universal Excepcional.<\/p>\n<p><strong>Beneficios de la pertenencia<\/strong><\/p>\n<p>La pertenencia a la Alianza aporta beneficios significativos:<\/p>\n<ul>\n<li>Cooperaci\u00f3n e intercambio de buenas pr\u00e1cticas con otros paisajes culturales del Patrimonio Mundial.<br \/>\n\u2022 Participaci\u00f3n en foros t\u00e9cnicos y proyectos de colaboraci\u00f3n.<br \/>\n\u2022 Mayor visibilidad internacional del bien como paisaje cultural de Valor Universal Excepcional.<br \/>\n\u2022 Oportunidades de cooperaci\u00f3n en conservaci\u00f3n, educaci\u00f3n, investigaci\u00f3n y sensibilizaci\u00f3n.<\/li>\n<\/ul>\n<p>Esta adhesi\u00f3n refuerza el compromiso del Valle con la protecci\u00f3n, conservaci\u00f3n y gesti\u00f3n sostenible a largo plazo de su patrimonio cultural y natural, as\u00ed como con el trabajo conjunto para afrontar desaf\u00edos comunes en la salvaguardia de los bienes del Patrimonio Mundial.<\/p>\n<p>M\u00e1s informaci\u00f3n: <a href=\"https:\/\/www.alianzapaisajesculturales.org\/\" target=\"_blank\" rel=\"noopener\">https:\/\/www.alianzapaisajesculturales.org\/<\/a>[\/vc_column_text][\/vc_column][\/vc_row]<\/p>\n<\/div>","protected":false},"excerpt":{"rendered":"<p>[vc_row][vc_column][vc_separator][vc_single_image image=\u00bb44211&#8243; img_size=\u00bbfull\u00bb alignment=\u00bbcenter\u00bb css=\u00bb\u00bb][\/vc_column][\/vc_row][vc_row][vc_column][vc_column_text css=\u00bb\u00bb] ALIANZA DE PAISAJES CULTURALES DEL PATRIMONIO MUNDIAL Y SITIOS ASOCIADOS [\/vc_column_text][vc_separator][\/vc_column][\/vc_row][vc_row][vc_column][vc_column_text css=\u00bb\u00bb] La Vall&#8230;<\/p>\n","protected":false},"author":5,"featured_media":0,"parent":0,"menu_order":0,"comment_status":"closed","ping_status":"closed","template":"","meta":{"_acf_changed":false,"footnotes":""},"class_list":["post-44177","page","type-page","status-publish"],"acf":[],"_links":{"self":[{"href":"https:\/\/www.madriu-perafita-claror.ad\/es\/wp-json\/wp\/v2\/pages\/44177","targetHints":{"allow":["GET"]}}],"collection":[{"href":"https:\/\/www.madriu-perafita-claror.ad\/es\/wp-json\/wp\/v2\/pages"}],"about":[{"href":"https:\/\/www.madriu-perafita-claror.ad\/es\/wp-json\/wp\/v2\/types\/page"}],"author":[{"embeddable":true,"href":"https:\/\/www.madriu-perafita-claror.ad\/es\/wp-json\/wp\/v2\/users\/5"}],"replies":[{"embeddable":true,"href":"https:\/\/www.madriu-perafita-claror.ad\/es\/wp-json\/wp\/v2\/comments?post=44177"}],"version-history":[{"count":7,"href":"https:\/\/www.madriu-perafita-claror.ad\/es\/wp-json\/wp\/v2\/pages\/44177\/revisions"}],"predecessor-version":[{"id":44220,"href":"https:\/\/www.madriu-perafita-claror.ad\/es\/wp-json\/wp\/v2\/pages\/44177\/revisions\/44220"}],"wp:attachment":[{"href":"https:\/\/www.madriu-perafita-claror.ad\/es\/wp-json\/wp\/v2\/media?parent=44177"}],"curies":[{"name":"wp","href":"https:\/\/api.w.org\/{rel}","templated":true}]}}