{"id":44666,"date":"2020-06-12T09:01:21","date_gmt":"2020-06-12T08:01:21","guid":{"rendered":"https:\/\/www.madriu-perafita-claror.ad\/els-mamifers\/"},"modified":"2026-05-16T18:09:27","modified_gmt":"2026-05-16T17:09:27","slug":"els-mamifers","status":"publish","type":"page","link":"https:\/\/www.madriu-perafita-claror.ad\/es\/els-mamifers\/","title":{"rendered":"Los mam\u00edferos"},"content":{"rendered":"<div class=\"wpb-content-wrapper\"><p>[vc_row][vc_column][vc_separator][vc_single_image image=\u00bb38701&#8243; img_size=\u00bbfull\u00bb alignment=\u00bbcenter\u00bb][\/vc_column][\/vc_row][vc_row][vc_column][vc_column_text]<\/p>\n<h2><span style=\"color: #808080;\">LA FAMIL\u00cdA DE LOS MAM\u00cdFEROS (Vertebrados)<\/span><\/h2>\n<p>[\/vc_column_text][vc_column_text]En el valle del Madriu-Perafita-Claror se han detectado dos especies en peligro cr\u00edtico de extinci\u00f3n, como son el oso pardo ( <em>Ursus arctos<\/em> ) y la almizclera ( <em>Galemys pirenaicus<\/em> ). Tambi\u00e9n podemos destacar dos especies en peligro de extinci\u00f3n, como el gato fer ( <em>Felis silvestris<\/em> ) y el conejo de bosque ( <em>Oryctolagus cuniculus<\/em> ). <\/p>\n<table style=\"height: 825px;\" width=\"1063\">\n<tbody>\n<tr style=\"height: 25px;\">\n<td style=\"height: 25px;\" width=\"205\">CLASE<\/td>\n<td style=\"height: 25px;\" width=\"205\">ORDEN<\/td>\n<td style=\"height: 25px;\" width=\"205\">ORDEN<\/td>\n<td style=\"height: 25px;\" width=\"205\">NOMBRE CIENT\u00cdFICO<\/td>\n<td style=\"height: 25px;\" width=\"243\">NOMBRE COM\u00daN<\/td>\n<\/tr>\n<tr style=\"height: 25px;\">\n<td style=\"height: 800px;\" rowspan=\"32\">5. Mam\u00edferos<\/td>\n<td style=\"height: 800px;\" rowspan=\"32\" width=\"205\">Artiod\u00e1ctiles<\/td>\n<td style=\"height: 50px;\" rowspan=\"2\" width=\"205\">Bovidae<\/td>\n<td style=\"height: 25px;\" width=\"205\"><a href=\"https:\/\/ca.wikipedia.org\/wiki\/Mufl\u00f3\"><i>Ovis orientalis musimon<\/i><\/a><\/td>\n<td style=\"height: 25px;\" width=\"243\">Mufl\u00f3n<\/td>\n<\/tr>\n<tr style=\"height: 25px;\">\n<td style=\"height: 25px;\" width=\"205\"><a href=\"https:\/\/ca.wikipedia.org\/wiki\/Isard_pirinenc\"><i>Rupicapra pyrenaica<\/i><\/a><\/td>\n<td style=\"height: 25px;\" width=\"243\">Isard<\/td>\n<\/tr>\n<tr style=\"height: 25px;\">\n<td style=\"height: 25px;\" width=\"205\">Cervidae<\/td>\n<td style=\"height: 25px;\" width=\"205\"><a href=\"https:\/\/ca.wikipedia.org\/wiki\/C%C3%A9rvol_com%C3%BA\">Cervus elaphus<\/a><\/td>\n<td style=\"height: 25px;\" width=\"243\">Ciervo<\/td>\n<\/tr>\n<tr style=\"height: 25px;\">\n<td style=\"height: 50px;\" rowspan=\"2\" width=\"205\">Suidae<\/td>\n<td style=\"height: 25px;\" width=\"205\"><a href=\"https:\/\/ca.wikipedia.org\/wiki\/Cabirol\"><i>Capreolus capreolus<\/i><\/a><\/td>\n<td style=\"height: 25px;\" width=\"243\">Cabirol<\/td>\n<\/tr>\n<tr style=\"height: 25px;\">\n<td style=\"height: 25px;\" width=\"205\"><a href=\"https:\/\/ca.wikipedia.org\/wiki\/Senglar\"><i>Sobre scrofa<\/i><\/a><\/td>\n<td style=\"height: 25px;\" width=\"243\">Jabal\u00ed<\/td>\n<\/tr>\n<tr style=\"height: 25px;\">\n<td style=\"height: 250px;\" rowspan=\"10\" width=\"205\">Carn\u00edvoros<\/td>\n<td style=\"height: 25px;\" width=\"205\"><a href=\"https:\/\/ca.wikipedia.org\/wiki\/Guineu_roja\"><i>Vulpas vulpas<\/i><\/a><\/td>\n<td style=\"height: 25px;\" width=\"243\">Zorro<\/td>\n<\/tr>\n<tr style=\"height: 25px;\">\n<td style=\"height: 25px;\" width=\"205\"><a href=\"https:\/\/ca.wikipedia.org\/wiki\/Gat_salvatge\"><i>Felios silvestris<\/i><\/a><\/td>\n<td style=\"height: 25px;\" width=\"243\">Gato hacer \u2207 \u263b\u263b\u263b<\/td>\n<\/tr>\n<tr style=\"height: 25px;\">\n<td style=\"height: 25px;\" width=\"205\"><a href=\"https:\/\/ca.wikipedia.org\/wiki\/Ll%C3%BAdria_comuna\">Lutra lutra<\/a><\/td>\n<td style=\"height: 25px;\" width=\"243\">Nutria<\/td>\n<\/tr>\n<tr style=\"height: 25px;\">\n<td style=\"height: 25px;\" width=\"205\"><a href=\"https:\/\/ca.wikipedia.org\/wiki\/Fagina\"><i>Martes foina<\/i><\/a><\/td>\n<td style=\"height: 25px;\" width=\"243\">Fagina \u263b<\/td>\n<\/tr>\n<tr style=\"height: 25px;\">\n<td style=\"height: 25px;\" width=\"205\"><a href=\"https:\/\/ca.wikipedia.org\/wiki\/Marta_(esp\u00e8cie)\"><i>Martes martes<\/i><\/a><\/td>\n<td style=\"height: 25px;\" width=\"243\">Marta \u263b<\/td>\n<\/tr>\n<tr style=\"height: 25px;\">\n<td style=\"height: 25px;\" width=\"205\"><a href=\"https:\/\/ca.wikipedia.org\/wiki\/Toix\u00f3\"><i>Melas melas<\/i><\/a><\/td>\n<td style=\"height: 25px;\" width=\"243\">Tej\u00f3n \u263b<\/td>\n<\/tr>\n<tr style=\"height: 25px;\">\n<td style=\"height: 25px;\" width=\"205\"><a href=\"https:\/\/ca.wikipedia.org\/wiki\/Ermini\"><i>Mustela erminea<\/i><\/a><\/td>\n<td style=\"height: 25px;\" width=\"243\">Ermini \u263b\u263b<\/td>\n<\/tr>\n<tr style=\"height: 25px;\">\n<td style=\"height: 25px;\" width=\"205\"><a href=\"https:\/\/ca.wikipedia.org\/wiki\/Mostela\"><i>Mustela nivalis<\/i><\/a><\/td>\n<td style=\"height: 25px;\" width=\"243\">Comadreja\/Paniquera \u263b<\/td>\n<\/tr>\n<tr style=\"height: 25px;\">\n<td style=\"height: 25px;\" width=\"205\"><a href=\"https:\/\/ca.wikipedia.org\/wiki\/\u00d3s_bru\"><i>Ursus arctos<\/i><\/a><\/td>\n<td style=\"height: 25px;\" width=\"243\">Oso pardo \u2207 \u263b\u263b\u263b<\/td>\n<\/tr>\n<tr style=\"height: 25px;\">\n<td style=\"height: 25px;\" width=\"205\"><a href=\"https:\/\/ca.wikipedia.org\/wiki\/Geneta_comuna\"><i>Genetta genetta<\/i><\/a><\/td>\n<td style=\"height: 25px;\" width=\"243\">Jineta \u263b<\/td>\n<\/tr>\n<tr style=\"height: 25px;\">\n<td style=\"height: 125px;\" rowspan=\"5\" width=\"205\">Eulipotiflas<\/td>\n<td style=\"height: 25px;\" width=\"205\"><a href=\"https:\/\/ca.wikipedia.org\/wiki\/Talp\">Topa europaea<\/a><\/td>\n<td style=\"height: 25px;\" width=\"243\">Topo<\/td>\n<\/tr>\n<tr style=\"height: 25px;\">\n<td style=\"height: 25px;\" width=\"205\"><a href=\"https:\/\/ca.wikipedia.org\/wiki\/Almesquera\">Galemys pyrenaicus<\/a><\/td>\n<td style=\"height: 25px;\" width=\"243\">Almizclera \u2207 \u263b\u263b\u263b<\/td>\n<\/tr>\n<tr style=\"height: 25px;\">\n<td style=\"height: 25px;\" width=\"205\"><a href=\"https:\/\/ca.wikipedia.org\/wiki\/Musaranya_aqu%C3%A0tica_pirinenca\">Neomys fodiens<\/a><\/td>\n<td style=\"height: 25px;\">Musara\u00f1a de agua pirenaica<\/td>\n<\/tr>\n<tr style=\"height: 25px;\">\n<td style=\"height: 25px;\" width=\"205\"><a href=\"https:\/\/ca.wikipedia.org\/wiki\/Musaranya_cuaquadrada\"><i>Sorex araneus<\/i><\/a><\/td>\n<td style=\"height: 25px;\" width=\"243\">Musara\u00f1a cuacuadrada \u263b<\/td>\n<\/tr>\n<tr style=\"height: 25px;\">\n<td style=\"height: 25px;\" width=\"205\"><a href=\"https:\/\/ca.wikipedia.org\/wiki\/Musaranya_nana\"><i>Sorex minutus<\/i><\/a><\/td>\n<td style=\"height: 25px;\" width=\"243\">Musara\u00f1a peque\u00f1a \u263b<\/td>\n<\/tr>\n<tr style=\"height: 25px;\">\n<td style=\"height: 50px;\" rowspan=\"2\" width=\"205\">Lagomorfos<\/td>\n<td style=\"height: 25px;\" width=\"205\"><a href=\"https:\/\/ca.wikipedia.org\/wiki\/Llebre_comuna\"><i>Lepus europaeus<\/i><\/a><\/td>\n<td style=\"height: 25px;\" width=\"243\">Liebre europea<\/td>\n<\/tr>\n<tr style=\"height: 25px;\">\n<td style=\"height: 25px;\" width=\"205\"><a href=\"https:\/\/ca.wikipedia.org\/wiki\/Conill_de_bosc\"><i>Oryctolagus cuniculus<\/i><\/a><\/td>\n<td style=\"height: 25px;\" width=\"243\">Conejo de bosque<\/td>\n<\/tr>\n<tr style=\"height: 25px;\">\n<td style=\"height: 25px;\" width=\"205\">Quir\u00f3pteros<\/td>\n<td style=\"height: 25px;\" width=\"205\"><a href=\"https:\/\/ca.wikipedia.org\/wiki\/Ratpenat_de_ferradura_petit\"><i>Rhinolophus hipposideros<\/i><\/a><\/td>\n<td style=\"height: 25px;\" width=\"243\">Murci\u00e9lago de herradura peque\u00f1o<\/td>\n<\/tr>\n<tr style=\"height: 25px;\">\n<td style=\"height: 225px;\" rowspan=\"9\" width=\"205\">Roedores<\/td>\n<td style=\"height: 25px;\" width=\"205\"><a href=\"https:\/\/ca.wikipedia.org\/wiki\/Rata_d%27aigua\">Arvicola sapidus<\/a><\/td>\n<td style=\"height: 25px;\" width=\"243\">Rata de agua<\/td>\n<\/tr>\n<tr style=\"height: 25px;\">\n<td style=\"height: 25px;\" width=\"205\"><a href=\"https:\/\/ca.wikipedia.org\/wiki\/Talp\u00f3_roig\"><i>Myodes glareolus<\/i><\/a><\/td>\n<td style=\"height: 25px;\" width=\"243\">Tap\u00f3n rojo \u263b<\/td>\n<\/tr>\n<tr style=\"height: 25px;\">\n<td style=\"height: 25px;\" width=\"205\"><a href=\"https:\/\/ca.wikipedia.org\/wiki\/Talp\u00f3_muntanyenc\"><i>Microtus agrestes<\/i><\/a><\/td>\n<td style=\"height: 25px;\" width=\"243\">Tap\u00f3n monta\u00f1oso \u263b<\/td>\n<\/tr>\n<tr style=\"height: 25px;\">\n<td style=\"height: 25px;\" width=\"205\"><a href=\"https:\/\/ca.wikipedia.org\/wiki\/Lir%C3%B3_gris\">Glis glis<\/a><\/td>\n<td style=\"height: 25px;\" width=\"243\">Lir\u00f3n gris<\/td>\n<\/tr>\n<tr style=\"height: 25px;\">\n<td style=\"height: 25px;\" width=\"205\"><a href=\"https:\/\/ca.wikipedia.org\/wiki\/Rata_cellarda\"><i>Eliomys quercinus<\/i><\/a><\/td>\n<td style=\"height: 25px;\" width=\"243\">Rata celda \u263b<\/td>\n<\/tr>\n<tr style=\"height: 25px;\">\n<td style=\"height: 25px;\" width=\"205\"><a href=\"https:\/\/ca.wikipedia.org\/wiki\/Ratol%C3%AD_com%C3%BA\">Mus musculus<\/a><\/td>\n<td style=\"height: 25px;\" width=\"243\">Rat\u00f3n dom\u00e9stico<\/td>\n<\/tr>\n<tr style=\"height: 25px;\">\n<td style=\"height: 25px;\" width=\"205\"><a href=\"https:\/\/ca.wikipedia.org\/wiki\/Ratol\u00ed_de_bosc\"><i>Apodemus sylvaticus<\/i><\/a><\/td>\n<td style=\"height: 25px;\" width=\"243\">Rat\u00f3n de bosque \u263b<\/td>\n<\/tr>\n<tr style=\"height: 25px;\">\n<td style=\"height: 25px;\" width=\"205\"><a href=\"https:\/\/ca.wikipedia.org\/wiki\/Marmota_alpina\"><i>Marmota marmota<\/i><\/a><\/td>\n<td style=\"height: 25px;\" width=\"243\">Marmota<\/td>\n<\/tr>\n<tr style=\"height: 25px;\">\n<td style=\"height: 25px;\" width=\"205\"><a href=\"https:\/\/ca.wikipedia.org\/wiki\/Esquirol\"><i>Sciurus vulgaris<\/i><\/a><\/td>\n<td style=\"height: 25px;\" width=\"243\">Ardilla \u263b<\/td>\n<\/tr>\n<\/tbody>\n<\/table>\n<p>[\/vc_column_text][vc_column_text]<\/p>\n<table style=\"height: 466px;\" width=\"1151\">\n<tbody>\n<tr>\n<td width=\"288\">\n<p style=\"text-align: justify;\"><span style=\"text-decoration: underline;\"><span style=\"font-size: 8pt;\">Especies animales clasificadas de acuerdo con la UICN (Uni\u00f3n<\/span><\/span> <span style=\"text-decoration: underline;\"><span style=\"font-size: 8pt;\">Internacional para la Conservaci\u00f3n de la Naturaleza) seg\u00fan el grado<\/span><\/span> <span style=\"text-decoration: underline;\"><span style=\"font-size: 8pt;\">de amenaza ( <a href=\"https:\/\/www.bopa.ad\/bopa\/025027\/Pagines\/7F35A.aspx\" target=\"_blank\" rel=\"noopener noreferrer\">BOPA 12\/06\/13<\/a> ):<\/span><\/span><br \/>\n \u263b <span style=\"color: #f8f8f8;\">\u263b\u263b<\/span> <span style=\"font-size: 8pt;\">Especies protegidas (62,6%)<\/span><br \/>\n \u263b\u263b <span style=\"color: #f8f8f8;\">\u263b<\/span> <span style=\"font-size: 8pt;\">Especies protegidas y amenazadas (14,5%)<\/span><br \/>\n \u263b\u263b\u263b <span style=\"font-size: 8pt;\">Especies protegidas y en peligro de extinci\u00f3n (6,9%)<\/span><\/p>\n<p style=\"text-align: justify;\"><span style=\"font-size: 8pt;\">( <span style=\"color: #ff0000;\">Vertebrados: protegidos: 84% y amenazados o en peligro de extinci\u00f3n: 21,4%<\/span> )<\/span><\/p>\n<p style=\"text-align: justify;\"><span style=\"font-size: 8pt;\">( <span style=\"color: #ff0000;\">Mariposas: protegidas: 94,2% y amenazadas o en peligro de extinci\u00f3n: 29,1%<\/span> )<\/span><\/p>\n<p style=\"text-align: center;\">\u25ac\u25ac\u25ac\u25ac\u25ac\u25ac\u25ac\u25ac\u25ac\u25ac\u25ac\u25ac\u25ac\u25ac\u25ac\u25ac\u25ac\u25ac\u25ac<\/p>\n<p>\u2295<span style=\"color: #f8f8f8;\">\u2295\u2295\u2295<\/span> <span style=\"font-size: 8pt;\">Especies cazables, ( <a href=\"https:\/\/www.bopa.ad\/bopa\/027067\/Pagines\/GR20150930_12_16_12.aspx\" target=\"_blank\" rel=\"noopener noreferrer\">Reglamento de aplicaci\u00f3n de la Ley de caza<\/a> )  <\/span><br \/>\n<span style=\"color: #f8f8f8;\">\u2295\u2295\u2295\u2295<\/span> <span style=\"font-size: 8pt;\">pescables ( <a href=\"https:\/\/www.bopa.ad\/bopa\/015029\/Pagines\/2D212.aspx\" target=\"\"_blank<sup><\/sup>\u00bb rel=\u00bbnoopener noreferrer\u00bb>Reglamento de la pesca<\/a> )<\/span><br \/>\n<span style=\"color: #f8f8f8;\">\u2295\u2295\u2295\u2295<\/span> <span style=\"font-size: 8pt;\">y otros (ej: el <a href=\"https:\/\/www.bopa.ad\/bopa\/019048\/Pagines\/4C2DA.aspx\" target=\"\"_blank<sup><\/sup>\u00bb rel=\u00bbnoopener noreferrer\u00bb>Plan de gesti\u00f3n del rebeco del Principado de Andorra<\/a> )<\/span><\/p>\n<p><span style=\"color: #ff0000;\">\u2192<\/span> <span style=\"font-size: 8pt;\">m\u00e1s informaci\u00f3n: <a href=\"http:\/\/www.patrimoninatural.ad\/fauna\/gestio-de-la-caca\/la-practica-de-la-caca\" target=\"_blank\" rel=\"noopener noreferrer\">www.patrimoninatural.ad<\/a> y <a href=\"http:\/\/www.facip.com\/info-llicencies#especies\" target=\"_blank\" rel=\"noopener noreferrer\">www.facip.com<\/a><\/span><\/td>\n<td style=\"text-align: justify;\" width=\"288\"><span style=\"text-decoration: underline;\"><span style=\"font-size: 8pt;\">Especies catalogadas en el anexo II del <a href=\"https:\/\/www.bopa.ad\/bopa\/012041\/Pagines\/1E14E.aspx\" target=\"_blank\" rel=\"noopener noreferrer\">Convenio de Berna<\/a> (especies estrictamente protegidas de las que tambi\u00e9n se protege su h\u00e1bitat prohibiendo el deterioro o destrucci\u00f3n intencionadas de los lugares de reproducci\u00f3n o de sus \u00e1reas de reposo):<\/span><\/span><br \/>\n \u2207 <span style=\"color: #f8f8f8;\">\u2207\u2207\u2207<\/span> <span style=\"font-size: 8pt;\">Especies estrictamente protegidas (51,1%)<\/span><br \/>\n \u2207\u2207 <span style=\"color: #f8f8f8;\">\u2207\u2207<\/span> <span style=\"font-size: 8pt;\">Especie <a href=\"https:\/\/ca.wikipedia.org\/wiki\/Endemisme\" target=\"_blank\" rel=\"noopener noreferrer\">end\u00e9mica<\/a> estrictamente protegida<\/span><br \/>\n\u2207\u2207\u2207 <span style=\"color: #f8f8f8;\">\u2207<\/span> <span style=\"font-size: 8pt;\">Especie estrictamente protegida y estudiada y conservada por el <a href=\"http:\/\/www.adn-andorra.org\/websadn\/pact\/\" target=\"_blank\" rel=\"noopener noreferrer\">PACT<\/a> (Plan de Actuaciones para la Conservaci\u00f3n del Quebrantahuesos), que se cre\u00f3 en 1999 por el Gobierno andorrano y la Asociaci\u00f3n para la Defensa de la Naturaleza (ADN)<\/span><br \/>\n\u2207\u2207\u2207\u2207  <span style=\"font-size: 8pt;\">Especie estrictamente protegida y de inter\u00e9s comunitario, cuya presencia se demostr\u00f3 en el a\u00f1o 2011 gracias al <a href=\"http:\/\/web.bomosa.ad\/node\/47\" target=\"_blank\" rel=\"noopener noreferrer\">proyecto FELIS<\/a> (convenio entre la Asociaci\u00f3n Filantr\u00f3pica BOMOSA y el Gobierno de Andorra)<\/span><span style=\"font-size: 8pt;\">[\u00b9] = v\u00ednculo en castellano ; [\u00b2] = enlace en franc\u00e9s<\/span><\/td>\n<\/tr>\n<\/tbody>\n<\/table>\n<p>&nbsp;<\/p>\n<p><strong><span style=\"color: #0000ff; text-decoration: underline;\"><span style=\"text-decoration: underline;\">Fuentes<\/span> :<\/span><\/strong><\/p>\n<p><span style=\"color: #ff0000;\">\u2022<\/span> <span style=\"font-size: 9pt;\">\u00abInventario entomol\u00f3gico del Valle du Madriu-Perafita-Claror (Andorra) 2006<br \/>\n<\/span> <span style=\"color: #ff0000;\">\u2022<\/span><span style=\"font-size: 9pt;\">\u00abActualizaci\u00f3n de los datos recogidos en las estaciones del BUTTERFLY MONITORING SCHEME en ANDORRA (BMSAnd)\u00bb CENMA 2014. <\/span><br \/>\n<span style=\"color: #ff0000;\">\u2022<\/span> <span style=\"font-size: 9pt;\">CENMA &#8211; Centro de Estudios de la Nieve y de la Monta\u00f1a de Andorra<\/span><br \/>\n<span style=\"color: #ff0000;\">\u2022<\/span><span style=\"font-size: 9pt;\">Enlaces y fotos: <a href=\"https:\/\/www.wikipedia.org\/\" target=\"_blank\" rel=\"noopener noreferrer\">www.wikipedia.org<\/a> .<\/span>[\/vc_column_text][\/vc_column][\/vc_row]<\/p>\n<\/div>","protected":false},"excerpt":{"rendered":"<p>[vc_row][vc_column][vc_separator][vc_single_image image=\u00bb38701&#8243; img_size=\u00bbfull\u00bb alignment=\u00bbcenter\u00bb][\/vc_column][\/vc_row][vc_row][vc_column][vc_column_text] LA FAMIL\u00cdA DE LOS MAM\u00cdFEROS (Vertebrados) [\/vc_column_text][vc_column_text]En el valle del Madriu-Perafita-Claror se han detectado dos especies&#8230;<\/p>\n","protected":false},"author":2,"featured_media":0,"parent":0,"menu_order":0,"comment_status":"closed","ping_status":"closed","template":"","meta":{"_acf_changed":false,"footnotes":""},"class_list":["post-44666","page","type-page","status-publish"],"acf":[],"_links":{"self":[{"href":"https:\/\/www.madriu-perafita-claror.ad\/es\/wp-json\/wp\/v2\/pages\/44666","targetHints":{"allow":["GET"]}}],"collection":[{"href":"https:\/\/www.madriu-perafita-claror.ad\/es\/wp-json\/wp\/v2\/pages"}],"about":[{"href":"https:\/\/www.madriu-perafita-claror.ad\/es\/wp-json\/wp\/v2\/types\/page"}],"author":[{"embeddable":true,"href":"https:\/\/www.madriu-perafita-claror.ad\/es\/wp-json\/wp\/v2\/users\/2"}],"replies":[{"embeddable":true,"href":"https:\/\/www.madriu-perafita-claror.ad\/es\/wp-json\/wp\/v2\/comments?post=44666"}],"version-history":[{"count":11,"href":"https:\/\/www.madriu-perafita-claror.ad\/es\/wp-json\/wp\/v2\/pages\/44666\/revisions"}],"predecessor-version":[{"id":44761,"href":"https:\/\/www.madriu-perafita-claror.ad\/es\/wp-json\/wp\/v2\/pages\/44666\/revisions\/44761"}],"wp:attachment":[{"href":"https:\/\/www.madriu-perafita-claror.ad\/es\/wp-json\/wp\/v2\/media?parent=44666"}],"curies":[{"name":"wp","href":"https:\/\/api.w.org\/{rel}","templated":true}]}}