{"id":44692,"date":"2020-06-12T09:01:22","date_gmt":"2020-06-12T08:01:22","guid":{"rendered":"https:\/\/www.madriu-perafita-claror.ad\/les-papallones\/"},"modified":"2026-05-16T18:15:38","modified_gmt":"2026-05-16T17:15:38","slug":"les-papallones","status":"publish","type":"page","link":"https:\/\/www.madriu-perafita-claror.ad\/es\/les-papallones\/","title":{"rendered":"Las mariposas"},"content":{"rendered":"<div class=\"wpb-content-wrapper\"><p>[vc_row][vc_column][vc_separator][vc_single_image image=\u00bb38673&#8243; img_size=\u00bbfull\u00bb alignment=\u00bbcenter\u00bb][\/vc_column][\/vc_row][vc_row][vc_column][vc_column_text]<\/p>\n<h2><span style=\"color: #808080;\">LA FAMILIA DE LOS LEPID\u00d3PTEROS (mariposas y colmenas)<\/span><\/h2>\n<p>[\/vc_column_text][vc_column_text]El valle goza de una gran riqueza de invertebrados, entre ellos, 114 especies de mariposas diurnas. El valle del Madriu-Perafita-Claror forma parte del proyecto de seguimiento de las poblaciones de mariposas Butterfly Monitoring Scheme de Andorra (BMSAnd) desde 2015. <\/p>\n<table width=\"1409\">\n<tbody>\n<tr>\n<td width=\"71\">CLASE<\/td>\n<td width=\"223\">ORDEN<\/td>\n<td width=\"244\">SUB-ORDEN<\/td>\n<td width=\"287\">FAMILIA<\/td>\n<td width=\"340\">NOMBRE CIENT\u00cdFICO<\/td>\n<td width=\"244\">NOMBRE COM\u00daN<\/td>\n<\/tr>\n<tr>\n<td rowspan=\"130\">Insectos<\/td>\n<td rowspan=\"130\">Lepid\u00f3pteros (mariposas y polillas)<\/td>\n<td rowspan=\"16\">Mariposas nocturnas o Heter\u00f3ceros<\/td>\n<td>Noctuidae (noctuidos)<\/td>\n<td>Xanthia icteritia<\/td>\n<td><\/td>\n<\/tr>\n<tr>\n<td>Zygaenidae (zig\u00e9nidos)<\/td>\n<td>Zygaena exulanos<\/td>\n<td><\/td>\n<\/tr>\n<tr>\n<td rowspan=\"14\">Geometridae (geom\u00e9tridos)<\/td>\n<td>Asthena albulata<\/td>\n<td><\/td>\n<\/tr>\n<tr>\n<td>Cabera exanthemata<\/td>\n<td><\/td>\n<\/tr>\n<tr>\n<td>Cabera pusaria<\/td>\n<td><\/td>\n<\/tr>\n<tr>\n<td>Eulithis prunata<\/td>\n<td><\/td>\n<\/tr>\n<tr>\n<td>Eupithecia tantillaria<\/td>\n<td><\/td>\n<\/tr>\n<tr>\n<td>Hydriomena furcata<\/td>\n<td><\/td>\n<\/tr>\n<tr>\n<td>Minoa murinata<\/td>\n<td><\/td>\n<\/tr>\n<tr>\n<td>Plagodis pulveraria<\/td>\n<td><\/td>\n<\/tr>\n<tr>\n<td>Pseudopanthera macular\u00eda<\/td>\n<td><\/td>\n<\/tr>\n<tr>\n<td>Scopula floslactata<\/td>\n<td><\/td>\n<\/tr>\n<tr>\n<td>Semiothisa clathrata<\/td>\n<td><\/td>\n<\/tr>\n<tr>\n<td>Siona lineata<\/td>\n<td><\/td>\n<\/tr>\n<tr>\n<td>Xanthorhoe montanata subsp. montanata <\/td>\n<td><\/td>\n<\/tr>\n<tr>\n<td>Xanthorhoe spadicearia<\/td>\n<td><\/td>\n<\/tr>\n<tr>\n<td rowspan=\"114\">Mariposas diurnas o ropal\u00f3ceros<\/td>\n<td rowspan=\"12\">Hesperiidae (hesp\u00e9ridos)<\/td>\n<td>Carcharodus alceae<\/td>\n<td>Cabezudo com\u00fan \u263b<\/td>\n<\/tr>\n<tr>\n<td>Erynnis tages<\/td>\n<td>Furia \u263b<\/td>\n<\/tr>\n<tr>\n<td>Spialia sertorius<\/td>\n<td>P\u00edcaro de la pimpinella \u263b\u263b<\/td>\n<\/tr>\n<tr>\n<td>Hesperia comma<\/td>\n<td>Dardo de manchas blancas \u263b<\/td>\n<\/tr>\n<tr>\n<td>Ochlodes sylvanus<\/td>\n<td>Dardo rubio \u263b<\/td>\n<\/tr>\n<tr>\n<td>Pyrgus alveus<\/td>\n<td>Almena mayor \u263b<\/td>\n<\/tr>\n<tr>\n<td>Pyrgus cirsii<\/td>\n<td>Almena rojiza \u263b\u263b<\/td>\n<\/tr>\n<tr>\n<td>Pyrgus malvoides<\/td>\n<td>Almena com\u00fan \u263b<\/td>\n<\/tr>\n<tr>\n<td>Pyrgus serratulae<\/td>\n<td>Almena olivaci \u263b\u263b<\/td>\n<\/tr>\n<tr>\n<td>Thymelicus lineola<\/td>\n<td>Dorado de punta negra \u263b<\/td>\n<\/tr>\n<tr>\n<td>Thymelicus sylvestris<\/td>\n<td>Dorado de punta naranja \u263b<\/td>\n<\/tr>\n<tr>\n<td>Pyrgus carthami<\/td>\n<td>Almena real<\/td>\n<\/tr>\n<tr>\n<td rowspan=\"33\">Lycaenidae (lic\u00e9nidos o azuletas)<\/td>\n<td>Agriadas glandon<\/td>\n<td>Azul de glaciar \u263b\u263b<\/td>\n<\/tr>\n<tr>\n<td>Aricia montensis<\/td>\n<td>Morenacita de monta\u00f1a<\/td>\n<\/tr>\n<tr>\n<td>Callophrys rubi<\/td>\n<td>Verdita de ojo blanco \u263b<\/td>\n<\/tr>\n<tr>\n<td>Favonius quercus<\/td>\n<td>Morada \u263b\u263b<\/td>\n<\/tr>\n<tr>\n<td>Leptotas pirithous<\/td>\n<td>Azul estriado \u263b<\/td>\n<\/tr>\n<tr>\n<td>Celastrina argiolus<\/td>\n<td>Azul de la hiedra \u263b<\/td>\n<\/tr>\n<tr>\n<td>Phengaris alcon<\/td>\n<td>Hormiguera peque\u00f1a \u263b\u263b\u263b<\/td>\n<\/tr>\n<tr>\n<td>Cupido alcetas<\/td>\n<td>Colillas del melg\u00f3n \u263b\u263b<\/td>\n<\/tr>\n<tr>\n<td>Cupido minimus<\/td>\n<td>Cupido peque\u00f1o \u263b<\/td>\n<\/tr>\n<tr>\n<td>Cupido argidas<\/td>\n<td>Coletas de manchas naranjas \u263b\u263b\u263b<\/td>\n<\/tr>\n<tr>\n<td>Eumedonia eumedon<\/td>\n<td>Morenita torrentera \u263b\u263b<\/td>\n<\/tr>\n<tr>\n<td>Lycaena tityrus<\/td>\n<td>Cobre oscuro \u263b<\/td>\n<\/tr>\n<tr>\n<td>L\u00e1mparas boeticus<\/td>\n<td>Azul de los guisantes \u263b<\/td>\n<\/tr>\n<tr>\n<td>Lycaena phlaeas<\/td>\n<td>Cobre com\u00fan \u263b<\/td>\n<\/tr>\n<tr>\n<td>Lycaena virgaureae<\/td>\n<td>Cobre al rojo \u263b<\/td>\n<\/tr>\n<tr>\n<td>Lycaena hippothoe<\/td>\n<td>Cobre de mollera \u263b\u263b<\/td>\n<\/tr>\n<tr>\n<td>Plebejus argus<\/td>\n<td>Azulejo argio \u263b<\/td>\n<\/tr>\n<tr>\n<td>Plebejus idas<\/td>\n<td>Azul de monta\u00f1a \u263b<\/td>\n<\/tr>\n<tr>\n<td>Polyommatus amandus<\/td>\n<td>Azul de la guirnalda \u263b\u263b<\/td>\n<\/tr>\n<tr>\n<td>Lysandra bellargus<\/td>\n<td>Azul brillante \u263b<\/td>\n<\/tr>\n<tr>\n<td>Lysandra coridon<\/td>\n<td>Griseta de monta\u00f1a \u263b<\/td>\n<\/tr>\n<tr>\n<td>Polyommatus dorylas<\/td>\n<td>Azul de la vulneraria \u263b\u263b<\/td>\n<\/tr>\n<tr>\n<td>Polyommatus eros<\/td>\n<td>Azul alpina \u263b\u263b<\/td>\n<\/tr>\n<tr>\n<td>Polyommatus icarus<\/td>\n<td>Azul com\u00fan \u263b<\/td>\n<\/tr>\n<tr>\n<td>Cyaniris semiargus<\/td>\n<td>Cobalto \u263b<\/td>\n<\/tr>\n<tr>\n<td>Polyommatus thersites<\/td>\n<td>Azul de la esparceta \u263b\u263b<\/td>\n<\/tr>\n<tr>\n<td>Aricia nicias<\/td>\n<td>Morenita gris \u263b\u263b<\/td>\n<\/tr>\n<tr>\n<td>Satyrium acaciae<\/td>\n<td>Marronilla del ara\u00f1oner \u263b\u263b<\/td>\n<\/tr>\n<tr>\n<td>Satyrium elija<\/td>\n<td>Marronilla de la encina \u263b<\/td>\n<\/tr>\n<tr>\n<td>Satyrium ilicios<\/td>\n<td>Marronilla del roble \u263b\u263b<\/td>\n<\/tr>\n<tr>\n<td>Lycaena alciphron<\/td>\n<td>Cobre tornasol \u263b\u263b<\/td>\n<\/tr>\n<tr>\n<td>Phengaris arion<\/td>\n<td>Hormiguera grande<\/td>\n<\/tr>\n<tr>\n<td>Polyommatus escheri<\/td>\n<td>Azul del astr\u00e1galo<\/td>\n<\/tr>\n<tr>\n<td rowspan=\"20\">Nymphalidae subfam. Satyrinae (sat\u00edridos) <\/td>\n<td width=\"340\">Coenonympha arcania<\/td>\n<td>Leonada de matorral \u263b<\/td>\n<\/tr>\n<tr>\n<td>Coenonympha pamphilus<\/td>\n<td>Leonada com\u00fan \u263b<\/td>\n<\/tr>\n<tr>\n<td>Maniola jurtina<\/td>\n<td>Morena de prado \u263b<\/td>\n<\/tr>\n<tr>\n<td>Brintesia circe<\/td>\n<td>Bruja \u263b<\/td>\n<\/tr>\n<tr>\n<td>Erebia cassioides<\/td>\n<td>Monta\u00f1a gris \u263b<\/td>\n<\/tr>\n<tr>\n<td>Erebia epiphron<\/td>\n<td>Monta\u00f1a peque\u00f1a \u263b<\/td>\n<\/tr>\n<tr>\n<td>Erebia euryale<\/td>\n<td>Monta\u00f1a fistonada \u263b<\/td>\n<\/tr>\n<tr>\n<td>Erebia gorgone [especie end\u00e9mica de Pirineo]<\/td>\n<td>Monta\u00f1a pirenaica \u263b\u263b<\/td>\n<\/tr>\n<tr>\n<td>Erebia lefebvrei<\/td>\n<td>Monta\u00f1a negra \u263b\u263b<\/td>\n<\/tr>\n<tr>\n<td>Erebia meolanos<\/td>\n<td>Monta\u00f1a com\u00fan \u263b<\/td>\n<\/tr>\n<tr>\n<td>Erebia neoridas<\/td>\n<td>Monta\u00f1a tard\u00eda \u263b<\/td>\n<\/tr>\n<tr>\n<td>Erebia pandrose<\/td>\n<td>Monta\u00f1a punteada \u263b\u263b<\/td>\n<\/tr>\n<tr>\n<td>Erebia elegir\u00eda<\/td>\n<td>Monta\u00f1a de la terna \u263b<\/td>\n<\/tr>\n<tr>\n<td>Lasiommata maera<\/td>\n<td>Margenera grande \u263b<\/td>\n<\/tr>\n<tr>\n<td>Lasiommata mediana<\/td>\n<td>Margenera com\u00fan \u263b<\/td>\n<\/tr>\n<tr>\n<td>Melanargia lachesis<\/td>\n<td>Jaque ib\u00e9rico \u263b<\/td>\n<\/tr>\n<tr>\n<td>Pararge aegeria<\/td>\n<td>Morena de bosque \u263b<\/td>\n<\/tr>\n<tr>\n<td>Satyrus actaea<\/td>\n<td>S\u00e1tiro peque\u00f1o \u263b<\/td>\n<\/tr>\n<tr>\n<td>Erebia oeme<\/td>\n<td>Monta\u00f1a de turbera<\/td>\n<\/tr>\n<tr>\n<td>Erebia gorge<\/td>\n<td>Monta\u00f1a de canchal<\/td>\n<\/tr>\n<tr>\n<td rowspan=\"31\">Nymphalidae (nimf\u00e1lidos)<\/td>\n<td>Aglais urticae<\/td>\n<td>Mariposa de las ortigas \u263b<\/td>\n<\/tr>\n<tr>\n<td>Apatura ilia<\/td>\n<td>Tornazo peque\u00f1o \u263b<\/td>\n<\/tr>\n<tr>\n<td>Apatura iris<\/td>\n<td>Tornazo grande \u263b<\/td>\n<\/tr>\n<tr>\n<td>Speyeria aglaja<\/td>\n<td>Argentada de monta\u00f1a \u263b<\/td>\n<\/tr>\n<tr>\n<td>Argynnis paphia<\/td>\n<td>Argentada com\u00fan \u263b<\/td>\n<\/tr>\n<tr>\n<td>Limenitis reducta<\/td>\n<td>Ninfa mediterr\u00e1nea \u263b\u263b<\/td>\n<\/tr>\n<tr>\n<td>Bolor\u00eda euphrosyne<\/td>\n<td>Doncella rojiza \u263b<\/td>\n<\/tr>\n<tr>\n<td>Bolor\u00eda palas<\/td>\n<td>Doncella alpina \u263b\u263b<\/td>\n<\/tr>\n<tr>\n<td>Bolor\u00eda selene<\/td>\n<td>Doncella morena \u263b<\/td>\n<\/tr>\n<tr>\n<td>Brenthis daphne<\/td>\n<td>Perlada de la zarza \u263b\u263b<\/td>\n<\/tr>\n<tr>\n<td>Brenthis ino<\/td>\n<td>Perlada europea \u263b<\/td>\n<\/tr>\n<tr>\n<td>Melitaea cincha<\/td>\n<td>Damer punteado \u263b<\/td>\n<\/tr>\n<tr>\n<td>Bolor\u00eda d\u00eda<\/td>\n<td>Doncella violeta \u263b<\/td>\n<\/tr>\n<tr>\n<td>Vanessa cardui<\/td>\n<td>Migradora de los cardos \u263b<\/td>\n<\/tr>\n<tr>\n<td>Melitaea didyma<\/td>\n<td>Damer rojo \u263b<\/td>\n<\/tr>\n<tr>\n<td>Euphydryas aurinia<\/td>\n<td>Brocado variable \u2207 \u263b\u263b<\/td>\n<\/tr>\n<tr>\n<td>Fabriciana adippe<\/td>\n<td>Argentada de puntos rojos \u263b<\/td>\n<\/tr>\n<tr>\n<td>Fabriciana niobe<\/td>\n<td>Niobe \u263b<\/td>\n<\/tr>\n<tr>\n<td>Aglais yo<\/td>\n<td>Pavo real de d\u00eda \u263b<\/td>\n<\/tr>\n<tr>\n<td>Isor\u00eda lathonia<\/td>\n<td>Espejos \u263b<\/td>\n<\/tr>\n<tr>\n<td>Limenitis camilla<\/td>\n<td>Ninfa boscana \u263b\u263b<\/td>\n<\/tr>\n<tr>\n<td>Melitaea nevadensis\/celaduza<\/td>\n<td>Damer boscano \u263b<\/td>\n<\/tr>\n<tr>\n<td>Melitaea deione<\/td>\n<td>Damer de los conejitos \u263b\u263b<\/td>\n<\/tr>\n<tr>\n<td>Melitaea diamina<\/td>\n<td>Damer de la valeriana \u263b\u263b<\/td>\n<\/tr>\n<tr>\n<td>Melitaea parthenoides<\/td>\n<td>Damer de los prados \u263b<\/td>\n<\/tr>\n<tr>\n<td>Melitaea phoebe<\/td>\n<td>Damer de la cent\u00e1urea \u263b<\/td>\n<\/tr>\n<tr>\n<td>Nymphalis antiopa<\/td>\n<td>Terciopelo del sauce \u263b<\/td>\n<\/tr>\n<tr>\n<td>Nymphalis polychloros<\/td>\n<td>Ninfa durmiente \u263b\u263b<\/td>\n<\/tr>\n<tr>\n<td>Polygonia c-album<\/td>\n<td>Mariposa de la c blanca \u263b<\/td>\n<\/tr>\n<tr>\n<td>Bolor\u00eda eunom\u00eda<\/td>\n<td>Doncella de la bistorta \u263b\u263b<\/td>\n<\/tr>\n<tr>\n<td>Vanessa atalanta<\/td>\n<td>Atalanta \u263b<\/td>\n<\/tr>\n<tr>\n<td rowspan=\"4\">Papilionidae (papili\u00f3nidos)<\/td>\n<td>Parnasivos apollo<\/td>\n<td>Apolo \u2207 \u263b<\/td>\n<\/tr>\n<tr>\n<td>Parnasivos mnemosyne<\/td>\n<td>Mnem\u00f3sine \u2207 \u263b\u263b\u263b<\/td>\n<\/tr>\n<tr>\n<td>Iphiclides feisthamelii<\/td>\n<td>Reina cebrada \u263b<\/td>\n<\/tr>\n<tr>\n<td>Papilio machaon<\/td>\n<td>Mariposa reina \u263b<\/td>\n<\/tr>\n<tr>\n<td rowspan=\"13\">Pieridae (pi\u00e9ridos)<\/td>\n<td>Anthocharis cardaminas<\/td>\n<td>Aurora \u263b<\/td>\n<\/tr>\n<tr>\n<td>Aporia crataegi<\/td>\n<td>Blanca del espino \u263b<\/td>\n<\/tr>\n<tr>\n<td>Colias alfacariensis<\/td>\n<td>Safranera p\u00e1lida \u263b<\/td>\n<\/tr>\n<tr>\n<td>Colias crocea<\/td>\n<td>Zafranera de la alfalfa \u263b<\/td>\n<\/tr>\n<tr>\n<td>Colias phicomone<\/td>\n<td>Safranera alpina \u263b\u263b<\/td>\n<\/tr>\n<tr>\n<td>Gonepteryx cleopatra<\/td>\n<td>Cleopatra \u263b\u263b<\/td>\n<\/tr>\n<tr>\n<td>Gonepteryx rhamni<\/td>\n<td>Limonera \u263b<\/td>\n<\/tr>\n<tr>\n<td>Leptidea sinapis<\/td>\n<td>Angelito com\u00fan \u263b<\/td>\n<\/tr>\n<tr>\n<td>Pieris brassicae<\/td>\n<td>Blanca de la col \u263b<\/td>\n<\/tr>\n<tr>\n<td>Pieris napi<\/td>\n<td>Blanquita perfumada \u263b<\/td>\n<\/tr>\n<tr>\n<td>Pieris rapae<\/td>\n<td>Blanquita de la col \u263b<\/td>\n<\/tr>\n<tr>\n<td>Pontia daplidice<\/td>\n<td>Pontia com\u00fan \u263b<\/td>\n<\/tr>\n<tr>\n<td>Pontia callidice<\/td>\n<td>Pontia de las cimas<\/td>\n<\/tr>\n<tr>\n<td>Riodinidae (riod\u00ednidos)<\/td>\n<td>Hamearios alucina<\/td>\n<td>Mariposa de la pr\u00edmula \u263b\u263b<\/td>\n<\/tr>\n<\/tbody>\n<\/table>\n<p>[\/vc_column_text][vc_column_text]<\/p>\n<table style=\"height: 466px;\" width=\"1151\">\n<tbody>\n<tr>\n<td width=\"288\">\n<p style=\"text-align: justify;\"><span style=\"text-decoration: underline;\"><span style=\"font-size: 8pt;\">Especies animales clasificadas de acuerdo con la UICN (Uni\u00f3n<\/span><\/span> <span style=\"text-decoration: underline;\"><span style=\"font-size: 8pt;\">Internacional para la Conservaci\u00f3n de la Naturaleza) seg\u00fan el grado<\/span><\/span> <span style=\"text-decoration: underline;\"><span style=\"font-size: 8pt;\">de amenaza ( <a href=\"https:\/\/www.bopa.ad\/bopa\/025027\/Pagines\/7F35A.aspx\" target=\"_blank\" rel=\"noopener noreferrer\">BOPA 12\/06\/13<\/a> ):<\/span><\/span><br \/>\n \u263b <span style=\"color: #f8f8f8;\">\u263b\u263b<\/span> <span style=\"font-size: 8pt;\">Especies protegidas (62,6%)<\/span><br \/>\n \u263b\u263b <span style=\"color: #f8f8f8;\">\u263b<\/span> <span style=\"font-size: 8pt;\">Especies protegidas y amenazadas (14,5%)<\/span><br \/>\n \u263b\u263b\u263b <span style=\"font-size: 8pt;\">Especies protegidas y en peligro de extinci\u00f3n (6,9%)<\/span><\/p>\n<p style=\"text-align: justify;\"><span style=\"font-size: 8pt;\">( <span style=\"color: #ff0000;\">Vertebrados: protegidos: 84% y amenazados o en peligro de extinci\u00f3n: 21,4%<\/span> )<\/span><\/p>\n<p style=\"text-align: justify;\"><span style=\"font-size: 8pt;\">( <span style=\"color: #ff0000;\">Mariposas: protegidas: 94,2% y amenazadas o en peligro de extinci\u00f3n: 29,1%<\/span> )<\/span><\/p>\n<p style=\"text-align: center;\">\u25ac\u25ac\u25ac\u25ac\u25ac\u25ac\u25ac\u25ac\u25ac\u25ac\u25ac\u25ac\u25ac\u25ac\u25ac\u25ac\u25ac\u25ac\u25ac<\/p>\n<p>\u2295<span style=\"color: #f8f8f8;\">\u2295\u2295\u2295<\/span> <span style=\"font-size: 8pt;\">Especies cazables, ( <a href=\"https:\/\/www.bopa.ad\/bopa\/027067\/Pagines\/GR20150930_12_16_12.aspx\" target=\"_blank\" rel=\"noopener noreferrer\">Reglamento de aplicaci\u00f3n de la Ley de caza<\/a> )  <\/span><br \/>\n<span style=\"color: #f8f8f8;\">\u2295\u2295\u2295\u2295<\/span> <span style=\"font-size: 8pt;\">pescables ( <a href=\"https:\/\/www.bopa.ad\/bopa\/015029\/Pagines\/2D212.aspx\" target=\"\"_blank<sup><\/sup>\u00bb rel=\u00bbnoopener noreferrer\u00bb>Reglamento de la pesca<\/a> )<\/span><br \/>\n<span style=\"color: #f8f8f8;\">\u2295\u2295\u2295\u2295<\/span> <span style=\"font-size: 8pt;\">y otros (ej: el <a href=\"https:\/\/www.bopa.ad\/bopa\/019048\/Pagines\/4C2DA.aspx\" target=\"\"_blank<sup><\/sup>\u00bb rel=\u00bbnoopener noreferrer\u00bb>Plan de gesti\u00f3n del rebeco del Principado de Andorra<\/a> )<\/span><\/p>\n<p><span style=\"color: #ff0000;\">\u2192<\/span> <span style=\"font-size: 8pt;\">m\u00e1s informaci\u00f3n: <a href=\"http:\/\/www.patrimoninatural.ad\/fauna\/gestio-de-la-caca\/la-practica-de-la-caca\" target=\"_blank\" rel=\"noopener noreferrer\">www.patrimoninatural.ad<\/a> y <a href=\"http:\/\/www.facip.com\/info-llicencies#especies\" target=\"_blank\" rel=\"noopener noreferrer\">www.facip.com<\/a><\/span><\/td>\n<td style=\"text-align: justify;\" width=\"288\"><span style=\"text-decoration: underline;\"><span style=\"font-size: 8pt;\">Especies catalogadas en el anexo II del <a href=\"https:\/\/www.bopa.ad\/bopa\/012041\/Pagines\/1E14E.aspx\" target=\"_blank\" rel=\"noopener noreferrer\">Convenio de Berna<\/a> (especies estrictamente protegidas de las que tambi\u00e9n se protege su h\u00e1bitat prohibiendo el deterioro o destrucci\u00f3n intencionadas de los lugares de reproducci\u00f3n o de sus \u00e1reas de reposo):<\/span><\/span><br \/>\n \u2207 <span style=\"color: #f8f8f8;\">\u2207\u2207\u2207<\/span> <span style=\"font-size: 8pt;\">Especies estrictamente protegidas (51,1%)<\/span><br \/>\n \u2207\u2207 <span style=\"color: #f8f8f8;\">\u2207\u2207<\/span> <span style=\"font-size: 8pt;\">Especie <a href=\"https:\/\/ca.wikipedia.org\/wiki\/Endemisme\" target=\"_blank\" rel=\"noopener noreferrer\">end\u00e9mica<\/a> estrictamente protegida<\/span><br \/>\n\u2207\u2207\u2207 <span style=\"color: #f8f8f8;\">\u2207<\/span> <span style=\"font-size: 8pt;\">Especie estrictamente protegida y estudiada y conservada por el <a href=\"http:\/\/www.adn-andorra.org\/websadn\/pact\/\" target=\"_blank\" rel=\"noopener noreferrer\">PACT<\/a> (Plan de Actuaciones para la Conservaci\u00f3n del Quebrantahuesos), que se cre\u00f3 en 1999 por el Gobierno andorrano y la Asociaci\u00f3n para la Defensa de la Naturaleza (ADN)<\/span><br \/>\n\u2207\u2207\u2207\u2207  <span style=\"font-size: 8pt;\">Especie estrictamente protegida y de inter\u00e9s comunitario, cuya presencia se demostr\u00f3 en el a\u00f1o 2011 gracias al <a href=\"http:\/\/web.bomosa.ad\/node\/47\" target=\"_blank\" rel=\"noopener noreferrer\">proyecto FELIS<\/a> (convenio entre la Asociaci\u00f3n Filantr\u00f3pica BOMOSA y el Gobierno de Andorra)<\/span><span style=\"font-size: 8pt;\">[\u00b9] = v\u00ednculo en castellano ; [\u00b2] = enlace en franc\u00e9s<\/span><\/td>\n<\/tr>\n<\/tbody>\n<\/table>\n<p>&nbsp;<\/p>\n<p><strong><span style=\"color: #0000ff; text-decoration: underline;\"><span style=\"text-decoration: underline;\">Fuentes<\/span> :<\/span><\/strong><\/p>\n<p><span style=\"color: #ff0000;\">\u2022<\/span> <span style=\"font-size: 9pt;\">\u00abInventario entomol\u00f3gico del Valle du Madriu-Perafita-Claror (Andorra) 2006<br \/>\n<\/span> <span style=\"color: #ff0000;\">\u2022<\/span><span style=\"font-size: 9pt;\">\u00abActualizaci\u00f3n de los datos recogidos en las estaciones del BUTTERFLY MONITORING SCHEME en ANDORRA (BMSAnd)\u00bb CENMA 2014. <\/span><br \/>\n<span style=\"color: #ff0000;\">\u2022<\/span> <span style=\"font-size: 9pt;\">CENMA &#8211; Centro de Estudios de la Nieve y de la Monta\u00f1a de Andorra<\/span><br \/>\n<span style=\"color: #ff0000;\">\u2022<\/span><span style=\"font-size: 9pt;\">Enlaces y fotos: <a href=\"https:\/\/www.wikipedia.org\/\" target=\"_blank\" rel=\"noopener noreferrer\">www.wikipedia.org<\/a> .<\/span>[\/vc_column_text][\/vc_column][\/vc_row]<\/p>\n<\/div>","protected":false},"excerpt":{"rendered":"<p>[vc_row][vc_column][vc_separator][vc_single_image image=\u00bb38673&#8243; img_size=\u00bbfull\u00bb alignment=\u00bbcenter\u00bb][\/vc_column][\/vc_row][vc_row][vc_column][vc_column_text] LA FAMILIA DE LOS LEPID\u00d3PTEROS (mariposas y colmenas) [\/vc_column_text][vc_column_text]El valle goza de una gran riqueza de&#8230;<\/p>\n","protected":false},"author":2,"featured_media":0,"parent":0,"menu_order":0,"comment_status":"closed","ping_status":"closed","template":"","meta":{"_acf_changed":false,"footnotes":""},"class_list":["post-44692","page","type-page","status-publish"],"acf":[],"_links":{"self":[{"href":"https:\/\/www.madriu-perafita-claror.ad\/es\/wp-json\/wp\/v2\/pages\/44692","targetHints":{"allow":["GET"]}}],"collection":[{"href":"https:\/\/www.madriu-perafita-claror.ad\/es\/wp-json\/wp\/v2\/pages"}],"about":[{"href":"https:\/\/www.madriu-perafita-claror.ad\/es\/wp-json\/wp\/v2\/types\/page"}],"author":[{"embeddable":true,"href":"https:\/\/www.madriu-perafita-claror.ad\/es\/wp-json\/wp\/v2\/users\/2"}],"replies":[{"embeddable":true,"href":"https:\/\/www.madriu-perafita-claror.ad\/es\/wp-json\/wp\/v2\/comments?post=44692"}],"version-history":[{"count":11,"href":"https:\/\/www.madriu-perafita-claror.ad\/es\/wp-json\/wp\/v2\/pages\/44692\/revisions"}],"predecessor-version":[{"id":44813,"href":"https:\/\/www.madriu-perafita-claror.ad\/es\/wp-json\/wp\/v2\/pages\/44692\/revisions\/44813"}],"wp:attachment":[{"href":"https:\/\/www.madriu-perafita-claror.ad\/es\/wp-json\/wp\/v2\/media?parent=44692"}],"curies":[{"name":"wp","href":"https:\/\/api.w.org\/{rel}","templated":true}]}}