{"id":44718,"date":"2020-06-12T09:01:21","date_gmt":"2020-06-12T08:01:21","guid":{"rendered":"https:\/\/www.madriu-perafita-claror.ad\/els-reptils\/"},"modified":"2026-05-16T18:17:56","modified_gmt":"2026-05-16T17:17:56","slug":"els-reptils","status":"publish","type":"page","link":"https:\/\/www.madriu-perafita-claror.ad\/es\/els-reptils\/","title":{"rendered":"Los reptiles"},"content":{"rendered":"<div class=\"wpb-content-wrapper\"><p>[vc_row][vc_column][vc_separator][vc_single_image image=\u00bb38668&#8243; img_size=\u00bbfull\u00bb alignment=\u00bbcenter\u00bb][\/vc_column][\/vc_row][vc_row][vc_column][vc_column_text]<\/p>\n<h2><span style=\"color: #808080;\">LA FAMILIA DE LOS REPTILES (Vertebrados)<\/span><\/h2>\n<p>[\/vc_column_text][vc_column_text]Seis especies de reptiles han sido censados \u200b\u200ben el valle: la lagartija roquera ( <em>Podarcis muralis<\/em> ), la lagartija viv\u00edpara ( <em>Lacerta vivipara<\/em> ), la v\u00edbora pirenaica ( <em>Vipera aspis<\/em> ), la serpiente de collar ( <em>Natrix natrix<\/em> <em>)<\/em> , la serpiente <em>vir-<\/em> la serpiente de Esculapio ( <em>Zamenis longissimus<\/em> ).<\/p>\n<table style=\"height: 175px;\" width=\"1025\">\n<tbody>\n<tr style=\"height: 25px;\">\n<td style=\"height: 25px;\" width=\"205\">CLASE<\/td>\n<td style=\"height: 25px;\" width=\"205\">ORDEN<\/td>\n<td style=\"height: 25px;\" width=\"205\">FAMILIA<\/td>\n<td style=\"height: 25px;\" width=\"205\">NOMBRE CIENT\u00cdFICO<\/td>\n<td style=\"height: 25px;\" width=\"205\">NOMBRE COM\u00daN<\/td>\n<\/tr>\n<tr style=\"height: 25px;\">\n<td style=\"height: 150px;\" rowspan=\"6\">3. Reptiles<\/td>\n<td style=\"height: 150px;\" rowspan=\"6\"><a href=\"https:\/\/ca.wikipedia.org\/wiki\/Escatosos\">Escatosos<\/a><\/td>\n<td style=\"height: 75px;\" rowspan=\"3\"><a href=\"https:\/\/ca.wikipedia.org\/wiki\/Col%C3%BAbrids\">Colubridae<\/a> (col\u00fabridos)<\/td>\n<td style=\"height: 25px;\"><a href=\"https:\/\/ca.wikipedia.org\/wiki\/Serp_verda_i_groga\">Hierophis viridiflavus<\/a><\/td>\n<td style=\"height: 25px;\">Serpiente verdigroga \u263b<\/td>\n<\/tr>\n<tr style=\"height: 25px;\">\n<td style=\"height: 25px;\"><a href=\"https:\/\/ca.wikipedia.org\/wiki\/Serp_de_collaret\">Natrix natrix<\/a><\/td>\n<td style=\"height: 25px;\">Serpiente de apretar \u263b\u263b<\/td>\n<\/tr>\n<tr style=\"height: 25px;\">\n<td style=\"height: 25px;\"><a href=\"https:\/\/ca.wikipedia.org\/wiki\/Serp_d%27Esculapi\">Zamenis longissimus<\/a><\/td>\n<td style=\"height: 25px;\">Serpiente de Esculapio \u2207 \u263b\u263b\u263b<\/td>\n<\/tr>\n<tr style=\"height: 25px;\">\n<td style=\"height: 50px;\" rowspan=\"2\"><a href=\"https:\/\/ca.wikipedia.org\/wiki\/Lac%C3%A8rtids\">Lacertidae<\/a> (lac\u00e9rtidos)<\/td>\n<td style=\"height: 25px;\"><a href=\"https:\/\/ca.wikipedia.org\/wiki\/Sargantana_viv%C3%ADpara\">Lacierta vivipara<\/a><\/td>\n<td style=\"height: 25px;\">Lagartija viv\u00edpara \u2207 \u263b\u263b<\/td>\n<\/tr>\n<tr style=\"height: 25px;\">\n<td style=\"height: 25px;\"><a href=\"https:\/\/ca.wikipedia.org\/wiki\/Sargantana_roquera\">Podarcis muralis<\/a><\/td>\n<td style=\"height: 25px;\">Lagartija roquera \u2207 \u263b<\/td>\n<\/tr>\n<tr style=\"height: 25px;\">\n<td style=\"height: 25px;\"><a href=\"https:\/\/ca.wikipedia.org\/wiki\/Vip%C3%A8rids\">Viperidae<\/a> (vip\u00e9ridos)<\/td>\n<td style=\"height: 25px;\"><a href=\"https:\/\/ca.wikipedia.org\/wiki\/Escur%C3%A7%C3%B3_pirinenc\">Vipera aspis<\/a><\/td>\n<td style=\"height: 25px;\">V\u00edbora pirenaica \u263b<\/td>\n<\/tr>\n<\/tbody>\n<\/table>\n<p>[\/vc_column_text][vc_column_text]<\/p>\n<table style=\"height: 466px;\" width=\"1151\">\n<tbody>\n<tr>\n<td width=\"288\">\n<p style=\"text-align: justify;\"><span style=\"text-decoration: underline;\"><span style=\"font-size: 8pt;\">Especies animales clasificadas de acuerdo con la UICN (Uni\u00f3n<\/span><\/span> <span style=\"text-decoration: underline;\"><span style=\"font-size: 8pt;\">Internacional para la Conservaci\u00f3n de la Naturaleza) seg\u00fan el grado<\/span><\/span> <span style=\"text-decoration: underline;\"><span style=\"font-size: 8pt;\">de amenaza ( <a href=\"https:\/\/www.bopa.ad\/bopa\/025027\/Pagines\/7F35A.aspx\" target=\"_blank\" rel=\"noopener noreferrer\">BOPA 12\/06\/13<\/a> ):<\/span><\/span><br \/>\n \u263b <span style=\"color: #f8f8f8;\">\u263b\u263b<\/span> <span style=\"font-size: 8pt;\">Especies protegidas (62,6%)<\/span><br \/>\n \u263b\u263b <span style=\"color: #f8f8f8;\">\u263b<\/span> <span style=\"font-size: 8pt;\">Especies protegidas y amenazadas (14,5%)<\/span><br \/>\n \u263b\u263b\u263b <span style=\"font-size: 8pt;\">Especies protegidas y en peligro de extinci\u00f3n (6,9%)<\/span><\/p>\n<p style=\"text-align: justify;\"><span style=\"font-size: 8pt;\">( <span style=\"color: #ff0000;\">Vertebrados: protegidos: 84% y amenazados o en peligro de extinci\u00f3n: 21,4%<\/span> )<\/span><\/p>\n<p style=\"text-align: justify;\"><span style=\"font-size: 8pt;\">( <span style=\"color: #ff0000;\">Mariposas: protegidas: 94,2% y amenazadas o en peligro de extinci\u00f3n: 29,1%<\/span> )<\/span><\/p>\n<p style=\"text-align: center;\">\u25ac\u25ac\u25ac\u25ac\u25ac\u25ac\u25ac\u25ac\u25ac\u25ac\u25ac\u25ac\u25ac\u25ac\u25ac\u25ac\u25ac\u25ac\u25ac<\/p>\n<p>\u2295<span style=\"color: #f8f8f8;\">\u2295\u2295\u2295<\/span> <span style=\"font-size: 8pt;\">Especies cazables, ( <a href=\"https:\/\/www.bopa.ad\/bopa\/027067\/Pagines\/GR20150930_12_16_12.aspx\" target=\"_blank\" rel=\"noopener noreferrer\">Reglamento de aplicaci\u00f3n de la Ley de caza<\/a> )  <\/span><br \/>\n<span style=\"color: #f8f8f8;\">\u2295\u2295\u2295\u2295<\/span> <span style=\"font-size: 8pt;\">pescables ( <a href=\"https:\/\/www.bopa.ad\/bopa\/015029\/Pagines\/2D212.aspx\" target=\"\"_blank<sup><\/sup>\u00bb rel=\u00bbnoopener noreferrer\u00bb>Reglamento de la pesca<\/a> )<\/span><br \/>\n<span style=\"color: #f8f8f8;\">\u2295\u2295\u2295\u2295<\/span> <span style=\"font-size: 8pt;\">y otros (ej: el <a href=\"https:\/\/www.bopa.ad\/bopa\/019048\/Pagines\/4C2DA.aspx\" target=\"\"_blank<sup><\/sup>\u00bb rel=\u00bbnoopener noreferrer\u00bb>Plan de gesti\u00f3n del rebeco del Principado de Andorra<\/a> )<\/span><\/p>\n<p><span style=\"color: #ff0000;\">\u2192<\/span> <span style=\"font-size: 8pt;\">m\u00e1s informaci\u00f3n: <a href=\"http:\/\/www.patrimoninatural.ad\/fauna\/gestio-de-la-caca\/la-practica-de-la-caca\" target=\"_blank\" rel=\"noopener noreferrer\">www.patrimoninatural.ad<\/a> y <a href=\"http:\/\/www.facip.com\/info-llicencies#especies\" target=\"_blank\" rel=\"noopener noreferrer\">www.facip.com<\/a><\/span><\/td>\n<td style=\"text-align: justify;\" width=\"288\"><span style=\"text-decoration: underline;\"><span style=\"font-size: 8pt;\">Especies catalogadas en el anexo II del <a href=\"https:\/\/www.bopa.ad\/bopa\/012041\/Pagines\/1E14E.aspx\" target=\"_blank\" rel=\"noopener noreferrer\">Convenio de Berna<\/a> (especies estrictamente protegidas de las que tambi\u00e9n se protege su h\u00e1bitat prohibiendo el deterioro o destrucci\u00f3n intencionadas de los lugares de reproducci\u00f3n o de sus \u00e1reas de reposo):<\/span><\/span><br \/>\n \u2207 <span style=\"color: #f8f8f8;\">\u2207\u2207\u2207<\/span> <span style=\"font-size: 8pt;\">Especies estrictamente protegidas (51,1%)<\/span><br \/>\n \u2207\u2207 <span style=\"color: #f8f8f8;\">\u2207\u2207<\/span> <span style=\"font-size: 8pt;\">Especie <a href=\"https:\/\/ca.wikipedia.org\/wiki\/Endemisme\" target=\"_blank\" rel=\"noopener noreferrer\">end\u00e9mica<\/a> estrictamente protegida<\/span><br \/>\n\u2207\u2207\u2207 <span style=\"color: #f8f8f8;\">\u2207<\/span> <span style=\"font-size: 8pt;\">Especie estrictamente protegida y estudiada y conservada por el <a href=\"http:\/\/www.adn-andorra.org\/websadn\/pact\/\" target=\"_blank\" rel=\"noopener noreferrer\">PACT<\/a> (Plan de Actuaciones para la Conservaci\u00f3n del Quebrantahuesos), que se cre\u00f3 en 1999 por el Gobierno andorrano y la Asociaci\u00f3n para la Defensa de la Naturaleza (ADN)<\/span><br \/>\n\u2207\u2207\u2207\u2207  <span style=\"font-size: 8pt;\">Especie estrictamente protegida y de inter\u00e9s comunitario, cuya presencia se demostr\u00f3 en el a\u00f1o 2011 gracias al <a href=\"http:\/\/web.bomosa.ad\/node\/47\" target=\"_blank\" rel=\"noopener noreferrer\">proyecto FELIS<\/a> (convenio entre la Asociaci\u00f3n Filantr\u00f3pica BOMOSA y el Gobierno de Andorra)<\/span><span style=\"font-size: 8pt;\">[\u00b9] = v\u00ednculo en castellano ; [\u00b2] = enlace en franc\u00e9s<\/span><\/td>\n<\/tr>\n<\/tbody>\n<\/table>\n<p>&nbsp;<\/p>\n<p><strong><span style=\"color: #0000ff; text-decoration: underline;\"><span style=\"text-decoration: underline;\">Fuentes<\/span> :<\/span><\/strong><\/p>\n<p><span style=\"color: #ff0000;\">\u2022<\/span> <span style=\"font-size: 9pt;\">\u00abInventario entomol\u00f3gico del Valle du Madriu-Perafita-Claror (Andorra) 2006<br \/>\n<\/span> <span style=\"color: #ff0000;\">\u2022<\/span><span style=\"font-size: 9pt;\">\u00abActualizaci\u00f3n de los datos recogidos en las estaciones del BUTTERFLY MONITORING SCHEME en ANDORRA (BMSAnd)\u00bb CENMA 2014. <\/span><br \/>\n<span style=\"color: #ff0000;\">\u2022<\/span> <span style=\"font-size: 9pt;\">CENMA &#8211; Centro de Estudios de la Nieve y de la Monta\u00f1a de Andorra<\/span><br \/>\n<span style=\"color: #ff0000;\">\u2022<\/span><span style=\"font-size: 9pt;\">Enlaces y fotos: <a href=\"https:\/\/www.wikipedia.org\/\" target=\"_blank\" rel=\"noopener noreferrer\">www.wikipedia.org<\/a> .<\/span>[\/vc_column_text][\/vc_column][\/vc_row]<\/p>\n<\/div>","protected":false},"excerpt":{"rendered":"<p>[vc_row][vc_column][vc_separator][vc_single_image image=\u00bb38668&#8243; img_size=\u00bbfull\u00bb alignment=\u00bbcenter\u00bb][\/vc_column][\/vc_row][vc_row][vc_column][vc_column_text] LA FAMILIA DE LOS REPTILES (Vertebrados) [\/vc_column_text][vc_column_text]Seis especies de reptiles han sido censados \u200b\u200ben el valle:&#8230;<\/p>\n","protected":false},"author":2,"featured_media":0,"parent":0,"menu_order":0,"comment_status":"closed","ping_status":"closed","template":"","meta":{"_acf_changed":false,"footnotes":""},"class_list":["post-44718","page","type-page","status-publish"],"acf":[],"_links":{"self":[{"href":"https:\/\/www.madriu-perafita-claror.ad\/es\/wp-json\/wp\/v2\/pages\/44718","targetHints":{"allow":["GET"]}}],"collection":[{"href":"https:\/\/www.madriu-perafita-claror.ad\/es\/wp-json\/wp\/v2\/pages"}],"about":[{"href":"https:\/\/www.madriu-perafita-claror.ad\/es\/wp-json\/wp\/v2\/types\/page"}],"author":[{"embeddable":true,"href":"https:\/\/www.madriu-perafita-claror.ad\/es\/wp-json\/wp\/v2\/users\/2"}],"replies":[{"embeddable":true,"href":"https:\/\/www.madriu-perafita-claror.ad\/es\/wp-json\/wp\/v2\/comments?post=44718"}],"version-history":[{"count":11,"href":"https:\/\/www.madriu-perafita-claror.ad\/es\/wp-json\/wp\/v2\/pages\/44718\/revisions"}],"predecessor-version":[{"id":44849,"href":"https:\/\/www.madriu-perafita-claror.ad\/es\/wp-json\/wp\/v2\/pages\/44718\/revisions\/44849"}],"wp:attachment":[{"href":"https:\/\/www.madriu-perafita-claror.ad\/es\/wp-json\/wp\/v2\/media?parent=44718"}],"curies":[{"name":"wp","href":"https:\/\/api.w.org\/{rel}","templated":true}]}}