{"id":34920,"date":"2019-07-03T12:45:34","date_gmt":"2019-07-03T11:45:34","guid":{"rendered":"https:\/\/www.madriu-perafita-claror.ad\/coronallacs"},"modified":"2024-07-18T15:43:26","modified_gmt":"2024-07-18T14:43:26","slug":"route-coronallacs","status":"publish","type":"page","link":"https:\/\/www.madriu-perafita-claror.ad\/fr\/route-coronallacs\/","title":{"rendered":"Route Coronallacs"},"content":{"rendered":"<div class=\"wpb-content-wrapper\"><p>[vc_row][vc_column][vc_separator][vc_single_image image=\u00a0\u00bb34440&Prime; img_size=\u00a0\u00bbfull\u00a0\u00bb][\/vc_column][\/vc_row][vc_row][vc_column][vc_column_text css=\u00a0\u00bb\u00a0\u00bb]<\/p>\n<h2>ROUTE CORONALLACS<\/h2>\n<p>[\/vc_column_text][vc_column_text]<strong>La Coronallacs est une route de randonn\u00e9e circulaire<\/strong> qui relie les quatre refuges gard\u00e9s qui existent en Andorre: le refuge de l&rsquo;Illa, de Sorteny, du Comapedrosa et de Juclar. Au total, 90 km de paysages de montagne et de vues spectaculaires, r\u00e9partis en 5 \u00e9tapes. Chacune couvre une distance d&rsquo;entre 13 et 22 km, 18,4 km par jour en moyenne.<\/p>\n<p>Cet itin\u00e9raire de randonn\u00e9e est con\u00e7u pour passer une nuit dans chacun des refuges\u00a0: il n\u2019est donc pas n\u00e9cessaire de porter beaucoup de poids. <strong>Le niveau de difficult\u00e9 du parcours peut \u00eatre moyen ou moyen-difficile en fonction des tron\u00e7ons.<\/strong><\/p>\n<p>La Coronallacs est ainsi compos\u00e9e de plusieurs\u00a0\u00e9tapes avec diff\u00e9rents niveaux de difficult\u00e9\u00a0et temps de marche, et permet de passer une nuit dans les 4 refuges gard\u00e9s de haute montagne d\u2019Andorre.<\/p>\n<p><img class=\"alignnone size-full wp-image-31763\" src=\"https:\/\/www.madriu-perafita-claror.ad\/wp-content\/uploads\/2019\/07\/Mapa-coronallacs.png\" alt=\"\" width=\"1400\" height=\"979\" \/><\/p>\n<p>Le point de d\u00e9part se situe \u00e0 Escaldes-Engordany, au centre de la Principaut\u00e9. Avant de partir en randonn\u00e9e, pensez \u00e0 prendre votre passeport \u00e0\u00a0<strong><a href=\"http:\/\/visitandorra.com\/fr\/offices-de-tourisme-d-andorre\/office-du-tourisme-d-escaldes-engordany\/\" target=\"_blank\" rel=\"noopener noreferrer\">l\u2019office du tourisme\u00a0<\/a><\/strong>d\u2019Escaldes-Engordany, o\u00f9 l\u2019on vous donnera une carte. <strong>N\u2019oubliez pas non plus que vous devez r\u00e9server chaque h\u00e9bergement sur votre parcours.<\/strong>[\/vc_column_text][vc_message]Vous pouvez trouver plus d&rsquo;informations <a href=\"https:\/\/www.coronallacs.com\/ca\" target=\"_blank\" rel=\"noopener noreferrer\">ici<\/a>.[\/vc_message][\/vc_column][\/vc_row]<\/p>\n<\/div>","protected":false},"excerpt":{"rendered":"<p>[vc_row][vc_column][vc_separator][vc_single_image image=\u00a0\u00bb34440&Prime; img_size=\u00a0\u00bbfull\u00a0\u00bb][\/vc_column][\/vc_row][vc_row][vc_column][vc_column_text css=\u00a0\u00bb\u00a0\u00bb] ROUTE CORONALLACS [\/vc_column_text][vc_column_text]La Coronallacs est une route de randonn\u00e9e circulaire qui relie les quatre refuges gard\u00e9s&#8230;<\/p>\n","protected":false},"author":1,"featured_media":0,"parent":0,"menu_order":0,"comment_status":"closed","ping_status":"closed","template":"","meta":{"_acf_changed":false,"footnotes":""},"class_list":["post-34920","page","type-page","status-publish"],"acf":[],"_links":{"self":[{"href":"https:\/\/www.madriu-perafita-claror.ad\/fr\/wp-json\/wp\/v2\/pages\/34920","targetHints":{"allow":["GET"]}}],"collection":[{"href":"https:\/\/www.madriu-perafita-claror.ad\/fr\/wp-json\/wp\/v2\/pages"}],"about":[{"href":"https:\/\/www.madriu-perafita-claror.ad\/fr\/wp-json\/wp\/v2\/types\/page"}],"author":[{"embeddable":true,"href":"https:\/\/www.madriu-perafita-claror.ad\/fr\/wp-json\/wp\/v2\/users\/1"}],"replies":[{"embeddable":true,"href":"https:\/\/www.madriu-perafita-claror.ad\/fr\/wp-json\/wp\/v2\/comments?post=34920"}],"version-history":[{"count":0,"href":"https:\/\/www.madriu-perafita-claror.ad\/fr\/wp-json\/wp\/v2\/pages\/34920\/revisions"}],"wp:attachment":[{"href":"https:\/\/www.madriu-perafita-claror.ad\/fr\/wp-json\/wp\/v2\/media?parent=34920"}],"curies":[{"name":"wp","href":"https:\/\/api.w.org\/{rel}","templated":true}]}}