{"id":34933,"date":"2019-06-24T10:31:28","date_gmt":"2019-06-24T09:31:28","guid":{"rendered":"https:\/\/www.madriu-perafita-claror.ad\/materials-pels-nens"},"modified":"2024-07-18T15:57:28","modified_gmt":"2024-07-18T14:57:28","slug":"materiel-didactique","status":"publish","type":"page","link":"https:\/\/www.madriu-perafita-claror.ad\/fr\/materiel-didactique\/","title":{"rendered":"Mat\u00e9riel didactique"},"content":{"rendered":"<div class=\"wpb-content-wrapper\"><p>[vc_row][vc_column][vc_separator][vc_single_image image=\u00a0\u00bb42900&Prime; img_size=\u00a0\u00bbfull\u00a0\u00bb css=\u00a0\u00bb\u00a0\u00bb][\/vc_column][\/vc_row][vc_row][vc_column][vc_column_text css=\u00a0\u00bb\u00a0\u00bb]<\/p>\n<h2>MAT\u00c9RIEL DIDACTIQUE<\/h2>\n<p>[\/vc_column_text][vc_column_text]T\u00e9l\u00e9chargez ici le mat\u00e9riel sp\u00e9cialement con\u00e7u pour les plus petits de la maison et le passeport avec lequel vous pourrez gagner des prix de la vall\u00e9e du Madriu-Perafita-Claror![\/vc_column_text][\/vc_column][\/vc_row][vc_row][vc_column width=\u00a0\u00bb1\/3&Prime;][vc_column_text css=\u00a0\u00bb\u00a0\u00bb]<\/p>\n<h4 style=\"text-align: center;\">PASSEPORT DU VISITEUR<\/h4>\n<p style=\"text-align: center;\"><a href=\"https:\/\/www.madriu-perafita-claror.ad\/wp-content\/uploads\/2020\/02\/FR-passaport_vallmadriu.pdf\"><img class=\"aligncenter size-medium wp-image-34650\" src=\"https:\/\/www.madriu-perafita-claror.ad\/wp-content\/uploads\/2019\/06\/passaport_VM-pdf-1-300x213.jpg\" alt=\"\" width=\"300\" height=\"213\" srcset=\"https:\/\/www.madriu-perafita-claror.ad\/wp-content\/uploads\/2019\/06\/passaport_VM-pdf-1-300x213.jpg 300w, https:\/\/www.madriu-perafita-claror.ad\/wp-content\/uploads\/2019\/06\/passaport_VM-pdf-1-600x425.jpg 600w, https:\/\/www.madriu-perafita-claror.ad\/wp-content\/uploads\/2019\/06\/passaport_VM-pdf-1.jpg 746w\" sizes=\"(max-width: 300px) 100vw, 300px\" \/><\/a><\/p>\n<p>[\/vc_column_text][\/vc_column][vc_column width=\u00a0\u00bb1\/3&Prime;][\/vc_column][vc_column width=\u00a0\u00bb1\/3&Prime;][\/vc_column][\/vc_row][vc_row][vc_column width=\u00a0\u00bb1\/3&Prime;][vc_column_text css=\u00a0\u00bb\u00a0\u00bb]<\/p>\n<h4 style=\"text-align: center;\">CARNET DE TERRAIN<br \/>\nENTREMESAIG\u00dcES<\/h4>\n<p style=\"text-align: center;\"><a href=\"https:\/\/www.madriu-perafita-claror.ad\/wp-content\/uploads\/2020\/02\/FR-quadern_vall_madriu_1_OK.pdf\"><img class=\"aligncenter size-medium wp-image-37340\" src=\"https:\/\/www.madriu-perafita-claror.ad\/wp-content\/uploads\/2020\/01\/quaderm_VM_RUTA_1-imatge-300x212.jpg\" alt=\"\" width=\"300\" height=\"212\" srcset=\"https:\/\/www.madriu-perafita-claror.ad\/wp-content\/uploads\/2020\/01\/quaderm_VM_RUTA_1-imatge-300x212.jpg 300w, https:\/\/www.madriu-perafita-claror.ad\/wp-content\/uploads\/2020\/01\/quaderm_VM_RUTA_1-imatge-scaled-600x424.jpg 600w, https:\/\/www.madriu-perafita-claror.ad\/wp-content\/uploads\/2020\/01\/quaderm_VM_RUTA_1-imatge-1024x724.jpg 1024w, https:\/\/www.madriu-perafita-claror.ad\/wp-content\/uploads\/2020\/01\/quaderm_VM_RUTA_1-imatge-768x543.jpg 768w, https:\/\/www.madriu-perafita-claror.ad\/wp-content\/uploads\/2020\/01\/quaderm_VM_RUTA_1-imatge-1536x1086.jpg 1536w, https:\/\/www.madriu-perafita-claror.ad\/wp-content\/uploads\/2020\/01\/quaderm_VM_RUTA_1-imatge-2048x1448.jpg 2048w\" sizes=\"(max-width: 300px) 100vw, 300px\" \/><\/a><\/p>\n<p>Carnet de terrain pour l&rsquo;enfant (recommand\u00e9 5-8 ann\u00e9es)[\/vc_column_text][\/vc_column][vc_column width=\u00a0\u00bb1\/3&Prime;][vc_column_text css=\u00a0\u00bb\u00a0\u00bb]<\/p>\n<h4 style=\"text-align: center;\">CARNET DE TERRAIN<br \/>\nENTREMESAIG\u00dcES-R\u00c0MIO<\/h4>\n<p style=\"text-align: center;\"><a href=\"https:\/\/www.madriu-perafita-claror.ad\/wp-content\/uploads\/2020\/02\/FR-quadern_vall_madriu_2_OK.pdf\"><img class=\"aligncenter size-medium wp-image-34638\" src=\"https:\/\/www.madriu-perafita-claror.ad\/wp-content\/uploads\/2019\/06\/quadern_VM_RUTA_2-pdf-1024x724-1-300x212.jpg\" alt=\"\" width=\"300\" height=\"212\" srcset=\"https:\/\/www.madriu-perafita-claror.ad\/wp-content\/uploads\/2019\/06\/quadern_VM_RUTA_2-pdf-1024x724-1-300x212.jpg 300w, https:\/\/www.madriu-perafita-claror.ad\/wp-content\/uploads\/2019\/06\/quadern_VM_RUTA_2-pdf-1024x724-1-600x424.jpg 600w, https:\/\/www.madriu-perafita-claror.ad\/wp-content\/uploads\/2019\/06\/quadern_VM_RUTA_2-pdf-1024x724-1-768x543.jpg 768w, https:\/\/www.madriu-perafita-claror.ad\/wp-content\/uploads\/2019\/06\/quadern_VM_RUTA_2-pdf-1024x724-1.jpg 1024w\" sizes=\"(max-width: 300px) 100vw, 300px\" \/><\/a><\/p>\n<p>Carnet de terrain pour l&rsquo;enfant (recommand\u00e9 5-12 ann\u00e9es)[\/vc_column_text][\/vc_column][vc_column width=\u00a0\u00bb1\/3&Prime;][vc_column_text css=\u00a0\u00bb\u00a0\u00bb]<\/p>\n<h4 style=\"text-align: center;\">CARNET DE TERRAIN VALL\u00c9E<br \/>\nMADRIU-PERAFITA-CLAROR<\/h4>\n<p style=\"text-align: center;\"><a href=\"https:\/\/www.madriu-perafita-claror.ad\/wp-content\/uploads\/2020\/02\/FR-quadern_vall_madriu_3_OK.pdf\"><img class=\"aligncenter size-medium wp-image-34656\" src=\"https:\/\/www.madriu-perafita-claror.ad\/wp-content\/uploads\/2019\/06\/quaderm_VM_RUTA_3-pdf-1024x724-1-300x212.jpg\" alt=\"\" width=\"300\" height=\"212\" srcset=\"https:\/\/www.madriu-perafita-claror.ad\/wp-content\/uploads\/2019\/06\/quaderm_VM_RUTA_3-pdf-1024x724-1-300x212.jpg 300w, https:\/\/www.madriu-perafita-claror.ad\/wp-content\/uploads\/2019\/06\/quaderm_VM_RUTA_3-pdf-1024x724-1-600x424.jpg 600w, https:\/\/www.madriu-perafita-claror.ad\/wp-content\/uploads\/2019\/06\/quaderm_VM_RUTA_3-pdf-1024x724-1-768x543.jpg 768w, https:\/\/www.madriu-perafita-claror.ad\/wp-content\/uploads\/2019\/06\/quaderm_VM_RUTA_3-pdf-1024x724-1.jpg 1024w\" sizes=\"(max-width: 300px) 100vw, 300px\" \/><\/a><\/p>\n<p>Carnet de terrain pour l&rsquo;enfant (recommand\u00e9 8-12 ann\u00e9es)[\/vc_column_text][\/vc_column][\/vc_row][vc_row][vc_column width=\u00a0\u00bb1\/3&Prime;][vc_column_text css=\u00a0\u00bb\u00a0\u00bb]<\/p>\n<h4 style=\"text-align: center;\">DOSSIER DIDACTIQUE<br \/>\nENTREMESAIG\u00dcES<\/h4>\n<p style=\"text-align: center;\"><a href=\"https:\/\/www.madriu-perafita-claror.ad\/wp-content\/uploads\/2020\/02\/FR-Dossiers_didactics_descarregables_Vall_madriu_Marta.pdf\"><img class=\"aligncenter size-medium wp-image-37344\" src=\"https:\/\/www.madriu-perafita-claror.ad\/wp-content\/uploads\/2020\/01\/dossiers_VM_RUTA_1-imatge-300x212.jpg\" alt=\"\" width=\"300\" height=\"212\" srcset=\"https:\/\/www.madriu-perafita-claror.ad\/wp-content\/uploads\/2020\/01\/dossiers_VM_RUTA_1-imatge-300x212.jpg 300w, https:\/\/www.madriu-perafita-claror.ad\/wp-content\/uploads\/2020\/01\/dossiers_VM_RUTA_1-imatge-scaled-600x424.jpg 600w, https:\/\/www.madriu-perafita-claror.ad\/wp-content\/uploads\/2020\/01\/dossiers_VM_RUTA_1-imatge-1024x724.jpg 1024w, https:\/\/www.madriu-perafita-claror.ad\/wp-content\/uploads\/2020\/01\/dossiers_VM_RUTA_1-imatge-768x543.jpg 768w, https:\/\/www.madriu-perafita-claror.ad\/wp-content\/uploads\/2020\/01\/dossiers_VM_RUTA_1-imatge-1536x1086.jpg 1536w, https:\/\/www.madriu-perafita-claror.ad\/wp-content\/uploads\/2020\/01\/dossiers_VM_RUTA_1-imatge-2048x1448.jpg 2048w\" sizes=\"(max-width: 300px) 100vw, 300px\" \/><\/a><\/p>\n<p>Dossier pour accompagner l&rsquo;enfant[\/vc_column_text][\/vc_column][vc_column width=\u00a0\u00bb1\/3&Prime;][vc_column_text css=\u00a0\u00bb\u00a0\u00bb]<\/p>\n<h4 style=\"text-align: center;\">DOSSIER DIDACTIQUE<br \/>\nENTREMESAIG\u00dcES-R\u00c0MIO<\/h4>\n<p style=\"text-align: center;\"><a href=\"https:\/\/www.madriu-perafita-claror.ad\/wp-content\/uploads\/2020\/02\/FR-Dossiers_descarregables_Vall_madriu_2_OK.pdf\"><img class=\"aligncenter size-medium wp-image-37375\" src=\"https:\/\/www.madriu-perafita-claror.ad\/wp-content\/uploads\/2020\/01\/dossiers_VM_RUTA_2-imatge-300x212.jpg\" alt=\"\" width=\"300\" height=\"212\" srcset=\"https:\/\/www.madriu-perafita-claror.ad\/wp-content\/uploads\/2020\/01\/dossiers_VM_RUTA_2-imatge-300x212.jpg 300w, https:\/\/www.madriu-perafita-claror.ad\/wp-content\/uploads\/2020\/01\/dossiers_VM_RUTA_2-imatge-scaled-600x424.jpg 600w, https:\/\/www.madriu-perafita-claror.ad\/wp-content\/uploads\/2020\/01\/dossiers_VM_RUTA_2-imatge-1024x724.jpg 1024w, https:\/\/www.madriu-perafita-claror.ad\/wp-content\/uploads\/2020\/01\/dossiers_VM_RUTA_2-imatge-768x543.jpg 768w, https:\/\/www.madriu-perafita-claror.ad\/wp-content\/uploads\/2020\/01\/dossiers_VM_RUTA_2-imatge-1536x1086.jpg 1536w, https:\/\/www.madriu-perafita-claror.ad\/wp-content\/uploads\/2020\/01\/dossiers_VM_RUTA_2-imatge-2048x1448.jpg 2048w\" sizes=\"(max-width: 300px) 100vw, 300px\" \/><\/a><\/p>\n<p>Dossier pour accompagner l&rsquo;enfant[\/vc_column_text][\/vc_column][vc_column width=\u00a0\u00bb1\/3&Prime;][vc_column_text css=\u00a0\u00bb\u00a0\u00bb]<\/p>\n<h4 style=\"text-align: center;\">DOSSIER DIDACTIQUE VALL\u00c9E<br \/>\nMADRIU-PERAFITA-CLAROR<\/h4>\n<p style=\"text-align: center;\"><a href=\"https:\/\/www.madriu-perafita-claror.ad\/wp-content\/uploads\/2020\/02\/FR-Dossiers_descarregables_Vall_madriu_3_OK.pdf\"><img class=\"aligncenter size-medium wp-image-37379\" src=\"https:\/\/www.madriu-perafita-claror.ad\/wp-content\/uploads\/2020\/01\/dossiers_VM_RUTA_3-imatge-300x212.jpg\" alt=\"\" width=\"300\" height=\"212\" srcset=\"https:\/\/www.madriu-perafita-claror.ad\/wp-content\/uploads\/2020\/01\/dossiers_VM_RUTA_3-imatge-300x212.jpg 300w, https:\/\/www.madriu-perafita-claror.ad\/wp-content\/uploads\/2020\/01\/dossiers_VM_RUTA_3-imatge-scaled-600x424.jpg 600w, https:\/\/www.madriu-perafita-claror.ad\/wp-content\/uploads\/2020\/01\/dossiers_VM_RUTA_3-imatge-1024x724.jpg 1024w, https:\/\/www.madriu-perafita-claror.ad\/wp-content\/uploads\/2020\/01\/dossiers_VM_RUTA_3-imatge-768x543.jpg 768w, https:\/\/www.madriu-perafita-claror.ad\/wp-content\/uploads\/2020\/01\/dossiers_VM_RUTA_3-imatge-1536x1086.jpg 1536w, https:\/\/www.madriu-perafita-claror.ad\/wp-content\/uploads\/2020\/01\/dossiers_VM_RUTA_3-imatge-2048x1448.jpg 2048w\" sizes=\"(max-width: 300px) 100vw, 300px\" \/><\/a><\/p>\n<p>Dossier pour accompagner l&rsquo;enfant[\/vc_column_text][\/vc_column][\/vc_row]<\/p>\n<\/div>","protected":false},"excerpt":{"rendered":"<p>[vc_row][vc_column][vc_separator][vc_single_image image=\u00a0\u00bb42900&Prime; img_size=\u00a0\u00bbfull\u00a0\u00bb css=\u00a0\u00bb\u00a0\u00bb][\/vc_column][\/vc_row][vc_row][vc_column][vc_column_text css=\u00a0\u00bb\u00a0\u00bb] MAT\u00c9RIEL DIDACTIQUE [\/vc_column_text][vc_column_text]T\u00e9l\u00e9chargez ici le mat\u00e9riel sp\u00e9cialement con\u00e7u pour les plus petits de la maison&#8230;<\/p>\n","protected":false},"author":1,"featured_media":0,"parent":0,"menu_order":0,"comment_status":"closed","ping_status":"closed","template":"","meta":{"_acf_changed":false,"footnotes":""},"class_list":["post-34933","page","type-page","status-publish"],"acf":[],"_links":{"self":[{"href":"https:\/\/www.madriu-perafita-claror.ad\/fr\/wp-json\/wp\/v2\/pages\/34933","targetHints":{"allow":["GET"]}}],"collection":[{"href":"https:\/\/www.madriu-perafita-claror.ad\/fr\/wp-json\/wp\/v2\/pages"}],"about":[{"href":"https:\/\/www.madriu-perafita-claror.ad\/fr\/wp-json\/wp\/v2\/types\/page"}],"author":[{"embeddable":true,"href":"https:\/\/www.madriu-perafita-claror.ad\/fr\/wp-json\/wp\/v2\/users\/1"}],"replies":[{"embeddable":true,"href":"https:\/\/www.madriu-perafita-claror.ad\/fr\/wp-json\/wp\/v2\/comments?post=34933"}],"version-history":[{"count":2,"href":"https:\/\/www.madriu-perafita-claror.ad\/fr\/wp-json\/wp\/v2\/pages\/34933\/revisions"}],"predecessor-version":[{"id":43264,"href":"https:\/\/www.madriu-perafita-claror.ad\/fr\/wp-json\/wp\/v2\/pages\/34933\/revisions\/43264"}],"wp:attachment":[{"href":"https:\/\/www.madriu-perafita-claror.ad\/fr\/wp-json\/wp\/v2\/media?parent=34933"}],"curies":[{"name":"wp","href":"https:\/\/api.w.org\/{rel}","templated":true}]}}