{"id":34989,"date":"2019-04-14T11:57:16","date_gmt":"2019-04-14T10:57:16","guid":{"rendered":"https:\/\/www.madriu-perafita-claror.ad\/miradors-panoramics"},"modified":"2024-07-10T14:36:56","modified_gmt":"2024-07-10T13:36:56","slug":"points-de-vue-panoramiques","status":"publish","type":"page","link":"https:\/\/www.madriu-perafita-claror.ad\/fr\/points-de-vue-panoramiques\/","title":{"rendered":"Points de vue panoramiques"},"content":{"rendered":"<div class=\"wpb-content-wrapper\"><p>[vc_row][vc_column][vc_separator][vc_single_image image=\u00a0\u00bb34449&Prime; img_size=\u00a0\u00bbfull\u00a0\u00bb][\/vc_column][\/vc_row][vc_row][vc_column][vc_column_text css=\u00a0\u00bb\u00a0\u00bb]<\/p>\n<h2>POINTS DE VUE PANORAMIQUES<\/h2>\n<p>[\/vc_column_text][vc_single_image image=\u00a0\u00bb34020&Prime; img_size=\u00a0\u00bbfull\u00a0\u00bb][vc_column_text]Actuellement, il n&rsquo;y a qu&rsquo;un seul point de vue conditionn\u00e9, qui est le point de vue du chemin de les Fonts, \u00e0 Engolasters, mais il y en a beaucoup d&rsquo;autres de naturels, tels que Coll Jovell, Roc Estall (au-dessus de la borde de Casa Molines), la Collada de La Maiana, le Pic Negre, la Collada de Pessons ou la Tosa de Braibal.<\/p>\n<p><!--:ca-->Ces arr\u00eats le long du chemin montrent aux visiteurs de mani\u00e8re tr\u00e8s graphique les ph\u00e9nom\u00e8nes naturels et leur fournissent les \u00e9l\u00e9ments n\u00e9cessaires pour une identification facile.[\/vc_column_text][\/vc_column][\/vc_row]<\/p>\n<\/div>","protected":false},"excerpt":{"rendered":"<p>[vc_row][vc_column][vc_separator][vc_single_image image=\u00a0\u00bb34449&Prime; img_size=\u00a0\u00bbfull\u00a0\u00bb][\/vc_column][\/vc_row][vc_row][vc_column][vc_column_text css=\u00a0\u00bb\u00a0\u00bb] POINTS DE VUE PANORAMIQUES [\/vc_column_text][vc_single_image image=\u00a0\u00bb34020&Prime; img_size=\u00a0\u00bbfull\u00a0\u00bb][vc_column_text]Actuellement, il n&rsquo;y a qu&rsquo;un seul point de vue conditionn\u00e9,&#8230;<\/p>\n","protected":false},"author":1,"featured_media":0,"parent":0,"menu_order":0,"comment_status":"closed","ping_status":"closed","template":"","meta":{"_acf_changed":false,"footnotes":""},"class_list":["post-34989","page","type-page","status-publish"],"acf":[],"_links":{"self":[{"href":"https:\/\/www.madriu-perafita-claror.ad\/fr\/wp-json\/wp\/v2\/pages\/34989","targetHints":{"allow":["GET"]}}],"collection":[{"href":"https:\/\/www.madriu-perafita-claror.ad\/fr\/wp-json\/wp\/v2\/pages"}],"about":[{"href":"https:\/\/www.madriu-perafita-claror.ad\/fr\/wp-json\/wp\/v2\/types\/page"}],"author":[{"embeddable":true,"href":"https:\/\/www.madriu-perafita-claror.ad\/fr\/wp-json\/wp\/v2\/users\/1"}],"replies":[{"embeddable":true,"href":"https:\/\/www.madriu-perafita-claror.ad\/fr\/wp-json\/wp\/v2\/comments?post=34989"}],"version-history":[{"count":0,"href":"https:\/\/www.madriu-perafita-claror.ad\/fr\/wp-json\/wp\/v2\/pages\/34989\/revisions"}],"wp:attachment":[{"href":"https:\/\/www.madriu-perafita-claror.ad\/fr\/wp-json\/wp\/v2\/media?parent=34989"}],"curies":[{"name":"wp","href":"https:\/\/api.w.org\/{rel}","templated":true}]}}