{"id":35031,"date":"2019-04-14T00:38:49","date_gmt":"2019-04-13T23:38:49","guid":{"rendered":"https:\/\/www.madriu-perafita-claror.ad\/portal-vall"},"modified":"2025-12-10T07:48:40","modified_gmt":"2025-12-10T07:48:40","slug":"centre-accueil-visiteur","status":"publish","type":"page","link":"https:\/\/www.madriu-perafita-claror.ad\/fr\/centre-accueil-visiteur\/","title":{"rendered":"Centre d&rsquo;accueil pour le visiteur"},"content":{"rendered":"<div class=\"wpb-content-wrapper\"><p>[vc_row][vc_column][vc_separator][vc_single_image image=\u00a0\u00bb44065&Prime; img_size=\u00a0\u00bbfull\u00a0\u00bb css=\u00a0\u00bb\u00a0\u00bb][\/vc_column][\/vc_row][vc_row][vc_column][vc_column_text css=\u00a0\u00bb\u00a0\u00bb]<\/p>\n<h2>centre d&rsquo;accueil pour le visiteur<\/h2>\n<p>[\/vc_column_text][vc_column_text css=\u00a0\u00bb\u00a0\u00bb]\u00c0 partir du 1er octobre 2025, vous pourrez visiter le <strong>centre d&rsquo;accueil<\/strong> <strong>pour le visiteur<\/strong> de la vall\u00e9e du Madriu-Perafita-Claror \u00e0 Borda Gabriel, situ\u00e9 au c\/ de l&rsquo;Obach, d&rsquo;Escaldes-Engordany.<\/p>\n<p>Dans le centre, en plus de trouver toutes les informations sur la vall\u00e9e, vous pourrez voir le documentaire d\u2019Alex Tena et de Jaume Riba sur la VMPC. Vous pourrez aussi vous inscrire \u00e0 un des ateliers qui s&rsquo;y organisent r\u00e9guli\u00e8rement.<\/p>\n<p>Vous pourrez \u00e9galement acheter le mat\u00e9riel de <a href=\"https:\/\/www.madriu-perafita-claror.ad\/fr\/merxandatge-de-la-vmpc\/\" target=\"_blank\" rel=\"noopener\">merchandising<\/a> de la vall\u00e9e.<\/p>\n<p>Les heures d\u2019ouverture du centre sont, du lundi au vendredi:<\/p>\n<ul>\n<li>de 09h00 \u00e0 13h00 et de 13h30 \u00e0 16h30 De P\u00e2ques au 1er novembre<\/li>\n<li>de 08h00 \u00e0 15h00 pendant l&rsquo;hiver<\/li>\n<\/ul>\n<p>Vous pouvez demander des renseignements en appelant le +(376) 823.000 ou par courriel \u00e0 <a href=\"mailto:portal@madriu-perafita-claror.ad\">portal@madriu-perafita-claror.ad<\/a><\/p>\n<p>L\u2019acc\u00e8s est gratuit. Nous vous attendons!<\/p>\n<p><img class=\"aligncenter size-large wp-image-44078\" src=\"https:\/\/www.madriu-perafita-claror.ad\/wp-content\/uploads\/2025\/12\/DESI8475-1024x512.jpg\" alt=\"\" width=\"1024\" height=\"512\" srcset=\"https:\/\/www.madriu-perafita-claror.ad\/wp-content\/uploads\/2025\/12\/DESI8475-1024x512.jpg 1024w, https:\/\/www.madriu-perafita-claror.ad\/wp-content\/uploads\/2025\/12\/DESI8475-300x150.jpg 300w, https:\/\/www.madriu-perafita-claror.ad\/wp-content\/uploads\/2025\/12\/DESI8475-768x384.jpg 768w, https:\/\/www.madriu-perafita-claror.ad\/wp-content\/uploads\/2025\/12\/DESI8475-1536x768.jpg 1536w, https:\/\/www.madriu-perafita-claror.ad\/wp-content\/uploads\/2025\/12\/DESI8475-2048x1024.jpg 2048w, https:\/\/www.madriu-perafita-claror.ad\/wp-content\/uploads\/2025\/12\/DESI8475-600x300.jpg 600w\" sizes=\"(max-width: 1024px) 100vw, 1024px\" \/>[\/vc_column_text][\/vc_column][\/vc_row]<\/p>\n<\/div>","protected":false},"excerpt":{"rendered":"<p>[vc_row][vc_column][vc_separator][vc_single_image image=\u00a0\u00bb44065&Prime; img_size=\u00a0\u00bbfull\u00a0\u00bb css=\u00a0\u00bb\u00a0\u00bb][\/vc_column][\/vc_row][vc_row][vc_column][vc_column_text css=\u00a0\u00bb\u00a0\u00bb] centre d&rsquo;accueil pour le visiteur [\/vc_column_text][vc_column_text css=\u00a0\u00bb\u00a0\u00bb]\u00c0 partir du 1er octobre 2025, vous pourrez visiter&#8230;<\/p>\n","protected":false},"author":1,"featured_media":0,"parent":0,"menu_order":0,"comment_status":"closed","ping_status":"closed","template":"","meta":{"_acf_changed":false,"footnotes":""},"class_list":["post-35031","page","type-page","status-publish"],"acf":[],"_links":{"self":[{"href":"https:\/\/www.madriu-perafita-claror.ad\/fr\/wp-json\/wp\/v2\/pages\/35031","targetHints":{"allow":["GET"]}}],"collection":[{"href":"https:\/\/www.madriu-perafita-claror.ad\/fr\/wp-json\/wp\/v2\/pages"}],"about":[{"href":"https:\/\/www.madriu-perafita-claror.ad\/fr\/wp-json\/wp\/v2\/types\/page"}],"author":[{"embeddable":true,"href":"https:\/\/www.madriu-perafita-claror.ad\/fr\/wp-json\/wp\/v2\/users\/1"}],"replies":[{"embeddable":true,"href":"https:\/\/www.madriu-perafita-claror.ad\/fr\/wp-json\/wp\/v2\/comments?post=35031"}],"version-history":[{"count":8,"href":"https:\/\/www.madriu-perafita-claror.ad\/fr\/wp-json\/wp\/v2\/pages\/35031\/revisions"}],"predecessor-version":[{"id":44082,"href":"https:\/\/www.madriu-perafita-claror.ad\/fr\/wp-json\/wp\/v2\/pages\/35031\/revisions\/44082"}],"wp:attachment":[{"href":"https:\/\/www.madriu-perafita-claror.ad\/fr\/wp-json\/wp\/v2\/media?parent=35031"}],"curies":[{"name":"wp","href":"https:\/\/api.w.org\/{rel}","templated":true}]}}