{"id":35070,"date":"2019-04-13T20:15:21","date_gmt":"2019-04-13T19:15:21","guid":{"rendered":"https:\/\/www.madriu-perafita-claror.ad\/caca-pesca"},"modified":"2024-08-13T11:44:10","modified_gmt":"2024-08-13T10:44:10","slug":"chasse-et-peche","status":"publish","type":"page","link":"https:\/\/www.madriu-perafita-claror.ad\/fr\/chasse-et-peche\/","title":{"rendered":"Chasse et p\u00eache"},"content":{"rendered":"<div class=\"wpb-content-wrapper\"><p>[vc_row][vc_column][vc_separator][vc_single_image image=\u00a0\u00bb34506&Prime; img_size=\u00a0\u00bbfull\u00a0\u00bb][\/vc_column][\/vc_row][vc_row][vc_column][vc_column_text css=\u00a0\u00bb\u00a0\u00bb]<\/p>\n<h2>chasse et p\u00eache<\/h2>\n<p>[\/vc_column_text][vc_column_text]La chasse et la p\u00eache sont des activit\u00e9s qui, de tous temps, se sont d\u00e9velopp\u00e9es dans la vall\u00e9e et qui sont compatibles avec l\u2019inscription au patrimoine mondial.\u00a0Ce sont en effet des activit\u00e9s traditionnelles qui ne supposent aucun danger pour les valeurs de l\u2019espace, des activit\u00e9s de loisirs r\u00e9gies par les m\u00eames lois et r\u00e8glements qu\u2019ailleurs dans le territoire andorran.<\/p>\n<p>Actuellement, pratiquement la totalit\u00e9 de la vall\u00e9e du Madriu-Perafita-Claror est consid\u00e9r\u00e9e comme terrain cyn\u00e9g\u00e9tique commun o\u00f9 la chasse peut \u00eatre pratiqu\u00e9e, sans autres limitations que celles que stipule la Loi sur la chasse et les normes compl\u00e9mentaires, durant les jours o\u00f9 la chasse est autoris\u00e9e et dont le calendrier est fix\u00e9 par un ordre minist\u00e9riel.<\/p>\n<p>En ce qui concerne la p\u00eache, actuellement les masses d\u2019eau de la vall\u00e9e du Madriu-Perafita-Claror sont class\u00e9es comme \u201cEaux libres pour la p\u00eache\u201d. Cette activit\u00e9 peut donc y \u00eatre pratiqu\u00e9e sans d\u2019autres limitations que celles que fixent la Loi et le r\u00e8glement de la p\u00eache et les dispositions qui les d\u00e9veloppent ou compl\u00e9mentent, sans \u00eatre soumise \u00e0 aucun r\u00e9gime particulier. Les poissons que l\u2019on y p\u00eache appartiennent \u00e0 la famille des salmonid\u00e9s (truite fario, truite arc-en-ciel et saumon de fontaine) ; une autre esp\u00e8ce dont la p\u00eache est \u00e9galement autoris\u00e9e est la grenouille rousse (<em>Rana temporaria<\/em>).<\/p>\n<p><strong>Dans le kiosque d&rsquo;information du lac Engolasters, vous pouvez acheter votre permis de p\u00eache et \/ ou vos permis de p\u00eache.<\/strong><\/p>\n<p>L\u2019article 11 du Plan de gestion signale que :<\/p>\n<p>11.1- La protection et la conservation, aussi bien de la faune sauvage que des \u00e9cosyst\u00e8mes aquatiques, sont encourag\u00e9es.<\/p>\n<p>11.2- Il est interdit de chasser, capturer et commercialiser des esp\u00e8ces animales, leurs d\u00e9pouilles ou leurs morceaux et, dans le cas d\u2019esp\u00e8ces ovipares, leurs \u0153ufs ou nids, hormis les cas vis\u00e9s au paragraphe ci-dessous.<\/p>\n<p>11.3- Conform\u00e9ment \u00e0 la r\u00e9glementation en vigueur en ces mati\u00e8res, la chasse et la p\u00eache pourront \u00eatre autoris\u00e9es en accord avec une planification scientifique pr\u00e9alable et avec des plans sectoriels par zones et esp\u00e8ces tout en respectant en m\u00eame temps la r\u00e9glementation g\u00e9n\u00e9rale en mati\u00e8re de chasse et de p\u00eache.\u201d<\/p>\n<p><!--:-->[\/vc_column_text][vc_message css=\u00a0\u00bb\u00a0\u00bb]Pour plus d\u2019informations, consultez le site de la F\u00e9d\u00e9ration Andorrane de Chasse et de p\u00eache: <a href=\"http:\/\/www.facip.com\" target=\"_blank\" rel=\"noopener\">www.facip.com<\/a>[\/vc_message][\/vc_column][\/vc_row]<\/p>\n<\/div>","protected":false},"excerpt":{"rendered":"<p>[vc_row][vc_column][vc_separator][vc_single_image image=\u00a0\u00bb34506&Prime; img_size=\u00a0\u00bbfull\u00a0\u00bb][\/vc_column][\/vc_row][vc_row][vc_column][vc_column_text css=\u00a0\u00bb\u00a0\u00bb] chasse et p\u00eache [\/vc_column_text][vc_column_text]La chasse et la p\u00eache sont des activit\u00e9s qui, de tous temps, se&#8230;<\/p>\n","protected":false},"author":1,"featured_media":0,"parent":0,"menu_order":0,"comment_status":"closed","ping_status":"closed","template":"","meta":{"_acf_changed":false,"footnotes":""},"class_list":["post-35070","page","type-page","status-publish"],"acf":[],"_links":{"self":[{"href":"https:\/\/www.madriu-perafita-claror.ad\/fr\/wp-json\/wp\/v2\/pages\/35070","targetHints":{"allow":["GET"]}}],"collection":[{"href":"https:\/\/www.madriu-perafita-claror.ad\/fr\/wp-json\/wp\/v2\/pages"}],"about":[{"href":"https:\/\/www.madriu-perafita-claror.ad\/fr\/wp-json\/wp\/v2\/types\/page"}],"author":[{"embeddable":true,"href":"https:\/\/www.madriu-perafita-claror.ad\/fr\/wp-json\/wp\/v2\/users\/1"}],"replies":[{"embeddable":true,"href":"https:\/\/www.madriu-perafita-claror.ad\/fr\/wp-json\/wp\/v2\/comments?post=35070"}],"version-history":[{"count":0,"href":"https:\/\/www.madriu-perafita-claror.ad\/fr\/wp-json\/wp\/v2\/pages\/35070\/revisions"}],"wp:attachment":[{"href":"https:\/\/www.madriu-perafita-claror.ad\/fr\/wp-json\/wp\/v2\/media?parent=35070"}],"curies":[{"name":"wp","href":"https:\/\/api.w.org\/{rel}","templated":true}]}}