{"id":35073,"date":"2019-04-13T20:13:34","date_gmt":"2019-04-13T19:13:34","guid":{"rendered":"https:\/\/www.madriu-perafita-claror.ad\/esports-hivern"},"modified":"2024-07-10T14:38:18","modified_gmt":"2024-07-10T13:38:18","slug":"sports-dhiver","status":"publish","type":"page","link":"https:\/\/www.madriu-perafita-claror.ad\/fr\/sports-dhiver\/","title":{"rendered":"Sports d&rsquo;hiver"},"content":{"rendered":"<div class=\"wpb-content-wrapper\"><p>[vc_row][vc_column][vc_separator][vc_single_image image=\u00a0\u00bb34422&Prime; img_size=\u00a0\u00bbfull\u00a0\u00bb][\/vc_column][\/vc_row][vc_row][vc_column][vc_column_text css=\u00a0\u00bb\u00a0\u00bb]<\/p>\n<h2>SPORTS D&rsquo;HIVER<\/h2>\n<p>[\/vc_column_text][vc_column_text]<!--:ca--><\/p>\n<p style=\"text-align: justify;\">La vall\u00e9e du Madriu-Perafita-Claror est un lieu id\u00e9al pour pratiquer le ski de montagne ou les balades et randonn\u00e9es en raquettes \u00e0 neige, mais ce sont des pratiques qui ne sont pas d\u00e9pourvues de danger, surtout dans cette vall\u00e9e o\u00f9 de nombreuses zones n\u2019ont pas encore de couverture\u00a0 t\u00e9l\u00e9phonique.<\/p>\n<p style=\"text-align: justify;\">Bien qu\u2019il s\u2019agisse de sports \u00e0 la port\u00e9e de tous, cela ne veut pas dire pour autant qu\u2019ils soient faciles, surtout pour le ski de montagne. Ils exigent en effet une bonne connaissance du milieu et des techniques de base afin de pouvoir les pratiquer en toute s\u00e9curit\u00e9 et en profitant pleinement des incroyables sensations qu\u2019ils peuvent procurer. La vall\u00e9e est un espace de haute montagne, et la neige peut cacher des surprises parfois d\u00e9sagr\u00e9ables. Outre des connaissances de ski, il faut avoir \u00e9galement poss\u00e9der des rudiments d\u2019orientation, savoir interpr\u00e9ter une carte, et avoir des notions de m\u00e9t\u00e9orologie et premiers secours&#8230;<\/p>\n<p style=\"text-align: justify;\">Le ski de montagne est un sport qui n\u2019est pas d\u00e9pourvu de risques : une chute dans la descente, ou dans des zones alpines \u00e0 forte inclinaison, ou encore tomber dans un d\u00e9nivel\u00e9 cach\u00e9 par la neige&#8230; Avant de pr\u00e9parer une travers\u00e9e \u00e0 raquettes ou \u00e0 skis de montagne dans la vall\u00e9e il est indispensable, non seulement de bien conna\u00eetre la zone, mais aussi d\u2019\u00eatre bien \u00e9quip\u00e9, sans oublier non plus de faire particuli\u00e8rement attention aux p\u00e9rils et aux dangers naturels de la montagne qui ne sont, bien entendu, pas signal\u00e9s. Des avalanches naturelles ou accidentelles peuvent \u00eatre d\u00e9clench\u00e9es par de faibles surcharges (le passage d\u2019un animal, par exemple). En fait, la zone situ\u00e9e entre R\u00e0mio et Fontverd est une zone sp\u00e9cialement active, bien que ce ne soit pas la seule. Avant chaque randonn\u00e9e, il est donc indispensable de consulter les pr\u00e9visions et les conditions m\u00e9t\u00e9o ainsi que le bulletin d\u2019avalanches.<\/p>\n<p><b><\/b><!--:-->[\/vc_column_text]<div class=\"clearboth\"><\/div><style>#thegem-divider-69e738018f4c9 {margin-top: 30px !important;}<\/style><div id=\"thegem-divider-69e738018f4c9\" class=\"gem-divider   gem-divider-style-3\" style=\"\" ><\/div>[vc_message message_box_color=\u00a0\u00bbalert-danger\u00a0\u00bb icon_fontawesome=\u00a0\u00bbfa fa-exclamation-triangle\u00a0\u00bb]<strong>Quoi qu\u2019il en soit, l\u2019usager ne doit pas oublier qu\u2019il est sous sa propre responsabilit\u00e9.<\/strong>[\/vc_message][\/vc_column][\/vc_row]<\/p>\n<\/div>","protected":false},"excerpt":{"rendered":"<p>[vc_row][vc_column][vc_separator][vc_single_image image=\u00a0\u00bb34422&Prime; img_size=\u00a0\u00bbfull\u00a0\u00bb][\/vc_column][\/vc_row][vc_row][vc_column][vc_column_text css=\u00a0\u00bb\u00a0\u00bb] SPORTS D&rsquo;HIVER [\/vc_column_text][vc_column_text] La vall\u00e9e du Madriu-Perafita-Claror est un lieu id\u00e9al pour pratiquer le ski de&#8230;<\/p>\n","protected":false},"author":1,"featured_media":0,"parent":0,"menu_order":0,"comment_status":"closed","ping_status":"closed","template":"","meta":{"_acf_changed":false,"footnotes":""},"class_list":["post-35073","page","type-page","status-publish"],"acf":[],"_links":{"self":[{"href":"https:\/\/www.madriu-perafita-claror.ad\/fr\/wp-json\/wp\/v2\/pages\/35073","targetHints":{"allow":["GET"]}}],"collection":[{"href":"https:\/\/www.madriu-perafita-claror.ad\/fr\/wp-json\/wp\/v2\/pages"}],"about":[{"href":"https:\/\/www.madriu-perafita-claror.ad\/fr\/wp-json\/wp\/v2\/types\/page"}],"author":[{"embeddable":true,"href":"https:\/\/www.madriu-perafita-claror.ad\/fr\/wp-json\/wp\/v2\/users\/1"}],"replies":[{"embeddable":true,"href":"https:\/\/www.madriu-perafita-claror.ad\/fr\/wp-json\/wp\/v2\/comments?post=35073"}],"version-history":[{"count":0,"href":"https:\/\/www.madriu-perafita-claror.ad\/fr\/wp-json\/wp\/v2\/pages\/35073\/revisions"}],"wp:attachment":[{"href":"https:\/\/www.madriu-perafita-claror.ad\/fr\/wp-json\/wp\/v2\/media?parent=35073"}],"curies":[{"name":"wp","href":"https:\/\/api.w.org\/{rel}","templated":true}]}}