{"id":35102,"date":"2019-04-13T08:24:05","date_gmt":"2019-04-13T07:24:05","guid":{"rendered":"https:\/\/www.madriu-perafita-claror.ad\/rutes-tematiques"},"modified":"2025-12-19T12:34:38","modified_gmt":"2025-12-19T12:34:38","slug":"itineraires-thematiques","status":"publish","type":"page","link":"https:\/\/www.madriu-perafita-claror.ad\/fr\/itineraires-thematiques\/","title":{"rendered":"Itin\u00e9raires th\u00e9matiques"},"content":{"rendered":"<div class=\"wpb-content-wrapper\"><p>[vc_row][vc_column][vc_separator][vc_single_image image=\u00a0\u00bb34458&Prime; img_size=\u00a0\u00bbfull\u00a0\u00bb][\/vc_column][\/vc_row][vc_row][vc_column][vc_column_text css=\u00a0\u00bb\u00a0\u00bb]<\/p>\n<h2>ITIN\u00c9RAIRES TH\u00c9MATIQUES<\/h2>\n<p>[\/vc_column_text][vc_column_text]Nous proposons ces cinq options th\u00e9matiques, en plus des autres itin\u00e9raires sugg\u00e9r\u00e9s, afin que nos visiteurs puissent approfondir leur connaissance de la Vall\u00e9e et de ses valeurs.[\/vc_column_text][\/vc_column][\/vc_row][vc_row][vc_column width=\u00a0\u00bb1\/6&Prime;][vc_single_image image=\u00a0\u00bb34011&Prime; img_size=\u00a0\u00bbfull\u00a0\u00bb][vc_column_text css=\u00a0\u00bb\u00a0\u00bb]<\/p>\n<h6 style=\"text-align: center;\">ROUTE CORONALLACS<\/h6>\n<p style=\"text-align: center;\"><a href=\"https:\/\/www.madriu-perafita-claror.ad\/fr\/route-coronallacs\/\" target=\"_blank\" rel=\"noopener\">(+ d&rsquo;information ici)<\/a><\/p>\n<p>[\/vc_column_text][\/vc_column][vc_column width=\u00a0\u00bb1\/6&Prime;][vc_single_image image=\u00a0\u00bb34008&Prime; img_size=\u00a0\u00bbfull\u00a0\u00bb][vc_column_text css=\u00a0\u00bb\u00a0\u00bb]<\/p>\n<h6 style=\"text-align: center;\">itin\u00c9raIrE de biodiversit\u00c9 (en catalan)<\/h6>\n<p style=\"text-align: center;\"><a href=\"https:\/\/www.madriu-perafita-claror.ad\/fr\/itineraire-de-biodiversite\/\" target=\"_blank\" rel=\"noopener\">(+ d&rsquo;information ici)<\/a><\/p>\n<p>[\/vc_column_text][\/vc_column][vc_column width=\u00a0\u00bb1\/6&Prime;][vc_single_image image=\u00a0\u00bb43738&Prime; img_size=\u00a0\u00bbfull\u00a0\u00bb css=\u00a0\u00bb\u00a0\u00bb][vc_column_text css=\u00a0\u00bb\u00a0\u00bb]<\/p>\n<h6 style=\"text-align: center;\">SIDERURGIE<\/h6>\n<p style=\"text-align: center;\"><a href=\"https:\/\/www.madriu-perafita-claror.ad\/wp-content\/uploads\/2025\/07\/guia_madriuFR.pdf\" target=\"_blank\" rel=\"noopener\">(+ d&rsquo;information ici)<\/a><\/p>\n<p>[\/vc_column_text][\/vc_column][vc_column width=\u00a0\u00bb1\/6&Prime;][vc_single_image image=\u00a0\u00bb37344&Prime; img_size=\u00a0\u00bbfull\u00a0\u00bb][vc_column_text css=\u00a0\u00bb\u00a0\u00bb]<\/p>\n<h6 style=\"text-align: center;\">ITIN\u00c9RAIRES DIDACTIQUES<\/h6>\n<p style=\"text-align: center;\"><a href=\"https:\/\/www.madriu-perafita-claror.ad\/fr\/materiel-didactique\/\" target=\"_blank\" rel=\"noopener\">(+ d&rsquo;information ici)<\/a><\/p>\n<p>[\/vc_column_text][\/vc_column][vc_column width=\u00a0\u00bb1\/6&Prime;][vc_single_image image=\u00a0\u00bb40139&Prime; img_size=\u00a0\u00bbfull\u00a0\u00bb][vc_column_text css=\u00a0\u00bb\u00a0\u00bb]<\/p>\n<h6 style=\"text-align: center;\">\u00ab\u00a0LES CABANES DU MADRIU\u00a0\u00bb<\/h6>\n<p style=\"text-align: center;\"><a href=\"https:\/\/www.madriu-perafita-claror.ad\/wp-content\/uploads\/2025\/12\/Itinerari-de-les-cabanes-del-Madriu_fr.pdf\" target=\"_blank\" rel=\"noopener\">(+ d&rsquo;information ici)<\/a><\/p>\n<p>[\/vc_column_text][\/vc_column][vc_column width=\u00a0\u00bb1\/6&Prime;][vc_single_image image=\u00a0\u00bb42290&Prime; img_size=\u00a0\u00bbfull\u00a0\u00bb][vc_column_text css=\u00a0\u00bb\u00a0\u00bb]<\/p>\n<h6 style=\"text-align: center;\">LA PIERRE S\u00c8CHE<\/h6>\n<p style=\"text-align: center;\"><a href=\"https:\/\/www.madriu-perafita-claror.ad\/wp-content\/uploads\/2025\/12\/Itinerari-de-la-pedra-seca-al-Madriu_FR.pdf\" target=\"_blank\" rel=\"noopener\">(+ d&rsquo;information ici)<\/a><\/p>\n<p>[\/vc_column_text][\/vc_column][\/vc_row]<\/p>\n<\/div>","protected":false},"excerpt":{"rendered":"<p>[vc_row][vc_column][vc_separator][vc_single_image image=\u00a0\u00bb34458&Prime; img_size=\u00a0\u00bbfull\u00a0\u00bb][\/vc_column][\/vc_row][vc_row][vc_column][vc_column_text css=\u00a0\u00bb\u00a0\u00bb] ITIN\u00c9RAIRES TH\u00c9MATIQUES [\/vc_column_text][vc_column_text]Nous proposons ces cinq options th\u00e9matiques, en plus des autres itin\u00e9raires sugg\u00e9r\u00e9s, afin que&#8230;<\/p>\n","protected":false},"author":1,"featured_media":0,"parent":0,"menu_order":0,"comment_status":"closed","ping_status":"closed","template":"","meta":{"_acf_changed":false,"footnotes":""},"class_list":["post-35102","page","type-page","status-publish"],"acf":[],"_links":{"self":[{"href":"https:\/\/www.madriu-perafita-claror.ad\/fr\/wp-json\/wp\/v2\/pages\/35102","targetHints":{"allow":["GET"]}}],"collection":[{"href":"https:\/\/www.madriu-perafita-claror.ad\/fr\/wp-json\/wp\/v2\/pages"}],"about":[{"href":"https:\/\/www.madriu-perafita-claror.ad\/fr\/wp-json\/wp\/v2\/types\/page"}],"author":[{"embeddable":true,"href":"https:\/\/www.madriu-perafita-claror.ad\/fr\/wp-json\/wp\/v2\/users\/1"}],"replies":[{"embeddable":true,"href":"https:\/\/www.madriu-perafita-claror.ad\/fr\/wp-json\/wp\/v2\/comments?post=35102"}],"version-history":[{"count":7,"href":"https:\/\/www.madriu-perafita-claror.ad\/fr\/wp-json\/wp\/v2\/pages\/35102\/revisions"}],"predecessor-version":[{"id":44137,"href":"https:\/\/www.madriu-perafita-claror.ad\/fr\/wp-json\/wp\/v2\/pages\/35102\/revisions\/44137"}],"wp:attachment":[{"href":"https:\/\/www.madriu-perafita-claror.ad\/fr\/wp-json\/wp\/v2\/media?parent=35102"}],"curies":[{"name":"wp","href":"https:\/\/api.w.org\/{rel}","templated":true}]}}