{"id":35112,"date":"2019-04-13T08:13:59","date_gmt":"2019-04-13T07:13:59","guid":{"rendered":"https:\/\/www.madriu-perafita-claror.ad\/allotjament"},"modified":"2026-03-04T08:24:07","modified_gmt":"2026-03-04T08:24:07","slug":"refuges","status":"publish","type":"page","link":"https:\/\/www.madriu-perafita-claror.ad\/fr\/refuges\/","title":{"rendered":"Refuges"},"content":{"rendered":"<div class=\"wpb-content-wrapper\"><p>[vc_row][vc_column][vc_separator][vc_single_image image=\u00a0\u00bb34563&Prime; img_size=\u00a0\u00bbfull\u00a0\u00bb][\/vc_column][\/vc_row][vc_row][vc_column][vc_column_text css=\u00a0\u00bb\u00a0\u00bb]<\/p>\n<h2>REFUGES<\/h2>\n<p>[\/vc_column_text][vc_column_text]Aujourd\u2019hui, le seul genre de logement qu\u2019offre la vall\u00e9e est un vaste r\u00e9seau de refuges, dispers\u00e9s aussi bien dans la vall\u00e9e elle-m\u00eame que dans le p\u00e9rim\u00e8tre de protection.<\/p>\n<p>Ce r\u00e9seau de refuge permet de planifier des sorties d\u2019un jour, d\u2019un week-end, voire r\u00e9aliser des travers\u00e9es ou effectuer des s\u00e9jours plus longs.<\/p>\n<p><strong>Une autorisation du Com\u00fa est n\u00e9cessaire pour le camping<\/strong>. \u00c0 Andorre-la-Vieille et Escaldes Engordany, l\u2019autorisation n\u2019est n\u00e9cessaire que s\u2019il y a plus de 3 tentes pour 2 nuits. A Sant Juli\u00e0 de L\u00f2ria, vous ne pouvez camper en aucun cas.[\/vc_column_text][\/vc_column][\/vc_row][vc_row][vc_column width=\u00a0\u00bb1\/2&Prime;][vc_column_text]<\/p>\n<h4>REFUGE DE FONTVERD<\/h4>\n<p><img class=\"alignnone wp-image-31790 size-full\" src=\"https:\/\/www.madriu-perafita-claror.ad\/wp-content\/uploads\/2019\/07\/Refugi-de-Fontverd.jpg\" alt=\"\" width=\"560\" height=\"452\" \/><\/p>\n<p>Refuge non gard\u00e9, ouvert toute l\u2019ann\u00e9e et situ\u00e9 \u00e0 1 880 m d\u2019altitude, au nord du Pic de la Maiana et au sud de la cr\u00eate unissant le Pic d\u2019Els Agols avec la Tossa del Braibal. Pouvant h\u00e9berger environ quatorze personnes\u00a0; \u00e9quip\u00e9 de chemin\u00e9e, table et bancs. Eau disponible tout pr\u00e8s[\/vc_column_text][\/vc_column][vc_column width=\u00a0\u00bb1\/2&Prime;][vc_column_text]<\/p>\n<h4>REFUGE DEL RIU DELS ORRIS<\/h4>\n<p><img class=\"alignnone wp-image-31791 size-full\" src=\"https:\/\/www.madriu-perafita-claror.ad\/wp-content\/uploads\/2019\/07\/Refugi-de-riu.jpg\" alt=\"\" width=\"560\" height=\"452\" \/><\/p>\n<p>Refuge non gard\u00e9, avec chemin\u00e9e, table, bancs et porche pour le bois. Pour dix personnes, ouvert toute l\u2019ann\u00e9e. Il se trouve \u00e0 2 230 m d\u2019altitude, sur le bord de la rivi\u00e8re des Orris, au sud-est du Pic du Pla de l\u2019Ingla et pr\u00e8s de la cabane de Setut.[\/vc_column_text][\/vc_column][\/vc_row][vc_row][vc_column width=\u00a0\u00bb1\/3&Prime;][vc_column_text]<\/p>\n<h4>REFUGE DE PERAFITA<\/h4>\n<p><img class=\"alignnone wp-image-31792 size-full\" src=\"https:\/\/www.madriu-perafita-claror.ad\/wp-content\/uploads\/2019\/07\/Refugi-de-altre.jpg\" alt=\"\" width=\"495\" height=\"400\" \/><\/p>\n<p>Refuge non gard\u00e9, avec chemin\u00e9e, table, bancs et porche pour le bois. Pour dix personnes, ouvert toute l\u2019ann\u00e9e. Situ\u00e9 \u00e0 2 200 m d\u2019altitude, pr\u00e8s de l\u2019\u00e9tang de la Nou et \u00e0 l\u2019ouest du col de la Maiana.[\/vc_column_text][\/vc_column][vc_column width=\u00a0\u00bb1\/3&Prime;][vc_column_text]<\/p>\n<h4>REFUGE DE CLAROR<\/h4>\n<p><img class=\"alignnone wp-image-31793 size-full\" src=\"https:\/\/www.madriu-perafita-claror.ad\/wp-content\/uploads\/2019\/07\/Refugi-de-claror.jpg\" alt=\"\" width=\"495\" height=\"400\" \/><\/p>\n<p>Refuge non gard\u00e9, ouvert toute l\u2019ann\u00e9e. Il est \u00e9quip\u00e9 de chemin\u00e9e, table et bancs. Pour vingt personnes, Situ\u00e9 \u00e0 2 280 m d\u2019altitude, pr\u00e8s des Basses Roges, sur le versant nord du Pic Negre.[\/vc_column_text][\/vc_column][vc_column width=\u00a0\u00bb1\/3&Prime;][vc_column_text]<\/p>\n<h4>REFUGE DE L&rsquo;ILLA<\/h4>\n<p><img class=\"alignnone wp-image-30656 size-full\" src=\"https:\/\/www.madriu-perafita-claror.ad\/wp-content\/uploads\/2019\/04\/Refugi-illa-guardat-Foto_Pol-Viladoms-1-495x400.jpg\" alt=\"\" width=\"495\" height=\"400\" \/><\/p>\n<p>Refuge gard\u00e9, ouvert toute l\u2019ann\u00e9e et situ\u00e9 \u00e0 2 488 m d\u2019altitude, sur le bord de l\u2019\u00e9tang de l\u2019Illa et au sud des cr\u00eates de Gargantillar et des pics de Pessons et de R\u00edbuls. Il peut accueillir une soixantaine de personnes, 50 correspondent au refuge gard\u00e9, et le reste au refuge non gard\u00e9.<\/p>\n<p>Pour les r\u00e9servations ou les demandes de renseignements, vous pouvez visiter le site web:\u00a0<a href=\"https:\/\/www.refugidelilla.ad\/\"> www.<em>refugidelilla<\/em>.ad<\/a>[\/vc_column_text][\/vc_column][\/vc_row][vc_row][vc_column][vc_separator color=\u00a0\u00bbwhite\u00a0\u00bb border_width=\u00a0\u00bb10&Prime; css=\u00a0\u00bb.vc_custom_1559060706531{padding-bottom: 10px !important;}\u00a0\u00bb][\/vc_column][\/vc_row][vc_row][vc_column][vc_column_text css=\u00a0\u00bb\u00a0\u00bb]<\/p>\n<h3>DANS LA ZONE TAMPON<\/h3>\n<p>[\/vc_column_text][\/vc_column][\/vc_row][vc_row][vc_column width=\u00a0\u00bb1\/2&Prime;][vc_column_text]<\/p>\n<h4>REFUGE DE PRAT PRIMER<\/h4>\n<p>Refuge non gard\u00e9 et ouvert toute l\u2019ann\u00e9e. Capacit\u00e9 : dix personnes. Avec chemin\u00e9e, table, bancs et porche pour le bois. Il est situ\u00e9 \u00e0 2 235 m d\u2019altitude, au pied du col de Prat Primer et \u00e0 l\u2019ouest du col Pa.[\/vc_column_text][\/vc_column][vc_column width=\u00a0\u00bb1\/2&Prime;][vc_column_text]<\/p>\n<h4>REFUGE D&rsquo;ENSAGENTS<\/h4>\n<p>Refuge non gard\u00e9 et ouvert toute l\u2019ann\u00e9e, avec capacit\u00e9 pour quatorze personnes. Avec chemin\u00e9e, table et bancs. Situ\u00e9 \u00e0 2 425 m d\u2019altitude, entre les \u00e9tangs d\u2019Ensagents et Moreno, au sud-ouest de l\u2019Alt de Griu et du Pic d\u2019Ensagents. Eau disponible tout pr\u00e8s.[\/vc_column_text][\/vc_column][\/vc_row][vc_row][vc_column width=\u00a0\u00bb1\/2&Prime;][vc_column_text]<\/p>\n<h4>REFUGE DE MONTMAL\u00daS<\/h4>\n<p>Refuge non gard\u00e9 ouvert toute l\u2019ann\u00e9e, situ\u00e9 \u00e0 2 445 m d\u2019altitude, sur le bord de l\u2019\u00e9tang de Montmal\u00fas, sur le versant sud du pic du m\u00eame nom. Capacit\u00e9 pour dix personnes, et il dispose de chemin\u00e9e, table et bancs.[\/vc_column_text][\/vc_column][vc_column width=\u00a0\u00bb1\/2&Prime;][vc_column_text]<\/p>\n<h4>REFUGI DE LES \u00c0GOLS<\/h4>\n<p>Refuge non gard\u00e9 et ouvert toute l\u2019ann\u00e9e. Capacit\u00e9 : dix personnes. Avec chemin\u00e9e, table et bancs. Situ\u00e9 \u00e0 2 230 m d\u2019altitude, en-dessous du Cap de Montuell, sur la droite de la rivi\u00e8re d\u2019Els Agols. Eau disponible tout pr\u00e8s.[\/vc_column_text][\/vc_column][\/vc_row][vc_row][vc_column][vc_separator color=\u00a0\u00bbwhite\u00a0\u00bb border_width=\u00a0\u00bb10&Prime; css=\u00a0\u00bb.vc_custom_1559060706531{padding-bottom: 10px !important;}\u00a0\u00bb][\/vc_column][\/vc_row][vc_row][vc_column width=\u00a0\u00bb2\/3&Prime;][vc_column_text]<\/p>\n<p lang=\"es\"><em><img class=\"alignnone size-full wp-image-30654\" src=\"https:\/\/www.madriu-perafita-claror.ad\/wp-content\/uploads\/2019\/04\/mapa-refugis-andorra_VMPC.png\" alt=\"\" width=\"732\" height=\"621\" srcset=\"https:\/\/www.madriu-perafita-claror.ad\/wp-content\/uploads\/2019\/04\/mapa-refugis-andorra_VMPC.png 732w, https:\/\/www.madriu-perafita-claror.ad\/wp-content\/uploads\/2019\/04\/mapa-refugis-andorra_VMPC-600x509.png 600w, https:\/\/www.madriu-perafita-claror.ad\/wp-content\/uploads\/2019\/04\/mapa-refugis-andorra_VMPC-300x255.png 300w\" sizes=\"(max-width: 732px) 100vw, 732px\" \/><\/em><\/p>\n<p lang=\"es\"><em>(Font: Govern d&rsquo;Andorra)<\/em><\/p>\n<p>[\/vc_column_text][\/vc_column][vc_column width=\u00a0\u00bb1\/3&Prime;][vc_column_text]<\/p>\n<table style=\"border-collapse: collapse; width: 100%;\" border=\"1\">\n<tbody>\n<tr style=\"height: 25px;\">\n<td style=\"width: 44px; text-align: center; height: 25px;\"><\/td>\n<td style=\"width: 441px; height: 25px; text-align: left;\">\n<div class=\"small-body\">NOM<\/div>\n<\/td>\n<td style=\"width: 97px; text-align: center; height: 25px;\">\n<div class=\"small-body\">LLITS<\/div>\n<\/td>\n<\/tr>\n<tr style=\"height: 25px;\">\n<td style=\"width: 44px; height: 25px; text-align: center;\">\n<div class=\"small-body\">1<\/div>\n<\/td>\n<td style=\"width: 441px; height: 25px; text-align: left;\">\n<div class=\"small-body\">Refugi d&rsquo;Angonella<\/div>\n<\/td>\n<td style=\"width: 97px; height: 25px; text-align: center;\">\n<div class=\"small-body\">6<\/div>\n<\/td>\n<\/tr>\n<tr style=\"height: 25px;\">\n<td style=\"width: 44px; height: 25px; text-align: center;\">\n<div class=\"small-body\">2<\/div>\n<\/td>\n<td style=\"width: 441px; height: 25px; text-align: left;\">\n<div class=\"small-body\">Refugi de Rialp<\/div>\n<\/td>\n<td style=\"width: 97px; height: 25px; text-align: center;\">\n<div class=\"small-body\">6-10<\/div>\n<\/td>\n<\/tr>\n<tr style=\"height: 25px;\">\n<td style=\"width: 44px; height: 25px; text-align: center;\">\n<div class=\"small-body\">3<\/div>\n<\/td>\n<td style=\"width: 441px; height: 25px; text-align: left;\">\n<div class=\"small-body\">Refugi Borda de Sorteny<\/div>\n<\/td>\n<td style=\"width: 97px; height: 25px; text-align: center;\">\n<div class=\"small-body\">30<\/div>\n<\/td>\n<\/tr>\n<tr style=\"height: 25px;\">\n<td style=\"width: 44px; height: 25px; text-align: center;\">\n<div class=\"small-body\">4<\/div>\n<\/td>\n<td style=\"width: 441px; height: 25px; text-align: left;\">\n<div class=\"small-body\">Refugi de Coma Obaga<\/div>\n<\/td>\n<td style=\"width: 97px; height: 25px; text-align: center;\">\n<div class=\"small-body\">6<\/div>\n<\/td>\n<\/tr>\n<tr style=\"height: 25px;\">\n<td style=\"width: 44px; height: 25px; text-align: center;\">\n<div class=\"small-body\">5<\/div>\n<\/td>\n<td style=\"width: 441px; height: 25px; text-align: left;\">\n<div class=\"small-body\">Cabanya de la Vall del Riu<\/div>\n<\/td>\n<td style=\"width: 97px; height: 25px; text-align: center;\">\n<div class=\"small-body\">6-10<\/div>\n<\/td>\n<\/tr>\n<tr style=\"height: 25px;\">\n<td style=\"width: 44px; height: 25px; text-align: center;\">\n<div class=\"small-body\">6<\/div>\n<\/td>\n<td style=\"width: 441px; height: 25px; text-align: left;\">\n<div class=\"small-body\">Cabanya de Coms de Jan<\/div>\n<\/td>\n<td style=\"width: 97px; height: 25px; text-align: center;\">\n<div class=\"small-body\">6-10<\/div>\n<\/td>\n<\/tr>\n<tr style=\"height: 25px;\">\n<td style=\"width: 44px; height: 25px; text-align: center;\">\n<div class=\"small-body\">7<\/div>\n<\/td>\n<td style=\"width: 441px; height: 25px; text-align: left;\">\n<div class=\"small-body\">Refugi de Cabana Sorda<\/div>\n<\/td>\n<td style=\"width: 97px; height: 25px; text-align: center;\">\n<div class=\"small-body\">6-10<\/div>\n<\/td>\n<\/tr>\n<tr style=\"height: 25px;\">\n<td style=\"width: 44px; height: 25px; text-align: center;\">\n<div class=\"small-body\">8<\/div>\n<\/td>\n<td style=\"width: 441px; height: 25px; text-align: left;\">\n<div class=\"small-body\">Refugi de Juclar<\/div>\n<\/td>\n<td style=\"width: 97px; height: 25px; text-align: center;\">\n<div class=\"small-body\">50<\/div>\n<\/td>\n<\/tr>\n<tr style=\"height: 25px;\">\n<td style=\"width: 44px; height: 25px; text-align: center;\">\n<div class=\"small-body\">9<\/div>\n<\/td>\n<td style=\"width: 441px; height: 25px; text-align: left;\">\n<div class=\"small-body\">Cabanya de Siscar\u00f3<\/div>\n<\/td>\n<td style=\"width: 97px; height: 25px; text-align: center;\">\n<div class=\"small-body\">10-40<\/div>\n<\/td>\n<\/tr>\n<tr style=\"height: 25px;\">\n<td style=\"width: 44px; text-align: center; height: 25px;\">\n<div class=\"small-body\">10<\/div>\n<\/td>\n<td style=\"width: 441px; height: 25px; text-align: left;\">\n<div class=\"small-body\">Cabanya de la Portella<\/div>\n<\/td>\n<td style=\"width: 97px; height: 25px; text-align: center;\">\n<div class=\"small-body\">6-10<\/div>\n<\/td>\n<\/tr>\n<tr style=\"height: 25px;\">\n<td style=\"width: 44px; height: 25px; text-align: center;\">\n<div class=\"small-body\">11<\/div>\n<\/td>\n<td style=\"width: 441px; height: 25px; text-align: left;\">\n<div class=\"small-body\">Refugi de la Riba Escorxada<\/div>\n<\/td>\n<td style=\"width: 97px; text-align: center; height: 25px;\">\n<div class=\"small-body\">6-10<\/div>\n<\/td>\n<\/tr>\n<tr style=\"height: 25px;\">\n<td style=\"width: 44px; height: 25px; text-align: center;\">\n<div class=\"small-body\">12<\/div>\n<\/td>\n<td style=\"width: 441px; height: 25px; text-align: left;\">\n<div class=\"small-body\">Refugi de Montmal\u00fas<\/div>\n<\/td>\n<td style=\"width: 97px; height: 25px; text-align: center;\">\n<div class=\"small-body\">8-16<\/div>\n<\/td>\n<\/tr>\n<tr style=\"height: 25px;\">\n<td style=\"width: 44px; height: 25px; text-align: center;\">\n<div class=\"small-body\">13<\/div>\n<\/td>\n<td style=\"width: 441px; height: 25px; text-align: left;\">\n<div class=\"small-body\">Refugi d&rsquo;Ensagents<\/div>\n<\/td>\n<td style=\"width: 97px; height: 25px; text-align: center;\">\n<div class=\"small-body\">8-16<\/div>\n<\/td>\n<\/tr>\n<tr style=\"height: 25px;\">\n<td style=\"width: 44px; text-align: center; height: 25px;\">\n<div class=\"small-body\">14<\/div>\n<\/td>\n<td style=\"width: 441px; height: 25px; text-align: left;\">\n<div class=\"small-body\">Refugi de l&rsquo;Illa<\/div>\n<\/td>\n<td style=\"width: 97px; height: 25px; text-align: center;\">\n<div class=\"small-body\">60 *<\/div>\n<\/td>\n<\/tr>\n<tr style=\"height: 25px;\">\n<td style=\"width: 44px; height: 25px; text-align: center;\">\n<div class=\"small-body\">15<\/div>\n<\/td>\n<td style=\"width: 441px; height: 25px; text-align: left;\">\n<div class=\"small-body\">Refugi Riu dels Orris<\/div>\n<\/td>\n<td style=\"width: 97px; height: 25px; text-align: center;\">\n<div class=\"small-body\">6-10<\/div>\n<\/td>\n<\/tr>\n<tr style=\"height: 25px;\">\n<td style=\"width: 44px; height: 25px; text-align: center;\">\n<div class=\"small-body\">16<\/div>\n<\/td>\n<td style=\"width: 441px; height: 25px; text-align: left;\">\n<div class=\"small-body\">Refugi de Les Agols<\/div>\n<\/td>\n<td style=\"width: 97px; height: 25px; text-align: center;\">\n<div class=\"small-body\">6-10<\/div>\n<\/td>\n<\/tr>\n<tr style=\"height: 25px;\">\n<td style=\"width: 44px; height: 25px; text-align: center;\">\n<div class=\"small-body\">17<\/div>\n<\/td>\n<td style=\"width: 441px; height: 25px; text-align: left;\">\n<div class=\"small-body\">Refugi de Font Verd<\/div>\n<\/td>\n<td style=\"width: 97px; height: 25px; text-align: center;\">\n<div class=\"small-body\">15-20<\/div>\n<\/td>\n<\/tr>\n<tr style=\"height: 25px;\">\n<td style=\"width: 44px; text-align: center; height: 25px;\">\n<div class=\"small-body\">18<\/div>\n<\/td>\n<td style=\"width: 441px; height: 25px; text-align: left;\">\n<div class=\"small-body\">Refugi de Perafita<\/div>\n<\/td>\n<td style=\"width: 97px; text-align: center; height: 25px;\">\n<div class=\"small-body\">6-10<\/div>\n<\/td>\n<\/tr>\n<tr style=\"height: 25px;\">\n<td style=\"width: 44px; height: 25px; text-align: center;\">\n<div class=\"small-body\">19<\/div>\n<\/td>\n<td style=\"width: 441px; height: 25px; text-align: left;\">\n<div class=\"small-body\">Refugi de Claror<\/div>\n<\/td>\n<td style=\"width: 97px; height: 25px; text-align: center;\">\n<div class=\"small-body\">15-20<\/div>\n<\/td>\n<\/tr>\n<tr style=\"height: 25px;\">\n<td style=\"width: 44px; height: 25px; text-align: center;\">\n<div class=\"small-body\">20<\/div>\n<\/td>\n<td style=\"width: 441px; height: 25px; text-align: left;\">\n<div class=\"small-body\">Refugi de Prat Primer<\/div>\n<\/td>\n<td style=\"width: 97px; height: 25px; text-align: center;\">\n<div class=\"small-body\">8-15<\/div>\n<\/td>\n<\/tr>\n<tr style=\"height: 25px;\">\n<td style=\"width: 44px; height: 25px; text-align: center;\">\n<div class=\"small-body\">21<\/div>\n<\/td>\n<td style=\"width: 441px; height: 25px; text-align: left;\">\n<div class=\"small-body\">Refugi de Roca de Pimes<\/div>\n<\/td>\n<td style=\"width: 97px; height: 25px; text-align: center;\">\n<div class=\"small-body\">6-10<\/div>\n<\/td>\n<\/tr>\n<tr style=\"height: 25px;\">\n<td style=\"width: 44px; text-align: center; height: 25px;\">\n<div class=\"small-body\">22<\/div>\n<\/td>\n<td style=\"width: 441px; height: 25px; text-align: left;\">\n<div class=\"small-body\">\u00a0Refugi de Francoli<\/div>\n<\/td>\n<td style=\"width: 97px; text-align: center; height: 25px;\">\n<div class=\"small-body\">\u00a06-10<\/div>\n<\/td>\n<\/tr>\n<tr style=\"height: 25px;\">\n<td style=\"width: 44px; height: 25px; text-align: center;\">\n<div class=\"small-body\">23<\/div>\n<\/td>\n<td style=\"width: 441px; height: 25px; text-align: left;\">\n<div class=\"small-body\">Refugi de Coma Pedrosa<\/div>\n<\/td>\n<td style=\"width: 97px; height: 25px; text-align: center;\">\n<div class=\"small-body\">60<\/div>\n<\/td>\n<\/tr>\n<tr style=\"height: 25px;\">\n<td style=\"width: 44px; height: 25px; text-align: center;\">\n<div class=\"small-body\">24<\/div>\n<\/td>\n<td style=\"width: 441px; height: 25px; text-align: left;\">\n<div class=\"small-body\">Refugi de les Fonts<\/div>\n<\/td>\n<td style=\"width: 97px; height: 25px; text-align: center;\">\n<div class=\"small-body\">6-10<\/div>\n<\/td>\n<\/tr>\n<tr style=\"height: 25px;\">\n<td style=\"width: 44px; height: 13px; text-align: center;\">\n<div class=\"small-body\">25<\/div>\n<\/td>\n<td style=\"width: 441px; height: 13px; text-align: left;\">\n<div class=\"small-body\">Refugi de Pla de l&rsquo;Estany<\/div>\n<\/td>\n<td style=\"width: 97px; height: 13px; text-align: center;\">\n<div class=\"small-body\">6-10<\/div>\n<\/td>\n<\/tr>\n<\/tbody>\n<\/table>\n<p>&nbsp;<\/p>\n<p>* Des ces 60 places, 50 correspondent au refuge gard\u00e9, et le reste au refuge non gard\u00e9.[\/vc_column_text][\/vc_column][\/vc_row]<\/p>\n<\/div>","protected":false},"excerpt":{"rendered":"<p>[vc_row][vc_column][vc_separator][vc_single_image image=\u00a0\u00bb34563&Prime; img_size=\u00a0\u00bbfull\u00a0\u00bb][\/vc_column][\/vc_row][vc_row][vc_column][vc_column_text css=\u00a0\u00bb\u00a0\u00bb] REFUGES [\/vc_column_text][vc_column_text]Aujourd\u2019hui, le seul genre de logement qu\u2019offre la vall\u00e9e est un vaste r\u00e9seau de refuges,&#8230;<\/p>\n","protected":false},"author":1,"featured_media":0,"parent":0,"menu_order":0,"comment_status":"closed","ping_status":"closed","template":"","meta":{"_acf_changed":false,"footnotes":""},"class_list":["post-35112","page","type-page","status-publish"],"acf":[],"_links":{"self":[{"href":"https:\/\/www.madriu-perafita-claror.ad\/fr\/wp-json\/wp\/v2\/pages\/35112","targetHints":{"allow":["GET"]}}],"collection":[{"href":"https:\/\/www.madriu-perafita-claror.ad\/fr\/wp-json\/wp\/v2\/pages"}],"about":[{"href":"https:\/\/www.madriu-perafita-claror.ad\/fr\/wp-json\/wp\/v2\/types\/page"}],"author":[{"embeddable":true,"href":"https:\/\/www.madriu-perafita-claror.ad\/fr\/wp-json\/wp\/v2\/users\/1"}],"replies":[{"embeddable":true,"href":"https:\/\/www.madriu-perafita-claror.ad\/fr\/wp-json\/wp\/v2\/comments?post=35112"}],"version-history":[{"count":2,"href":"https:\/\/www.madriu-perafita-claror.ad\/fr\/wp-json\/wp\/v2\/pages\/35112\/revisions"}],"predecessor-version":[{"id":44168,"href":"https:\/\/www.madriu-perafita-claror.ad\/fr\/wp-json\/wp\/v2\/pages\/35112\/revisions\/44168"}],"wp:attachment":[{"href":"https:\/\/www.madriu-perafita-claror.ad\/fr\/wp-json\/wp\/v2\/media?parent=35112"}],"curies":[{"name":"wp","href":"https:\/\/api.w.org\/{rel}","templated":true}]}}