{"id":35115,"date":"2019-04-13T07:13:37","date_gmt":"2019-04-13T06:13:37","guid":{"rendered":"https:\/\/www.madriu-perafita-claror.ad\/la-vall"},"modified":"2020-02-13T10:02:00","modified_gmt":"2020-02-13T10:02:00","slug":"la-vall","status":"publish","type":"page","link":"https:\/\/www.madriu-perafita-claror.ad\/fr\/la-vall\/","title":{"rendered":"Destination: le VMPC"},"content":{"rendered":"<div class=\"wpb-content-wrapper\"><p>[vc_row][vc_column][vc_separator][vc_single_image image=\u00a0\u00bb34461&Prime; img_size=\u00a0\u00bbfull\u00a0\u00bb][\/vc_column][\/vc_row][vc_row][vc_column][vc_column_text]<\/p>\n<h2><span style=\"color: #808080;\">La vall del madriu-perafita-claror : patrimoine de l\u2019humanit\u00e9<\/span><\/h2>\n<p>[\/vc_column_text][vc_column_text]La vall\u00e9e du Madriu-Perafita-Claror fut d\u00e9clar\u00e9e patrimoine de l\u2019humanit\u00e9 par l\u2019UNESCO en 2004 eu \u00e9gard \u00e0 sa valeur paysagistique. La pr\u00e9servation d\u2019une vall\u00e9e majeure dans son int\u00e9gralit\u00e9 est un fait insolite, et un cas unique dans les Pyr\u00e9n\u00e9es.<\/p>\n<p>Situ\u00e9e au sud-est de l\u2019Andorre et occupant une superficie de<strong> 4.247 ha<\/strong>, le territoire de la vall\u00e9e co\u00efncide avec le bassin hydrographique du Madriu,<strong> repr\u00e9sente pr\u00e8s de 10 % de la superficie de l\u2019Andorre<\/strong> et s\u2019\u00e9tend sur des terrains appartenant aux paroisses d\u2019Encamp, Andorra la Vella, Sant Juli\u00e0 de L\u00f2ria et Escaldes-Engordany.<\/p>\n<p>Une zone p\u00e9riph\u00e9rique de protection d\u2019une superficie de 4 092 ha entoure cet espace.<\/p>\n<p>La somme des superficies de la zone centrale et de la zone p\u00e9riph\u00e9rique repr\u00e9sente pratiquement<strong> un cinqui\u00e8me du territoire andorran.<\/strong><\/p>\n<p>Environ 99% de la superficie de la vall\u00e9e du Madriu-Perafita-Claror <strong>appartient aux communes.<\/strong> Les 1% restants appartiennent \u00e0 une trentaine de propri\u00e9taires priv\u00e9s qui couvrent un peu plus de 42 hectares au fond de la vall\u00e9e, dans la commune d\u2019Escaldes-Engordany.[\/vc_column_text][vc_separator][vc_column_text]<\/p>\n<h3>Une \u0153uvre conjointe de l&rsquo;homme et de la nature<\/h3>\n<p style=\"text-align: justify;\">La vall\u00e9e du Madriu-Perafita-Claror est un <strong>paysage culturel<\/strong>, une \u201c\u0153uvre conjointe de l\u2019homme et de la nature, qui constitue une unit\u00e9 coh\u00e9rente de par ses valeurs esth\u00e9tiques, historiques ou culturelles\u201d (Loi 9\/2003, du patrimoine culturel de l\u2019Andorre).<\/p>\n<p style=\"text-align: justify;\">La vall\u00e9e conserve de nombreux \u00e9l\u00e9ments ainsi que les structures d\u2019exploitation, d\u2019organisation et de gestion des ressources naturelles (for\u00eats, p\u00e2turages, bordes, chemins, eau&#8230;), qui r\u00e9v\u00e8lent et pr\u00e9sentent l\u2019utilisation et l\u2019\u00e9volution de ce territoire tout au long de l\u2019histoire. De grande valeur identitaire, la vall\u00e9e est devenue un vivant t\u00e9moignage de l\u2019histoire et des formes de vie d\u2019un pays rural de montagne. Des endroits d\u2019une beaut\u00e9 extraordinaire sont l\u2019aboutissement de l\u2019interaction entre <strong>l\u2019homme et l\u2019environnement<\/strong>.<\/p>\n<p style=\"text-align: justify;\">La pr\u00e9sentation d\u2019une candidature \u00e0 l\u2019inscription sur la Liste du patrimoine mondial de l\u2019UNESCO est une pr\u00e9rogative exclusive des \u00c9tats partie de la Convention du patrimoine mondial, sign\u00e9e par l\u2019Andorre en 1993. La candidature du paysage culturel de la vall\u00e9e du Madriu-Perafita-Claror \u00e0 la Liste du patrimoine mondial fut une initiative conjointe du Gouvernement de l\u2019Andorre, des Comuns (organes d&rsquo;autogouvernement, de repr\u00e9sentation et d&rsquo;administration des Paroisses) d\u2019Encamp, d\u2019Andorra la Vella, de Sant Juli\u00e0 de L\u00f2ria et d\u2019Escaldes-Engordany, de la Commission Nationale Andorrane pour l\u2019UNESCO (CNAU) et du Comit\u00e9 National Andorran de l\u2019ICOMOS, avec la participation des diff\u00e9rents acteurs ayant des int\u00e9r\u00eats dans la vall\u00e9e, ainsi que des collectifs qui utilisent la zone.<\/p>\n<p style=\"text-align: justify;\">L\u2019id\u00e9e surgit du Comit\u00e9 National Andorran de l\u2019ICOMOS et fut pr\u00e9sent\u00e9e au Minist\u00e8re de la Culture, pour la premi\u00e8re fois en 2001, et le <strong>1<sup>er<\/sup> juillet 2004<\/strong> le Comit\u00e9 du Patrimoine mondial, r\u00e9unit pour sa 28<sup>\u00e8me<\/sup> session \u00e0 Suzhou (Chine), approuva l\u2019inscription de la vall\u00e9e du Madriu-Perafita-Claror sur la liste du Patrimoine mondial, dans la cat\u00e9gorie de biens culturels (paysage culturel). Actuellement, il n\u2019existe dans le monde que 113 paysages culturels.<\/p>\n<p style=\"text-align: justify;\">L\u2019UNESCO est l\u2019Organisation des Nations unies pour l&rsquo;\u00e9ducation, la science et la culture. Son principal objectif est de contribuer au maintien de la paix et de la s\u00e9curit\u00e9 dans le monde par l\u2019\u00e9ducation, la science et la culture et la communication, et promouvoir la collaboration entre nations, afin d\u2019assurer le respect universel de la justice, des droits de l\u2019homme et des libert\u00e9s fondamentales. L\u2019inscription sur la liste du Patrimoine mondial consacre la valeur universelle exceptionnelle d\u2019un bien culturel ou naturel afin qu\u2019il soit prot\u00e9g\u00e9 en b\u00e9n\u00e9fice de toute l\u2019humanit\u00e9.<\/p>\n<p>[\/vc_column_text][\/vc_column][\/vc_row]<\/p>\n<\/div>","protected":false},"excerpt":{"rendered":"<p>[vc_row][vc_column][vc_separator][vc_single_image image=\u00a0\u00bb34461&Prime; img_size=\u00a0\u00bbfull\u00a0\u00bb][\/vc_column][\/vc_row][vc_row][vc_column][vc_column_text] La vall del madriu-perafita-claror : patrimoine de l\u2019humanit\u00e9 [\/vc_column_text][vc_column_text]La vall\u00e9e du Madriu-Perafita-Claror fut d\u00e9clar\u00e9e patrimoine de l\u2019humanit\u00e9&#8230;<\/p>\n","protected":false},"author":1,"featured_media":0,"parent":0,"menu_order":0,"comment_status":"closed","ping_status":"closed","template":"","meta":{"_acf_changed":false,"footnotes":""},"class_list":["post-35115","page","type-page","status-publish"],"acf":[],"_links":{"self":[{"href":"https:\/\/www.madriu-perafita-claror.ad\/fr\/wp-json\/wp\/v2\/pages\/35115","targetHints":{"allow":["GET"]}}],"collection":[{"href":"https:\/\/www.madriu-perafita-claror.ad\/fr\/wp-json\/wp\/v2\/pages"}],"about":[{"href":"https:\/\/www.madriu-perafita-claror.ad\/fr\/wp-json\/wp\/v2\/types\/page"}],"author":[{"embeddable":true,"href":"https:\/\/www.madriu-perafita-claror.ad\/fr\/wp-json\/wp\/v2\/users\/1"}],"replies":[{"embeddable":true,"href":"https:\/\/www.madriu-perafita-claror.ad\/fr\/wp-json\/wp\/v2\/comments?post=35115"}],"version-history":[{"count":0,"href":"https:\/\/www.madriu-perafita-claror.ad\/fr\/wp-json\/wp\/v2\/pages\/35115\/revisions"}],"wp:attachment":[{"href":"https:\/\/www.madriu-perafita-claror.ad\/fr\/wp-json\/wp\/v2\/media?parent=35115"}],"curies":[{"name":"wp","href":"https:\/\/api.w.org\/{rel}","templated":true}]}}